{"id":986,"date":"2020-08-07T12:03:24","date_gmt":"2020-08-07T10:03:24","guid":{"rendered":"https:\/\/soxs.co\/trouw-grijze-wol-trouw-duomedium-model-mr-mrs-label-maat-37-41-42-46\/"},"modified":"2025-06-25T09:07:47","modified_gmt":"2025-06-17T12:10:47","slug":"soxs-duo-graue-woll-socken-mr-mrs-label-wadenlang","status":"publish","type":"product","link":"https:\/\/dev.soxs.co\/de\/soxs-duo-graue-woll-socken-mr-mrs-label-wadenlang\/","title":{"rendered":"SOXS Duo Graue Wollsocken Mr. &amp; Mrs. Label wadensocke"},"content":{"rendered":"<p>Suchst Du nach einem Hochzeitsgeschenk mit einer besonderen Lebensgeschichte? Dann entdecke die <a href=\"https:\/\/soxs.co\/de\/schafwollsocken-von-oma\/\" target=\"_blank\" rel=\"noopener\">W\u00e4rme und Liebe<\/a> von <strong>SOXS<\/strong>! Diese luxuri\u00f6se Geschenkbox voller Liebe ist gef\u00fcllt mit zwei Paar halbhohen, grauen Wollsocken mit Mr. &amp; Mrs. Label. Speziell f\u00fcr ein Brautpaar! Dieses warme Geschenk ist perfekt f\u00fcr ein Ehepaar, einen Jahrestag oder f\u00fcr ein mega nettes Paar, das zusammenziehen wird. Kuschel Dich gemeinsam mit einem Glas Wein oder einer Tasse Tee auf die Couch, zieh Dir bequeme <strong>SOXS <\/strong>an und genie\u00dfe von Deinen herrlich warmen F\u00fc\u00dfen. F\u00fchle die unendliche W\u00e4rme und Liebe von <strong>SOXS<\/strong>. Absolut perfekt f\u00fcr die kalten Wintertage! Kannst Du es Dir schon vorstellen?<br \/>\ngraue p\u00e4rchensocken aus Wolle. graue p\u00e4rchensocken aus Wolle<\/p>\n","protected":false},"excerpt":{"rendered":"<p>Suchst Du nach einem Hochzeitsgeschenk mit einer besonderen Lebensgeschichte? Dann entdecke die <a href=\"https:\/\/soxs.co\/de\/schafwollsocken-von-oma\/\" target=\"_blank\" rel=\"noopener\">W\u00e4rme und Liebe<\/a> von <strong>SOXS<\/strong>! Diese luxuri\u00f6se Geschenkbox voller Liebe ist gef\u00fcllt mit zwei Paar halbhohen, grauen Wollsocken mit Mr. &amp; Mrs. Label. Speziell f\u00fcr ein Brautpaar! Dieses warme Geschenk ist perfekt f\u00fcr ein Ehepaar, einen Jahrestag oder f\u00fcr ein mega nettes Paar, das zusammenziehen wird. Kuschel Dich gemeinsam mit einem Glas Wein oder einer Tasse Tee auf die Couch, zieh Dir bequeme <strong>SOXS <\/strong>an und genie\u00dfe von Deinen herrlich warmen F\u00fc\u00dfen. F\u00fchle die unendliche W\u00e4rme und Liebe von <strong>SOXS<\/strong>. Absolut perfekt f\u00fcr die kalten Wintertage! Kannst Du es Dir schon vorstellen?<\/p>\n","protected":false},"featured_media":700129281,"comment_status":"closed","ping_status":"closed","template":"","meta":{"_acf_changed":false,"_improvement_type_select":"improve_an_existing","_thumb_yes_seoaic":false,"_frame_yes_seoaic":false,"seoaic_generate_description":"","seoaic_improve_instructions_prompt":"","seoaic_rollback_content_improvement":"","seoaic_idea_thumbnail_generator":"","thumbnail_generated":false,"thumbnail_generate_prompt":"","seoaic_article_description":""},"product_brand":[],"product_cat":[1376,1390,1377],"product_tag":[],"class_list":{"0":"post-986","1":"product","2":"type-product","3":"status-publish","4":"has-post-thumbnail","6":"product_cat-duo-soxs-geschenksets","7":"product_cat-hochzeit","8":"product_cat-mr-mrs","10":"first","11":"instock","12":"taxable","13":"shipping-taxable","14":"purchasable","15":"product-type-simple"},"acf":[],"yoast_head":"<!-- This site is optimized with the Yoast SEO Premium plugin v22.9 (Yoast SEO v25.3.1) - https:\/\/yoast.com\/wordpress\/plugins\/seo\/ -->\n<title>Graue P\u00e4rchensocken aus Wolle in Geschenkbox - SOXS.co<\/title>\n<meta name=\"description\" content=\"graue p\u00e4rchensocken aus Wolle. Diese luxuri\u00f6se Geschenkbox voller Liebe ist gef\u00fcllt mit zwei Paar halbhohen, grauen Wollsocken mit Mr. &amp; Mrs. Label.\" \/>\n<meta name=\"robots\" content=\"noindex, follow, max-snippet:-1, max-image-preview:large, max-video-preview:-1\" \/>\n<meta property=\"og:locale\" content=\"de_DE\" \/>\n<meta property=\"og:type\" content=\"article\" \/>\n<meta property=\"og:title\" content=\"SOXS Duo Graue Wollsocken Mr. &amp; Mrs. Label wadensocke\" \/>\n<meta property=\"og:description\" content=\"graue p\u00e4rchensocken aus Wolle. Diese luxuri\u00f6se Geschenkbox voller Liebe ist gef\u00fcllt mit zwei Paar halbhohen, grauen Wollsocken mit Mr. &amp; Mrs. Label.\" \/>\n<meta property=\"og:url\" content=\"https:\/\/soxs.co\/de\/soxs-duo-graue-woll-socken-mr-mrs-label-wadenlang\/\" \/>\n<meta property=\"og:site_name\" content=\"SOXS.co DE\" \/>\n<meta property=\"article:publisher\" content=\"https:\/\/www.facebook.com\/soxs.co\/\" \/>\n<meta property=\"article:modified_time\" content=\"2025-06-17T12:10:47+00:00\" \/>\n<meta property=\"og:image\" content=\"https:\/\/soxs.co\/app\/uploads\/sites\/2\/2020\/08\/SOX3310_1000x1000px.png\" \/>\n\t<meta property=\"og:image:width\" content=\"1000\" \/>\n\t<meta property=\"og:image:height\" content=\"1000\" \/>\n\t<meta property=\"og:image:type\" content=\"image\/png\" \/>\n<meta name=\"twitter:card\" content=\"summary_large_image\" \/>\n<meta name=\"twitter:site\" content=\"@soxs_co\" \/>\n<meta name=\"twitter:label1\" content=\"Preis\" \/>\n\t<meta name=\"twitter:data1\" content=\"&nbsp;54.95\" \/>\n\t<meta name=\"twitter:label2\" content=\"Verf\u00fcgbarkeit\" \/>\n\t<meta name=\"twitter:data2\" content=\"Auf Lager\" \/>\n<script type=\"application\/ld+json\" class=\"yoast-schema-graph\">{\"@context\":\"https:\/\/schema.org\",\"@graph\":[{\"@type\":\"WebPage\",\"@id\":\"https:\/\/soxs.co\/de\/soxs-duo-graue-woll-socken-mr-mrs-label-wadenlang\/\",\"url\":\"https:\/\/soxs.co\/de\/soxs-duo-graue-woll-socken-mr-mrs-label-wadenlang\/\",\"name\":\"Graue P\u00e4rchensocken aus Wolle in Geschenkbox - SOXS.co\",\"isPartOf\":{\"@id\":\"https:\/\/soxs.co\/de\/#website\"},\"primaryImageOfPage\":{\"@id\":\"https:\/\/soxs.co\/de\/soxs-duo-graue-woll-socken-mr-mrs-label-wadenlang\/#primaryimage\"},\"image\":{\"@id\":\"https:\/\/soxs.co\/de\/soxs-duo-graue-woll-socken-mr-mrs-label-wadenlang\/#primaryimage\"},\"thumbnailUrl\":\"https:\/\/dev.soxs.co\/app\/uploads\/sites\/2\/2020\/08\/SOX3310_1000x1000px.png\",\"datePublished\":\"2020-08-07T10:03:24+00:00\",\"dateModified\":\"2025-06-17T12:10:47+00:00\",\"description\":\"graue p\u00e4rchensocken aus Wolle. Diese luxuri\u00f6se Geschenkbox voller Liebe ist gef\u00fcllt mit zwei Paar halbhohen, grauen Wollsocken mit Mr. & Mrs. Label.\",\"breadcrumb\":{\"@id\":\"https:\/\/soxs.co\/de\/soxs-duo-graue-woll-socken-mr-mrs-label-wadenlang\/#breadcrumb\"},\"inLanguage\":\"de\",\"potentialAction\":[{\"@type\":\"ReadAction\",\"target\":[\"https:\/\/soxs.co\/de\/soxs-duo-graue-woll-socken-mr-mrs-label-wadenlang\/\"]}]},{\"@type\":\"ImageObject\",\"inLanguage\":\"de\",\"@id\":\"https:\/\/soxs.co\/de\/soxs-duo-graue-woll-socken-mr-mrs-label-wadenlang\/#primaryimage\",\"url\":\"https:\/\/dev.soxs.co\/app\/uploads\/sites\/2\/2020\/08\/SOX3310_1000x1000px.png\",\"contentUrl\":\"https:\/\/dev.soxs.co\/app\/uploads\/sites\/2\/2020\/08\/SOX3310_1000x1000px.png\",\"width\":1000,\"height\":1000,\"caption\":\"SOX3310_1000x1000px\"},{\"@type\":\"BreadcrumbList\",\"@id\":\"https:\/\/soxs.co\/de\/soxs-duo-graue-woll-socken-mr-mrs-label-wadenlang\/#breadcrumb\",\"itemListElement\":[{\"@type\":\"ListItem\",\"position\":1,\"name\":\"Home\",\"item\":\"https:\/\/soxs.co\/de\/\"},{\"@type\":\"ListItem\",\"position\":2,\"name\":\"Shop\",\"item\":\"https:\/\/soxs.co\/de\/shop\/\"},{\"@type\":\"ListItem\",\"position\":3,\"name\":\"SOXS Duo Graue Wollsocken Mr. &amp; Mrs. Label wadensocke\"}]},{\"@type\":\"WebSite\",\"@id\":\"https:\/\/soxs.co\/de\/#website\",\"url\":\"https:\/\/soxs.co\/de\/\",\"name\":\"SOXS.co DE\",\"description\":\"Trendige und wunderbar warme Socken f\u00fcr alle\",\"potentialAction\":[{\"@type\":\"SearchAction\",\"target\":{\"@type\":\"EntryPoint\",\"urlTemplate\":\"https:\/\/soxs.co\/de\/?s={search_term_string}\"},\"query-input\":{\"@type\":\"PropertyValueSpecification\",\"valueRequired\":true,\"valueName\":\"search_term_string\"}}],\"inLanguage\":\"de\"}]}<\/script>\n<meta property=\"product:price:amount\" content=\"54.95\" \/>\n<meta property=\"product:price:currency\" content=\"EUR\" \/>\n<meta property=\"og:availability\" content=\"instock\" \/>\n<meta property=\"product:availability\" content=\"instock\" \/>\n<meta property=\"product:retailer_item_id\" content=\"SOX3310\" \/>\n<meta property=\"product:condition\" content=\"new\" \/>\n<!-- \/ Yoast SEO Premium plugin. -->","yoast_head_json":{"title":"Graue P\u00e4rchensocken aus Wolle in Geschenkbox - SOXS.co","description":"graue p\u00e4rchensocken aus Wolle. Diese luxuri\u00f6se Geschenkbox voller Liebe ist gef\u00fcllt mit zwei Paar halbhohen, grauen Wollsocken mit Mr. & Mrs. Label.","robots":{"index":"noindex","follow":"follow","max-snippet":"max-snippet:-1","max-image-preview":"max-image-preview:large","max-video-preview":"max-video-preview:-1"},"og_locale":"de_DE","og_type":"article","og_title":"SOXS Duo Graue Wollsocken Mr. &amp; Mrs. Label wadensocke","og_description":"graue p\u00e4rchensocken aus Wolle. Diese luxuri\u00f6se Geschenkbox voller Liebe ist gef\u00fcllt mit zwei Paar halbhohen, grauen Wollsocken mit Mr. & Mrs. Label.","og_url":"https:\/\/soxs.co\/de\/soxs-duo-graue-woll-socken-mr-mrs-label-wadenlang\/","og_site_name":"SOXS.co DE","article_publisher":"https:\/\/www.facebook.com\/soxs.co\/","article_modified_time":"2025-06-17T12:10:47+00:00","og_image":[{"width":1000,"height":1000,"url":"https:\/\/soxs.co\/app\/uploads\/sites\/2\/2020\/08\/SOX3310_1000x1000px.png","type":"image\/png"}],"twitter_card":"summary_large_image","twitter_site":"@soxs_co","twitter_misc":{"Preis":"&nbsp;54.95","Verf\u00fcgbarkeit":"Auf Lager"},"schema":{"@context":"https:\/\/schema.org","@graph":[{"@type":"WebPage","@id":"https:\/\/soxs.co\/de\/soxs-duo-graue-woll-socken-mr-mrs-label-wadenlang\/","url":"https:\/\/soxs.co\/de\/soxs-duo-graue-woll-socken-mr-mrs-label-wadenlang\/","name":"Graue P\u00e4rchensocken aus Wolle in Geschenkbox - SOXS.co","isPartOf":{"@id":"https:\/\/soxs.co\/de\/#website"},"primaryImageOfPage":{"@id":"https:\/\/soxs.co\/de\/soxs-duo-graue-woll-socken-mr-mrs-label-wadenlang\/#primaryimage"},"image":{"@id":"https:\/\/soxs.co\/de\/soxs-duo-graue-woll-socken-mr-mrs-label-wadenlang\/#primaryimage"},"thumbnailUrl":"https:\/\/dev.soxs.co\/app\/uploads\/sites\/2\/2020\/08\/SOX3310_1000x1000px.png","datePublished":"2020-08-07T10:03:24+00:00","dateModified":"2025-06-17T12:10:47+00:00","description":"graue p\u00e4rchensocken aus Wolle. Diese luxuri\u00f6se Geschenkbox voller Liebe ist gef\u00fcllt mit zwei Paar halbhohen, grauen Wollsocken mit Mr. & Mrs. Label.","breadcrumb":{"@id":"https:\/\/soxs.co\/de\/soxs-duo-graue-woll-socken-mr-mrs-label-wadenlang\/#breadcrumb"},"inLanguage":"de","potentialAction":[{"@type":"ReadAction","target":["https:\/\/soxs.co\/de\/soxs-duo-graue-woll-socken-mr-mrs-label-wadenlang\/"]}]},{"@type":"ImageObject","inLanguage":"de","@id":"https:\/\/soxs.co\/de\/soxs-duo-graue-woll-socken-mr-mrs-label-wadenlang\/#primaryimage","url":"https:\/\/dev.soxs.co\/app\/uploads\/sites\/2\/2020\/08\/SOX3310_1000x1000px.png","contentUrl":"https:\/\/dev.soxs.co\/app\/uploads\/sites\/2\/2020\/08\/SOX3310_1000x1000px.png","width":1000,"height":1000,"caption":"SOX3310_1000x1000px"},{"@type":"BreadcrumbList","@id":"https:\/\/soxs.co\/de\/soxs-duo-graue-woll-socken-mr-mrs-label-wadenlang\/#breadcrumb","itemListElement":[{"@type":"ListItem","position":1,"name":"Home","item":"https:\/\/soxs.co\/de\/"},{"@type":"ListItem","position":2,"name":"Shop","item":"https:\/\/soxs.co\/de\/shop\/"},{"@type":"ListItem","position":3,"name":"SOXS Duo Graue Wollsocken Mr. &amp; Mrs. Label wadensocke"}]},{"@type":"WebSite","@id":"https:\/\/soxs.co\/de\/#website","url":"https:\/\/soxs.co\/de\/","name":"SOXS.co DE","description":"Trendige und wunderbar warme Socken f\u00fcr alle","potentialAction":[{"@type":"SearchAction","target":{"@type":"EntryPoint","urlTemplate":"https:\/\/soxs.co\/de\/?s={search_term_string}"},"query-input":{"@type":"PropertyValueSpecification","valueRequired":true,"valueName":"search_term_string"}}],"inLanguage":"de"}]},"product_price_amount":"54.95","product_price_currency":"EUR","og_availability":"instock","product_availability":"instock","product_retailer_item_id":"SOX3310","product_condition":"new"},"_links":{"self":[{"href":"https:\/\/dev.soxs.co\/de\/wp-json\/wp\/v2\/product\/986","targetHints":{"allow":["GET"]}}],"collection":[{"href":"https:\/\/dev.soxs.co\/de\/wp-json\/wp\/v2\/product"}],"about":[{"href":"https:\/\/dev.soxs.co\/de\/wp-json\/wp\/v2\/types\/product"}],"replies":[{"embeddable":true,"href":"https:\/\/dev.soxs.co\/de\/wp-json\/wp\/v2\/comments?post=986"}],"wp:featuredmedia":[{"embeddable":true,"href":"https:\/\/dev.soxs.co\/de\/wp-json\/wp\/v2\/media\/700129281"}],"wp:attachment":[{"href":"https:\/\/dev.soxs.co\/de\/wp-json\/wp\/v2\/media?parent=986"}],"wp:term":[{"taxonomy":"product_brand","embeddable":true,"href":"https:\/\/dev.soxs.co\/de\/wp-json\/wp\/v2\/product_brand?post=986"},{"taxonomy":"product_cat","embeddable":true,"href":"https:\/\/dev.soxs.co\/de\/wp-json\/wp\/v2\/product_cat?post=986"},{"taxonomy":"product_tag","embeddable":true,"href":"https:\/\/dev.soxs.co\/de\/wp-json\/wp\/v2\/product_tag?post=986"}],"curies":[{"name":"wp","href":"https:\/\/api.w.org\/{rel}","templated":true}]}}