{"id":983,"date":"2020-08-07T12:03:24","date_gmt":"2020-08-07T10:03:24","guid":{"rendered":"https:\/\/soxs.co\/vrouw-slaap-off-white-wol-medium-model-sleep-well-pink-label-maat-37-41\/"},"modified":"2025-06-13T17:05:43","modified_gmt":"2025-06-13T15:05:43","slug":"soxs-weisse-woll-damen-bettsocken-sleep-well-pink-label-wade","status":"publish","type":"product","link":"https:\/\/dev.soxs.co\/de\/soxs-weisse-woll-damen-bettsocken-sleep-well-pink-label-wade\/","title":{"rendered":"SOXS Wei\u00dfe Wolle Damensocken Sleep Well Pink label bettsocken wadensocke"},"content":{"rendered":"<p>Hast Du Schlafprobleme? Mit den Wollbettsocken von SOXS<strong>\u00a0<\/strong>kannst Du eine gute Nachtruhe genie\u00dfen! Diese wei\u00dfen Bettsocken f\u00fcr Damen sind aus herrlich weicher Schafwolle gestrickt und angenehm warm. Die Bettsocken sind weniger eng als \u201enormale\u201c Socken, sodass die Blutzirkulation w\u00e4hrend des Schlafs nicht behindert wird. Au\u00dferdem kratzt die Wolle nicht, sodass Du eine ungest\u00f6rte Nachtruhe genie\u00dfen kannst. Genie\u00dfe wunderbar warme F\u00fc\u00dfe im Bett, die das Einschlafen erleichtern. Darum musst Du nicht mehr endlos Schafe z\u00e4hlen! Eine gute Nachtruhe macht jeden gl\u00fccklicher. Oder etwa nicht?<br \/>\nwei\u00dfe wollene bettsocken damen. wei\u00dfe wollene bettsocken damen<\/p>\n","protected":false},"excerpt":{"rendered":"<p>Hast Du Schlafprobleme? Mit den Wollbettsocken von SOXS<strong>\u00a0<\/strong>kannst Du eine gute Nachtruhe genie\u00dfen! Diese wei\u00dfen Bettsocken f\u00fcr Damen sind aus herrlich weicher Schafwolle gestrickt und angenehm warm. Die Bettsocken sind weniger eng als \u201enormale\u201c Socken, sodass die Blutzirkulation w\u00e4hrend des Schlafs nicht behindert wird. Au\u00dferdem kratzt die Wolle nicht, sodass Du eine ungest\u00f6rte Nachtruhe genie\u00dfen kannst. Genie\u00dfe wunderbar warme F\u00fc\u00dfe im Bett, die das Einschlafen erleichtern. Darum musst Du nicht mehr endlos Schafe z\u00e4hlen! Eine gute Nachtruhe macht jeden gl\u00fccklicher. Oder etwa nicht?<\/p>\n","protected":false},"featured_media":700129280,"comment_status":"closed","ping_status":"closed","template":"","meta":{"_acf_changed":false,"_improvement_type_select":"improve_an_existing","_thumb_yes_seoaic":false,"_frame_yes_seoaic":false,"seoaic_generate_description":"","seoaic_improve_instructions_prompt":"","seoaic_rollback_content_improvement":"","seoaic_idea_thumbnail_generator":"","thumbnail_generated":false,"thumbnail_generate_prompt":"","seoaic_article_description":""},"product_brand":[],"product_cat":[58,1385,96],"product_tag":[],"class_list":{"0":"post-983","1":"product","2":"type-product","3":"status-publish","4":"has-post-thumbnail","6":"product_cat-wollsocken-damen","7":"product_cat-schlafsocken","8":"product_cat-specials","10":"first","11":"instock","12":"taxable","13":"shipping-taxable","14":"purchasable","15":"product-type-variable","16":"has-default-attributes"},"acf":[],"yoast_head":"<!-- This site is optimized with the Yoast SEO Premium plugin v22.9 (Yoast SEO v25.3.1) - https:\/\/yoast.com\/wordpress\/plugins\/seo\/ -->\n<title>SOXS Wei\u00dfe Bettsocken mit Sleep Well Pink Label | SOXS.co DE<\/title>\n<meta name=\"description\" content=\"Keine Sch\u00e4fchen mehr z\u00e4hlen, sondern ganz schnell einschlafen mit diesen wei\u00dfen Wollbettsocken f\u00fcr Frauen. Warme F\u00fc\u00dfe im Bett, f\u00fcr eine bessere Nachtruhe.\" \/>\n<meta name=\"robots\" content=\"noindex, follow, max-snippet:-1, max-image-preview:large, max-video-preview:-1\" \/>\n<meta property=\"og:locale\" content=\"de_DE\" \/>\n<meta property=\"og:type\" content=\"article\" \/>\n<meta property=\"og:title\" content=\"SOXS Wei\u00dfe Wolle Damensocken Sleep Well Pink label bettsocken wadensocke\" \/>\n<meta property=\"og:description\" content=\"Keine Sch\u00e4fchen mehr z\u00e4hlen, sondern ganz schnell einschlafen mit diesen wei\u00dfen Wollbettsocken f\u00fcr Frauen. Warme F\u00fc\u00dfe im Bett, f\u00fcr eine bessere Nachtruhe.\" \/>\n<meta property=\"og:url\" content=\"https:\/\/soxs.co\/de\/soxs-weisse-woll-damen-bettsocken-sleep-well-pink-label-wade\/\" \/>\n<meta property=\"og:site_name\" content=\"SOXS.co DE\" \/>\n<meta property=\"article:publisher\" content=\"https:\/\/www.facebook.com\/soxs.co\/\" \/>\n<meta property=\"article:modified_time\" content=\"2025-06-13T15:05:43+00:00\" \/>\n<meta property=\"og:image\" content=\"https:\/\/soxs.co\/app\/uploads\/sites\/2\/2020\/08\/SOX3307_1000x1000px-1.png\" \/>\n\t<meta property=\"og:image:width\" content=\"1000\" \/>\n\t<meta property=\"og:image:height\" content=\"1000\" \/>\n\t<meta property=\"og:image:type\" content=\"image\/png\" \/>\n<meta name=\"twitter:card\" content=\"summary_large_image\" \/>\n<meta name=\"twitter:site\" content=\"@soxs_co\" \/>\n<meta name=\"twitter:label1\" content=\"Verf\u00fcgbarkeit\" \/>\n\t<meta name=\"twitter:data1\" content=\"Auf Lager\" \/>\n<script type=\"application\/ld+json\" class=\"yoast-schema-graph\">{\"@context\":\"https:\/\/schema.org\",\"@graph\":[{\"@type\":\"WebPage\",\"@id\":\"https:\/\/soxs.co\/de\/soxs-weisse-woll-damen-bettsocken-sleep-well-pink-label-wade\/\",\"url\":\"https:\/\/soxs.co\/de\/soxs-weisse-woll-damen-bettsocken-sleep-well-pink-label-wade\/\",\"name\":\"SOXS Wei\u00dfe Bettsocken mit Sleep Well Pink Label | SOXS.co DE\",\"isPartOf\":{\"@id\":\"https:\/\/soxs.co\/de\/#website\"},\"primaryImageOfPage\":{\"@id\":\"https:\/\/soxs.co\/de\/soxs-weisse-woll-damen-bettsocken-sleep-well-pink-label-wade\/#primaryimage\"},\"image\":{\"@id\":\"https:\/\/soxs.co\/de\/soxs-weisse-woll-damen-bettsocken-sleep-well-pink-label-wade\/#primaryimage\"},\"thumbnailUrl\":\"https:\/\/dev.soxs.co\/app\/uploads\/sites\/2\/2020\/08\/SOX3307_1000x1000px-1.png\",\"datePublished\":\"2020-08-07T10:03:24+00:00\",\"dateModified\":\"2025-06-13T15:05:43+00:00\",\"description\":\"Keine Sch\u00e4fchen mehr z\u00e4hlen, sondern ganz schnell einschlafen mit diesen wei\u00dfen Wollbettsocken f\u00fcr Frauen. Warme F\u00fc\u00dfe im Bett, f\u00fcr eine bessere Nachtruhe.\",\"breadcrumb\":{\"@id\":\"https:\/\/soxs.co\/de\/soxs-weisse-woll-damen-bettsocken-sleep-well-pink-label-wade\/#breadcrumb\"},\"inLanguage\":\"de\",\"potentialAction\":[{\"@type\":\"ReadAction\",\"target\":[\"https:\/\/soxs.co\/de\/soxs-weisse-woll-damen-bettsocken-sleep-well-pink-label-wade\/\"]}]},{\"@type\":\"ImageObject\",\"inLanguage\":\"de\",\"@id\":\"https:\/\/soxs.co\/de\/soxs-weisse-woll-damen-bettsocken-sleep-well-pink-label-wade\/#primaryimage\",\"url\":\"https:\/\/dev.soxs.co\/app\/uploads\/sites\/2\/2020\/08\/SOX3307_1000x1000px-1.png\",\"contentUrl\":\"https:\/\/dev.soxs.co\/app\/uploads\/sites\/2\/2020\/08\/SOX3307_1000x1000px-1.png\",\"width\":1000,\"height\":1000,\"caption\":\"SOX3307_1000x1000px\"},{\"@type\":\"BreadcrumbList\",\"@id\":\"https:\/\/soxs.co\/de\/soxs-weisse-woll-damen-bettsocken-sleep-well-pink-label-wade\/#breadcrumb\",\"itemListElement\":[{\"@type\":\"ListItem\",\"position\":1,\"name\":\"Home\",\"item\":\"https:\/\/soxs.co\/de\/\"},{\"@type\":\"ListItem\",\"position\":2,\"name\":\"Shop\",\"item\":\"https:\/\/soxs.co\/de\/shop\/\"},{\"@type\":\"ListItem\",\"position\":3,\"name\":\"SOXS Wei\u00dfe Wolle Damensocken Sleep Well Pink label bettsocken wadensocke\"}]},{\"@type\":\"WebSite\",\"@id\":\"https:\/\/soxs.co\/de\/#website\",\"url\":\"https:\/\/soxs.co\/de\/\",\"name\":\"SOXS.co DE\",\"description\":\"Trendige und wunderbar warme Socken f\u00fcr alle\",\"potentialAction\":[{\"@type\":\"SearchAction\",\"target\":{\"@type\":\"EntryPoint\",\"urlTemplate\":\"https:\/\/soxs.co\/de\/?s={search_term_string}\"},\"query-input\":{\"@type\":\"PropertyValueSpecification\",\"valueRequired\":true,\"valueName\":\"search_term_string\"}}],\"inLanguage\":\"de\"}]}<\/script>\n<meta property=\"og:availability\" content=\"instock\" \/>\n<meta property=\"product:availability\" content=\"instock\" \/>\n<meta property=\"product:retailer_item_id\" content=\"sam3307\" \/>\n<meta property=\"product:condition\" content=\"new\" \/>\n<!-- \/ Yoast SEO Premium plugin. -->","yoast_head_json":{"title":"SOXS Wei\u00dfe Bettsocken mit Sleep Well Pink Label | SOXS.co DE","description":"Keine Sch\u00e4fchen mehr z\u00e4hlen, sondern ganz schnell einschlafen mit diesen wei\u00dfen Wollbettsocken f\u00fcr Frauen. Warme F\u00fc\u00dfe im Bett, f\u00fcr eine bessere Nachtruhe.","robots":{"index":"noindex","follow":"follow","max-snippet":"max-snippet:-1","max-image-preview":"max-image-preview:large","max-video-preview":"max-video-preview:-1"},"og_locale":"de_DE","og_type":"article","og_title":"SOXS Wei\u00dfe Wolle Damensocken Sleep Well Pink label bettsocken wadensocke","og_description":"Keine Sch\u00e4fchen mehr z\u00e4hlen, sondern ganz schnell einschlafen mit diesen wei\u00dfen Wollbettsocken f\u00fcr Frauen. Warme F\u00fc\u00dfe im Bett, f\u00fcr eine bessere Nachtruhe.","og_url":"https:\/\/soxs.co\/de\/soxs-weisse-woll-damen-bettsocken-sleep-well-pink-label-wade\/","og_site_name":"SOXS.co DE","article_publisher":"https:\/\/www.facebook.com\/soxs.co\/","article_modified_time":"2025-06-13T15:05:43+00:00","og_image":[{"width":1000,"height":1000,"url":"https:\/\/soxs.co\/app\/uploads\/sites\/2\/2020\/08\/SOX3307_1000x1000px-1.png","type":"image\/png"}],"twitter_card":"summary_large_image","twitter_site":"@soxs_co","twitter_misc":{"Verf\u00fcgbarkeit":"Auf Lager"},"schema":{"@context":"https:\/\/schema.org","@graph":[{"@type":"WebPage","@id":"https:\/\/soxs.co\/de\/soxs-weisse-woll-damen-bettsocken-sleep-well-pink-label-wade\/","url":"https:\/\/soxs.co\/de\/soxs-weisse-woll-damen-bettsocken-sleep-well-pink-label-wade\/","name":"SOXS Wei\u00dfe Bettsocken mit Sleep Well Pink Label | SOXS.co DE","isPartOf":{"@id":"https:\/\/soxs.co\/de\/#website"},"primaryImageOfPage":{"@id":"https:\/\/soxs.co\/de\/soxs-weisse-woll-damen-bettsocken-sleep-well-pink-label-wade\/#primaryimage"},"image":{"@id":"https:\/\/soxs.co\/de\/soxs-weisse-woll-damen-bettsocken-sleep-well-pink-label-wade\/#primaryimage"},"thumbnailUrl":"https:\/\/dev.soxs.co\/app\/uploads\/sites\/2\/2020\/08\/SOX3307_1000x1000px-1.png","datePublished":"2020-08-07T10:03:24+00:00","dateModified":"2025-06-13T15:05:43+00:00","description":"Keine Sch\u00e4fchen mehr z\u00e4hlen, sondern ganz schnell einschlafen mit diesen wei\u00dfen Wollbettsocken f\u00fcr Frauen. Warme F\u00fc\u00dfe im Bett, f\u00fcr eine bessere Nachtruhe.","breadcrumb":{"@id":"https:\/\/soxs.co\/de\/soxs-weisse-woll-damen-bettsocken-sleep-well-pink-label-wade\/#breadcrumb"},"inLanguage":"de","potentialAction":[{"@type":"ReadAction","target":["https:\/\/soxs.co\/de\/soxs-weisse-woll-damen-bettsocken-sleep-well-pink-label-wade\/"]}]},{"@type":"ImageObject","inLanguage":"de","@id":"https:\/\/soxs.co\/de\/soxs-weisse-woll-damen-bettsocken-sleep-well-pink-label-wade\/#primaryimage","url":"https:\/\/dev.soxs.co\/app\/uploads\/sites\/2\/2020\/08\/SOX3307_1000x1000px-1.png","contentUrl":"https:\/\/dev.soxs.co\/app\/uploads\/sites\/2\/2020\/08\/SOX3307_1000x1000px-1.png","width":1000,"height":1000,"caption":"SOX3307_1000x1000px"},{"@type":"BreadcrumbList","@id":"https:\/\/soxs.co\/de\/soxs-weisse-woll-damen-bettsocken-sleep-well-pink-label-wade\/#breadcrumb","itemListElement":[{"@type":"ListItem","position":1,"name":"Home","item":"https:\/\/soxs.co\/de\/"},{"@type":"ListItem","position":2,"name":"Shop","item":"https:\/\/soxs.co\/de\/shop\/"},{"@type":"ListItem","position":3,"name":"SOXS Wei\u00dfe Wolle Damensocken Sleep Well Pink label bettsocken wadensocke"}]},{"@type":"WebSite","@id":"https:\/\/soxs.co\/de\/#website","url":"https:\/\/soxs.co\/de\/","name":"SOXS.co DE","description":"Trendige und wunderbar warme Socken f\u00fcr alle","potentialAction":[{"@type":"SearchAction","target":{"@type":"EntryPoint","urlTemplate":"https:\/\/soxs.co\/de\/?s={search_term_string}"},"query-input":{"@type":"PropertyValueSpecification","valueRequired":true,"valueName":"search_term_string"}}],"inLanguage":"de"}]},"og_availability":"instock","product_availability":"instock","product_retailer_item_id":"sam3307","product_condition":"new"},"_links":{"self":[{"href":"https:\/\/dev.soxs.co\/de\/wp-json\/wp\/v2\/product\/983","targetHints":{"allow":["GET"]}}],"collection":[{"href":"https:\/\/dev.soxs.co\/de\/wp-json\/wp\/v2\/product"}],"about":[{"href":"https:\/\/dev.soxs.co\/de\/wp-json\/wp\/v2\/types\/product"}],"replies":[{"embeddable":true,"href":"https:\/\/dev.soxs.co\/de\/wp-json\/wp\/v2\/comments?post=983"}],"wp:featuredmedia":[{"embeddable":true,"href":"https:\/\/dev.soxs.co\/de\/wp-json\/wp\/v2\/media\/700129280"}],"wp:attachment":[{"href":"https:\/\/dev.soxs.co\/de\/wp-json\/wp\/v2\/media?parent=983"}],"wp:term":[{"taxonomy":"product_brand","embeddable":true,"href":"https:\/\/dev.soxs.co\/de\/wp-json\/wp\/v2\/product_brand?post=983"},{"taxonomy":"product_cat","embeddable":true,"href":"https:\/\/dev.soxs.co\/de\/wp-json\/wp\/v2\/product_cat?post=983"},{"taxonomy":"product_tag","embeddable":true,"href":"https:\/\/dev.soxs.co\/de\/wp-json\/wp\/v2\/product_tag?post=983"}],"curies":[{"name":"wp","href":"https:\/\/api.w.org\/{rel}","templated":true}]}}