{"id":976,"date":"2020-08-07T12:03:24","date_gmt":"2020-08-07T10:03:24","guid":{"rendered":"https:\/\/soxs.co\/vrouw-beenwarmer-grijze-wol-bubble-gum-label-one-size\/"},"modified":"2025-05-31T14:17:02","modified_gmt":"2025-05-16T09:24:45","slug":"soxs-graue-woll-beinwarmer-damen-bubblegum-label","status":"publish","type":"product","link":"https:\/\/dev.soxs.co\/de\/soxs-graue-woll-beinwarmer-damen-bubblegum-label\/","title":{"rendered":"SOXS Graue Wolle damen Beinw\u00e4rmer Bubblegum Label (One size)"},"content":{"rendered":"","protected":false},"excerpt":{"rendered":"<p>Die gestrickten Beinlinge kehren wieder zur\u00fcck! Alte Zeiten leben wieder auf, denn die Beinlinge waren in den Achtzigerjahren unglaublich angesagt. Heutzutage kann man sie wieder auf dem Laufsteg sehen. Die sch\u00f6nen, w\u00e4rmenden Strickbeinlinge bestehen aus weicher Bio-Wolle. Sie sind dank der einzigartigen Elastizit\u00e4t der <strong>SOXS<\/strong>-Wolle f\u00fcr jedes Bein geeignet. Und Beinstulpen sind super praktisch! Sie bieten Dir zus\u00e4tzliche W\u00e4rme, ideal wenn Du einen Rock anziehen m\u00f6chtest.<\/p>\n","protected":false},"featured_media":125562,"comment_status":"closed","ping_status":"closed","template":"","meta":{"_acf_changed":false,"_improvement_type_select":"improve_an_existing","_thumb_yes_seoaic":false,"_frame_yes_seoaic":false,"seoaic_generate_description":"","seoaic_improve_instructions_prompt":"","seoaic_rollback_content_improvement":"","seoaic_idea_thumbnail_generator":"","thumbnail_generated":false,"thumbnail_generate_prompt":"","seoaic_article_description":""},"product_brand":[],"product_cat":[866,1394,58,1387,96,872,1382],"product_tag":[],"class_list":{"0":"post-976","1":"product","2":"type-product","3":"status-publish","4":"has-post-thumbnail","6":"product_cat-woll-beinstulpen","7":"product_cat-beinwaermer","8":"product_cat-wollsocken-damen","9":"product_cat-outdoor","10":"product_cat-specials","11":"product_cat-woll-stulpen","12":"product_cat-yoga","14":"first","15":"instock","16":"taxable","17":"shipping-taxable","18":"purchasable","19":"product-type-simple"},"acf":[],"yoast_head":"<!-- This site is optimized with the Yoast SEO Premium plugin v22.9 (Yoast SEO v25.3.1) - https:\/\/yoast.com\/wordpress\/plugins\/seo\/ -->\n<title>SOXS Graue Woll-Beinw\u00e4rmer f\u00fcr Damen Bubblegum Label<\/title>\n<meta name=\"description\" content=\"SOXS graue Woll-Stulpen Damen mit Bubblegum Label wadenlang. Hier online Beinw\u00e4rmer mit bestem Tragekomfort bestellen!\" \/>\n<meta name=\"robots\" content=\"noindex, follow, max-snippet:-1, max-image-preview:large, max-video-preview:-1\" \/>\n<meta property=\"og:locale\" content=\"de_DE\" \/>\n<meta property=\"og:type\" content=\"article\" \/>\n<meta property=\"og:title\" content=\"SOXS Graue Wolle damen Beinw\u00e4rmer Bubblegum Label (One size)\" \/>\n<meta property=\"og:description\" content=\"SOXS graue Woll-Stulpen Damen mit Bubblegum Label wadenlang. Hier online Beinw\u00e4rmer mit bestem Tragekomfort bestellen!\" \/>\n<meta property=\"og:url\" content=\"https:\/\/soxs.co\/de\/soxs-graue-woll-beinwarmer-damen-bubblegum-label\/\" \/>\n<meta property=\"og:site_name\" content=\"SOXS.co DE\" \/>\n<meta property=\"article:publisher\" content=\"https:\/\/www.facebook.com\/soxs.co\/\" \/>\n<meta property=\"article:modified_time\" content=\"2025-05-16T09:24:45+00:00\" \/>\n<meta property=\"og:image\" content=\"https:\/\/soxs.co\/app\/uploads\/sites\/2\/2020\/08\/Soxs-3271-optie-1.jpg\" \/>\n\t<meta property=\"og:image:width\" content=\"600\" \/>\n\t<meta property=\"og:image:height\" content=\"600\" \/>\n\t<meta property=\"og:image:type\" content=\"image\/jpeg\" \/>\n<meta name=\"twitter:card\" content=\"summary_large_image\" \/>\n<meta name=\"twitter:site\" content=\"@soxs_co\" \/>\n<meta name=\"twitter:label1\" content=\"Preis\" \/>\n\t<meta name=\"twitter:data1\" content=\"&nbsp;29.95\" \/>\n\t<meta name=\"twitter:label2\" content=\"Verf\u00fcgbarkeit\" \/>\n\t<meta name=\"twitter:data2\" content=\"Auf Lager\" \/>\n<script type=\"application\/ld+json\" class=\"yoast-schema-graph\">{\"@context\":\"https:\/\/schema.org\",\"@graph\":[{\"@type\":\"WebPage\",\"@id\":\"https:\/\/soxs.co\/de\/soxs-graue-woll-beinwarmer-damen-bubblegum-label\/\",\"url\":\"https:\/\/soxs.co\/de\/soxs-graue-woll-beinwarmer-damen-bubblegum-label\/\",\"name\":\"SOXS Graue Woll-Beinw\u00e4rmer f\u00fcr Damen Bubblegum Label\",\"isPartOf\":{\"@id\":\"https:\/\/soxs.co\/de\/#website\"},\"primaryImageOfPage\":{\"@id\":\"https:\/\/soxs.co\/de\/soxs-graue-woll-beinwarmer-damen-bubblegum-label\/#primaryimage\"},\"image\":{\"@id\":\"https:\/\/soxs.co\/de\/soxs-graue-woll-beinwarmer-damen-bubblegum-label\/#primaryimage\"},\"thumbnailUrl\":\"https:\/\/dev.soxs.co\/app\/uploads\/sites\/2\/2020\/08\/Soxs-3271-optie-1.jpg\",\"datePublished\":\"2020-08-07T10:03:24+00:00\",\"dateModified\":\"2025-05-16T09:24:45+00:00\",\"description\":\"SOXS graue Woll-Stulpen Damen mit Bubblegum Label wadenlang. Hier online Beinw\u00e4rmer mit bestem Tragekomfort bestellen!\",\"breadcrumb\":{\"@id\":\"https:\/\/soxs.co\/de\/soxs-graue-woll-beinwarmer-damen-bubblegum-label\/#breadcrumb\"},\"inLanguage\":\"de\",\"potentialAction\":[{\"@type\":\"ReadAction\",\"target\":[\"https:\/\/soxs.co\/de\/soxs-graue-woll-beinwarmer-damen-bubblegum-label\/\"]}]},{\"@type\":\"ImageObject\",\"inLanguage\":\"de\",\"@id\":\"https:\/\/soxs.co\/de\/soxs-graue-woll-beinwarmer-damen-bubblegum-label\/#primaryimage\",\"url\":\"https:\/\/dev.soxs.co\/app\/uploads\/sites\/2\/2020\/08\/Soxs-3271-optie-1.jpg\",\"contentUrl\":\"https:\/\/dev.soxs.co\/app\/uploads\/sites\/2\/2020\/08\/Soxs-3271-optie-1.jpg\",\"width\":600,\"height\":600,\"caption\":\"SOXS Graue Wolle damen Beinw\u00e4rmer Bubblegum Label\"},{\"@type\":\"BreadcrumbList\",\"@id\":\"https:\/\/soxs.co\/de\/soxs-graue-woll-beinwarmer-damen-bubblegum-label\/#breadcrumb\",\"itemListElement\":[{\"@type\":\"ListItem\",\"position\":1,\"name\":\"Home\",\"item\":\"https:\/\/soxs.co\/de\/\"},{\"@type\":\"ListItem\",\"position\":2,\"name\":\"Shop\",\"item\":\"https:\/\/soxs.co\/de\/shop\/\"},{\"@type\":\"ListItem\",\"position\":3,\"name\":\"SOXS Graue Wolle damen Beinw\u00e4rmer Bubblegum Label (One size)\"}]},{\"@type\":\"WebSite\",\"@id\":\"https:\/\/soxs.co\/de\/#website\",\"url\":\"https:\/\/soxs.co\/de\/\",\"name\":\"SOXS.co DE\",\"description\":\"Trendige und wunderbar warme Socken f\u00fcr alle\",\"potentialAction\":[{\"@type\":\"SearchAction\",\"target\":{\"@type\":\"EntryPoint\",\"urlTemplate\":\"https:\/\/soxs.co\/de\/?s={search_term_string}\"},\"query-input\":{\"@type\":\"PropertyValueSpecification\",\"valueRequired\":true,\"valueName\":\"search_term_string\"}}],\"inLanguage\":\"de\"}]}<\/script>\n<meta property=\"product:price:amount\" content=\"29.95\" \/>\n<meta property=\"product:price:currency\" content=\"EUR\" \/>\n<meta property=\"og:availability\" content=\"instock\" \/>\n<meta property=\"product:availability\" content=\"instock\" \/>\n<meta property=\"product:retailer_item_id\" content=\"SOX3271\" \/>\n<meta property=\"product:condition\" content=\"new\" \/>\n<!-- \/ Yoast SEO Premium plugin. -->","yoast_head_json":{"title":"SOXS Graue Woll-Beinw\u00e4rmer f\u00fcr Damen Bubblegum Label","description":"SOXS graue Woll-Stulpen Damen mit Bubblegum Label wadenlang. Hier online Beinw\u00e4rmer mit bestem Tragekomfort bestellen!","robots":{"index":"noindex","follow":"follow","max-snippet":"max-snippet:-1","max-image-preview":"max-image-preview:large","max-video-preview":"max-video-preview:-1"},"og_locale":"de_DE","og_type":"article","og_title":"SOXS Graue Wolle damen Beinw\u00e4rmer Bubblegum Label (One size)","og_description":"SOXS graue Woll-Stulpen Damen mit Bubblegum Label wadenlang. Hier online Beinw\u00e4rmer mit bestem Tragekomfort bestellen!","og_url":"https:\/\/soxs.co\/de\/soxs-graue-woll-beinwarmer-damen-bubblegum-label\/","og_site_name":"SOXS.co DE","article_publisher":"https:\/\/www.facebook.com\/soxs.co\/","article_modified_time":"2025-05-16T09:24:45+00:00","og_image":[{"width":600,"height":600,"url":"https:\/\/soxs.co\/app\/uploads\/sites\/2\/2020\/08\/Soxs-3271-optie-1.jpg","type":"image\/jpeg"}],"twitter_card":"summary_large_image","twitter_site":"@soxs_co","twitter_misc":{"Preis":"&nbsp;29.95","Verf\u00fcgbarkeit":"Auf Lager"},"schema":{"@context":"https:\/\/schema.org","@graph":[{"@type":"WebPage","@id":"https:\/\/soxs.co\/de\/soxs-graue-woll-beinwarmer-damen-bubblegum-label\/","url":"https:\/\/soxs.co\/de\/soxs-graue-woll-beinwarmer-damen-bubblegum-label\/","name":"SOXS Graue Woll-Beinw\u00e4rmer f\u00fcr Damen Bubblegum Label","isPartOf":{"@id":"https:\/\/soxs.co\/de\/#website"},"primaryImageOfPage":{"@id":"https:\/\/soxs.co\/de\/soxs-graue-woll-beinwarmer-damen-bubblegum-label\/#primaryimage"},"image":{"@id":"https:\/\/soxs.co\/de\/soxs-graue-woll-beinwarmer-damen-bubblegum-label\/#primaryimage"},"thumbnailUrl":"https:\/\/dev.soxs.co\/app\/uploads\/sites\/2\/2020\/08\/Soxs-3271-optie-1.jpg","datePublished":"2020-08-07T10:03:24+00:00","dateModified":"2025-05-16T09:24:45+00:00","description":"SOXS graue Woll-Stulpen Damen mit Bubblegum Label wadenlang. Hier online Beinw\u00e4rmer mit bestem Tragekomfort bestellen!","breadcrumb":{"@id":"https:\/\/soxs.co\/de\/soxs-graue-woll-beinwarmer-damen-bubblegum-label\/#breadcrumb"},"inLanguage":"de","potentialAction":[{"@type":"ReadAction","target":["https:\/\/soxs.co\/de\/soxs-graue-woll-beinwarmer-damen-bubblegum-label\/"]}]},{"@type":"ImageObject","inLanguage":"de","@id":"https:\/\/soxs.co\/de\/soxs-graue-woll-beinwarmer-damen-bubblegum-label\/#primaryimage","url":"https:\/\/dev.soxs.co\/app\/uploads\/sites\/2\/2020\/08\/Soxs-3271-optie-1.jpg","contentUrl":"https:\/\/dev.soxs.co\/app\/uploads\/sites\/2\/2020\/08\/Soxs-3271-optie-1.jpg","width":600,"height":600,"caption":"SOXS Graue Wolle damen Beinw\u00e4rmer Bubblegum Label"},{"@type":"BreadcrumbList","@id":"https:\/\/soxs.co\/de\/soxs-graue-woll-beinwarmer-damen-bubblegum-label\/#breadcrumb","itemListElement":[{"@type":"ListItem","position":1,"name":"Home","item":"https:\/\/soxs.co\/de\/"},{"@type":"ListItem","position":2,"name":"Shop","item":"https:\/\/soxs.co\/de\/shop\/"},{"@type":"ListItem","position":3,"name":"SOXS Graue Wolle damen Beinw\u00e4rmer Bubblegum Label (One size)"}]},{"@type":"WebSite","@id":"https:\/\/soxs.co\/de\/#website","url":"https:\/\/soxs.co\/de\/","name":"SOXS.co DE","description":"Trendige und wunderbar warme Socken f\u00fcr alle","potentialAction":[{"@type":"SearchAction","target":{"@type":"EntryPoint","urlTemplate":"https:\/\/soxs.co\/de\/?s={search_term_string}"},"query-input":{"@type":"PropertyValueSpecification","valueRequired":true,"valueName":"search_term_string"}}],"inLanguage":"de"}]},"product_price_amount":"29.95","product_price_currency":"EUR","og_availability":"instock","product_availability":"instock","product_retailer_item_id":"SOX3271","product_condition":"new"},"_links":{"self":[{"href":"https:\/\/dev.soxs.co\/de\/wp-json\/wp\/v2\/product\/976","targetHints":{"allow":["GET"]}}],"collection":[{"href":"https:\/\/dev.soxs.co\/de\/wp-json\/wp\/v2\/product"}],"about":[{"href":"https:\/\/dev.soxs.co\/de\/wp-json\/wp\/v2\/types\/product"}],"replies":[{"embeddable":true,"href":"https:\/\/dev.soxs.co\/de\/wp-json\/wp\/v2\/comments?post=976"}],"wp:featuredmedia":[{"embeddable":true,"href":"https:\/\/dev.soxs.co\/de\/wp-json\/wp\/v2\/media\/125562"}],"wp:attachment":[{"href":"https:\/\/dev.soxs.co\/de\/wp-json\/wp\/v2\/media?parent=976"}],"wp:term":[{"taxonomy":"product_brand","embeddable":true,"href":"https:\/\/dev.soxs.co\/de\/wp-json\/wp\/v2\/product_brand?post=976"},{"taxonomy":"product_cat","embeddable":true,"href":"https:\/\/dev.soxs.co\/de\/wp-json\/wp\/v2\/product_cat?post=976"},{"taxonomy":"product_tag","embeddable":true,"href":"https:\/\/dev.soxs.co\/de\/wp-json\/wp\/v2\/product_tag?post=976"}],"curies":[{"name":"wp","href":"https:\/\/api.w.org\/{rel}","templated":true}]}}