{"id":700130902,"date":"2025-03-25T09:39:27","date_gmt":"2025-03-25T08:39:27","guid":{"rendered":"https:\/\/soxs.co\/de\/?post_type=product&#038;p=700130902"},"modified":"2025-06-22T12:42:17","modified_gmt":"2025-06-20T13:46:08","slug":"soxs-baumwolle-damen-socken-sunny-smile-duo-2-paare","status":"publish","type":"product","link":"https:\/\/dev.soxs.co\/de\/soxs-baumwolle-damen-socken-sunny-smile-duo-2-paare\/","title":{"rendered":"SOXS Baumwolle Damen Socken Sunny Smile Duo (2 Paare)"},"content":{"rendered":"<p>Verleihen Sie Ihrem Look einen verspielten Touch mit den neuen Baumwollsocken von Soxs! Mit fr\u00f6hlichen bunten Streifen und einer superweichen Passform sind diese Socken sowohl bequem als auch stylisch. Erh\u00e4ltlich im 2er-Set, perfekt f\u00fcr jeden Tag und f\u00fcr einen frischen, bunten Look!<\/p>\n","protected":false},"excerpt":{"rendered":"<p>Verleihen Sie Ihrem Look einen verspielten Touch mit den neuen Baumwollsocken von Soxs! Mit fr\u00f6hlichen bunten Streifen und einer superweichen Passform sind diese Socken sowohl bequem als auch stylisch. Erh\u00e4ltlich im 2er-Set, perfekt f\u00fcr jeden Tag und f\u00fcr einen frischen, bunten Look!<\/p>\n","protected":false},"featured_media":700130933,"comment_status":"closed","ping_status":"closed","template":"","meta":{"_acf_changed":false,"_improvement_type_select":"improve_an_existing","_thumb_yes_seoaic":false,"_frame_yes_seoaic":false,"seoaic_generate_description":"","seoaic_improve_instructions_prompt":"","seoaic_rollback_content_improvement":"","seoaic_idea_thumbnail_generator":"","thumbnail_generated":false,"thumbnail_generate_prompt":"","seoaic_article_description":""},"product_brand":[],"product_cat":[1488],"product_tag":[],"class_list":{"0":"post-700130902","1":"product","2":"type-product","3":"status-publish","4":"has-post-thumbnail","6":"product_cat-baumwollsocken","8":"first","9":"instock","10":"taxable","11":"shipping-taxable","12":"purchasable","13":"product-type-simple"},"acf":[],"yoast_head":"<!-- This site is optimized with the Yoast SEO Premium plugin v22.9 (Yoast SEO v25.3.1) - https:\/\/yoast.com\/wordpress\/plugins\/seo\/ -->\n<title>SOXS Baumwolle Damen Socken Sunny Smile Duo (2 Paare) - SOXS.co DE<\/title>\n<meta name=\"robots\" content=\"noindex, follow, max-snippet:-1, max-image-preview:large, max-video-preview:-1\" \/>\n<meta property=\"og:locale\" content=\"de_DE\" \/>\n<meta property=\"og:type\" content=\"article\" \/>\n<meta property=\"og:title\" content=\"SOXS Baumwolle Damen Socken Sunny Smile Duo (2 Paare)\" \/>\n<meta property=\"og:description\" content=\"Verleihen Sie Ihrem Look einen verspielten Touch mit den neuen Baumwollsocken von Soxs! Mit fr\u00f6hlichen bunten Streifen und einer superweichen Passform sind diese Socken sowohl bequem als auch stylisch. Erh\u00e4ltlich im 2er-Set, perfekt f\u00fcr jeden Tag und f\u00fcr einen frischen, bunten Look!\" \/>\n<meta property=\"og:url\" content=\"https:\/\/soxs.co\/de\/soxs-baumwolle-damen-socken-sunny-smile-duo-2-paare\/\" \/>\n<meta property=\"og:site_name\" content=\"SOXS.co DE\" \/>\n<meta property=\"article:publisher\" content=\"https:\/\/www.facebook.com\/soxs.co\/\" \/>\n<meta property=\"article:modified_time\" content=\"2025-06-20T13:46:08+00:00\" \/>\n<meta property=\"og:image\" content=\"https:\/\/soxs.co\/app\/uploads\/sites\/2\/2025\/04\/Soxs3901_combined.jpg\" \/>\n\t<meta property=\"og:image:width\" content=\"1000\" \/>\n\t<meta property=\"og:image:height\" content=\"1000\" \/>\n\t<meta property=\"og:image:type\" content=\"image\/jpeg\" \/>\n<meta name=\"twitter:card\" content=\"summary_large_image\" \/>\n<meta name=\"twitter:site\" content=\"@soxs_co\" \/>\n<meta name=\"twitter:label1\" content=\"Preis\" \/>\n\t<meta name=\"twitter:data1\" content=\"&nbsp;19.95\" \/>\n\t<meta name=\"twitter:label2\" content=\"Verf\u00fcgbarkeit\" \/>\n\t<meta name=\"twitter:data2\" content=\"Auf Lager\" \/>\n<script type=\"application\/ld+json\" class=\"yoast-schema-graph\">{\"@context\":\"https:\/\/schema.org\",\"@graph\":[{\"@type\":\"WebPage\",\"@id\":\"https:\/\/soxs.co\/de\/soxs-baumwolle-damen-socken-sunny-smile-duo-2-paare\/\",\"url\":\"https:\/\/soxs.co\/de\/soxs-baumwolle-damen-socken-sunny-smile-duo-2-paare\/\",\"name\":\"SOXS Baumwolle Damen Socken Sunny Smile Duo (2 Paare) - SOXS.co DE\",\"isPartOf\":{\"@id\":\"https:\/\/soxs.co\/de\/#website\"},\"primaryImageOfPage\":{\"@id\":\"https:\/\/soxs.co\/de\/soxs-baumwolle-damen-socken-sunny-smile-duo-2-paare\/#primaryimage\"},\"image\":{\"@id\":\"https:\/\/soxs.co\/de\/soxs-baumwolle-damen-socken-sunny-smile-duo-2-paare\/#primaryimage\"},\"thumbnailUrl\":\"https:\/\/dev.soxs.co\/app\/uploads\/sites\/2\/2025\/04\/Soxs3901_combined.jpg\",\"datePublished\":\"2025-03-25T08:39:27+00:00\",\"dateModified\":\"2025-06-20T13:46:08+00:00\",\"breadcrumb\":{\"@id\":\"https:\/\/soxs.co\/de\/soxs-baumwolle-damen-socken-sunny-smile-duo-2-paare\/#breadcrumb\"},\"inLanguage\":\"de\",\"potentialAction\":[{\"@type\":\"ReadAction\",\"target\":[\"https:\/\/soxs.co\/de\/soxs-baumwolle-damen-socken-sunny-smile-duo-2-paare\/\"]}]},{\"@type\":\"ImageObject\",\"inLanguage\":\"de\",\"@id\":\"https:\/\/soxs.co\/de\/soxs-baumwolle-damen-socken-sunny-smile-duo-2-paare\/#primaryimage\",\"url\":\"https:\/\/dev.soxs.co\/app\/uploads\/sites\/2\/2025\/04\/Soxs3901_combined.jpg\",\"contentUrl\":\"https:\/\/dev.soxs.co\/app\/uploads\/sites\/2\/2025\/04\/Soxs3901_combined.jpg\",\"width\":1000,\"height\":1000,\"caption\":\"Sunny Smile SOX3901\"},{\"@type\":\"BreadcrumbList\",\"@id\":\"https:\/\/soxs.co\/de\/soxs-baumwolle-damen-socken-sunny-smile-duo-2-paare\/#breadcrumb\",\"itemListElement\":[{\"@type\":\"ListItem\",\"position\":1,\"name\":\"Home\",\"item\":\"https:\/\/soxs.co\/de\/\"},{\"@type\":\"ListItem\",\"position\":2,\"name\":\"Shop\",\"item\":\"https:\/\/soxs.co\/de\/shop\/\"},{\"@type\":\"ListItem\",\"position\":3,\"name\":\"SOXS Baumwolle Damen Socken Sunny Smile Duo (2 Paare)\"}]},{\"@type\":\"WebSite\",\"@id\":\"https:\/\/soxs.co\/de\/#website\",\"url\":\"https:\/\/soxs.co\/de\/\",\"name\":\"SOXS.co DE\",\"description\":\"Trendige und wunderbar warme Socken f\u00fcr alle\",\"potentialAction\":[{\"@type\":\"SearchAction\",\"target\":{\"@type\":\"EntryPoint\",\"urlTemplate\":\"https:\/\/soxs.co\/de\/?s={search_term_string}\"},\"query-input\":{\"@type\":\"PropertyValueSpecification\",\"valueRequired\":true,\"valueName\":\"search_term_string\"}}],\"inLanguage\":\"de\"}]}<\/script>\n<meta property=\"product:price:amount\" content=\"19.95\" \/>\n<meta property=\"product:price:currency\" content=\"EUR\" \/>\n<meta property=\"og:availability\" content=\"instock\" \/>\n<meta property=\"product:availability\" content=\"instock\" \/>\n<meta property=\"product:retailer_item_id\" content=\"SOX3901\" \/>\n<meta property=\"product:condition\" content=\"new\" \/>\n<!-- \/ Yoast SEO Premium plugin. -->","yoast_head_json":{"title":"SOXS Baumwolle Damen Socken Sunny Smile Duo (2 Paare) - SOXS.co DE","robots":{"index":"noindex","follow":"follow","max-snippet":"max-snippet:-1","max-image-preview":"max-image-preview:large","max-video-preview":"max-video-preview:-1"},"og_locale":"de_DE","og_type":"article","og_title":"SOXS Baumwolle Damen Socken Sunny Smile Duo (2 Paare)","og_description":"Verleihen Sie Ihrem Look einen verspielten Touch mit den neuen Baumwollsocken von Soxs! Mit fr\u00f6hlichen bunten Streifen und einer superweichen Passform sind diese Socken sowohl bequem als auch stylisch. Erh\u00e4ltlich im 2er-Set, perfekt f\u00fcr jeden Tag und f\u00fcr einen frischen, bunten Look!","og_url":"https:\/\/soxs.co\/de\/soxs-baumwolle-damen-socken-sunny-smile-duo-2-paare\/","og_site_name":"SOXS.co DE","article_publisher":"https:\/\/www.facebook.com\/soxs.co\/","article_modified_time":"2025-06-20T13:46:08+00:00","og_image":[{"width":1000,"height":1000,"url":"https:\/\/soxs.co\/app\/uploads\/sites\/2\/2025\/04\/Soxs3901_combined.jpg","type":"image\/jpeg"}],"twitter_card":"summary_large_image","twitter_site":"@soxs_co","twitter_misc":{"Preis":"&nbsp;19.95","Verf\u00fcgbarkeit":"Auf Lager"},"schema":{"@context":"https:\/\/schema.org","@graph":[{"@type":"WebPage","@id":"https:\/\/soxs.co\/de\/soxs-baumwolle-damen-socken-sunny-smile-duo-2-paare\/","url":"https:\/\/soxs.co\/de\/soxs-baumwolle-damen-socken-sunny-smile-duo-2-paare\/","name":"SOXS Baumwolle Damen Socken Sunny Smile Duo (2 Paare) - SOXS.co DE","isPartOf":{"@id":"https:\/\/soxs.co\/de\/#website"},"primaryImageOfPage":{"@id":"https:\/\/soxs.co\/de\/soxs-baumwolle-damen-socken-sunny-smile-duo-2-paare\/#primaryimage"},"image":{"@id":"https:\/\/soxs.co\/de\/soxs-baumwolle-damen-socken-sunny-smile-duo-2-paare\/#primaryimage"},"thumbnailUrl":"https:\/\/dev.soxs.co\/app\/uploads\/sites\/2\/2025\/04\/Soxs3901_combined.jpg","datePublished":"2025-03-25T08:39:27+00:00","dateModified":"2025-06-20T13:46:08+00:00","breadcrumb":{"@id":"https:\/\/soxs.co\/de\/soxs-baumwolle-damen-socken-sunny-smile-duo-2-paare\/#breadcrumb"},"inLanguage":"de","potentialAction":[{"@type":"ReadAction","target":["https:\/\/soxs.co\/de\/soxs-baumwolle-damen-socken-sunny-smile-duo-2-paare\/"]}]},{"@type":"ImageObject","inLanguage":"de","@id":"https:\/\/soxs.co\/de\/soxs-baumwolle-damen-socken-sunny-smile-duo-2-paare\/#primaryimage","url":"https:\/\/dev.soxs.co\/app\/uploads\/sites\/2\/2025\/04\/Soxs3901_combined.jpg","contentUrl":"https:\/\/dev.soxs.co\/app\/uploads\/sites\/2\/2025\/04\/Soxs3901_combined.jpg","width":1000,"height":1000,"caption":"Sunny Smile SOX3901"},{"@type":"BreadcrumbList","@id":"https:\/\/soxs.co\/de\/soxs-baumwolle-damen-socken-sunny-smile-duo-2-paare\/#breadcrumb","itemListElement":[{"@type":"ListItem","position":1,"name":"Home","item":"https:\/\/soxs.co\/de\/"},{"@type":"ListItem","position":2,"name":"Shop","item":"https:\/\/soxs.co\/de\/shop\/"},{"@type":"ListItem","position":3,"name":"SOXS Baumwolle Damen Socken Sunny Smile Duo (2 Paare)"}]},{"@type":"WebSite","@id":"https:\/\/soxs.co\/de\/#website","url":"https:\/\/soxs.co\/de\/","name":"SOXS.co DE","description":"Trendige und wunderbar warme Socken f\u00fcr alle","potentialAction":[{"@type":"SearchAction","target":{"@type":"EntryPoint","urlTemplate":"https:\/\/soxs.co\/de\/?s={search_term_string}"},"query-input":{"@type":"PropertyValueSpecification","valueRequired":true,"valueName":"search_term_string"}}],"inLanguage":"de"}]},"product_price_amount":"19.95","product_price_currency":"EUR","og_availability":"instock","product_availability":"instock","product_retailer_item_id":"SOX3901","product_condition":"new"},"_links":{"self":[{"href":"https:\/\/dev.soxs.co\/de\/wp-json\/wp\/v2\/product\/700130902","targetHints":{"allow":["GET"]}}],"collection":[{"href":"https:\/\/dev.soxs.co\/de\/wp-json\/wp\/v2\/product"}],"about":[{"href":"https:\/\/dev.soxs.co\/de\/wp-json\/wp\/v2\/types\/product"}],"replies":[{"embeddable":true,"href":"https:\/\/dev.soxs.co\/de\/wp-json\/wp\/v2\/comments?post=700130902"}],"wp:featuredmedia":[{"embeddable":true,"href":"https:\/\/dev.soxs.co\/de\/wp-json\/wp\/v2\/media\/700130933"}],"wp:attachment":[{"href":"https:\/\/dev.soxs.co\/de\/wp-json\/wp\/v2\/media?parent=700130902"}],"wp:term":[{"taxonomy":"product_brand","embeddable":true,"href":"https:\/\/dev.soxs.co\/de\/wp-json\/wp\/v2\/product_brand?post=700130902"},{"taxonomy":"product_cat","embeddable":true,"href":"https:\/\/dev.soxs.co\/de\/wp-json\/wp\/v2\/product_cat?post=700130902"},{"taxonomy":"product_tag","embeddable":true,"href":"https:\/\/dev.soxs.co\/de\/wp-json\/wp\/v2\/product_tag?post=700130902"}],"curies":[{"name":"wp","href":"https:\/\/api.w.org\/{rel}","templated":true}]}}