{"id":700130737,"date":"2025-02-11T09:51:14","date_gmt":"2025-02-11T08:51:14","guid":{"rendered":"https:\/\/soxs.co\/de\/?post_type=product&#038;p=700130737"},"modified":"2025-06-20T17:32:38","modified_gmt":"2025-06-20T07:59:56","slug":"soxs-rosa-wollen-socken-violet-pink-label-low-37-41","status":"publish","type":"product","link":"https:\/\/dev.soxs.co\/de\/soxs-rosa-wollen-socken-violet-pink-label-low-37-41\/","title":{"rendered":"SOXS Rosa wollen socken Violet Pink label Low (37-41)"},"content":{"rendered":"<p>Sp\u00fcre die Sonne auf deiner Haut und genie\u00dfe das ultimative Sommergef\u00fchl mit unseren neuen rosa Wollsocken! Diese Socken sind perfekt f\u00fcr sonnige Tage und k\u00fchle Abende. Tanzen Sie durch die Stra\u00dfen oder genie\u00dfen Sie ein Picknick im Park &#8211; diese Socken sind bereit daf\u00fcr! Das fr\u00f6hliche Design und die frischen Farben zaubern ein L\u00e4cheln auf Ihr Gesicht und machen jedes Outfit sommerlich und stylisch.<\/p>\n<p>Lassen Sie Ihre F\u00fc\u00dfe strahlen und starten Sie mit Soxs in einen Sommer voller Spa\u00df! Mit diesen verspielten Socken an den F\u00fc\u00dfen wird jeder Schritt zur Party!\ud83c\udf38<\/p>\n","protected":false},"excerpt":{"rendered":"<p>Sp\u00fcre die Sonne auf deiner Haut und genie\u00dfe das ultimative Sommergef\u00fchl mit unseren neuen rosa Wollsocken! Diese Socken sind perfekt f\u00fcr sonnige Tage und k\u00fchle Abende. Tanzen Sie durch die Stra\u00dfen oder genie\u00dfen Sie ein Picknick im Park &#8211; diese Socken sind bereit daf\u00fcr! Das fr\u00f6hliche Design und die frischen Farben zaubern ein L\u00e4cheln auf Ihr Gesicht und machen jedes Outfit sommerlich und stylisch.<\/p>\n<p>Lassen Sie Ihre F\u00fc\u00dfe strahlen und starten Sie mit Soxs in einen Sommer voller Spa\u00df! Mit diesen verspielten Socken an den F\u00fc\u00dfen wird jeder Schritt zur Party!\ud83c\udf38<\/p>\n","protected":false},"featured_media":700130738,"comment_status":"closed","ping_status":"closed","template":"","meta":{"_acf_changed":false,"_improvement_type_select":"improve_an_existing","_thumb_yes_seoaic":false,"_frame_yes_seoaic":false,"seoaic_generate_description":"","seoaic_improve_instructions_prompt":"","seoaic_rollback_content_improvement":"","seoaic_idea_thumbnail_generator":"","thumbnail_generated":false,"thumbnail_generate_prompt":"","seoaic_article_description":""},"product_brand":[],"product_cat":[58,56,1523],"product_tag":[],"class_list":{"0":"post-700130737","1":"product","2":"type-product","3":"status-publish","4":"has-post-thumbnail","6":"product_cat-wollsocken-damen","7":"product_cat-socken-von-soxs","8":"product_cat-sommersocken","10":"first","11":"instock","12":"taxable","13":"shipping-taxable","14":"purchasable","15":"product-type-simple"},"acf":[],"yoast_head":"<!-- This site is optimized with the Yoast SEO Premium plugin v22.9 (Yoast SEO v25.3.1) - https:\/\/yoast.com\/wordpress\/plugins\/seo\/ -->\n<title>SOXS Rosa wollen socken Violet Pink label Low (37-41) - SOXS.co DE<\/title>\n<meta name=\"robots\" content=\"noindex, follow, max-snippet:-1, max-image-preview:large, max-video-preview:-1\" \/>\n<meta property=\"og:locale\" content=\"de_DE\" \/>\n<meta property=\"og:type\" content=\"article\" \/>\n<meta property=\"og:title\" content=\"SOXS Rosa wollen socken Violet Pink label Low (37-41)\" \/>\n<meta property=\"og:description\" content=\"Sp\u00fcre die Sonne auf deiner Haut und genie\u00dfe das ultimative Sommergef\u00fchl mit unseren neuen rosa Wollsocken! Diese Socken sind perfekt f\u00fcr sonnige Tage und k\u00fchle Abende. Tanzen Sie durch die Stra\u00dfen oder genie\u00dfen Sie ein Picknick im Park - diese Socken sind bereit daf\u00fcr! Das fr\u00f6hliche Design und die frischen Farben zaubern ein L\u00e4cheln auf Ihr Gesicht und machen jedes Outfit sommerlich und stylisch.  Lassen Sie Ihre F\u00fc\u00dfe strahlen und starten Sie mit Soxs in einen Sommer voller Spa\u00df! Mit diesen verspielten Socken an den F\u00fc\u00dfen wird jeder Schritt zur Party!\ud83c\udf38\" \/>\n<meta property=\"og:url\" content=\"https:\/\/soxs.co\/de\/soxs-rosa-wollen-socken-violet-pink-label-low-37-41\/\" \/>\n<meta property=\"og:site_name\" content=\"SOXS.co DE\" \/>\n<meta property=\"article:publisher\" content=\"https:\/\/www.facebook.com\/soxs.co\/\" \/>\n<meta property=\"article:modified_time\" content=\"2025-06-20T07:59:56+00:00\" \/>\n<meta property=\"og:image\" content=\"https:\/\/soxs.co\/app\/uploads\/sites\/2\/2025\/02\/SOX3803_1000x1000px-810x810.png\" \/>\n\t<meta property=\"og:image:width\" content=\"810\" \/>\n\t<meta property=\"og:image:height\" content=\"810\" \/>\n\t<meta property=\"og:image:type\" content=\"image\/png\" \/>\n<meta name=\"twitter:card\" content=\"summary_large_image\" \/>\n<meta name=\"twitter:site\" content=\"@soxs_co\" \/>\n<meta name=\"twitter:label1\" content=\"Preis\" \/>\n\t<meta name=\"twitter:data1\" content=\"&nbsp;26.95\" \/>\n\t<meta name=\"twitter:label2\" content=\"Verf\u00fcgbarkeit\" \/>\n\t<meta name=\"twitter:data2\" content=\"Auf Lager\" \/>\n<script type=\"application\/ld+json\" class=\"yoast-schema-graph\">{\"@context\":\"https:\/\/schema.org\",\"@graph\":[{\"@type\":\"WebPage\",\"@id\":\"https:\/\/soxs.co\/de\/soxs-rosa-wollen-socken-violet-pink-label-low-37-41\/\",\"url\":\"https:\/\/soxs.co\/de\/soxs-rosa-wollen-socken-violet-pink-label-low-37-41\/\",\"name\":\"SOXS Rosa wollen socken Violet Pink label Low (37-41) - SOXS.co DE\",\"isPartOf\":{\"@id\":\"https:\/\/soxs.co\/de\/#website\"},\"primaryImageOfPage\":{\"@id\":\"https:\/\/soxs.co\/de\/soxs-rosa-wollen-socken-violet-pink-label-low-37-41\/#primaryimage\"},\"image\":{\"@id\":\"https:\/\/soxs.co\/de\/soxs-rosa-wollen-socken-violet-pink-label-low-37-41\/#primaryimage\"},\"thumbnailUrl\":\"https:\/\/dev.soxs.co\/app\/uploads\/sites\/2\/2025\/02\/SOX3803_1000x1000px.png\",\"datePublished\":\"2025-02-11T08:51:14+00:00\",\"dateModified\":\"2025-06-20T07:59:56+00:00\",\"breadcrumb\":{\"@id\":\"https:\/\/soxs.co\/de\/soxs-rosa-wollen-socken-violet-pink-label-low-37-41\/#breadcrumb\"},\"inLanguage\":\"de\",\"potentialAction\":[{\"@type\":\"ReadAction\",\"target\":[\"https:\/\/soxs.co\/de\/soxs-rosa-wollen-socken-violet-pink-label-low-37-41\/\"]}]},{\"@type\":\"ImageObject\",\"inLanguage\":\"de\",\"@id\":\"https:\/\/soxs.co\/de\/soxs-rosa-wollen-socken-violet-pink-label-low-37-41\/#primaryimage\",\"url\":\"https:\/\/dev.soxs.co\/app\/uploads\/sites\/2\/2025\/02\/SOX3803_1000x1000px.png\",\"contentUrl\":\"https:\/\/dev.soxs.co\/app\/uploads\/sites\/2\/2025\/02\/SOX3803_1000x1000px.png\",\"width\":2362,\"height\":2362,\"caption\":\"SOX3803_1000x1000px\"},{\"@type\":\"BreadcrumbList\",\"@id\":\"https:\/\/soxs.co\/de\/soxs-rosa-wollen-socken-violet-pink-label-low-37-41\/#breadcrumb\",\"itemListElement\":[{\"@type\":\"ListItem\",\"position\":1,\"name\":\"Home\",\"item\":\"https:\/\/soxs.co\/de\/\"},{\"@type\":\"ListItem\",\"position\":2,\"name\":\"Shop\",\"item\":\"https:\/\/soxs.co\/de\/shop\/\"},{\"@type\":\"ListItem\",\"position\":3,\"name\":\"SOXS Rosa wollen socken Violet Pink label Low (37-41)\"}]},{\"@type\":\"WebSite\",\"@id\":\"https:\/\/soxs.co\/de\/#website\",\"url\":\"https:\/\/soxs.co\/de\/\",\"name\":\"SOXS.co DE\",\"description\":\"Trendige und wunderbar warme Socken f\u00fcr alle\",\"potentialAction\":[{\"@type\":\"SearchAction\",\"target\":{\"@type\":\"EntryPoint\",\"urlTemplate\":\"https:\/\/soxs.co\/de\/?s={search_term_string}\"},\"query-input\":{\"@type\":\"PropertyValueSpecification\",\"valueRequired\":true,\"valueName\":\"search_term_string\"}}],\"inLanguage\":\"de\"}]}<\/script>\n<meta property=\"product:price:amount\" content=\"26.95\" \/>\n<meta property=\"product:price:currency\" content=\"EUR\" \/>\n<meta property=\"og:availability\" content=\"instock\" \/>\n<meta property=\"product:availability\" content=\"instock\" \/>\n<meta property=\"product:retailer_item_id\" content=\"SOX3803\" \/>\n<meta property=\"product:condition\" content=\"new\" \/>\n<!-- \/ Yoast SEO Premium plugin. -->","yoast_head_json":{"title":"SOXS Rosa wollen socken Violet Pink label Low (37-41) - SOXS.co DE","robots":{"index":"noindex","follow":"follow","max-snippet":"max-snippet:-1","max-image-preview":"max-image-preview:large","max-video-preview":"max-video-preview:-1"},"og_locale":"de_DE","og_type":"article","og_title":"SOXS Rosa wollen socken Violet Pink label Low (37-41)","og_description":"Sp\u00fcre die Sonne auf deiner Haut und genie\u00dfe das ultimative Sommergef\u00fchl mit unseren neuen rosa Wollsocken! Diese Socken sind perfekt f\u00fcr sonnige Tage und k\u00fchle Abende. Tanzen Sie durch die Stra\u00dfen oder genie\u00dfen Sie ein Picknick im Park - diese Socken sind bereit daf\u00fcr! Das fr\u00f6hliche Design und die frischen Farben zaubern ein L\u00e4cheln auf Ihr Gesicht und machen jedes Outfit sommerlich und stylisch.  Lassen Sie Ihre F\u00fc\u00dfe strahlen und starten Sie mit Soxs in einen Sommer voller Spa\u00df! Mit diesen verspielten Socken an den F\u00fc\u00dfen wird jeder Schritt zur Party!\ud83c\udf38","og_url":"https:\/\/soxs.co\/de\/soxs-rosa-wollen-socken-violet-pink-label-low-37-41\/","og_site_name":"SOXS.co DE","article_publisher":"https:\/\/www.facebook.com\/soxs.co\/","article_modified_time":"2025-06-20T07:59:56+00:00","og_image":[{"width":810,"height":810,"url":"https:\/\/soxs.co\/app\/uploads\/sites\/2\/2025\/02\/SOX3803_1000x1000px-810x810.png","type":"image\/png"}],"twitter_card":"summary_large_image","twitter_site":"@soxs_co","twitter_misc":{"Preis":"&nbsp;26.95","Verf\u00fcgbarkeit":"Auf Lager"},"schema":{"@context":"https:\/\/schema.org","@graph":[{"@type":"WebPage","@id":"https:\/\/soxs.co\/de\/soxs-rosa-wollen-socken-violet-pink-label-low-37-41\/","url":"https:\/\/soxs.co\/de\/soxs-rosa-wollen-socken-violet-pink-label-low-37-41\/","name":"SOXS Rosa wollen socken Violet Pink label Low (37-41) - SOXS.co DE","isPartOf":{"@id":"https:\/\/soxs.co\/de\/#website"},"primaryImageOfPage":{"@id":"https:\/\/soxs.co\/de\/soxs-rosa-wollen-socken-violet-pink-label-low-37-41\/#primaryimage"},"image":{"@id":"https:\/\/soxs.co\/de\/soxs-rosa-wollen-socken-violet-pink-label-low-37-41\/#primaryimage"},"thumbnailUrl":"https:\/\/dev.soxs.co\/app\/uploads\/sites\/2\/2025\/02\/SOX3803_1000x1000px.png","datePublished":"2025-02-11T08:51:14+00:00","dateModified":"2025-06-20T07:59:56+00:00","breadcrumb":{"@id":"https:\/\/soxs.co\/de\/soxs-rosa-wollen-socken-violet-pink-label-low-37-41\/#breadcrumb"},"inLanguage":"de","potentialAction":[{"@type":"ReadAction","target":["https:\/\/soxs.co\/de\/soxs-rosa-wollen-socken-violet-pink-label-low-37-41\/"]}]},{"@type":"ImageObject","inLanguage":"de","@id":"https:\/\/soxs.co\/de\/soxs-rosa-wollen-socken-violet-pink-label-low-37-41\/#primaryimage","url":"https:\/\/dev.soxs.co\/app\/uploads\/sites\/2\/2025\/02\/SOX3803_1000x1000px.png","contentUrl":"https:\/\/dev.soxs.co\/app\/uploads\/sites\/2\/2025\/02\/SOX3803_1000x1000px.png","width":2362,"height":2362,"caption":"SOX3803_1000x1000px"},{"@type":"BreadcrumbList","@id":"https:\/\/soxs.co\/de\/soxs-rosa-wollen-socken-violet-pink-label-low-37-41\/#breadcrumb","itemListElement":[{"@type":"ListItem","position":1,"name":"Home","item":"https:\/\/soxs.co\/de\/"},{"@type":"ListItem","position":2,"name":"Shop","item":"https:\/\/soxs.co\/de\/shop\/"},{"@type":"ListItem","position":3,"name":"SOXS Rosa wollen socken Violet Pink label Low (37-41)"}]},{"@type":"WebSite","@id":"https:\/\/soxs.co\/de\/#website","url":"https:\/\/soxs.co\/de\/","name":"SOXS.co DE","description":"Trendige und wunderbar warme Socken f\u00fcr alle","potentialAction":[{"@type":"SearchAction","target":{"@type":"EntryPoint","urlTemplate":"https:\/\/soxs.co\/de\/?s={search_term_string}"},"query-input":{"@type":"PropertyValueSpecification","valueRequired":true,"valueName":"search_term_string"}}],"inLanguage":"de"}]},"product_price_amount":"26.95","product_price_currency":"EUR","og_availability":"instock","product_availability":"instock","product_retailer_item_id":"SOX3803","product_condition":"new"},"_links":{"self":[{"href":"https:\/\/dev.soxs.co\/de\/wp-json\/wp\/v2\/product\/700130737","targetHints":{"allow":["GET"]}}],"collection":[{"href":"https:\/\/dev.soxs.co\/de\/wp-json\/wp\/v2\/product"}],"about":[{"href":"https:\/\/dev.soxs.co\/de\/wp-json\/wp\/v2\/types\/product"}],"replies":[{"embeddable":true,"href":"https:\/\/dev.soxs.co\/de\/wp-json\/wp\/v2\/comments?post=700130737"}],"wp:featuredmedia":[{"embeddable":true,"href":"https:\/\/dev.soxs.co\/de\/wp-json\/wp\/v2\/media\/700130738"}],"wp:attachment":[{"href":"https:\/\/dev.soxs.co\/de\/wp-json\/wp\/v2\/media?parent=700130737"}],"wp:term":[{"taxonomy":"product_brand","embeddable":true,"href":"https:\/\/dev.soxs.co\/de\/wp-json\/wp\/v2\/product_brand?post=700130737"},{"taxonomy":"product_cat","embeddable":true,"href":"https:\/\/dev.soxs.co\/de\/wp-json\/wp\/v2\/product_cat?post=700130737"},{"taxonomy":"product_tag","embeddable":true,"href":"https:\/\/dev.soxs.co\/de\/wp-json\/wp\/v2\/product_tag?post=700130737"}],"curies":[{"name":"wp","href":"https:\/\/api.w.org\/{rel}","templated":true}]}}