{"id":700130710,"date":"2025-01-31T10:25:07","date_gmt":"2025-01-31T09:25:07","guid":{"rendered":"https:\/\/soxs.co\/de\/?post_type=product&#038;p=700130710"},"modified":"2025-06-23T19:57:07","modified_gmt":"2025-05-16T09:24:59","slug":"soxs-pink-wolle-socken-sweetheart-label-medium-37-41","status":"publish","type":"product","link":"https:\/\/dev.soxs.co\/de\/soxs-pink-wolle-socken-sweetheart-label-medium-37-41\/","title":{"rendered":"SOXS Pink wolle socken Sweetheart label medium (37-41)"},"content":{"rendered":"<p>Sp\u00fcren Sie die W\u00e4rme einer liebevollen Umarmung mit den rosafarbenen Schafwollsocken von Soxs, die mit dem verspielten Label \u201eSweetheart\u201c versehen sind. Diese Socken kombinieren Komfort und Stil und h\u00fcllen Ihre F\u00fc\u00dfe in wunderbar weiche Wolle. Das \u201eSweetheart\u201c-Label sorgt f\u00fcr einen Hauch von Romantik &#8211; perfekt f\u00fcr alle, die jeden Tag ein bisschen mehr Liebe erleben wollen. Egal, ob Sie sich zu Hause entspannen oder vor die T\u00fcr gehen, diese Soxs bringen m\u00fchelos ein bisschen Glamour in Ihren Tag.<\/p>\n<p>Tipp: Verschenken Sie an Ihren oder Ihre Valentin und machen Sie den Moment zu etwas ganz Besonderem! \u2764\ufe0f<\/p>\n","protected":false},"excerpt":{"rendered":"<p>Sp\u00fcren Sie die W\u00e4rme einer liebevollen Umarmung mit den rosafarbenen Schafwollsocken von Soxs, die mit dem verspielten Label \u201eSweetheart\u201c versehen sind. Diese Socken kombinieren Komfort und Stil und h\u00fcllen Ihre F\u00fc\u00dfe in wunderbar weiche Wolle. Das \u201eSweetheart\u201c-Label sorgt f\u00fcr einen Hauch von Romantik &#8211; perfekt f\u00fcr alle, die jeden Tag ein bisschen mehr Liebe erleben wollen. Egal, ob Sie sich zu Hause entspannen oder vor die T\u00fcr gehen, diese Soxs bringen m\u00fchelos ein bisschen Glamour in Ihren Tag.<\/p>\n<p>Tipp: Verschenken Sie an Ihren oder Ihre Valentin und machen Sie den Moment zu etwas ganz Besonderem! \u2764\ufe0f<\/p>\n","protected":false},"featured_media":700130709,"comment_status":"closed","ping_status":"closed","template":"","meta":{"_acf_changed":false,"_improvement_type_select":"improve_an_existing","_thumb_yes_seoaic":false,"_frame_yes_seoaic":false,"seoaic_generate_description":"","seoaic_improve_instructions_prompt":"","seoaic_rollback_content_improvement":"","seoaic_idea_thumbnail_generator":"","thumbnail_generated":false,"thumbnail_generate_prompt":"","seoaic_article_description":""},"product_brand":[],"product_cat":[58,56],"product_tag":[],"class_list":{"0":"post-700130710","1":"product","2":"type-product","3":"status-publish","4":"has-post-thumbnail","6":"product_cat-wollsocken-damen","7":"product_cat-socken-von-soxs","9":"first","10":"instock","11":"taxable","12":"shipping-taxable","13":"purchasable","14":"product-type-simple"},"acf":[],"yoast_head":"<!-- This site is optimized with the Yoast SEO Premium plugin v22.9 (Yoast SEO v25.3.1) - https:\/\/yoast.com\/wordpress\/plugins\/seo\/ -->\n<title>SOXS Pink wolle socken Lipstick Kiss label | SOXS.co DE<\/title>\n<meta name=\"description\" content=\"Pink wolle socken Diese\u00a0Socken\u00a0sind\u00a0eine\u00a0Ode\u00a0an\u00a0Komfort\u00a0und\u00a0Weiblichkeit,\u00a0gefertigt\u00a0aus\u00a0feinster\u00a0Schafswolle, die\u00a0Ihre\u00a0F\u00fc\u00dfe\u00a0weich\u00a0umh\u00fcllt.\" \/>\n<meta name=\"robots\" content=\"noindex, follow, max-snippet:-1, max-image-preview:large, max-video-preview:-1\" \/>\n<meta property=\"og:locale\" content=\"de_DE\" \/>\n<meta property=\"og:type\" content=\"article\" \/>\n<meta property=\"og:title\" content=\"SOXS Pink wolle socken Sweetheart label medium (37-41)\" \/>\n<meta property=\"og:description\" content=\"Pink wolle socken Diese\u00a0Socken\u00a0sind\u00a0eine\u00a0Ode\u00a0an\u00a0Komfort\u00a0und\u00a0Weiblichkeit,\u00a0gefertigt\u00a0aus\u00a0feinster\u00a0Schafswolle, die\u00a0Ihre\u00a0F\u00fc\u00dfe\u00a0weich\u00a0umh\u00fcllt.\" \/>\n<meta property=\"og:url\" content=\"https:\/\/soxs.co\/de\/soxs-pink-wolle-socken-sweetheart-label-medium-37-41\/\" \/>\n<meta property=\"og:site_name\" content=\"SOXS.co DE\" \/>\n<meta property=\"article:publisher\" content=\"https:\/\/www.facebook.com\/soxs.co\/\" \/>\n<meta property=\"article:modified_time\" content=\"2025-05-16T09:24:59+00:00\" \/>\n<meta property=\"og:image\" content=\"https:\/\/soxs.co\/app\/uploads\/sites\/2\/2025\/01\/SOX3810_1000x1000.jpg\" \/>\n\t<meta property=\"og:image:width\" content=\"1000\" \/>\n\t<meta property=\"og:image:height\" content=\"1000\" \/>\n\t<meta property=\"og:image:type\" content=\"image\/jpeg\" \/>\n<meta name=\"twitter:card\" content=\"summary_large_image\" \/>\n<meta name=\"twitter:site\" content=\"@soxs_co\" \/>\n<meta name=\"twitter:label1\" content=\"Preis\" \/>\n\t<meta name=\"twitter:data1\" content=\"&nbsp;30.95\" \/>\n\t<meta name=\"twitter:label2\" content=\"Verf\u00fcgbarkeit\" \/>\n\t<meta name=\"twitter:data2\" content=\"Auf Lager\" \/>\n<script type=\"application\/ld+json\" class=\"yoast-schema-graph\">{\"@context\":\"https:\/\/schema.org\",\"@graph\":[{\"@type\":\"WebPage\",\"@id\":\"https:\/\/soxs.co\/de\/soxs-pink-wolle-socken-sweetheart-label-medium-37-41\/\",\"url\":\"https:\/\/soxs.co\/de\/soxs-pink-wolle-socken-sweetheart-label-medium-37-41\/\",\"name\":\"SOXS Pink wolle socken Lipstick Kiss label | SOXS.co DE\",\"isPartOf\":{\"@id\":\"https:\/\/soxs.co\/de\/#website\"},\"primaryImageOfPage\":{\"@id\":\"https:\/\/soxs.co\/de\/soxs-pink-wolle-socken-sweetheart-label-medium-37-41\/#primaryimage\"},\"image\":{\"@id\":\"https:\/\/soxs.co\/de\/soxs-pink-wolle-socken-sweetheart-label-medium-37-41\/#primaryimage\"},\"thumbnailUrl\":\"https:\/\/dev.soxs.co\/app\/uploads\/sites\/2\/2025\/01\/SOX3810_1000x1000.jpg\",\"datePublished\":\"2025-01-31T09:25:07+00:00\",\"dateModified\":\"2025-05-16T09:24:59+00:00\",\"description\":\"Pink wolle socken Diese\u00a0Socken\u00a0sind\u00a0eine\u00a0Ode\u00a0an\u00a0Komfort\u00a0und\u00a0Weiblichkeit,\u00a0gefertigt\u00a0aus\u00a0feinster\u00a0Schafswolle, die\u00a0Ihre\u00a0F\u00fc\u00dfe\u00a0weich\u00a0umh\u00fcllt.\",\"breadcrumb\":{\"@id\":\"https:\/\/soxs.co\/de\/soxs-pink-wolle-socken-sweetheart-label-medium-37-41\/#breadcrumb\"},\"inLanguage\":\"de\",\"potentialAction\":[{\"@type\":\"ReadAction\",\"target\":[\"https:\/\/soxs.co\/de\/soxs-pink-wolle-socken-sweetheart-label-medium-37-41\/\"]}]},{\"@type\":\"ImageObject\",\"inLanguage\":\"de\",\"@id\":\"https:\/\/soxs.co\/de\/soxs-pink-wolle-socken-sweetheart-label-medium-37-41\/#primaryimage\",\"url\":\"https:\/\/dev.soxs.co\/app\/uploads\/sites\/2\/2025\/01\/SOX3810_1000x1000.jpg\",\"contentUrl\":\"https:\/\/dev.soxs.co\/app\/uploads\/sites\/2\/2025\/01\/SOX3810_1000x1000.jpg\",\"width\":1000,\"height\":1000},{\"@type\":\"BreadcrumbList\",\"@id\":\"https:\/\/soxs.co\/de\/soxs-pink-wolle-socken-sweetheart-label-medium-37-41\/#breadcrumb\",\"itemListElement\":[{\"@type\":\"ListItem\",\"position\":1,\"name\":\"Home\",\"item\":\"https:\/\/soxs.co\/de\/\"},{\"@type\":\"ListItem\",\"position\":2,\"name\":\"Shop\",\"item\":\"https:\/\/soxs.co\/de\/shop\/\"},{\"@type\":\"ListItem\",\"position\":3,\"name\":\"SOXS Pink wolle socken Sweetheart label medium (37-41)\"}]},{\"@type\":\"WebSite\",\"@id\":\"https:\/\/soxs.co\/de\/#website\",\"url\":\"https:\/\/soxs.co\/de\/\",\"name\":\"SOXS.co DE\",\"description\":\"Trendige und wunderbar warme Socken f\u00fcr alle\",\"potentialAction\":[{\"@type\":\"SearchAction\",\"target\":{\"@type\":\"EntryPoint\",\"urlTemplate\":\"https:\/\/soxs.co\/de\/?s={search_term_string}\"},\"query-input\":{\"@type\":\"PropertyValueSpecification\",\"valueRequired\":true,\"valueName\":\"search_term_string\"}}],\"inLanguage\":\"de\"}]}<\/script>\n<meta property=\"product:price:amount\" content=\"30.95\" \/>\n<meta property=\"product:price:currency\" content=\"EUR\" \/>\n<meta property=\"og:availability\" content=\"instock\" \/>\n<meta property=\"product:availability\" content=\"instock\" \/>\n<meta property=\"product:retailer_item_id\" content=\"SOX3810\" \/>\n<meta property=\"product:condition\" content=\"new\" \/>\n<!-- \/ Yoast SEO Premium plugin. -->","yoast_head_json":{"title":"SOXS Pink wolle socken Lipstick Kiss label | SOXS.co DE","description":"Pink wolle socken Diese\u00a0Socken\u00a0sind\u00a0eine\u00a0Ode\u00a0an\u00a0Komfort\u00a0und\u00a0Weiblichkeit,\u00a0gefertigt\u00a0aus\u00a0feinster\u00a0Schafswolle, die\u00a0Ihre\u00a0F\u00fc\u00dfe\u00a0weich\u00a0umh\u00fcllt.","robots":{"index":"noindex","follow":"follow","max-snippet":"max-snippet:-1","max-image-preview":"max-image-preview:large","max-video-preview":"max-video-preview:-1"},"og_locale":"de_DE","og_type":"article","og_title":"SOXS Pink wolle socken Sweetheart label medium (37-41)","og_description":"Pink wolle socken Diese\u00a0Socken\u00a0sind\u00a0eine\u00a0Ode\u00a0an\u00a0Komfort\u00a0und\u00a0Weiblichkeit,\u00a0gefertigt\u00a0aus\u00a0feinster\u00a0Schafswolle, die\u00a0Ihre\u00a0F\u00fc\u00dfe\u00a0weich\u00a0umh\u00fcllt.","og_url":"https:\/\/soxs.co\/de\/soxs-pink-wolle-socken-sweetheart-label-medium-37-41\/","og_site_name":"SOXS.co DE","article_publisher":"https:\/\/www.facebook.com\/soxs.co\/","article_modified_time":"2025-05-16T09:24:59+00:00","og_image":[{"width":1000,"height":1000,"url":"https:\/\/soxs.co\/app\/uploads\/sites\/2\/2025\/01\/SOX3810_1000x1000.jpg","type":"image\/jpeg"}],"twitter_card":"summary_large_image","twitter_site":"@soxs_co","twitter_misc":{"Preis":"&nbsp;30.95","Verf\u00fcgbarkeit":"Auf Lager"},"schema":{"@context":"https:\/\/schema.org","@graph":[{"@type":"WebPage","@id":"https:\/\/soxs.co\/de\/soxs-pink-wolle-socken-sweetheart-label-medium-37-41\/","url":"https:\/\/soxs.co\/de\/soxs-pink-wolle-socken-sweetheart-label-medium-37-41\/","name":"SOXS Pink wolle socken Lipstick Kiss label | SOXS.co DE","isPartOf":{"@id":"https:\/\/soxs.co\/de\/#website"},"primaryImageOfPage":{"@id":"https:\/\/soxs.co\/de\/soxs-pink-wolle-socken-sweetheart-label-medium-37-41\/#primaryimage"},"image":{"@id":"https:\/\/soxs.co\/de\/soxs-pink-wolle-socken-sweetheart-label-medium-37-41\/#primaryimage"},"thumbnailUrl":"https:\/\/dev.soxs.co\/app\/uploads\/sites\/2\/2025\/01\/SOX3810_1000x1000.jpg","datePublished":"2025-01-31T09:25:07+00:00","dateModified":"2025-05-16T09:24:59+00:00","description":"Pink wolle socken Diese\u00a0Socken\u00a0sind\u00a0eine\u00a0Ode\u00a0an\u00a0Komfort\u00a0und\u00a0Weiblichkeit,\u00a0gefertigt\u00a0aus\u00a0feinster\u00a0Schafswolle, die\u00a0Ihre\u00a0F\u00fc\u00dfe\u00a0weich\u00a0umh\u00fcllt.","breadcrumb":{"@id":"https:\/\/soxs.co\/de\/soxs-pink-wolle-socken-sweetheart-label-medium-37-41\/#breadcrumb"},"inLanguage":"de","potentialAction":[{"@type":"ReadAction","target":["https:\/\/soxs.co\/de\/soxs-pink-wolle-socken-sweetheart-label-medium-37-41\/"]}]},{"@type":"ImageObject","inLanguage":"de","@id":"https:\/\/soxs.co\/de\/soxs-pink-wolle-socken-sweetheart-label-medium-37-41\/#primaryimage","url":"https:\/\/dev.soxs.co\/app\/uploads\/sites\/2\/2025\/01\/SOX3810_1000x1000.jpg","contentUrl":"https:\/\/dev.soxs.co\/app\/uploads\/sites\/2\/2025\/01\/SOX3810_1000x1000.jpg","width":1000,"height":1000},{"@type":"BreadcrumbList","@id":"https:\/\/soxs.co\/de\/soxs-pink-wolle-socken-sweetheart-label-medium-37-41\/#breadcrumb","itemListElement":[{"@type":"ListItem","position":1,"name":"Home","item":"https:\/\/soxs.co\/de\/"},{"@type":"ListItem","position":2,"name":"Shop","item":"https:\/\/soxs.co\/de\/shop\/"},{"@type":"ListItem","position":3,"name":"SOXS Pink wolle socken Sweetheart label medium (37-41)"}]},{"@type":"WebSite","@id":"https:\/\/soxs.co\/de\/#website","url":"https:\/\/soxs.co\/de\/","name":"SOXS.co DE","description":"Trendige und wunderbar warme Socken f\u00fcr alle","potentialAction":[{"@type":"SearchAction","target":{"@type":"EntryPoint","urlTemplate":"https:\/\/soxs.co\/de\/?s={search_term_string}"},"query-input":{"@type":"PropertyValueSpecification","valueRequired":true,"valueName":"search_term_string"}}],"inLanguage":"de"}]},"product_price_amount":"30.95","product_price_currency":"EUR","og_availability":"instock","product_availability":"instock","product_retailer_item_id":"SOX3810","product_condition":"new"},"_links":{"self":[{"href":"https:\/\/dev.soxs.co\/de\/wp-json\/wp\/v2\/product\/700130710","targetHints":{"allow":["GET"]}}],"collection":[{"href":"https:\/\/dev.soxs.co\/de\/wp-json\/wp\/v2\/product"}],"about":[{"href":"https:\/\/dev.soxs.co\/de\/wp-json\/wp\/v2\/types\/product"}],"replies":[{"embeddable":true,"href":"https:\/\/dev.soxs.co\/de\/wp-json\/wp\/v2\/comments?post=700130710"}],"wp:featuredmedia":[{"embeddable":true,"href":"https:\/\/dev.soxs.co\/de\/wp-json\/wp\/v2\/media\/700130709"}],"wp:attachment":[{"href":"https:\/\/dev.soxs.co\/de\/wp-json\/wp\/v2\/media?parent=700130710"}],"wp:term":[{"taxonomy":"product_brand","embeddable":true,"href":"https:\/\/dev.soxs.co\/de\/wp-json\/wp\/v2\/product_brand?post=700130710"},{"taxonomy":"product_cat","embeddable":true,"href":"https:\/\/dev.soxs.co\/de\/wp-json\/wp\/v2\/product_cat?post=700130710"},{"taxonomy":"product_tag","embeddable":true,"href":"https:\/\/dev.soxs.co\/de\/wp-json\/wp\/v2\/product_tag?post=700130710"}],"curies":[{"name":"wp","href":"https:\/\/api.w.org\/{rel}","templated":true}]}}