{"id":700130263,"date":"2024-12-09T11:28:35","date_gmt":"2024-12-09T10:28:35","guid":{"rendered":"https:\/\/soxs.co\/de\/?post_type=product&#038;p=700130263"},"modified":"2025-02-24T14:16:00","modified_gmt":"2025-02-24T13:16:00","slug":"soxs-geschenkbox-pink-stories-medium-grau-37-41-bubblegum","status":"publish","type":"product","link":"https:\/\/dev.soxs.co\/de\/soxs-geschenkbox-pink-stories-medium-grau-37-41-bubblegum\/","title":{"rendered":"SOXS Geschenkbox Pink Stories medium grau 37-41 Bubblegum"},"content":{"rendered":"<p>Bringen Sie Farbe und Komfort in Ihr Leben mit der Geschenkbox von Pink Stories und Soxs.co. Diese einzigartige Geschenkbox enth\u00e4lt ein Paar fr\u00f6hliche Bubblegum-Socken und die bezaubernden Dip Dye Neon Grape Bliss-Kerzen von Pinkstories. Perfekt, um sich selbst oder einen lieben Menschen zu verw\u00f6hnen!<\/p>\n<p>Diese wundersch\u00f6nen Kerzen bringen einen Hauch von Farbe und Duft in jeden Raum. Die handgefertigten und einzigartigen Kerzen sind ein Fest f\u00fcr die Sinne und die perfekte Erg\u00e4nzung zu den Bubblegum-Socken. Pinkstories ist bekannt f\u00fcr seine ethischen Herstellungsprozesse und die Verwendung von nachhaltigen Materialien.<\/p>\n<p>&nbsp;<\/p>\n","protected":false},"excerpt":{"rendered":"<p>Bringen Sie Farbe und Komfort in Ihr Leben mit der Geschenkbox von Pink Stories und Soxs.co. Diese einzigartige Geschenkbox enth\u00e4lt ein Paar fr\u00f6hliche Bubblegum-Socken und die bezaubernden Dip Dye Neon Grape Bliss-Kerzen von Pinkstories. Perfekt, um sich selbst oder einen lieben Menschen zu verw\u00f6hnen!<\/p>\n<p>Diese wundersch\u00f6nen Kerzen bringen einen Hauch von Farbe und Duft in jeden Raum. Die handgefertigten und einzigartigen Kerzen sind ein Fest f\u00fcr die Sinne und die perfekte Erg\u00e4nzung zu den Bubblegum-Socken. Pinkstories ist bekannt f\u00fcr seine ethischen Herstellungsprozesse und die Verwendung von nachhaltigen Materialien.<\/p>\n<p>&nbsp;<\/p>\n<p>!Soxs-Geschenkboxen k\u00f6nnen nicht mit dem Weihnachtsangebot kombiniert werden!<\/p>\n","protected":false},"featured_media":700130292,"comment_status":"closed","ping_status":"closed","template":"","meta":{"_acf_changed":false,"_improvement_type_select":"improve_an_existing","_thumb_yes_seoaic":false,"_frame_yes_seoaic":false,"seoaic_generate_description":"","seoaic_improve_instructions_prompt":"","seoaic_rollback_content_improvement":"","seoaic_idea_thumbnail_generator":"","thumbnail_generated":false,"thumbnail_generate_prompt":"","seoaic_article_description":""},"product_brand":[],"product_cat":[1513,56],"product_tag":[],"class_list":{"0":"post-700130263","1":"product","2":"type-product","3":"status-publish","4":"has-post-thumbnail","6":"product_cat-geschenkbox","7":"product_cat-socken-von-soxs","9":"first","10":"instock","11":"sale","12":"taxable","13":"shipping-taxable","14":"purchasable","15":"product-type-simple"},"acf":[],"yoast_head":"<!-- This site is optimized with the Yoast SEO Premium plugin v22.9 (Yoast SEO v25.3.1) - https:\/\/yoast.com\/wordpress\/plugins\/seo\/ -->\n<title>SOXS Geschenkbox Pink Stories medium grau 37-41 Bubblegum - SOXS.co DE<\/title>\n<meta name=\"robots\" content=\"noindex, follow, max-snippet:-1, max-image-preview:large, max-video-preview:-1\" \/>\n<meta property=\"og:locale\" content=\"de_DE\" \/>\n<meta property=\"og:type\" content=\"article\" \/>\n<meta property=\"og:title\" content=\"SOXS Geschenkbox Pink Stories medium grau 37-41 Bubblegum\" \/>\n<meta property=\"og:description\" content=\"Bringen Sie Farbe und Komfort in Ihr Leben mit der Geschenkbox von Pink Stories und Soxs.co. Diese einzigartige Geschenkbox enth\u00e4lt ein Paar fr\u00f6hliche Bubblegum-Socken und die bezaubernden Dip Dye Neon Grape Bliss-Kerzen von Pinkstories. Perfekt, um sich selbst oder einen lieben Menschen zu verw\u00f6hnen!  Diese wundersch\u00f6nen Kerzen bringen einen Hauch von Farbe und Duft in jeden Raum. Die handgefertigten und einzigartigen Kerzen sind ein Fest f\u00fcr die Sinne und die perfekte Erg\u00e4nzung zu den Bubblegum-Socken. Pinkstories ist bekannt f\u00fcr seine ethischen Herstellungsprozesse und die Verwendung von nachhaltigen Materialien.  &nbsp;  !Soxs-Geschenkboxen k\u00f6nnen nicht mit dem Weihnachtsangebot kombiniert werden!\" \/>\n<meta property=\"og:url\" content=\"https:\/\/soxs.co\/de\/soxs-geschenkbox-pink-stories-medium-grau-37-41-bubblegum\/\" \/>\n<meta property=\"og:site_name\" content=\"SOXS.co DE\" \/>\n<meta property=\"article:publisher\" content=\"https:\/\/www.facebook.com\/soxs.co\/\" \/>\n<meta property=\"article:modified_time\" content=\"2025-02-24T13:16:00+00:00\" \/>\n<meta property=\"og:image\" content=\"https:\/\/soxs.co\/app\/uploads\/sites\/2\/2024\/12\/Soxs-cadeau-pinkstories-high-810x810.jpg\" \/>\n\t<meta property=\"og:image:width\" content=\"810\" \/>\n\t<meta property=\"og:image:height\" content=\"810\" \/>\n\t<meta property=\"og:image:type\" content=\"image\/jpeg\" \/>\n<meta name=\"twitter:card\" content=\"summary_large_image\" \/>\n<meta name=\"twitter:site\" content=\"@soxs_co\" \/>\n<meta name=\"twitter:label1\" content=\"Preis\" \/>\n\t<meta name=\"twitter:data1\" content=\"&nbsp;39.95\" \/>\n\t<meta name=\"twitter:label2\" content=\"Verf\u00fcgbarkeit\" \/>\n\t<meta name=\"twitter:data2\" content=\"Auf Lager\" \/>\n<script type=\"application\/ld+json\" class=\"yoast-schema-graph\">{\"@context\":\"https:\/\/schema.org\",\"@graph\":[{\"@type\":\"WebPage\",\"@id\":\"https:\/\/soxs.co\/de\/soxs-geschenkbox-pink-stories-medium-grau-37-41-bubblegum\/\",\"url\":\"https:\/\/soxs.co\/de\/soxs-geschenkbox-pink-stories-medium-grau-37-41-bubblegum\/\",\"name\":\"SOXS Geschenkbox Pink Stories medium grau 37-41 Bubblegum - SOXS.co DE\",\"isPartOf\":{\"@id\":\"https:\/\/soxs.co\/de\/#website\"},\"primaryImageOfPage\":{\"@id\":\"https:\/\/soxs.co\/de\/soxs-geschenkbox-pink-stories-medium-grau-37-41-bubblegum\/#primaryimage\"},\"image\":{\"@id\":\"https:\/\/soxs.co\/de\/soxs-geschenkbox-pink-stories-medium-grau-37-41-bubblegum\/#primaryimage\"},\"thumbnailUrl\":\"https:\/\/dev.soxs.co\/app\/uploads\/sites\/2\/2024\/12\/Soxs-cadeau-pinkstories-high.jpg\",\"datePublished\":\"2024-12-09T10:28:35+00:00\",\"dateModified\":\"2025-02-24T13:16:00+00:00\",\"breadcrumb\":{\"@id\":\"https:\/\/soxs.co\/de\/soxs-geschenkbox-pink-stories-medium-grau-37-41-bubblegum\/#breadcrumb\"},\"inLanguage\":\"de\",\"potentialAction\":[{\"@type\":\"ReadAction\",\"target\":[\"https:\/\/soxs.co\/de\/soxs-geschenkbox-pink-stories-medium-grau-37-41-bubblegum\/\"]}]},{\"@type\":\"ImageObject\",\"inLanguage\":\"de\",\"@id\":\"https:\/\/soxs.co\/de\/soxs-geschenkbox-pink-stories-medium-grau-37-41-bubblegum\/#primaryimage\",\"url\":\"https:\/\/dev.soxs.co\/app\/uploads\/sites\/2\/2024\/12\/Soxs-cadeau-pinkstories-high.jpg\",\"contentUrl\":\"https:\/\/dev.soxs.co\/app\/uploads\/sites\/2\/2024\/12\/Soxs-cadeau-pinkstories-high.jpg\",\"width\":2362,\"height\":2362,\"caption\":\"Soxs-cadeau-pinkstories-high\"},{\"@type\":\"BreadcrumbList\",\"@id\":\"https:\/\/soxs.co\/de\/soxs-geschenkbox-pink-stories-medium-grau-37-41-bubblegum\/#breadcrumb\",\"itemListElement\":[{\"@type\":\"ListItem\",\"position\":1,\"name\":\"Home\",\"item\":\"https:\/\/soxs.co\/de\/\"},{\"@type\":\"ListItem\",\"position\":2,\"name\":\"Shop\",\"item\":\"https:\/\/soxs.co\/de\/shop\/\"},{\"@type\":\"ListItem\",\"position\":3,\"name\":\"SOXS Geschenkbox Pink Stories medium grau 37-41 Bubblegum\"}]},{\"@type\":\"WebSite\",\"@id\":\"https:\/\/soxs.co\/de\/#website\",\"url\":\"https:\/\/soxs.co\/de\/\",\"name\":\"SOXS.co DE\",\"description\":\"Trendige und wunderbar warme Socken f\u00fcr alle\",\"potentialAction\":[{\"@type\":\"SearchAction\",\"target\":{\"@type\":\"EntryPoint\",\"urlTemplate\":\"https:\/\/soxs.co\/de\/?s={search_term_string}\"},\"query-input\":{\"@type\":\"PropertyValueSpecification\",\"valueRequired\":true,\"valueName\":\"search_term_string\"}}],\"inLanguage\":\"de\"}]}<\/script>\n<meta property=\"product:price:amount\" content=\"39.95\" \/>\n<meta property=\"product:price:currency\" content=\"EUR\" \/>\n<meta property=\"og:availability\" content=\"instock\" \/>\n<meta property=\"product:availability\" content=\"instock\" \/>\n<meta property=\"product:retailer_item_id\" content=\"GIFT3703\" \/>\n<meta property=\"product:condition\" content=\"new\" \/>\n<!-- \/ Yoast SEO Premium plugin. -->","yoast_head_json":{"title":"SOXS Geschenkbox Pink Stories medium grau 37-41 Bubblegum - SOXS.co DE","robots":{"index":"noindex","follow":"follow","max-snippet":"max-snippet:-1","max-image-preview":"max-image-preview:large","max-video-preview":"max-video-preview:-1"},"og_locale":"de_DE","og_type":"article","og_title":"SOXS Geschenkbox Pink Stories medium grau 37-41 Bubblegum","og_description":"Bringen Sie Farbe und Komfort in Ihr Leben mit der Geschenkbox von Pink Stories und Soxs.co. Diese einzigartige Geschenkbox enth\u00e4lt ein Paar fr\u00f6hliche Bubblegum-Socken und die bezaubernden Dip Dye Neon Grape Bliss-Kerzen von Pinkstories. Perfekt, um sich selbst oder einen lieben Menschen zu verw\u00f6hnen!  Diese wundersch\u00f6nen Kerzen bringen einen Hauch von Farbe und Duft in jeden Raum. Die handgefertigten und einzigartigen Kerzen sind ein Fest f\u00fcr die Sinne und die perfekte Erg\u00e4nzung zu den Bubblegum-Socken. Pinkstories ist bekannt f\u00fcr seine ethischen Herstellungsprozesse und die Verwendung von nachhaltigen Materialien.  &nbsp;  !Soxs-Geschenkboxen k\u00f6nnen nicht mit dem Weihnachtsangebot kombiniert werden!","og_url":"https:\/\/soxs.co\/de\/soxs-geschenkbox-pink-stories-medium-grau-37-41-bubblegum\/","og_site_name":"SOXS.co DE","article_publisher":"https:\/\/www.facebook.com\/soxs.co\/","article_modified_time":"2025-02-24T13:16:00+00:00","og_image":[{"width":810,"height":810,"url":"https:\/\/soxs.co\/app\/uploads\/sites\/2\/2024\/12\/Soxs-cadeau-pinkstories-high-810x810.jpg","type":"image\/jpeg"}],"twitter_card":"summary_large_image","twitter_site":"@soxs_co","twitter_misc":{"Preis":"&nbsp;39.95","Verf\u00fcgbarkeit":"Auf Lager"},"schema":{"@context":"https:\/\/schema.org","@graph":[{"@type":"WebPage","@id":"https:\/\/soxs.co\/de\/soxs-geschenkbox-pink-stories-medium-grau-37-41-bubblegum\/","url":"https:\/\/soxs.co\/de\/soxs-geschenkbox-pink-stories-medium-grau-37-41-bubblegum\/","name":"SOXS Geschenkbox Pink Stories medium grau 37-41 Bubblegum - SOXS.co DE","isPartOf":{"@id":"https:\/\/soxs.co\/de\/#website"},"primaryImageOfPage":{"@id":"https:\/\/soxs.co\/de\/soxs-geschenkbox-pink-stories-medium-grau-37-41-bubblegum\/#primaryimage"},"image":{"@id":"https:\/\/soxs.co\/de\/soxs-geschenkbox-pink-stories-medium-grau-37-41-bubblegum\/#primaryimage"},"thumbnailUrl":"https:\/\/dev.soxs.co\/app\/uploads\/sites\/2\/2024\/12\/Soxs-cadeau-pinkstories-high.jpg","datePublished":"2024-12-09T10:28:35+00:00","dateModified":"2025-02-24T13:16:00+00:00","breadcrumb":{"@id":"https:\/\/soxs.co\/de\/soxs-geschenkbox-pink-stories-medium-grau-37-41-bubblegum\/#breadcrumb"},"inLanguage":"de","potentialAction":[{"@type":"ReadAction","target":["https:\/\/soxs.co\/de\/soxs-geschenkbox-pink-stories-medium-grau-37-41-bubblegum\/"]}]},{"@type":"ImageObject","inLanguage":"de","@id":"https:\/\/soxs.co\/de\/soxs-geschenkbox-pink-stories-medium-grau-37-41-bubblegum\/#primaryimage","url":"https:\/\/dev.soxs.co\/app\/uploads\/sites\/2\/2024\/12\/Soxs-cadeau-pinkstories-high.jpg","contentUrl":"https:\/\/dev.soxs.co\/app\/uploads\/sites\/2\/2024\/12\/Soxs-cadeau-pinkstories-high.jpg","width":2362,"height":2362,"caption":"Soxs-cadeau-pinkstories-high"},{"@type":"BreadcrumbList","@id":"https:\/\/soxs.co\/de\/soxs-geschenkbox-pink-stories-medium-grau-37-41-bubblegum\/#breadcrumb","itemListElement":[{"@type":"ListItem","position":1,"name":"Home","item":"https:\/\/soxs.co\/de\/"},{"@type":"ListItem","position":2,"name":"Shop","item":"https:\/\/soxs.co\/de\/shop\/"},{"@type":"ListItem","position":3,"name":"SOXS Geschenkbox Pink Stories medium grau 37-41 Bubblegum"}]},{"@type":"WebSite","@id":"https:\/\/soxs.co\/de\/#website","url":"https:\/\/soxs.co\/de\/","name":"SOXS.co DE","description":"Trendige und wunderbar warme Socken f\u00fcr alle","potentialAction":[{"@type":"SearchAction","target":{"@type":"EntryPoint","urlTemplate":"https:\/\/soxs.co\/de\/?s={search_term_string}"},"query-input":{"@type":"PropertyValueSpecification","valueRequired":true,"valueName":"search_term_string"}}],"inLanguage":"de"}]},"product_price_amount":"39.95","product_price_currency":"EUR","og_availability":"instock","product_availability":"instock","product_retailer_item_id":"GIFT3703","product_condition":"new"},"_links":{"self":[{"href":"https:\/\/dev.soxs.co\/de\/wp-json\/wp\/v2\/product\/700130263","targetHints":{"allow":["GET"]}}],"collection":[{"href":"https:\/\/dev.soxs.co\/de\/wp-json\/wp\/v2\/product"}],"about":[{"href":"https:\/\/dev.soxs.co\/de\/wp-json\/wp\/v2\/types\/product"}],"replies":[{"embeddable":true,"href":"https:\/\/dev.soxs.co\/de\/wp-json\/wp\/v2\/comments?post=700130263"}],"wp:featuredmedia":[{"embeddable":true,"href":"https:\/\/dev.soxs.co\/de\/wp-json\/wp\/v2\/media\/700130292"}],"wp:attachment":[{"href":"https:\/\/dev.soxs.co\/de\/wp-json\/wp\/v2\/media?parent=700130263"}],"wp:term":[{"taxonomy":"product_brand","embeddable":true,"href":"https:\/\/dev.soxs.co\/de\/wp-json\/wp\/v2\/product_brand?post=700130263"},{"taxonomy":"product_cat","embeddable":true,"href":"https:\/\/dev.soxs.co\/de\/wp-json\/wp\/v2\/product_cat?post=700130263"},{"taxonomy":"product_tag","embeddable":true,"href":"https:\/\/dev.soxs.co\/de\/wp-json\/wp\/v2\/product_tag?post=700130263"}],"curies":[{"name":"wp","href":"https:\/\/api.w.org\/{rel}","templated":true}]}}