{"id":700129768,"date":"2024-10-28T12:47:10","date_gmt":"2024-10-28T11:47:10","guid":{"rendered":"https:\/\/soxs.co\/de\/?post_type=product&#038;p=700129768"},"modified":"2025-06-23T13:53:53","modified_gmt":"2024-12-12T17:23:48","slug":"soxs-wollkamm","status":"publish","type":"product","link":"https:\/\/dev.soxs.co\/de\/soxs-wollkamm\/","title":{"rendered":"SOXS Wollkamm"},"content":{"rendered":"<p>Halten Sie Ihre Wollkleidung mit dem neuen Wollkamm von SOXS.co in Topform. Dieser handliche Kamm entfernt m\u00fchelos Fusseln und Knoten und l\u00e4sst Ihre liebsten Wollsocken, Schals und andere SOXS-Lieblingsprodukte wieder wie neu aussehen. Geben Sie Ihren Wollsachen die Pflege, die sie verdienen, und genie\u00dfen Sie ihre Weichheit und W\u00e4rme l\u00e4nger.<\/p>\n","protected":false},"excerpt":{"rendered":"<p>Halten Sie Ihre Wollkleidung mit dem neuen Wollkamm von SOXS.co in Topform. Dieser handliche Kamm entfernt m\u00fchelos Fusseln und Knoten und l\u00e4sst Ihre liebsten Wollsocken, Schals und andere SOXS-Lieblingsprodukte wieder wie neu aussehen. Geben Sie Ihren Wollsachen die Pflege, die sie verdienen, und genie\u00dfen Sie ihre Weichheit und W\u00e4rme l\u00e4nger.<\/p>\n","protected":false},"featured_media":700129769,"comment_status":"closed","ping_status":"closed","template":"","meta":{"_acf_changed":false,"_improvement_type_select":"improve_an_existing","_thumb_yes_seoaic":false,"_frame_yes_seoaic":false,"seoaic_generate_description":"","seoaic_improve_instructions_prompt":"","seoaic_rollback_content_improvement":"","seoaic_idea_thumbnail_generator":"","thumbnail_generated":false,"thumbnail_generate_prompt":"","seoaic_article_description":""},"product_brand":[],"product_cat":[1307,1314],"product_tag":[],"class_list":{"0":"post-700129768","1":"product","2":"type-product","3":"status-publish","4":"has-post-thumbnail","6":"product_cat-care-for-your-soxs","7":"product_cat-care","9":"first","10":"instock","11":"taxable","12":"shipping-taxable","13":"purchasable","14":"product-type-simple"},"acf":[],"yoast_head":"<!-- This site is optimized with the Yoast SEO Premium plugin v22.9 (Yoast SEO v25.3.1) - https:\/\/yoast.com\/wordpress\/plugins\/seo\/ -->\n<title>SOXS Wollkamm | SOXS.co DE<\/title>\n<meta name=\"description\" content=\"Entdecken Sie den Wollkamm von Soxs.co! Entfernen Sie mit unserem Wollkamm m\u00fchelos Flusen aus Ihren Woll-SOXS. Perfekt f\u00fcr die Pflege Ihrer Lieblings-SOXS.\" \/>\n<meta name=\"robots\" content=\"noindex, follow, max-snippet:-1, max-image-preview:large, max-video-preview:-1\" \/>\n<meta property=\"og:locale\" content=\"de_DE\" \/>\n<meta property=\"og:type\" content=\"article\" \/>\n<meta property=\"og:title\" content=\"SOXS Wollkamm\" \/>\n<meta property=\"og:description\" content=\"Entdecken Sie den Wollkamm von Soxs.co! Entfernen Sie mit unserem Wollkamm m\u00fchelos Flusen aus Ihren Woll-SOXS. Perfekt f\u00fcr die Pflege Ihrer Lieblings-SOXS.\" \/>\n<meta property=\"og:url\" content=\"https:\/\/soxs.co\/de\/soxs-wollkamm\/\" \/>\n<meta property=\"og:site_name\" content=\"SOXS.co DE\" \/>\n<meta property=\"article:publisher\" content=\"https:\/\/www.facebook.com\/soxs.co\/\" \/>\n<meta property=\"article:modified_time\" content=\"2024-12-12T17:23:48+00:00\" \/>\n<meta property=\"og:image\" content=\"https:\/\/soxs.co\/app\/uploads\/sites\/2\/2024\/10\/Wolkam.jpg\" \/>\n\t<meta property=\"og:image:width\" content=\"1000\" \/>\n\t<meta property=\"og:image:height\" content=\"1000\" \/>\n\t<meta property=\"og:image:type\" content=\"image\/jpeg\" \/>\n<meta name=\"twitter:card\" content=\"summary_large_image\" \/>\n<meta name=\"twitter:site\" content=\"@soxs_co\" \/>\n<meta name=\"twitter:label1\" content=\"Preis\" \/>\n\t<meta name=\"twitter:data1\" content=\"&nbsp;3.95\" \/>\n\t<meta name=\"twitter:label2\" content=\"Verf\u00fcgbarkeit\" \/>\n\t<meta name=\"twitter:data2\" content=\"Auf Lager\" \/>\n<script type=\"application\/ld+json\" class=\"yoast-schema-graph\">{\"@context\":\"https:\/\/schema.org\",\"@graph\":[{\"@type\":\"WebPage\",\"@id\":\"https:\/\/soxs.co\/de\/soxs-wollkamm\/\",\"url\":\"https:\/\/soxs.co\/de\/soxs-wollkamm\/\",\"name\":\"SOXS Wollkamm | SOXS.co DE\",\"isPartOf\":{\"@id\":\"https:\/\/soxs.co\/de\/#website\"},\"primaryImageOfPage\":{\"@id\":\"https:\/\/soxs.co\/de\/soxs-wollkamm\/#primaryimage\"},\"image\":{\"@id\":\"https:\/\/soxs.co\/de\/soxs-wollkamm\/#primaryimage\"},\"thumbnailUrl\":\"https:\/\/dev.soxs.co\/app\/uploads\/sites\/2\/2024\/10\/Wolkam.jpg\",\"datePublished\":\"2024-10-28T11:47:10+00:00\",\"dateModified\":\"2024-12-12T17:23:48+00:00\",\"description\":\"Entdecken Sie den Wollkamm von Soxs.co! Entfernen Sie mit unserem Wollkamm m\u00fchelos Flusen aus Ihren Woll-SOXS. Perfekt f\u00fcr die Pflege Ihrer Lieblings-SOXS.\",\"breadcrumb\":{\"@id\":\"https:\/\/soxs.co\/de\/soxs-wollkamm\/#breadcrumb\"},\"inLanguage\":\"de\",\"potentialAction\":[{\"@type\":\"ReadAction\",\"target\":[\"https:\/\/soxs.co\/de\/soxs-wollkamm\/\"]}]},{\"@type\":\"ImageObject\",\"inLanguage\":\"de\",\"@id\":\"https:\/\/soxs.co\/de\/soxs-wollkamm\/#primaryimage\",\"url\":\"https:\/\/dev.soxs.co\/app\/uploads\/sites\/2\/2024\/10\/Wolkam.jpg\",\"contentUrl\":\"https:\/\/dev.soxs.co\/app\/uploads\/sites\/2\/2024\/10\/Wolkam.jpg\",\"width\":1000,\"height\":1000,\"caption\":\"Wolkam\"},{\"@type\":\"BreadcrumbList\",\"@id\":\"https:\/\/soxs.co\/de\/soxs-wollkamm\/#breadcrumb\",\"itemListElement\":[{\"@type\":\"ListItem\",\"position\":1,\"name\":\"Home\",\"item\":\"https:\/\/soxs.co\/de\/\"},{\"@type\":\"ListItem\",\"position\":2,\"name\":\"Shop\",\"item\":\"https:\/\/soxs.co\/de\/shop\/\"},{\"@type\":\"ListItem\",\"position\":3,\"name\":\"SOXS Wollkamm\"}]},{\"@type\":\"WebSite\",\"@id\":\"https:\/\/soxs.co\/de\/#website\",\"url\":\"https:\/\/soxs.co\/de\/\",\"name\":\"SOXS.co DE\",\"description\":\"Trendige und wunderbar warme Socken f\u00fcr alle\",\"potentialAction\":[{\"@type\":\"SearchAction\",\"target\":{\"@type\":\"EntryPoint\",\"urlTemplate\":\"https:\/\/soxs.co\/de\/?s={search_term_string}\"},\"query-input\":{\"@type\":\"PropertyValueSpecification\",\"valueRequired\":true,\"valueName\":\"search_term_string\"}}],\"inLanguage\":\"de\"}]}<\/script>\n<meta property=\"product:price:amount\" content=\"3.95\" \/>\n<meta property=\"product:price:currency\" content=\"EUR\" \/>\n<meta property=\"og:availability\" content=\"instock\" \/>\n<meta property=\"product:availability\" content=\"instock\" \/>\n<meta property=\"product:retailer_item_id\" content=\"SOX3760\" \/>\n<meta property=\"product:condition\" content=\"new\" \/>\n<!-- \/ Yoast SEO Premium plugin. -->","yoast_head_json":{"title":"SOXS Wollkamm | SOXS.co DE","description":"Entdecken Sie den Wollkamm von Soxs.co! Entfernen Sie mit unserem Wollkamm m\u00fchelos Flusen aus Ihren Woll-SOXS. Perfekt f\u00fcr die Pflege Ihrer Lieblings-SOXS.","robots":{"index":"noindex","follow":"follow","max-snippet":"max-snippet:-1","max-image-preview":"max-image-preview:large","max-video-preview":"max-video-preview:-1"},"og_locale":"de_DE","og_type":"article","og_title":"SOXS Wollkamm","og_description":"Entdecken Sie den Wollkamm von Soxs.co! Entfernen Sie mit unserem Wollkamm m\u00fchelos Flusen aus Ihren Woll-SOXS. Perfekt f\u00fcr die Pflege Ihrer Lieblings-SOXS.","og_url":"https:\/\/soxs.co\/de\/soxs-wollkamm\/","og_site_name":"SOXS.co DE","article_publisher":"https:\/\/www.facebook.com\/soxs.co\/","article_modified_time":"2024-12-12T17:23:48+00:00","og_image":[{"width":1000,"height":1000,"url":"https:\/\/soxs.co\/app\/uploads\/sites\/2\/2024\/10\/Wolkam.jpg","type":"image\/jpeg"}],"twitter_card":"summary_large_image","twitter_site":"@soxs_co","twitter_misc":{"Preis":"&nbsp;3.95","Verf\u00fcgbarkeit":"Auf Lager"},"schema":{"@context":"https:\/\/schema.org","@graph":[{"@type":"WebPage","@id":"https:\/\/soxs.co\/de\/soxs-wollkamm\/","url":"https:\/\/soxs.co\/de\/soxs-wollkamm\/","name":"SOXS Wollkamm | SOXS.co DE","isPartOf":{"@id":"https:\/\/soxs.co\/de\/#website"},"primaryImageOfPage":{"@id":"https:\/\/soxs.co\/de\/soxs-wollkamm\/#primaryimage"},"image":{"@id":"https:\/\/soxs.co\/de\/soxs-wollkamm\/#primaryimage"},"thumbnailUrl":"https:\/\/dev.soxs.co\/app\/uploads\/sites\/2\/2024\/10\/Wolkam.jpg","datePublished":"2024-10-28T11:47:10+00:00","dateModified":"2024-12-12T17:23:48+00:00","description":"Entdecken Sie den Wollkamm von Soxs.co! Entfernen Sie mit unserem Wollkamm m\u00fchelos Flusen aus Ihren Woll-SOXS. Perfekt f\u00fcr die Pflege Ihrer Lieblings-SOXS.","breadcrumb":{"@id":"https:\/\/soxs.co\/de\/soxs-wollkamm\/#breadcrumb"},"inLanguage":"de","potentialAction":[{"@type":"ReadAction","target":["https:\/\/soxs.co\/de\/soxs-wollkamm\/"]}]},{"@type":"ImageObject","inLanguage":"de","@id":"https:\/\/soxs.co\/de\/soxs-wollkamm\/#primaryimage","url":"https:\/\/dev.soxs.co\/app\/uploads\/sites\/2\/2024\/10\/Wolkam.jpg","contentUrl":"https:\/\/dev.soxs.co\/app\/uploads\/sites\/2\/2024\/10\/Wolkam.jpg","width":1000,"height":1000,"caption":"Wolkam"},{"@type":"BreadcrumbList","@id":"https:\/\/soxs.co\/de\/soxs-wollkamm\/#breadcrumb","itemListElement":[{"@type":"ListItem","position":1,"name":"Home","item":"https:\/\/soxs.co\/de\/"},{"@type":"ListItem","position":2,"name":"Shop","item":"https:\/\/soxs.co\/de\/shop\/"},{"@type":"ListItem","position":3,"name":"SOXS Wollkamm"}]},{"@type":"WebSite","@id":"https:\/\/soxs.co\/de\/#website","url":"https:\/\/soxs.co\/de\/","name":"SOXS.co DE","description":"Trendige und wunderbar warme Socken f\u00fcr alle","potentialAction":[{"@type":"SearchAction","target":{"@type":"EntryPoint","urlTemplate":"https:\/\/soxs.co\/de\/?s={search_term_string}"},"query-input":{"@type":"PropertyValueSpecification","valueRequired":true,"valueName":"search_term_string"}}],"inLanguage":"de"}]},"product_price_amount":"3.95","product_price_currency":"EUR","og_availability":"instock","product_availability":"instock","product_retailer_item_id":"SOX3760","product_condition":"new"},"_links":{"self":[{"href":"https:\/\/dev.soxs.co\/de\/wp-json\/wp\/v2\/product\/700129768","targetHints":{"allow":["GET"]}}],"collection":[{"href":"https:\/\/dev.soxs.co\/de\/wp-json\/wp\/v2\/product"}],"about":[{"href":"https:\/\/dev.soxs.co\/de\/wp-json\/wp\/v2\/types\/product"}],"replies":[{"embeddable":true,"href":"https:\/\/dev.soxs.co\/de\/wp-json\/wp\/v2\/comments?post=700129768"}],"wp:featuredmedia":[{"embeddable":true,"href":"https:\/\/dev.soxs.co\/de\/wp-json\/wp\/v2\/media\/700129769"}],"wp:attachment":[{"href":"https:\/\/dev.soxs.co\/de\/wp-json\/wp\/v2\/media?parent=700129768"}],"wp:term":[{"taxonomy":"product_brand","embeddable":true,"href":"https:\/\/dev.soxs.co\/de\/wp-json\/wp\/v2\/product_brand?post=700129768"},{"taxonomy":"product_cat","embeddable":true,"href":"https:\/\/dev.soxs.co\/de\/wp-json\/wp\/v2\/product_cat?post=700129768"},{"taxonomy":"product_tag","embeddable":true,"href":"https:\/\/dev.soxs.co\/de\/wp-json\/wp\/v2\/product_tag?post=700129768"}],"curies":[{"name":"wp","href":"https:\/\/api.w.org\/{rel}","templated":true}]}}