{"id":700129339,"date":"2024-07-22T16:59:41","date_gmt":"2024-07-22T14:59:41","guid":{"rendered":"https:\/\/soxs.co\/de\/?post_type=product&#038;p=700129339"},"modified":"2025-05-31T14:19:12","modified_gmt":"2025-05-31T12:19:12","slug":"soxs-graue-wolle-sustainable-socken-black-onyx-label-low","status":"publish","type":"product","link":"https:\/\/dev.soxs.co\/de\/soxs-graue-wolle-sustainable-socken-black-onyx-label-low\/","title":{"rendered":"SOXS Graue wolle sustainable socken Black Onyx label low"},"content":{"rendered":"<p>H\u00fcllen Sie Ihre F\u00fc\u00dfe in eine Wolke aus Komfort mit den grauen Wollsocken von Soxs, die das stilvolle Black Onyx-Label tragen und aus recycelten Materialien hergestellt sind. Diese nachhaltigen Socken sind nicht nur eine Wohltat f\u00fcr Ihre F\u00fc\u00dfe, sondern auch f\u00fcr unseren Planeten. Dank eines neuen biologisch abbaubaren Polyamids bauen sich die Socken 10-20 Mal schneller ab als herk\u00f6mmliches Polyamid und hinterlassen keinen \u00f6kologischen Fu\u00dfabdruck. Mit ihrem vertrauten grauen Farbe und extra haltbaren Materialien sind sie die perfekte Erg\u00e4nzung f\u00fcr jedes Outfit. Bringen Sie mit Soxs einen Hauch von Nachhaltigkeit in Ihre Garderobe!<br \/>\nGraue wolle sustainable socken, Graue wolle sustainable socken<\/p>\n","protected":false},"excerpt":{"rendered":"<p>H\u00fcllen Sie Ihre F\u00fc\u00dfe in eine Wolke aus Komfort mit den grauen Wollsocken von Soxs, die das stilvolle Black Onyx-Label tragen und aus recycelten Materialien hergestellt sind. Diese nachhaltigen Socken sind nicht nur eine Wohltat f\u00fcr Ihre F\u00fc\u00dfe, sondern auch f\u00fcr unseren Planeten. Dank eines neuen biologisch abbaubaren Polyamids bauen sich die Socken 10-20 Mal schneller ab als herk\u00f6mmliches Polyamid und hinterlassen keinen \u00f6kologischen Fu\u00dfabdruck. Mit ihrem vertrauten grauen Farbe und extra haltbaren Materialien sind sie die perfekte Erg\u00e4nzung f\u00fcr jedes Outfit. Bringen Sie mit Soxs einen Hauch von Nachhaltigkeit in Ihre Garderobe! \ud83c\udf31\u2728<\/p>\n","protected":false},"featured_media":700129342,"comment_status":"closed","ping_status":"closed","template":"","meta":{"_acf_changed":false,"_improvement_type_select":"improve_an_existing","_thumb_yes_seoaic":false,"_frame_yes_seoaic":false,"seoaic_generate_description":"","seoaic_improve_instructions_prompt":"","seoaic_rollback_content_improvement":"","seoaic_idea_thumbnail_generator":"","thumbnail_generated":false,"thumbnail_generate_prompt":"","seoaic_article_description":""},"product_brand":[],"product_cat":[58,60,56],"product_tag":[],"class_list":{"0":"post-700129339","1":"product","2":"type-product","3":"status-publish","4":"has-post-thumbnail","6":"product_cat-wollsocken-damen","7":"product_cat-wollsocken-herren","8":"product_cat-socken-von-soxs","10":"first","11":"instock","12":"taxable","13":"shipping-taxable","14":"purchasable","15":"product-type-variable"},"acf":[],"yoast_head":"<!-- This site is optimized with the Yoast SEO Premium plugin v22.9 (Yoast SEO v25.3.1) - https:\/\/yoast.com\/wordpress\/plugins\/seo\/ -->\n<title>SOXS Graue sustainable socken Black Onyx | SOXS.co DE<\/title>\n<meta name=\"description\" content=\"Graue wolle sustainable socken. Den grauen Wollsocken von Soxs, mit dem Black Onyx-Label und aus recycelten Materialien hergestellt sind.\" \/>\n<meta name=\"robots\" content=\"noindex, follow, max-snippet:-1, max-image-preview:large, max-video-preview:-1\" \/>\n<meta property=\"og:locale\" content=\"de_DE\" \/>\n<meta property=\"og:type\" content=\"article\" \/>\n<meta property=\"og:title\" content=\"SOXS Graue wolle sustainable socken Black Onyx label low\" \/>\n<meta property=\"og:description\" content=\"Graue wolle sustainable socken. Den grauen Wollsocken von Soxs, mit dem Black Onyx-Label und aus recycelten Materialien hergestellt sind.\" \/>\n<meta property=\"og:url\" content=\"https:\/\/soxs.co\/de\/soxs-graue-wolle-sustainable-socken-black-onyx-label-low\/\" \/>\n<meta property=\"og:site_name\" content=\"SOXS.co DE\" \/>\n<meta property=\"article:publisher\" content=\"https:\/\/www.facebook.com\/soxs.co\/\" \/>\n<meta property=\"article:modified_time\" content=\"2025-05-31T12:19:12+00:00\" \/>\n<meta property=\"og:image\" content=\"https:\/\/soxs.co\/app\/uploads\/sites\/2\/2024\/07\/SOX3747_1000x1000px-810x810.png\" \/>\n\t<meta property=\"og:image:width\" content=\"810\" \/>\n\t<meta property=\"og:image:height\" content=\"810\" \/>\n\t<meta property=\"og:image:type\" content=\"image\/png\" \/>\n<meta name=\"twitter:card\" content=\"summary_large_image\" \/>\n<meta name=\"twitter:site\" content=\"@soxs_co\" \/>\n<meta name=\"twitter:label1\" content=\"Verf\u00fcgbarkeit\" \/>\n\t<meta name=\"twitter:data1\" content=\"Auf Lager\" \/>\n<script type=\"application\/ld+json\" class=\"yoast-schema-graph\">{\"@context\":\"https:\/\/schema.org\",\"@graph\":[{\"@type\":\"WebPage\",\"@id\":\"https:\/\/soxs.co\/de\/soxs-graue-wolle-sustainable-socken-black-onyx-label-low\/\",\"url\":\"https:\/\/soxs.co\/de\/soxs-graue-wolle-sustainable-socken-black-onyx-label-low\/\",\"name\":\"SOXS Graue sustainable socken Black Onyx | SOXS.co DE\",\"isPartOf\":{\"@id\":\"https:\/\/soxs.co\/de\/#website\"},\"primaryImageOfPage\":{\"@id\":\"https:\/\/soxs.co\/de\/soxs-graue-wolle-sustainable-socken-black-onyx-label-low\/#primaryimage\"},\"image\":{\"@id\":\"https:\/\/soxs.co\/de\/soxs-graue-wolle-sustainable-socken-black-onyx-label-low\/#primaryimage\"},\"thumbnailUrl\":\"https:\/\/dev.soxs.co\/app\/uploads\/sites\/2\/2024\/07\/SOX3747_1000x1000px.png\",\"datePublished\":\"2024-07-22T14:59:41+00:00\",\"dateModified\":\"2025-05-31T12:19:12+00:00\",\"description\":\"Graue wolle sustainable socken. Den grauen Wollsocken von Soxs, mit dem Black Onyx-Label und aus recycelten Materialien hergestellt sind.\",\"breadcrumb\":{\"@id\":\"https:\/\/soxs.co\/de\/soxs-graue-wolle-sustainable-socken-black-onyx-label-low\/#breadcrumb\"},\"inLanguage\":\"de\",\"potentialAction\":[{\"@type\":\"ReadAction\",\"target\":[\"https:\/\/soxs.co\/de\/soxs-graue-wolle-sustainable-socken-black-onyx-label-low\/\"]}]},{\"@type\":\"ImageObject\",\"inLanguage\":\"de\",\"@id\":\"https:\/\/soxs.co\/de\/soxs-graue-wolle-sustainable-socken-black-onyx-label-low\/#primaryimage\",\"url\":\"https:\/\/dev.soxs.co\/app\/uploads\/sites\/2\/2024\/07\/SOX3747_1000x1000px.png\",\"contentUrl\":\"https:\/\/dev.soxs.co\/app\/uploads\/sites\/2\/2024\/07\/SOX3747_1000x1000px.png\",\"width\":2362,\"height\":2362,\"caption\":\"SOX3747\"},{\"@type\":\"BreadcrumbList\",\"@id\":\"https:\/\/soxs.co\/de\/soxs-graue-wolle-sustainable-socken-black-onyx-label-low\/#breadcrumb\",\"itemListElement\":[{\"@type\":\"ListItem\",\"position\":1,\"name\":\"Home\",\"item\":\"https:\/\/soxs.co\/de\/\"},{\"@type\":\"ListItem\",\"position\":2,\"name\":\"Shop\",\"item\":\"https:\/\/soxs.co\/de\/shop\/\"},{\"@type\":\"ListItem\",\"position\":3,\"name\":\"SOXS Graue wolle sustainable socken Black Onyx label low\"}]},{\"@type\":\"WebSite\",\"@id\":\"https:\/\/soxs.co\/de\/#website\",\"url\":\"https:\/\/soxs.co\/de\/\",\"name\":\"SOXS.co DE\",\"description\":\"Trendige und wunderbar warme Socken f\u00fcr alle\",\"potentialAction\":[{\"@type\":\"SearchAction\",\"target\":{\"@type\":\"EntryPoint\",\"urlTemplate\":\"https:\/\/soxs.co\/de\/?s={search_term_string}\"},\"query-input\":{\"@type\":\"PropertyValueSpecification\",\"valueRequired\":true,\"valueName\":\"search_term_string\"}}],\"inLanguage\":\"de\"}]}<\/script>\n<meta property=\"og:availability\" content=\"instock\" \/>\n<meta property=\"product:availability\" content=\"instock\" \/>\n<meta property=\"product:retailer_item_id\" content=\"SAM3747\" \/>\n<meta property=\"product:condition\" content=\"new\" \/>\n<!-- \/ Yoast SEO Premium plugin. -->","yoast_head_json":{"title":"SOXS Graue sustainable socken Black Onyx | SOXS.co DE","description":"Graue wolle sustainable socken. Den grauen Wollsocken von Soxs, mit dem Black Onyx-Label und aus recycelten Materialien hergestellt sind.","robots":{"index":"noindex","follow":"follow","max-snippet":"max-snippet:-1","max-image-preview":"max-image-preview:large","max-video-preview":"max-video-preview:-1"},"og_locale":"de_DE","og_type":"article","og_title":"SOXS Graue wolle sustainable socken Black Onyx label low","og_description":"Graue wolle sustainable socken. Den grauen Wollsocken von Soxs, mit dem Black Onyx-Label und aus recycelten Materialien hergestellt sind.","og_url":"https:\/\/soxs.co\/de\/soxs-graue-wolle-sustainable-socken-black-onyx-label-low\/","og_site_name":"SOXS.co DE","article_publisher":"https:\/\/www.facebook.com\/soxs.co\/","article_modified_time":"2025-05-31T12:19:12+00:00","og_image":[{"width":810,"height":810,"url":"https:\/\/soxs.co\/app\/uploads\/sites\/2\/2024\/07\/SOX3747_1000x1000px-810x810.png","type":"image\/png"}],"twitter_card":"summary_large_image","twitter_site":"@soxs_co","twitter_misc":{"Verf\u00fcgbarkeit":"Auf Lager"},"schema":{"@context":"https:\/\/schema.org","@graph":[{"@type":"WebPage","@id":"https:\/\/soxs.co\/de\/soxs-graue-wolle-sustainable-socken-black-onyx-label-low\/","url":"https:\/\/soxs.co\/de\/soxs-graue-wolle-sustainable-socken-black-onyx-label-low\/","name":"SOXS Graue sustainable socken Black Onyx | SOXS.co DE","isPartOf":{"@id":"https:\/\/soxs.co\/de\/#website"},"primaryImageOfPage":{"@id":"https:\/\/soxs.co\/de\/soxs-graue-wolle-sustainable-socken-black-onyx-label-low\/#primaryimage"},"image":{"@id":"https:\/\/soxs.co\/de\/soxs-graue-wolle-sustainable-socken-black-onyx-label-low\/#primaryimage"},"thumbnailUrl":"https:\/\/dev.soxs.co\/app\/uploads\/sites\/2\/2024\/07\/SOX3747_1000x1000px.png","datePublished":"2024-07-22T14:59:41+00:00","dateModified":"2025-05-31T12:19:12+00:00","description":"Graue wolle sustainable socken. Den grauen Wollsocken von Soxs, mit dem Black Onyx-Label und aus recycelten Materialien hergestellt sind.","breadcrumb":{"@id":"https:\/\/soxs.co\/de\/soxs-graue-wolle-sustainable-socken-black-onyx-label-low\/#breadcrumb"},"inLanguage":"de","potentialAction":[{"@type":"ReadAction","target":["https:\/\/soxs.co\/de\/soxs-graue-wolle-sustainable-socken-black-onyx-label-low\/"]}]},{"@type":"ImageObject","inLanguage":"de","@id":"https:\/\/soxs.co\/de\/soxs-graue-wolle-sustainable-socken-black-onyx-label-low\/#primaryimage","url":"https:\/\/dev.soxs.co\/app\/uploads\/sites\/2\/2024\/07\/SOX3747_1000x1000px.png","contentUrl":"https:\/\/dev.soxs.co\/app\/uploads\/sites\/2\/2024\/07\/SOX3747_1000x1000px.png","width":2362,"height":2362,"caption":"SOX3747"},{"@type":"BreadcrumbList","@id":"https:\/\/soxs.co\/de\/soxs-graue-wolle-sustainable-socken-black-onyx-label-low\/#breadcrumb","itemListElement":[{"@type":"ListItem","position":1,"name":"Home","item":"https:\/\/soxs.co\/de\/"},{"@type":"ListItem","position":2,"name":"Shop","item":"https:\/\/soxs.co\/de\/shop\/"},{"@type":"ListItem","position":3,"name":"SOXS Graue wolle sustainable socken Black Onyx label low"}]},{"@type":"WebSite","@id":"https:\/\/soxs.co\/de\/#website","url":"https:\/\/soxs.co\/de\/","name":"SOXS.co DE","description":"Trendige und wunderbar warme Socken f\u00fcr alle","potentialAction":[{"@type":"SearchAction","target":{"@type":"EntryPoint","urlTemplate":"https:\/\/soxs.co\/de\/?s={search_term_string}"},"query-input":{"@type":"PropertyValueSpecification","valueRequired":true,"valueName":"search_term_string"}}],"inLanguage":"de"}]},"og_availability":"instock","product_availability":"instock","product_retailer_item_id":"SAM3747","product_condition":"new"},"_links":{"self":[{"href":"https:\/\/dev.soxs.co\/de\/wp-json\/wp\/v2\/product\/700129339","targetHints":{"allow":["GET"]}}],"collection":[{"href":"https:\/\/dev.soxs.co\/de\/wp-json\/wp\/v2\/product"}],"about":[{"href":"https:\/\/dev.soxs.co\/de\/wp-json\/wp\/v2\/types\/product"}],"replies":[{"embeddable":true,"href":"https:\/\/dev.soxs.co\/de\/wp-json\/wp\/v2\/comments?post=700129339"}],"wp:featuredmedia":[{"embeddable":true,"href":"https:\/\/dev.soxs.co\/de\/wp-json\/wp\/v2\/media\/700129342"}],"wp:attachment":[{"href":"https:\/\/dev.soxs.co\/de\/wp-json\/wp\/v2\/media?parent=700129339"}],"wp:term":[{"taxonomy":"product_brand","embeddable":true,"href":"https:\/\/dev.soxs.co\/de\/wp-json\/wp\/v2\/product_brand?post=700129339"},{"taxonomy":"product_cat","embeddable":true,"href":"https:\/\/dev.soxs.co\/de\/wp-json\/wp\/v2\/product_cat?post=700129339"},{"taxonomy":"product_tag","embeddable":true,"href":"https:\/\/dev.soxs.co\/de\/wp-json\/wp\/v2\/product_tag?post=700129339"}],"curies":[{"name":"wp","href":"https:\/\/api.w.org\/{rel}","templated":true}]}}