{"id":700129200,"date":"2024-07-22T16:58:41","date_gmt":"2024-07-22T14:58:41","guid":{"rendered":"https:\/\/soxs.co\/de\/?post_type=product&#038;p=700129200"},"modified":"2025-05-16T11:24:55","modified_gmt":"2025-05-16T09:24:55","slug":"soxs-dunkelgraue-wolle-muetze-moon-mist-label-one-size","status":"publish","type":"product","link":"https:\/\/dev.soxs.co\/de\/soxs-dunkelgraue-wolle-muetze-moon-mist-label-one-size\/","title":{"rendered":"SOXS Dunkelgraue wolle M\u00fctzen Moon Mist label (one size)"},"content":{"rendered":"<p>H\u00fcllen Sie Ihren Kopf in den mystischen Charme der dunkelgrauen M\u00fctze von Soxs mit dem magischen Moon Mist-Label! Diese M\u00fctze ist nicht nur eine warme Umarmung f\u00fcr Ihre Ohren, sondern auch eine mondtaugliche Erg\u00e4nzung Ihrer Wintergarderobe. Perfekt f\u00fcr kalte N\u00e4chte, denn mit Soxs bleiben Sie immer in den Wolken, auch wenn der Nebel herunterkommt! \ud83c\udf19\ud83e\udde2<br \/>\nDunkelgraue wolle M\u00fctze , Dunkelgraue wolle M\u00fctze<\/p>\n","protected":false},"excerpt":{"rendered":"<p>H\u00fcllen Sie Ihren Kopf in den mystischen Charme der dunkelgrauen M\u00fctze von Soxs mit dem magischen Moon Mist-Label! Diese M\u00fctze ist nicht nur eine warme Umarmung f\u00fcr Ihre Ohren, sondern auch eine mondtaugliche Erg\u00e4nzung Ihrer Wintergarderobe. Perfekt f\u00fcr kalte N\u00e4chte, denn mit Soxs bleiben Sie immer in den Wolken, auch wenn der Nebel herunterkommt! \ud83c\udf19\ud83e\udde2<\/p>\n","protected":false},"featured_media":700129262,"comment_status":"closed","ping_status":"closed","template":"","meta":{"_acf_changed":false,"_improvement_type_select":"improve_an_existing","_thumb_yes_seoaic":false,"_frame_yes_seoaic":false,"seoaic_generate_description":"","seoaic_improve_instructions_prompt":"","seoaic_rollback_content_improvement":"","seoaic_idea_thumbnail_generator":"","thumbnail_generated":false,"thumbnail_generate_prompt":"","seoaic_article_description":""},"product_brand":[],"product_cat":[867,96],"product_tag":[],"class_list":{"0":"post-700129200","1":"product","2":"type-product","3":"status-publish","4":"has-post-thumbnail","6":"product_cat-wollen-muetzen","7":"product_cat-specials","9":"first","10":"instock","11":"sale","12":"taxable","13":"shipping-taxable","14":"purchasable","15":"product-type-simple"},"acf":[],"yoast_head":"<!-- This site is optimized with the Yoast SEO Premium plugin v22.9 (Yoast SEO v25.3.1) - https:\/\/yoast.com\/wordpress\/plugins\/seo\/ -->\n<title>SOXS Dunkelgraue wolle M\u00fctze Moon Mist | SOXS.co DE<\/title>\n<meta name=\"description\" content=\"Dunkelgraue wolle M\u00fctze. H\u00fcllen Sie Ihren Kopf in den mystischen Charme der dunkelgrauen M\u00fctze von Soxs mit dem magischen Moon Mist-Label!\" \/>\n<meta name=\"robots\" content=\"noindex, follow, max-snippet:-1, max-image-preview:large, max-video-preview:-1\" \/>\n<meta property=\"og:locale\" content=\"de_DE\" \/>\n<meta property=\"og:type\" content=\"article\" \/>\n<meta property=\"og:title\" content=\"SOXS Dunkelgraue wolle M\u00fctzen Moon Mist label (one size)\" \/>\n<meta property=\"og:description\" content=\"Dunkelgraue wolle M\u00fctze. H\u00fcllen Sie Ihren Kopf in den mystischen Charme der dunkelgrauen M\u00fctze von Soxs mit dem magischen Moon Mist-Label!\" \/>\n<meta property=\"og:url\" content=\"https:\/\/soxs.co\/de\/soxs-dunkelgraue-wolle-muetze-moon-mist-label-one-size\/\" \/>\n<meta property=\"og:site_name\" content=\"SOXS.co DE\" \/>\n<meta property=\"article:publisher\" content=\"https:\/\/www.facebook.com\/soxs.co\/\" \/>\n<meta property=\"article:modified_time\" content=\"2025-05-16T09:24:55+00:00\" \/>\n<meta property=\"og:image\" content=\"https:\/\/soxs.co\/app\/uploads\/sites\/2\/2024\/06\/Soxs-muts-grijs-recht.jpg\" \/>\n\t<meta property=\"og:image:width\" content=\"1000\" \/>\n\t<meta property=\"og:image:height\" content=\"1000\" \/>\n\t<meta property=\"og:image:type\" content=\"image\/jpeg\" \/>\n<meta name=\"twitter:card\" content=\"summary_large_image\" \/>\n<meta name=\"twitter:site\" content=\"@soxs_co\" \/>\n<meta name=\"twitter:label1\" content=\"Preis\" \/>\n\t<meta name=\"twitter:data1\" content=\"&nbsp;44.95\" \/>\n\t<meta name=\"twitter:label2\" content=\"Verf\u00fcgbarkeit\" \/>\n\t<meta name=\"twitter:data2\" content=\"Auf Lager\" \/>\n<script type=\"application\/ld+json\" class=\"yoast-schema-graph\">{\"@context\":\"https:\/\/schema.org\",\"@graph\":[{\"@type\":\"WebPage\",\"@id\":\"https:\/\/soxs.co\/de\/soxs-dunkelgraue-wolle-muetze-moon-mist-label-one-size\/\",\"url\":\"https:\/\/soxs.co\/de\/soxs-dunkelgraue-wolle-muetze-moon-mist-label-one-size\/\",\"name\":\"SOXS Dunkelgraue wolle M\u00fctze Moon Mist | SOXS.co DE\",\"isPartOf\":{\"@id\":\"https:\/\/soxs.co\/de\/#website\"},\"primaryImageOfPage\":{\"@id\":\"https:\/\/soxs.co\/de\/soxs-dunkelgraue-wolle-muetze-moon-mist-label-one-size\/#primaryimage\"},\"image\":{\"@id\":\"https:\/\/soxs.co\/de\/soxs-dunkelgraue-wolle-muetze-moon-mist-label-one-size\/#primaryimage\"},\"thumbnailUrl\":\"https:\/\/dev.soxs.co\/app\/uploads\/sites\/2\/2024\/06\/Soxs-muts-grijs-recht.jpg\",\"datePublished\":\"2024-07-22T14:58:41+00:00\",\"dateModified\":\"2025-05-16T09:24:55+00:00\",\"description\":\"Dunkelgraue wolle M\u00fctze. H\u00fcllen Sie Ihren Kopf in den mystischen Charme der dunkelgrauen M\u00fctze von Soxs mit dem magischen Moon Mist-Label!\",\"breadcrumb\":{\"@id\":\"https:\/\/soxs.co\/de\/soxs-dunkelgraue-wolle-muetze-moon-mist-label-one-size\/#breadcrumb\"},\"inLanguage\":\"de\",\"potentialAction\":[{\"@type\":\"ReadAction\",\"target\":[\"https:\/\/soxs.co\/de\/soxs-dunkelgraue-wolle-muetze-moon-mist-label-one-size\/\"]}]},{\"@type\":\"ImageObject\",\"inLanguage\":\"de\",\"@id\":\"https:\/\/soxs.co\/de\/soxs-dunkelgraue-wolle-muetze-moon-mist-label-one-size\/#primaryimage\",\"url\":\"https:\/\/dev.soxs.co\/app\/uploads\/sites\/2\/2024\/06\/Soxs-muts-grijs-recht.jpg\",\"contentUrl\":\"https:\/\/dev.soxs.co\/app\/uploads\/sites\/2\/2024\/06\/Soxs-muts-grijs-recht.jpg\",\"width\":1000,\"height\":1000,\"caption\":\"Soxs-muts-grijs-recht\"},{\"@type\":\"BreadcrumbList\",\"@id\":\"https:\/\/soxs.co\/de\/soxs-dunkelgraue-wolle-muetze-moon-mist-label-one-size\/#breadcrumb\",\"itemListElement\":[{\"@type\":\"ListItem\",\"position\":1,\"name\":\"Home\",\"item\":\"https:\/\/soxs.co\/de\/\"},{\"@type\":\"ListItem\",\"position\":2,\"name\":\"Shop\",\"item\":\"https:\/\/soxs.co\/de\/shop\/\"},{\"@type\":\"ListItem\",\"position\":3,\"name\":\"SOXS Dunkelgraue wolle M\u00fctzen Moon Mist label (one size)\"}]},{\"@type\":\"WebSite\",\"@id\":\"https:\/\/soxs.co\/de\/#website\",\"url\":\"https:\/\/soxs.co\/de\/\",\"name\":\"SOXS.co DE\",\"description\":\"Trendige und wunderbar warme Socken f\u00fcr alle\",\"potentialAction\":[{\"@type\":\"SearchAction\",\"target\":{\"@type\":\"EntryPoint\",\"urlTemplate\":\"https:\/\/soxs.co\/de\/?s={search_term_string}\"},\"query-input\":{\"@type\":\"PropertyValueSpecification\",\"valueRequired\":true,\"valueName\":\"search_term_string\"}}],\"inLanguage\":\"de\"}]}<\/script>\n<meta property=\"product:price:amount\" content=\"44.95\" \/>\n<meta property=\"product:price:currency\" content=\"EUR\" \/>\n<meta property=\"og:availability\" content=\"instock\" \/>\n<meta property=\"product:availability\" content=\"instock\" \/>\n<meta property=\"product:retailer_item_id\" content=\"SOX3735\" \/>\n<meta property=\"product:condition\" content=\"new\" \/>\n<!-- \/ Yoast SEO Premium plugin. -->","yoast_head_json":{"title":"SOXS Dunkelgraue wolle M\u00fctze Moon Mist | SOXS.co DE","description":"Dunkelgraue wolle M\u00fctze. H\u00fcllen Sie Ihren Kopf in den mystischen Charme der dunkelgrauen M\u00fctze von Soxs mit dem magischen Moon Mist-Label!","robots":{"index":"noindex","follow":"follow","max-snippet":"max-snippet:-1","max-image-preview":"max-image-preview:large","max-video-preview":"max-video-preview:-1"},"og_locale":"de_DE","og_type":"article","og_title":"SOXS Dunkelgraue wolle M\u00fctzen Moon Mist label (one size)","og_description":"Dunkelgraue wolle M\u00fctze. H\u00fcllen Sie Ihren Kopf in den mystischen Charme der dunkelgrauen M\u00fctze von Soxs mit dem magischen Moon Mist-Label!","og_url":"https:\/\/soxs.co\/de\/soxs-dunkelgraue-wolle-muetze-moon-mist-label-one-size\/","og_site_name":"SOXS.co DE","article_publisher":"https:\/\/www.facebook.com\/soxs.co\/","article_modified_time":"2025-05-16T09:24:55+00:00","og_image":[{"width":1000,"height":1000,"url":"https:\/\/soxs.co\/app\/uploads\/sites\/2\/2024\/06\/Soxs-muts-grijs-recht.jpg","type":"image\/jpeg"}],"twitter_card":"summary_large_image","twitter_site":"@soxs_co","twitter_misc":{"Preis":"&nbsp;44.95","Verf\u00fcgbarkeit":"Auf Lager"},"schema":{"@context":"https:\/\/schema.org","@graph":[{"@type":"WebPage","@id":"https:\/\/soxs.co\/de\/soxs-dunkelgraue-wolle-muetze-moon-mist-label-one-size\/","url":"https:\/\/soxs.co\/de\/soxs-dunkelgraue-wolle-muetze-moon-mist-label-one-size\/","name":"SOXS Dunkelgraue wolle M\u00fctze Moon Mist | SOXS.co DE","isPartOf":{"@id":"https:\/\/soxs.co\/de\/#website"},"primaryImageOfPage":{"@id":"https:\/\/soxs.co\/de\/soxs-dunkelgraue-wolle-muetze-moon-mist-label-one-size\/#primaryimage"},"image":{"@id":"https:\/\/soxs.co\/de\/soxs-dunkelgraue-wolle-muetze-moon-mist-label-one-size\/#primaryimage"},"thumbnailUrl":"https:\/\/dev.soxs.co\/app\/uploads\/sites\/2\/2024\/06\/Soxs-muts-grijs-recht.jpg","datePublished":"2024-07-22T14:58:41+00:00","dateModified":"2025-05-16T09:24:55+00:00","description":"Dunkelgraue wolle M\u00fctze. H\u00fcllen Sie Ihren Kopf in den mystischen Charme der dunkelgrauen M\u00fctze von Soxs mit dem magischen Moon Mist-Label!","breadcrumb":{"@id":"https:\/\/soxs.co\/de\/soxs-dunkelgraue-wolle-muetze-moon-mist-label-one-size\/#breadcrumb"},"inLanguage":"de","potentialAction":[{"@type":"ReadAction","target":["https:\/\/soxs.co\/de\/soxs-dunkelgraue-wolle-muetze-moon-mist-label-one-size\/"]}]},{"@type":"ImageObject","inLanguage":"de","@id":"https:\/\/soxs.co\/de\/soxs-dunkelgraue-wolle-muetze-moon-mist-label-one-size\/#primaryimage","url":"https:\/\/dev.soxs.co\/app\/uploads\/sites\/2\/2024\/06\/Soxs-muts-grijs-recht.jpg","contentUrl":"https:\/\/dev.soxs.co\/app\/uploads\/sites\/2\/2024\/06\/Soxs-muts-grijs-recht.jpg","width":1000,"height":1000,"caption":"Soxs-muts-grijs-recht"},{"@type":"BreadcrumbList","@id":"https:\/\/soxs.co\/de\/soxs-dunkelgraue-wolle-muetze-moon-mist-label-one-size\/#breadcrumb","itemListElement":[{"@type":"ListItem","position":1,"name":"Home","item":"https:\/\/soxs.co\/de\/"},{"@type":"ListItem","position":2,"name":"Shop","item":"https:\/\/soxs.co\/de\/shop\/"},{"@type":"ListItem","position":3,"name":"SOXS Dunkelgraue wolle M\u00fctzen Moon Mist label (one size)"}]},{"@type":"WebSite","@id":"https:\/\/soxs.co\/de\/#website","url":"https:\/\/soxs.co\/de\/","name":"SOXS.co DE","description":"Trendige und wunderbar warme Socken f\u00fcr alle","potentialAction":[{"@type":"SearchAction","target":{"@type":"EntryPoint","urlTemplate":"https:\/\/soxs.co\/de\/?s={search_term_string}"},"query-input":{"@type":"PropertyValueSpecification","valueRequired":true,"valueName":"search_term_string"}}],"inLanguage":"de"}]},"product_price_amount":"44.95","product_price_currency":"EUR","og_availability":"instock","product_availability":"instock","product_retailer_item_id":"SOX3735","product_condition":"new"},"_links":{"self":[{"href":"https:\/\/dev.soxs.co\/de\/wp-json\/wp\/v2\/product\/700129200","targetHints":{"allow":["GET"]}}],"collection":[{"href":"https:\/\/dev.soxs.co\/de\/wp-json\/wp\/v2\/product"}],"about":[{"href":"https:\/\/dev.soxs.co\/de\/wp-json\/wp\/v2\/types\/product"}],"replies":[{"embeddable":true,"href":"https:\/\/dev.soxs.co\/de\/wp-json\/wp\/v2\/comments?post=700129200"}],"wp:featuredmedia":[{"embeddable":true,"href":"https:\/\/dev.soxs.co\/de\/wp-json\/wp\/v2\/media\/700129262"}],"wp:attachment":[{"href":"https:\/\/dev.soxs.co\/de\/wp-json\/wp\/v2\/media?parent=700129200"}],"wp:term":[{"taxonomy":"product_brand","embeddable":true,"href":"https:\/\/dev.soxs.co\/de\/wp-json\/wp\/v2\/product_brand?post=700129200"},{"taxonomy":"product_cat","embeddable":true,"href":"https:\/\/dev.soxs.co\/de\/wp-json\/wp\/v2\/product_cat?post=700129200"},{"taxonomy":"product_tag","embeddable":true,"href":"https:\/\/dev.soxs.co\/de\/wp-json\/wp\/v2\/product_tag?post=700129200"}],"curies":[{"name":"wp","href":"https:\/\/api.w.org\/{rel}","templated":true}]}}