{"id":128807,"date":"2024-07-22T16:58:50","date_gmt":"2024-07-22T14:58:50","guid":{"rendered":"https:\/\/soxs.co\/de\/?post_type=product&#038;p=128807"},"modified":"2025-05-16T11:24:55","modified_gmt":"2025-05-16T09:24:55","slug":"soxs-pink-wolle-babysocken-sweety-pink-label-antirutsch-high-19-28","status":"publish","type":"product","link":"https:\/\/dev.soxs.co\/de\/soxs-pink-wolle-babysocken-sweety-pink-label-antirutsch-high-19-28\/","title":{"rendered":"SOXS Pink wolle Babysocken Sweety Pink label Antirutsch High (19-28)"},"content":{"rendered":"<p>Verw\u00f6hnen Sie Ihre Kleinen mit den rosafarbenen Babysocken aus Schafwolle mit dem s\u00fc\u00dfen Label &#8222;Sweety Pink&#8220; und der Anti-Rutsch-Ausstattung. Diese Socken sind ein Musterbeispiel f\u00fcr liebevolle Pflege, die die F\u00fc\u00dfe Ihres Babys sanft in W\u00e4rme und Komfort h\u00fcllen. Die hochwertige Schafwolle sorgt f\u00fcr einen kuscheligen Sitz und die Rutschfestigkeit f\u00fcr sichere erste Schritte. Das Label &#8222;Sweety Pink&#8220; sorgt f\u00fcr einen Hauch von Liebe und macht diese Socken nicht nur praktisch, sondern auch unwiderstehlich niedlich. Tipp: Auch als Geschenk f\u00fcr die Geburt geeignet!<\/p>\n","protected":false},"excerpt":{"rendered":"<p>Verw\u00f6hnen Sie Ihre Kleinen mit den rosafarbenen Babysocken aus Schafwolle mit dem s\u00fc\u00dfen Label &#8222;Sweety Pink&#8220; und der Anti-Rutsch-Ausstattung. Diese Socken sind ein Musterbeispiel f\u00fcr liebevolle Pflege, die die F\u00fc\u00dfe Ihres Babys sanft in W\u00e4rme und Komfort h\u00fcllen. Die hochwertige Schafwolle sorgt f\u00fcr einen kuscheligen Sitz und die Rutschfestigkeit f\u00fcr sichere erste Schritte. Das Label &#8222;Sweety Pink&#8220; sorgt f\u00fcr einen Hauch von Liebe und macht diese Socken nicht nur praktisch, sondern auch unwiderstehlich niedlich. Tipp: Auch als Geschenk f\u00fcr die Geburt geeignet!<\/p>\n","protected":false},"featured_media":700129310,"comment_status":"closed","ping_status":"closed","template":"","meta":{"_acf_changed":false,"_improvement_type_select":"improve_an_existing","_thumb_yes_seoaic":false,"_frame_yes_seoaic":false,"seoaic_generate_description":"","seoaic_improve_instructions_prompt":"","seoaic_rollback_content_improvement":"","seoaic_idea_thumbnail_generator":"","thumbnail_generated":false,"thumbnail_generate_prompt":"","seoaic_article_description":""},"product_brand":[],"product_cat":[932,57,56],"product_tag":[],"class_list":{"0":"post-128807","1":"product","2":"type-product","3":"status-publish","4":"has-post-thumbnail","6":"product_cat-antislip-sokken","7":"product_cat-wollsocken-baby","8":"product_cat-socken-von-soxs","10":"first","11":"outofstock","12":"taxable","13":"shipping-taxable","14":"purchasable","15":"product-type-simple"},"acf":[],"yoast_head":"<!-- This site is optimized with the Yoast SEO Premium plugin v22.9 (Yoast SEO v25.3.1) - https:\/\/yoast.com\/wordpress\/plugins\/seo\/ -->\n<title>SOXS Pink wolle Babysocken Sweety Pink | SOXS.co DE<\/title>\n<meta name=\"description\" content=\"Pink wolle Babysocken. Diese Socken sind ein Musterbeispiel f\u00fcr liebevolle Pflege, die die F\u00fc\u00dfe Ihres Babys sanft in W\u00e4rme und Komfort h\u00fcllen.\" \/>\n<meta name=\"robots\" content=\"noindex, follow, max-snippet:-1, max-image-preview:large, max-video-preview:-1\" \/>\n<meta property=\"og:locale\" content=\"de_DE\" \/>\n<meta property=\"og:type\" content=\"article\" \/>\n<meta property=\"og:title\" content=\"SOXS Pink wolle Babysocken Sweety Pink label Antirutsch High (19-28)\" \/>\n<meta property=\"og:description\" content=\"Pink wolle Babysocken. Diese Socken sind ein Musterbeispiel f\u00fcr liebevolle Pflege, die die F\u00fc\u00dfe Ihres Babys sanft in W\u00e4rme und Komfort h\u00fcllen.\" \/>\n<meta property=\"og:url\" content=\"https:\/\/soxs.co\/de\/soxs-pink-wolle-babysocken-sweety-pink-label-antirutsch-high-19-28\/\" \/>\n<meta property=\"og:site_name\" content=\"SOXS.co DE\" \/>\n<meta property=\"article:publisher\" content=\"https:\/\/www.facebook.com\/soxs.co\/\" \/>\n<meta property=\"article:modified_time\" content=\"2025-05-16T09:24:55+00:00\" \/>\n<meta property=\"og:image\" content=\"https:\/\/soxs.co\/app\/uploads\/sites\/2\/2024\/06\/SOX3724_1000x1000px.png\" \/>\n\t<meta property=\"og:image:width\" content=\"2362\" \/>\n\t<meta property=\"og:image:height\" content=\"2362\" \/>\n\t<meta property=\"og:image:type\" content=\"image\/png\" \/>\n<meta name=\"twitter:card\" content=\"summary_large_image\" \/>\n<meta name=\"twitter:site\" content=\"@soxs_co\" \/>\n<meta name=\"twitter:label1\" content=\"Preis\" \/>\n\t<meta name=\"twitter:data1\" content=\"&nbsp;22.95\" \/>\n\t<meta name=\"twitter:label2\" content=\"Verf\u00fcgbarkeit\" \/>\n\t<meta name=\"twitter:data2\" content=\"ausverkauft\" \/>\n<script type=\"application\/ld+json\" class=\"yoast-schema-graph\">{\"@context\":\"https:\/\/schema.org\",\"@graph\":[{\"@type\":\"WebPage\",\"@id\":\"https:\/\/soxs.co\/de\/soxs-pink-wolle-babysocken-sweety-pink-label-antirutsch-high-19-28\/\",\"url\":\"https:\/\/soxs.co\/de\/soxs-pink-wolle-babysocken-sweety-pink-label-antirutsch-high-19-28\/\",\"name\":\"SOXS Pink wolle Babysocken Sweety Pink | SOXS.co DE\",\"isPartOf\":{\"@id\":\"https:\/\/soxs.co\/de\/#website\"},\"primaryImageOfPage\":{\"@id\":\"https:\/\/soxs.co\/de\/soxs-pink-wolle-babysocken-sweety-pink-label-antirutsch-high-19-28\/#primaryimage\"},\"image\":{\"@id\":\"https:\/\/soxs.co\/de\/soxs-pink-wolle-babysocken-sweety-pink-label-antirutsch-high-19-28\/#primaryimage\"},\"thumbnailUrl\":\"https:\/\/dev.soxs.co\/app\/uploads\/sites\/2\/2024\/06\/SOX3724_1000x1000px.png\",\"datePublished\":\"2024-07-22T14:58:50+00:00\",\"dateModified\":\"2025-05-16T09:24:55+00:00\",\"description\":\"Pink wolle Babysocken. Diese Socken sind ein Musterbeispiel f\u00fcr liebevolle Pflege, die die F\u00fc\u00dfe Ihres Babys sanft in W\u00e4rme und Komfort h\u00fcllen.\",\"breadcrumb\":{\"@id\":\"https:\/\/soxs.co\/de\/soxs-pink-wolle-babysocken-sweety-pink-label-antirutsch-high-19-28\/#breadcrumb\"},\"inLanguage\":\"de\",\"potentialAction\":[{\"@type\":\"ReadAction\",\"target\":[\"https:\/\/soxs.co\/de\/soxs-pink-wolle-babysocken-sweety-pink-label-antirutsch-high-19-28\/\"]}]},{\"@type\":\"ImageObject\",\"inLanguage\":\"de\",\"@id\":\"https:\/\/soxs.co\/de\/soxs-pink-wolle-babysocken-sweety-pink-label-antirutsch-high-19-28\/#primaryimage\",\"url\":\"https:\/\/dev.soxs.co\/app\/uploads\/sites\/2\/2024\/06\/SOX3724_1000x1000px.png\",\"contentUrl\":\"https:\/\/dev.soxs.co\/app\/uploads\/sites\/2\/2024\/06\/SOX3724_1000x1000px.png\",\"width\":2362,\"height\":2362,\"caption\":\"SOX3724_1000x1000px\"},{\"@type\":\"BreadcrumbList\",\"@id\":\"https:\/\/soxs.co\/de\/soxs-pink-wolle-babysocken-sweety-pink-label-antirutsch-high-19-28\/#breadcrumb\",\"itemListElement\":[{\"@type\":\"ListItem\",\"position\":1,\"name\":\"Home\",\"item\":\"https:\/\/soxs.co\/de\/\"},{\"@type\":\"ListItem\",\"position\":2,\"name\":\"Shop\",\"item\":\"https:\/\/soxs.co\/de\/shop\/\"},{\"@type\":\"ListItem\",\"position\":3,\"name\":\"SOXS Pink wolle Babysocken Sweety Pink label Antirutsch High (19-28)\"}]},{\"@type\":\"WebSite\",\"@id\":\"https:\/\/soxs.co\/de\/#website\",\"url\":\"https:\/\/soxs.co\/de\/\",\"name\":\"SOXS.co DE\",\"description\":\"Trendige und wunderbar warme Socken f\u00fcr alle\",\"potentialAction\":[{\"@type\":\"SearchAction\",\"target\":{\"@type\":\"EntryPoint\",\"urlTemplate\":\"https:\/\/soxs.co\/de\/?s={search_term_string}\"},\"query-input\":{\"@type\":\"PropertyValueSpecification\",\"valueRequired\":true,\"valueName\":\"search_term_string\"}}],\"inLanguage\":\"de\"}]}<\/script>\n<meta property=\"product:price:amount\" content=\"22.95\" \/>\n<meta property=\"product:price:currency\" content=\"EUR\" \/>\n<meta property=\"og:availability\" content=\"out of stock\" \/>\n<meta property=\"product:availability\" content=\"out of stock\" \/>\n<meta property=\"product:retailer_item_id\" content=\"SOX3724\" \/>\n<meta property=\"product:condition\" content=\"new\" \/>\n<!-- \/ Yoast SEO Premium plugin. -->","yoast_head_json":{"title":"SOXS Pink wolle Babysocken Sweety Pink | SOXS.co DE","description":"Pink wolle Babysocken. Diese Socken sind ein Musterbeispiel f\u00fcr liebevolle Pflege, die die F\u00fc\u00dfe Ihres Babys sanft in W\u00e4rme und Komfort h\u00fcllen.","robots":{"index":"noindex","follow":"follow","max-snippet":"max-snippet:-1","max-image-preview":"max-image-preview:large","max-video-preview":"max-video-preview:-1"},"og_locale":"de_DE","og_type":"article","og_title":"SOXS Pink wolle Babysocken Sweety Pink label Antirutsch High (19-28)","og_description":"Pink wolle Babysocken. Diese Socken sind ein Musterbeispiel f\u00fcr liebevolle Pflege, die die F\u00fc\u00dfe Ihres Babys sanft in W\u00e4rme und Komfort h\u00fcllen.","og_url":"https:\/\/soxs.co\/de\/soxs-pink-wolle-babysocken-sweety-pink-label-antirutsch-high-19-28\/","og_site_name":"SOXS.co DE","article_publisher":"https:\/\/www.facebook.com\/soxs.co\/","article_modified_time":"2025-05-16T09:24:55+00:00","og_image":[{"width":2362,"height":2362,"url":"https:\/\/soxs.co\/app\/uploads\/sites\/2\/2024\/06\/SOX3724_1000x1000px.png","type":"image\/png"}],"twitter_card":"summary_large_image","twitter_site":"@soxs_co","twitter_misc":{"Preis":"&nbsp;22.95","Verf\u00fcgbarkeit":"ausverkauft"},"schema":{"@context":"https:\/\/schema.org","@graph":[{"@type":"WebPage","@id":"https:\/\/soxs.co\/de\/soxs-pink-wolle-babysocken-sweety-pink-label-antirutsch-high-19-28\/","url":"https:\/\/soxs.co\/de\/soxs-pink-wolle-babysocken-sweety-pink-label-antirutsch-high-19-28\/","name":"SOXS Pink wolle Babysocken Sweety Pink | SOXS.co DE","isPartOf":{"@id":"https:\/\/soxs.co\/de\/#website"},"primaryImageOfPage":{"@id":"https:\/\/soxs.co\/de\/soxs-pink-wolle-babysocken-sweety-pink-label-antirutsch-high-19-28\/#primaryimage"},"image":{"@id":"https:\/\/soxs.co\/de\/soxs-pink-wolle-babysocken-sweety-pink-label-antirutsch-high-19-28\/#primaryimage"},"thumbnailUrl":"https:\/\/dev.soxs.co\/app\/uploads\/sites\/2\/2024\/06\/SOX3724_1000x1000px.png","datePublished":"2024-07-22T14:58:50+00:00","dateModified":"2025-05-16T09:24:55+00:00","description":"Pink wolle Babysocken. Diese Socken sind ein Musterbeispiel f\u00fcr liebevolle Pflege, die die F\u00fc\u00dfe Ihres Babys sanft in W\u00e4rme und Komfort h\u00fcllen.","breadcrumb":{"@id":"https:\/\/soxs.co\/de\/soxs-pink-wolle-babysocken-sweety-pink-label-antirutsch-high-19-28\/#breadcrumb"},"inLanguage":"de","potentialAction":[{"@type":"ReadAction","target":["https:\/\/soxs.co\/de\/soxs-pink-wolle-babysocken-sweety-pink-label-antirutsch-high-19-28\/"]}]},{"@type":"ImageObject","inLanguage":"de","@id":"https:\/\/soxs.co\/de\/soxs-pink-wolle-babysocken-sweety-pink-label-antirutsch-high-19-28\/#primaryimage","url":"https:\/\/dev.soxs.co\/app\/uploads\/sites\/2\/2024\/06\/SOX3724_1000x1000px.png","contentUrl":"https:\/\/dev.soxs.co\/app\/uploads\/sites\/2\/2024\/06\/SOX3724_1000x1000px.png","width":2362,"height":2362,"caption":"SOX3724_1000x1000px"},{"@type":"BreadcrumbList","@id":"https:\/\/soxs.co\/de\/soxs-pink-wolle-babysocken-sweety-pink-label-antirutsch-high-19-28\/#breadcrumb","itemListElement":[{"@type":"ListItem","position":1,"name":"Home","item":"https:\/\/soxs.co\/de\/"},{"@type":"ListItem","position":2,"name":"Shop","item":"https:\/\/soxs.co\/de\/shop\/"},{"@type":"ListItem","position":3,"name":"SOXS Pink wolle Babysocken Sweety Pink label Antirutsch High (19-28)"}]},{"@type":"WebSite","@id":"https:\/\/soxs.co\/de\/#website","url":"https:\/\/soxs.co\/de\/","name":"SOXS.co DE","description":"Trendige und wunderbar warme Socken f\u00fcr alle","potentialAction":[{"@type":"SearchAction","target":{"@type":"EntryPoint","urlTemplate":"https:\/\/soxs.co\/de\/?s={search_term_string}"},"query-input":{"@type":"PropertyValueSpecification","valueRequired":true,"valueName":"search_term_string"}}],"inLanguage":"de"}]},"product_price_amount":"22.95","product_price_currency":"EUR","og_availability":"out of stock","product_availability":"out of stock","product_retailer_item_id":"SOX3724","product_condition":"new"},"_links":{"self":[{"href":"https:\/\/dev.soxs.co\/de\/wp-json\/wp\/v2\/product\/128807","targetHints":{"allow":["GET"]}}],"collection":[{"href":"https:\/\/dev.soxs.co\/de\/wp-json\/wp\/v2\/product"}],"about":[{"href":"https:\/\/dev.soxs.co\/de\/wp-json\/wp\/v2\/types\/product"}],"replies":[{"embeddable":true,"href":"https:\/\/dev.soxs.co\/de\/wp-json\/wp\/v2\/comments?post=128807"}],"wp:featuredmedia":[{"embeddable":true,"href":"https:\/\/dev.soxs.co\/de\/wp-json\/wp\/v2\/media\/700129310"}],"wp:attachment":[{"href":"https:\/\/dev.soxs.co\/de\/wp-json\/wp\/v2\/media?parent=128807"}],"wp:term":[{"taxonomy":"product_brand","embeddable":true,"href":"https:\/\/dev.soxs.co\/de\/wp-json\/wp\/v2\/product_brand?post=128807"},{"taxonomy":"product_cat","embeddable":true,"href":"https:\/\/dev.soxs.co\/de\/wp-json\/wp\/v2\/product_cat?post=128807"},{"taxonomy":"product_tag","embeddable":true,"href":"https:\/\/dev.soxs.co\/de\/wp-json\/wp\/v2\/product_tag?post=128807"}],"curies":[{"name":"wp","href":"https:\/\/api.w.org\/{rel}","templated":true}]}}