{"id":128794,"date":"2024-07-22T16:58:54","date_gmt":"2024-07-22T14:58:54","guid":{"rendered":"https:\/\/soxs.co\/de\/?post_type=product&#038;p=128794"},"modified":"2025-05-31T14:18:40","modified_gmt":"2025-05-16T09:24:53","slug":"soxs-graue-wolle-socken-sunny-lime-label-medium-37-41","status":"publish","type":"product","link":"https:\/\/dev.soxs.co\/de\/soxs-graue-wolle-socken-sunny-lime-label-medium-37-41\/","title":{"rendered":"SOXS graue wolle socken Sunny Lime label medium (37-41)"},"content":{"rendered":"<p>Entdecken Sie die perfekte Kombination aus Style und Komfort mit den grauen Wollsocken von Soxs, jetzt mit einem frischen Sunny Lime-Label. Diese Socken sind die &#8222;Zitrone&#8220; unter den Wollsocken; sie kombinieren m\u00fchelos Style, Komfort und einen Hauch von Verspieltheit. Aus feinster neuseel\u00e4ndischer Wolle gefertigt, bieten sie eine unvergleichliche Weichheit, die Ihre F\u00fc\u00dfe in puren Luxus h\u00fcllt, ohne l\u00e4stiges Jucken, dank der 100%igen Einstichschutzgarantie. Ob Sie sich zu Hause entspannen oder drau\u00dfen einen &#8222;fruchtigen&#8220; Spaziergang machen, die Soxs Wollsocken mit Sunny Lime Label sind eine &#8222;peelende&#8220; Erg\u00e4nzung zu jedem Outfit&#8230;.<br \/>\nGraue Wollsocken, Graue Wollsocken<\/p>\n","protected":false},"excerpt":{"rendered":"<p>Entdecken Sie die perfekte Kombination aus Style und Komfort mit den grauen Wollsocken von Soxs, jetzt mit einem frischen Sunny Lime-Label. Diese Socken sind die &#8222;Zitrone&#8220; unter den Wollsocken; sie kombinieren m\u00fchelos Style, Komfort und einen Hauch von Verspieltheit. Aus feinster neuseel\u00e4ndischer Wolle gefertigt, bieten sie eine unvergleichliche Weichheit, die Ihre F\u00fc\u00dfe in puren Luxus h\u00fcllt, ohne l\u00e4stiges Jucken, dank der 100%igen Einstichschutzgarantie. Ob Sie sich zu Hause entspannen oder drau\u00dfen einen &#8222;fruchtigen&#8220; Spaziergang machen, die Soxs Wollsocken mit Sunny Lime Label sind eine &#8222;peelende&#8220; Erg\u00e4nzung zu jedem Outfit&#8230;.<\/p>\n","protected":false},"featured_media":700129305,"comment_status":"closed","ping_status":"closed","template":"","meta":{"_acf_changed":false,"_improvement_type_select":"improve_an_existing","_thumb_yes_seoaic":false,"_frame_yes_seoaic":false,"seoaic_generate_description":"","seoaic_improve_instructions_prompt":"","seoaic_rollback_content_improvement":"","seoaic_idea_thumbnail_generator":"","thumbnail_generated":false,"thumbnail_generate_prompt":"","seoaic_article_description":""},"product_brand":[],"product_cat":[58,56],"product_tag":[],"class_list":{"0":"post-128794","1":"product","2":"type-product","3":"status-publish","4":"has-post-thumbnail","6":"product_cat-wollsocken-damen","7":"product_cat-socken-von-soxs","9":"first","10":"instock","11":"taxable","12":"shipping-taxable","13":"purchasable","14":"product-type-simple"},"acf":[],"yoast_head":"<!-- This site is optimized with the Yoast SEO Premium plugin v22.9 (Yoast SEO v25.3.1) - https:\/\/yoast.com\/wordpress\/plugins\/seo\/ -->\n<title>SOXS graue wolle socken Sunny Lime label | SOXS.co DE<\/title>\n<meta name=\"description\" content=\"Graue Wollsocken. Diese Socken sind die &quot;Zitrone&quot; unter den Wollsocken; sie kombinieren m\u00fchelos Style, Komfort und einen Hauch von Verspieltheit.\" \/>\n<meta name=\"robots\" content=\"noindex, follow, max-snippet:-1, max-image-preview:large, max-video-preview:-1\" \/>\n<meta property=\"og:locale\" content=\"de_DE\" \/>\n<meta property=\"og:type\" content=\"article\" \/>\n<meta property=\"og:title\" content=\"SOXS graue wolle socken Sunny Lime label medium (37-41)\" \/>\n<meta property=\"og:description\" content=\"Graue Wollsocken. Diese Socken sind die &quot;Zitrone&quot; unter den Wollsocken; sie kombinieren m\u00fchelos Style, Komfort und einen Hauch von Verspieltheit.\" \/>\n<meta property=\"og:url\" content=\"https:\/\/soxs.co\/de\/soxs-graue-wolle-socken-sunny-lime-label-medium-37-41\/\" \/>\n<meta property=\"og:site_name\" content=\"SOXS.co DE\" \/>\n<meta property=\"article:publisher\" content=\"https:\/\/www.facebook.com\/soxs.co\/\" \/>\n<meta property=\"article:modified_time\" content=\"2025-05-16T09:24:53+00:00\" \/>\n<meta property=\"og:image\" content=\"https:\/\/soxs.co\/app\/uploads\/sites\/2\/2024\/06\/SOX3717_1000x1000px.png\" \/>\n\t<meta property=\"og:image:width\" content=\"1000\" \/>\n\t<meta property=\"og:image:height\" content=\"1000\" \/>\n\t<meta property=\"og:image:type\" content=\"image\/png\" \/>\n<meta name=\"twitter:card\" content=\"summary_large_image\" \/>\n<meta name=\"twitter:site\" content=\"@soxs_co\" \/>\n<meta name=\"twitter:label1\" content=\"Preis\" \/>\n\t<meta name=\"twitter:data1\" content=\"&nbsp;30.95\" \/>\n\t<meta name=\"twitter:label2\" content=\"Verf\u00fcgbarkeit\" \/>\n\t<meta name=\"twitter:data2\" content=\"Auf Lager\" \/>\n<script type=\"application\/ld+json\" class=\"yoast-schema-graph\">{\"@context\":\"https:\/\/schema.org\",\"@graph\":[{\"@type\":\"WebPage\",\"@id\":\"https:\/\/soxs.co\/de\/soxs-graue-wolle-socken-sunny-lime-label-medium-37-41\/\",\"url\":\"https:\/\/soxs.co\/de\/soxs-graue-wolle-socken-sunny-lime-label-medium-37-41\/\",\"name\":\"SOXS graue wolle socken Sunny Lime label | SOXS.co DE\",\"isPartOf\":{\"@id\":\"https:\/\/soxs.co\/de\/#website\"},\"primaryImageOfPage\":{\"@id\":\"https:\/\/soxs.co\/de\/soxs-graue-wolle-socken-sunny-lime-label-medium-37-41\/#primaryimage\"},\"image\":{\"@id\":\"https:\/\/soxs.co\/de\/soxs-graue-wolle-socken-sunny-lime-label-medium-37-41\/#primaryimage\"},\"thumbnailUrl\":\"https:\/\/dev.soxs.co\/app\/uploads\/sites\/2\/2024\/06\/SOX3717_1000x1000px.png\",\"datePublished\":\"2024-07-22T14:58:54+00:00\",\"dateModified\":\"2025-05-16T09:24:53+00:00\",\"description\":\"Graue Wollsocken. Diese Socken sind die \\\"Zitrone\\\" unter den Wollsocken; sie kombinieren m\u00fchelos Style, Komfort und einen Hauch von Verspieltheit.\",\"breadcrumb\":{\"@id\":\"https:\/\/soxs.co\/de\/soxs-graue-wolle-socken-sunny-lime-label-medium-37-41\/#breadcrumb\"},\"inLanguage\":\"de\",\"potentialAction\":[{\"@type\":\"ReadAction\",\"target\":[\"https:\/\/soxs.co\/de\/soxs-graue-wolle-socken-sunny-lime-label-medium-37-41\/\"]}]},{\"@type\":\"ImageObject\",\"inLanguage\":\"de\",\"@id\":\"https:\/\/soxs.co\/de\/soxs-graue-wolle-socken-sunny-lime-label-medium-37-41\/#primaryimage\",\"url\":\"https:\/\/dev.soxs.co\/app\/uploads\/sites\/2\/2024\/06\/SOX3717_1000x1000px.png\",\"contentUrl\":\"https:\/\/dev.soxs.co\/app\/uploads\/sites\/2\/2024\/06\/SOX3717_1000x1000px.png\",\"width\":1000,\"height\":1000,\"caption\":\"SOX3717_1000x1000px\"},{\"@type\":\"BreadcrumbList\",\"@id\":\"https:\/\/soxs.co\/de\/soxs-graue-wolle-socken-sunny-lime-label-medium-37-41\/#breadcrumb\",\"itemListElement\":[{\"@type\":\"ListItem\",\"position\":1,\"name\":\"Home\",\"item\":\"https:\/\/soxs.co\/de\/\"},{\"@type\":\"ListItem\",\"position\":2,\"name\":\"Shop\",\"item\":\"https:\/\/soxs.co\/de\/shop\/\"},{\"@type\":\"ListItem\",\"position\":3,\"name\":\"SOXS graue wolle socken Sunny Lime label medium (37-41)\"}]},{\"@type\":\"WebSite\",\"@id\":\"https:\/\/soxs.co\/de\/#website\",\"url\":\"https:\/\/soxs.co\/de\/\",\"name\":\"SOXS.co DE\",\"description\":\"Trendige und wunderbar warme Socken f\u00fcr alle\",\"potentialAction\":[{\"@type\":\"SearchAction\",\"target\":{\"@type\":\"EntryPoint\",\"urlTemplate\":\"https:\/\/soxs.co\/de\/?s={search_term_string}\"},\"query-input\":{\"@type\":\"PropertyValueSpecification\",\"valueRequired\":true,\"valueName\":\"search_term_string\"}}],\"inLanguage\":\"de\"}]}<\/script>\n<meta property=\"product:price:amount\" content=\"30.95\" \/>\n<meta property=\"product:price:currency\" content=\"EUR\" \/>\n<meta property=\"og:availability\" content=\"instock\" \/>\n<meta property=\"product:availability\" content=\"instock\" \/>\n<meta property=\"product:retailer_item_id\" content=\"SOX3717\" \/>\n<meta property=\"product:condition\" content=\"new\" \/>\n<!-- \/ Yoast SEO Premium plugin. -->","yoast_head_json":{"title":"SOXS graue wolle socken Sunny Lime label | SOXS.co DE","description":"Graue Wollsocken. Diese Socken sind die \"Zitrone\" unter den Wollsocken; sie kombinieren m\u00fchelos Style, Komfort und einen Hauch von Verspieltheit.","robots":{"index":"noindex","follow":"follow","max-snippet":"max-snippet:-1","max-image-preview":"max-image-preview:large","max-video-preview":"max-video-preview:-1"},"og_locale":"de_DE","og_type":"article","og_title":"SOXS graue wolle socken Sunny Lime label medium (37-41)","og_description":"Graue Wollsocken. Diese Socken sind die \"Zitrone\" unter den Wollsocken; sie kombinieren m\u00fchelos Style, Komfort und einen Hauch von Verspieltheit.","og_url":"https:\/\/soxs.co\/de\/soxs-graue-wolle-socken-sunny-lime-label-medium-37-41\/","og_site_name":"SOXS.co DE","article_publisher":"https:\/\/www.facebook.com\/soxs.co\/","article_modified_time":"2025-05-16T09:24:53+00:00","og_image":[{"width":1000,"height":1000,"url":"https:\/\/soxs.co\/app\/uploads\/sites\/2\/2024\/06\/SOX3717_1000x1000px.png","type":"image\/png"}],"twitter_card":"summary_large_image","twitter_site":"@soxs_co","twitter_misc":{"Preis":"&nbsp;30.95","Verf\u00fcgbarkeit":"Auf Lager"},"schema":{"@context":"https:\/\/schema.org","@graph":[{"@type":"WebPage","@id":"https:\/\/soxs.co\/de\/soxs-graue-wolle-socken-sunny-lime-label-medium-37-41\/","url":"https:\/\/soxs.co\/de\/soxs-graue-wolle-socken-sunny-lime-label-medium-37-41\/","name":"SOXS graue wolle socken Sunny Lime label | SOXS.co DE","isPartOf":{"@id":"https:\/\/soxs.co\/de\/#website"},"primaryImageOfPage":{"@id":"https:\/\/soxs.co\/de\/soxs-graue-wolle-socken-sunny-lime-label-medium-37-41\/#primaryimage"},"image":{"@id":"https:\/\/soxs.co\/de\/soxs-graue-wolle-socken-sunny-lime-label-medium-37-41\/#primaryimage"},"thumbnailUrl":"https:\/\/dev.soxs.co\/app\/uploads\/sites\/2\/2024\/06\/SOX3717_1000x1000px.png","datePublished":"2024-07-22T14:58:54+00:00","dateModified":"2025-05-16T09:24:53+00:00","description":"Graue Wollsocken. Diese Socken sind die \"Zitrone\" unter den Wollsocken; sie kombinieren m\u00fchelos Style, Komfort und einen Hauch von Verspieltheit.","breadcrumb":{"@id":"https:\/\/soxs.co\/de\/soxs-graue-wolle-socken-sunny-lime-label-medium-37-41\/#breadcrumb"},"inLanguage":"de","potentialAction":[{"@type":"ReadAction","target":["https:\/\/soxs.co\/de\/soxs-graue-wolle-socken-sunny-lime-label-medium-37-41\/"]}]},{"@type":"ImageObject","inLanguage":"de","@id":"https:\/\/soxs.co\/de\/soxs-graue-wolle-socken-sunny-lime-label-medium-37-41\/#primaryimage","url":"https:\/\/dev.soxs.co\/app\/uploads\/sites\/2\/2024\/06\/SOX3717_1000x1000px.png","contentUrl":"https:\/\/dev.soxs.co\/app\/uploads\/sites\/2\/2024\/06\/SOX3717_1000x1000px.png","width":1000,"height":1000,"caption":"SOX3717_1000x1000px"},{"@type":"BreadcrumbList","@id":"https:\/\/soxs.co\/de\/soxs-graue-wolle-socken-sunny-lime-label-medium-37-41\/#breadcrumb","itemListElement":[{"@type":"ListItem","position":1,"name":"Home","item":"https:\/\/soxs.co\/de\/"},{"@type":"ListItem","position":2,"name":"Shop","item":"https:\/\/soxs.co\/de\/shop\/"},{"@type":"ListItem","position":3,"name":"SOXS graue wolle socken Sunny Lime label medium (37-41)"}]},{"@type":"WebSite","@id":"https:\/\/soxs.co\/de\/#website","url":"https:\/\/soxs.co\/de\/","name":"SOXS.co DE","description":"Trendige und wunderbar warme Socken f\u00fcr alle","potentialAction":[{"@type":"SearchAction","target":{"@type":"EntryPoint","urlTemplate":"https:\/\/soxs.co\/de\/?s={search_term_string}"},"query-input":{"@type":"PropertyValueSpecification","valueRequired":true,"valueName":"search_term_string"}}],"inLanguage":"de"}]},"product_price_amount":"30.95","product_price_currency":"EUR","og_availability":"instock","product_availability":"instock","product_retailer_item_id":"SOX3717","product_condition":"new"},"_links":{"self":[{"href":"https:\/\/dev.soxs.co\/de\/wp-json\/wp\/v2\/product\/128794","targetHints":{"allow":["GET"]}}],"collection":[{"href":"https:\/\/dev.soxs.co\/de\/wp-json\/wp\/v2\/product"}],"about":[{"href":"https:\/\/dev.soxs.co\/de\/wp-json\/wp\/v2\/types\/product"}],"replies":[{"embeddable":true,"href":"https:\/\/dev.soxs.co\/de\/wp-json\/wp\/v2\/comments?post=128794"}],"wp:featuredmedia":[{"embeddable":true,"href":"https:\/\/dev.soxs.co\/de\/wp-json\/wp\/v2\/media\/700129305"}],"wp:attachment":[{"href":"https:\/\/dev.soxs.co\/de\/wp-json\/wp\/v2\/media?parent=128794"}],"wp:term":[{"taxonomy":"product_brand","embeddable":true,"href":"https:\/\/dev.soxs.co\/de\/wp-json\/wp\/v2\/product_brand?post=128794"},{"taxonomy":"product_cat","embeddable":true,"href":"https:\/\/dev.soxs.co\/de\/wp-json\/wp\/v2\/product_cat?post=128794"},{"taxonomy":"product_tag","embeddable":true,"href":"https:\/\/dev.soxs.co\/de\/wp-json\/wp\/v2\/product_tag?post=128794"}],"curies":[{"name":"wp","href":"https:\/\/api.w.org\/{rel}","templated":true}]}}