{"id":125335,"date":"2023-04-11T20:41:14","date_gmt":"2023-04-11T18:41:14","guid":{"rendered":"https:\/\/soxs.co\/de\/?post_type=product&#038;p=125335"},"modified":"2025-06-16T09:52:27","modified_gmt":"2025-06-16T07:52:27","slug":"soxs-graue-wolle-damensocken-und-herrensocken-crazy-cat-label-medium","status":"publish","type":"product","link":"https:\/\/dev.soxs.co\/de\/soxs-graue-wolle-damensocken-und-herrensocken-crazy-cat-label-medium\/","title":{"rendered":"SOXS Graue Wolle damensocken und herrensocken crazy cat label wadensocke"},"content":{"rendered":"<p>Entdecken Sie den verspielten Charakter unserer SOXS Socken aus Schafwolle, die mit dem fr\u00f6hlichen Label Crazy Cat verziert sind. Jedes Paar symbolisiert nicht nur den schelmischen Charme von Katzen, sondern bietet auch ultimative W\u00e4rme und Komfort dank der hochwertigen Schafwolle, f\u00fcr die SOXS bekannt ist. Lassen Sie sich von unseren Socken \u00fcberraschen und genie\u00dfen Sie jeden Schritt mit einem L\u00e4cheln, w\u00e4hrend Sie die Welt in stilvollen und langlebigen Socken erkunden.<br \/>\nGraue wolle socken, Graue wolle socken<\/p>\n","protected":false},"excerpt":{"rendered":"<p>Entdecken Sie den verspielten Charakter unserer SOXS Socken aus Schafwolle, die mit dem fr\u00f6hlichen Label Crazy Cat verziert sind. Jedes Paar symbolisiert nicht nur den schelmischen Charme von Katzen, sondern bietet auch ultimative W\u00e4rme und Komfort dank der hochwertigen Schafwolle, f\u00fcr die SOXS bekannt ist. Lassen Sie sich von unseren Socken \u00fcberraschen und genie\u00dfen Sie jeden Schritt mit einem L\u00e4cheln, w\u00e4hrend Sie die Welt in stilvollen und langlebigen Socken erkunden.<\/p>\n","protected":false},"featured_media":700128943,"comment_status":"closed","ping_status":"closed","template":"","meta":{"_acf_changed":false,"_improvement_type_select":"improve_an_existing","_thumb_yes_seoaic":false,"_frame_yes_seoaic":false,"seoaic_generate_description":"","seoaic_improve_instructions_prompt":"","seoaic_rollback_content_improvement":"","seoaic_idea_thumbnail_generator":"","thumbnail_generated":false,"thumbnail_generate_prompt":"","seoaic_article_description":""},"product_brand":[],"product_cat":[58,60,56,1391],"product_tag":[],"class_list":{"0":"post-125335","1":"product","2":"type-product","3":"status-publish","4":"has-post-thumbnail","6":"product_cat-wollsocken-damen","7":"product_cat-wollsocken-herren","8":"product_cat-socken-von-soxs","9":"product_cat-tiere","11":"first","12":"instock","13":"taxable","14":"shipping-taxable","15":"purchasable","16":"product-type-variable","17":"has-default-attributes"},"acf":[],"yoast_head":"<!-- This site is optimized with the Yoast SEO Premium plugin v22.9 (Yoast SEO v25.3.1) - https:\/\/yoast.com\/wordpress\/plugins\/seo\/ -->\n<title>SOXS Graue wolle Socken crazy cat label medium | SOXS.co DE<\/title>\n<meta name=\"description\" content=\"Machen Ihnen kalte F\u00fc\u00dfe oft zu schaffen? Diese graue wolle Socken f\u00fcr Damen und Herren sind zweifellos Ihre L\u00f6sung, um Ihre F\u00fc\u00dfe im Winter warm zu halten.\" \/>\n<meta name=\"robots\" content=\"noindex, follow, max-snippet:-1, max-image-preview:large, max-video-preview:-1\" \/>\n<meta property=\"og:locale\" content=\"de_DE\" \/>\n<meta property=\"og:type\" content=\"article\" \/>\n<meta property=\"og:title\" content=\"SOXS Graue Wolle damensocken und herrensocken crazy cat label wadensocke\" \/>\n<meta property=\"og:description\" content=\"Machen Ihnen kalte F\u00fc\u00dfe oft zu schaffen? Diese graue wolle Socken f\u00fcr Damen und Herren sind zweifellos Ihre L\u00f6sung, um Ihre F\u00fc\u00dfe im Winter warm zu halten.\" \/>\n<meta property=\"og:url\" content=\"https:\/\/soxs.co\/de\/soxs-graue-wolle-damensocken-und-herrensocken-crazy-cat-label-medium\/\" \/>\n<meta property=\"og:site_name\" content=\"SOXS.co DE\" \/>\n<meta property=\"article:publisher\" content=\"https:\/\/www.facebook.com\/soxs.co\/\" \/>\n<meta property=\"article:modified_time\" content=\"2025-06-16T07:52:27+00:00\" \/>\n<meta property=\"og:image\" content=\"https:\/\/soxs.co\/app\/uploads\/sites\/2\/2023\/04\/SOX3637_1000x1000px.png\" \/>\n\t<meta property=\"og:image:width\" content=\"1000\" \/>\n\t<meta property=\"og:image:height\" content=\"1000\" \/>\n\t<meta property=\"og:image:type\" content=\"image\/png\" \/>\n<meta name=\"twitter:card\" content=\"summary_large_image\" \/>\n<meta name=\"twitter:site\" content=\"@soxs_co\" \/>\n<meta name=\"twitter:label1\" content=\"Verf\u00fcgbarkeit\" \/>\n\t<meta name=\"twitter:data1\" content=\"Auf Lager\" \/>\n<script type=\"application\/ld+json\" class=\"yoast-schema-graph\">{\"@context\":\"https:\/\/schema.org\",\"@graph\":[{\"@type\":\"WebPage\",\"@id\":\"https:\/\/soxs.co\/de\/soxs-graue-wolle-damensocken-und-herrensocken-crazy-cat-label-medium\/\",\"url\":\"https:\/\/soxs.co\/de\/soxs-graue-wolle-damensocken-und-herrensocken-crazy-cat-label-medium\/\",\"name\":\"SOXS Graue wolle Socken crazy cat label medium | SOXS.co DE\",\"isPartOf\":{\"@id\":\"https:\/\/soxs.co\/de\/#website\"},\"primaryImageOfPage\":{\"@id\":\"https:\/\/soxs.co\/de\/soxs-graue-wolle-damensocken-und-herrensocken-crazy-cat-label-medium\/#primaryimage\"},\"image\":{\"@id\":\"https:\/\/soxs.co\/de\/soxs-graue-wolle-damensocken-und-herrensocken-crazy-cat-label-medium\/#primaryimage\"},\"thumbnailUrl\":\"https:\/\/dev.soxs.co\/app\/uploads\/sites\/2\/2023\/04\/SOX3637_1000x1000px.png\",\"datePublished\":\"2023-04-11T18:41:14+00:00\",\"dateModified\":\"2025-06-16T07:52:27+00:00\",\"description\":\"Machen Ihnen kalte F\u00fc\u00dfe oft zu schaffen? Diese graue wolle Socken f\u00fcr Damen und Herren sind zweifellos Ihre L\u00f6sung, um Ihre F\u00fc\u00dfe im Winter warm zu halten.\",\"breadcrumb\":{\"@id\":\"https:\/\/soxs.co\/de\/soxs-graue-wolle-damensocken-und-herrensocken-crazy-cat-label-medium\/#breadcrumb\"},\"inLanguage\":\"de\",\"potentialAction\":[{\"@type\":\"ReadAction\",\"target\":[\"https:\/\/soxs.co\/de\/soxs-graue-wolle-damensocken-und-herrensocken-crazy-cat-label-medium\/\"]}]},{\"@type\":\"ImageObject\",\"inLanguage\":\"de\",\"@id\":\"https:\/\/soxs.co\/de\/soxs-graue-wolle-damensocken-und-herrensocken-crazy-cat-label-medium\/#primaryimage\",\"url\":\"https:\/\/dev.soxs.co\/app\/uploads\/sites\/2\/2023\/04\/SOX3637_1000x1000px.png\",\"contentUrl\":\"https:\/\/dev.soxs.co\/app\/uploads\/sites\/2\/2023\/04\/SOX3637_1000x1000px.png\",\"width\":1000,\"height\":1000,\"caption\":\"SOX3637_1000x1000px\"},{\"@type\":\"BreadcrumbList\",\"@id\":\"https:\/\/soxs.co\/de\/soxs-graue-wolle-damensocken-und-herrensocken-crazy-cat-label-medium\/#breadcrumb\",\"itemListElement\":[{\"@type\":\"ListItem\",\"position\":1,\"name\":\"Home\",\"item\":\"https:\/\/soxs.co\/de\/\"},{\"@type\":\"ListItem\",\"position\":2,\"name\":\"Shop\",\"item\":\"https:\/\/soxs.co\/de\/shop\/\"},{\"@type\":\"ListItem\",\"position\":3,\"name\":\"SOXS Graue Wolle damensocken und herrensocken crazy cat label wadensocke\"}]},{\"@type\":\"WebSite\",\"@id\":\"https:\/\/soxs.co\/de\/#website\",\"url\":\"https:\/\/soxs.co\/de\/\",\"name\":\"SOXS.co DE\",\"description\":\"Trendige und wunderbar warme Socken f\u00fcr alle\",\"potentialAction\":[{\"@type\":\"SearchAction\",\"target\":{\"@type\":\"EntryPoint\",\"urlTemplate\":\"https:\/\/soxs.co\/de\/?s={search_term_string}\"},\"query-input\":{\"@type\":\"PropertyValueSpecification\",\"valueRequired\":true,\"valueName\":\"search_term_string\"}}],\"inLanguage\":\"de\"}]}<\/script>\n<meta property=\"og:availability\" content=\"instock\" \/>\n<meta property=\"product:availability\" content=\"instock\" \/>\n<meta property=\"product:retailer_item_id\" content=\"sam3637\" \/>\n<meta property=\"product:condition\" content=\"new\" \/>\n<!-- \/ Yoast SEO Premium plugin. -->","yoast_head_json":{"title":"SOXS Graue wolle Socken crazy cat label medium | SOXS.co DE","description":"Machen Ihnen kalte F\u00fc\u00dfe oft zu schaffen? Diese graue wolle Socken f\u00fcr Damen und Herren sind zweifellos Ihre L\u00f6sung, um Ihre F\u00fc\u00dfe im Winter warm zu halten.","robots":{"index":"noindex","follow":"follow","max-snippet":"max-snippet:-1","max-image-preview":"max-image-preview:large","max-video-preview":"max-video-preview:-1"},"og_locale":"de_DE","og_type":"article","og_title":"SOXS Graue Wolle damensocken und herrensocken crazy cat label wadensocke","og_description":"Machen Ihnen kalte F\u00fc\u00dfe oft zu schaffen? Diese graue wolle Socken f\u00fcr Damen und Herren sind zweifellos Ihre L\u00f6sung, um Ihre F\u00fc\u00dfe im Winter warm zu halten.","og_url":"https:\/\/soxs.co\/de\/soxs-graue-wolle-damensocken-und-herrensocken-crazy-cat-label-medium\/","og_site_name":"SOXS.co DE","article_publisher":"https:\/\/www.facebook.com\/soxs.co\/","article_modified_time":"2025-06-16T07:52:27+00:00","og_image":[{"width":1000,"height":1000,"url":"https:\/\/soxs.co\/app\/uploads\/sites\/2\/2023\/04\/SOX3637_1000x1000px.png","type":"image\/png"}],"twitter_card":"summary_large_image","twitter_site":"@soxs_co","twitter_misc":{"Verf\u00fcgbarkeit":"Auf Lager"},"schema":{"@context":"https:\/\/schema.org","@graph":[{"@type":"WebPage","@id":"https:\/\/soxs.co\/de\/soxs-graue-wolle-damensocken-und-herrensocken-crazy-cat-label-medium\/","url":"https:\/\/soxs.co\/de\/soxs-graue-wolle-damensocken-und-herrensocken-crazy-cat-label-medium\/","name":"SOXS Graue wolle Socken crazy cat label medium | SOXS.co DE","isPartOf":{"@id":"https:\/\/soxs.co\/de\/#website"},"primaryImageOfPage":{"@id":"https:\/\/soxs.co\/de\/soxs-graue-wolle-damensocken-und-herrensocken-crazy-cat-label-medium\/#primaryimage"},"image":{"@id":"https:\/\/soxs.co\/de\/soxs-graue-wolle-damensocken-und-herrensocken-crazy-cat-label-medium\/#primaryimage"},"thumbnailUrl":"https:\/\/dev.soxs.co\/app\/uploads\/sites\/2\/2023\/04\/SOX3637_1000x1000px.png","datePublished":"2023-04-11T18:41:14+00:00","dateModified":"2025-06-16T07:52:27+00:00","description":"Machen Ihnen kalte F\u00fc\u00dfe oft zu schaffen? Diese graue wolle Socken f\u00fcr Damen und Herren sind zweifellos Ihre L\u00f6sung, um Ihre F\u00fc\u00dfe im Winter warm zu halten.","breadcrumb":{"@id":"https:\/\/soxs.co\/de\/soxs-graue-wolle-damensocken-und-herrensocken-crazy-cat-label-medium\/#breadcrumb"},"inLanguage":"de","potentialAction":[{"@type":"ReadAction","target":["https:\/\/soxs.co\/de\/soxs-graue-wolle-damensocken-und-herrensocken-crazy-cat-label-medium\/"]}]},{"@type":"ImageObject","inLanguage":"de","@id":"https:\/\/soxs.co\/de\/soxs-graue-wolle-damensocken-und-herrensocken-crazy-cat-label-medium\/#primaryimage","url":"https:\/\/dev.soxs.co\/app\/uploads\/sites\/2\/2023\/04\/SOX3637_1000x1000px.png","contentUrl":"https:\/\/dev.soxs.co\/app\/uploads\/sites\/2\/2023\/04\/SOX3637_1000x1000px.png","width":1000,"height":1000,"caption":"SOX3637_1000x1000px"},{"@type":"BreadcrumbList","@id":"https:\/\/soxs.co\/de\/soxs-graue-wolle-damensocken-und-herrensocken-crazy-cat-label-medium\/#breadcrumb","itemListElement":[{"@type":"ListItem","position":1,"name":"Home","item":"https:\/\/soxs.co\/de\/"},{"@type":"ListItem","position":2,"name":"Shop","item":"https:\/\/soxs.co\/de\/shop\/"},{"@type":"ListItem","position":3,"name":"SOXS Graue Wolle damensocken und herrensocken crazy cat label wadensocke"}]},{"@type":"WebSite","@id":"https:\/\/soxs.co\/de\/#website","url":"https:\/\/soxs.co\/de\/","name":"SOXS.co DE","description":"Trendige und wunderbar warme Socken f\u00fcr alle","potentialAction":[{"@type":"SearchAction","target":{"@type":"EntryPoint","urlTemplate":"https:\/\/soxs.co\/de\/?s={search_term_string}"},"query-input":{"@type":"PropertyValueSpecification","valueRequired":true,"valueName":"search_term_string"}}],"inLanguage":"de"}]},"og_availability":"instock","product_availability":"instock","product_retailer_item_id":"sam3637","product_condition":"new"},"_links":{"self":[{"href":"https:\/\/dev.soxs.co\/de\/wp-json\/wp\/v2\/product\/125335","targetHints":{"allow":["GET"]}}],"collection":[{"href":"https:\/\/dev.soxs.co\/de\/wp-json\/wp\/v2\/product"}],"about":[{"href":"https:\/\/dev.soxs.co\/de\/wp-json\/wp\/v2\/types\/product"}],"replies":[{"embeddable":true,"href":"https:\/\/dev.soxs.co\/de\/wp-json\/wp\/v2\/comments?post=125335"}],"wp:featuredmedia":[{"embeddable":true,"href":"https:\/\/dev.soxs.co\/de\/wp-json\/wp\/v2\/media\/700128943"}],"wp:attachment":[{"href":"https:\/\/dev.soxs.co\/de\/wp-json\/wp\/v2\/media?parent=125335"}],"wp:term":[{"taxonomy":"product_brand","embeddable":true,"href":"https:\/\/dev.soxs.co\/de\/wp-json\/wp\/v2\/product_brand?post=125335"},{"taxonomy":"product_cat","embeddable":true,"href":"https:\/\/dev.soxs.co\/de\/wp-json\/wp\/v2\/product_cat?post=125335"},{"taxonomy":"product_tag","embeddable":true,"href":"https:\/\/dev.soxs.co\/de\/wp-json\/wp\/v2\/product_tag?post=125335"}],"curies":[{"name":"wp","href":"https:\/\/api.w.org\/{rel}","templated":true}]}}