{"id":121997,"date":"2022-08-31T14:20:34","date_gmt":"2022-08-31T12:20:34","guid":{"rendered":"https:\/\/soxs.co\/de\/?post_type=product&#038;p=121997"},"modified":"2025-06-02T18:05:30","modified_gmt":"2025-06-02T16:05:30","slug":"soxs-damen-outdoor-blaue-wolle-blue-horizon-wadensocke","status":"publish","type":"product","link":"https:\/\/dev.soxs.co\/de\/soxs-damen-outdoor-blaue-wolle-blue-horizon-wadensocke\/","title":{"rendered":"SOXS Blaue wolle socken blue horizon label streetwear wadensocke"},"content":{"rendered":"<p>F\u00fcr die echten Action-Liebhaber stellt SOXS die Outdoor-Wollsocken vor! Diese dunkelblauen Socken, mit Blue Horizon Label, sind f\u00fcr diejenigen, die gerne wandern oder Sport treiben. Die Outdoorsocken sind etwas d\u00fcnner als die &#8222;normalen&#8220; SOXS, die Sie von uns gewohnt sind, damit sie Ihre F\u00fc\u00dfe in den etwas engeren Wander- oder Sportschuhen optimal unterst\u00fctzen k\u00f6nnen. Werden die F\u00fc\u00dfe eingeklemmt, steigt das Risiko von kalten F\u00fc\u00dfen und das wollen wir nat\u00fcrlich nicht! Wollsocken geben Ihnen die gewohnte W\u00e4rme und den Komfort, um durch die kalten Wintertage zu kommen. So k\u00f6nnen Sie Ihre Umgebung in aller Ruhe genie\u00dfen, ohne diese l\u00e4stigen kalten Zehen!<br \/>\nDunkelblaue wolle socken streatwear, Dunkelblaue wolle socken streatwear<\/p>\n","protected":false},"excerpt":{"rendered":"<p>F\u00fcr die echten Action-Liebhaber stellt SOXS die Outdoor-Wollsocken vor! Diese dunkelblauen Socken, mit Blue Horizon Label, sind f\u00fcr diejenigen, die gerne wandern oder Sport treiben. Die Outdoorsocken sind etwas d\u00fcnner als die &#8222;normalen&#8220; SOXS, die Sie von uns gewohnt sind, damit sie Ihre F\u00fc\u00dfe in den etwas engeren Wander- oder Sportschuhen optimal unterst\u00fctzen k\u00f6nnen. Werden die F\u00fc\u00dfe eingeklemmt, steigt das Risiko von kalten F\u00fc\u00dfen und das wollen wir nat\u00fcrlich nicht! Wollsocken geben Ihnen die gewohnte W\u00e4rme und den Komfort, um durch die kalten Wintertage zu kommen. So k\u00f6nnen Sie Ihre Umgebung in aller Ruhe genie\u00dfen, ohne diese l\u00e4stigen kalten Zehen!<\/p>\n","protected":false},"featured_media":700128934,"comment_status":"closed","ping_status":"closed","template":"","meta":{"_acf_changed":false,"_improvement_type_select":"improve_an_existing","_thumb_yes_seoaic":false,"_frame_yes_seoaic":false,"seoaic_generate_description":"","seoaic_improve_instructions_prompt":"","seoaic_rollback_content_improvement":"","seoaic_idea_thumbnail_generator":"","thumbnail_generated":false,"thumbnail_generate_prompt":"","seoaic_article_description":""},"product_brand":[],"product_cat":[58,60,56,1386],"product_tag":[],"class_list":{"0":"post-121997","1":"product","2":"type-product","3":"status-publish","4":"has-post-thumbnail","6":"product_cat-wollsocken-damen","7":"product_cat-wollsocken-herren","8":"product_cat-socken-von-soxs","9":"product_cat-streetwear","11":"first","12":"instock","13":"taxable","14":"shipping-taxable","15":"purchasable","16":"product-type-variable","17":"has-default-attributes"},"acf":[],"yoast_head":"<!-- This site is optimized with the Yoast SEO Premium plugin v22.9 (Yoast SEO v25.3.1) - https:\/\/yoast.com\/wordpress\/plugins\/seo\/ -->\n<title>SOXS Dunkelblaue wollen socken blue horizon | SOXS.co DE<\/title>\n<meta name=\"description\" content=\"Dunkelblaue wolle socken streatwear. Wollsocken geben Ihnen die gewohnte W\u00e4rme und den Komfort, um durch die kalten Wintertage zu kommen.\" \/>\n<meta name=\"robots\" content=\"noindex, follow, max-snippet:-1, max-image-preview:large, max-video-preview:-1\" \/>\n<meta property=\"og:locale\" content=\"de_DE\" \/>\n<meta property=\"og:type\" content=\"article\" \/>\n<meta property=\"og:title\" content=\"SOXS Blaue wolle socken blue horizon label streetwear wadensocke\" \/>\n<meta property=\"og:description\" content=\"Dunkelblaue wolle socken streatwear. Wollsocken geben Ihnen die gewohnte W\u00e4rme und den Komfort, um durch die kalten Wintertage zu kommen.\" \/>\n<meta property=\"og:url\" content=\"https:\/\/soxs.co\/de\/soxs-damen-outdoor-blaue-wolle-blue-horizon-wadensocke\/\" \/>\n<meta property=\"og:site_name\" content=\"SOXS.co DE\" \/>\n<meta property=\"article:publisher\" content=\"https:\/\/www.facebook.com\/soxs.co\/\" \/>\n<meta property=\"article:modified_time\" content=\"2025-06-02T16:05:30+00:00\" \/>\n<meta property=\"og:image\" content=\"https:\/\/soxs.co\/app\/uploads\/sites\/2\/2022\/08\/SOX3530_1000x1000px.png\" \/>\n\t<meta property=\"og:image:width\" content=\"1000\" \/>\n\t<meta property=\"og:image:height\" content=\"1000\" \/>\n\t<meta property=\"og:image:type\" content=\"image\/png\" \/>\n<meta name=\"twitter:card\" content=\"summary_large_image\" \/>\n<meta name=\"twitter:site\" content=\"@soxs_co\" \/>\n<meta name=\"twitter:label1\" content=\"Verf\u00fcgbarkeit\" \/>\n\t<meta name=\"twitter:data1\" content=\"Auf Lager\" \/>\n<script type=\"application\/ld+json\" class=\"yoast-schema-graph\">{\"@context\":\"https:\/\/schema.org\",\"@graph\":[{\"@type\":\"WebPage\",\"@id\":\"https:\/\/soxs.co\/de\/soxs-damen-outdoor-blaue-wolle-blue-horizon-wadensocke\/\",\"url\":\"https:\/\/soxs.co\/de\/soxs-damen-outdoor-blaue-wolle-blue-horizon-wadensocke\/\",\"name\":\"SOXS Dunkelblaue wollen socken blue horizon | SOXS.co DE\",\"isPartOf\":{\"@id\":\"https:\/\/soxs.co\/de\/#website\"},\"primaryImageOfPage\":{\"@id\":\"https:\/\/soxs.co\/de\/soxs-damen-outdoor-blaue-wolle-blue-horizon-wadensocke\/#primaryimage\"},\"image\":{\"@id\":\"https:\/\/soxs.co\/de\/soxs-damen-outdoor-blaue-wolle-blue-horizon-wadensocke\/#primaryimage\"},\"thumbnailUrl\":\"https:\/\/dev.soxs.co\/app\/uploads\/sites\/2\/2022\/08\/SOX3530_1000x1000px.png\",\"datePublished\":\"2022-08-31T12:20:34+00:00\",\"dateModified\":\"2025-06-02T16:05:30+00:00\",\"description\":\"Dunkelblaue wolle socken streatwear. Wollsocken geben Ihnen die gewohnte W\u00e4rme und den Komfort, um durch die kalten Wintertage zu kommen.\",\"breadcrumb\":{\"@id\":\"https:\/\/soxs.co\/de\/soxs-damen-outdoor-blaue-wolle-blue-horizon-wadensocke\/#breadcrumb\"},\"inLanguage\":\"de\",\"potentialAction\":[{\"@type\":\"ReadAction\",\"target\":[\"https:\/\/soxs.co\/de\/soxs-damen-outdoor-blaue-wolle-blue-horizon-wadensocke\/\"]}]},{\"@type\":\"ImageObject\",\"inLanguage\":\"de\",\"@id\":\"https:\/\/soxs.co\/de\/soxs-damen-outdoor-blaue-wolle-blue-horizon-wadensocke\/#primaryimage\",\"url\":\"https:\/\/dev.soxs.co\/app\/uploads\/sites\/2\/2022\/08\/SOX3530_1000x1000px.png\",\"contentUrl\":\"https:\/\/dev.soxs.co\/app\/uploads\/sites\/2\/2022\/08\/SOX3530_1000x1000px.png\",\"width\":1000,\"height\":1000,\"caption\":\"SOX3530_1000x1000px\"},{\"@type\":\"BreadcrumbList\",\"@id\":\"https:\/\/soxs.co\/de\/soxs-damen-outdoor-blaue-wolle-blue-horizon-wadensocke\/#breadcrumb\",\"itemListElement\":[{\"@type\":\"ListItem\",\"position\":1,\"name\":\"Home\",\"item\":\"https:\/\/soxs.co\/de\/\"},{\"@type\":\"ListItem\",\"position\":2,\"name\":\"Shop\",\"item\":\"https:\/\/soxs.co\/de\/shop\/\"},{\"@type\":\"ListItem\",\"position\":3,\"name\":\"SOXS Blaue wolle socken blue horizon label streetwear wadensocke\"}]},{\"@type\":\"WebSite\",\"@id\":\"https:\/\/soxs.co\/de\/#website\",\"url\":\"https:\/\/soxs.co\/de\/\",\"name\":\"SOXS.co DE\",\"description\":\"Trendige und wunderbar warme Socken f\u00fcr alle\",\"potentialAction\":[{\"@type\":\"SearchAction\",\"target\":{\"@type\":\"EntryPoint\",\"urlTemplate\":\"https:\/\/soxs.co\/de\/?s={search_term_string}\"},\"query-input\":{\"@type\":\"PropertyValueSpecification\",\"valueRequired\":true,\"valueName\":\"search_term_string\"}}],\"inLanguage\":\"de\"}]}<\/script>\n<meta property=\"og:availability\" content=\"instock\" \/>\n<meta property=\"product:availability\" content=\"instock\" \/>\n<meta property=\"product:retailer_item_id\" content=\"sam3530\" \/>\n<meta property=\"product:condition\" content=\"new\" \/>\n<!-- \/ Yoast SEO Premium plugin. -->","yoast_head_json":{"title":"SOXS Dunkelblaue wollen socken blue horizon | SOXS.co DE","description":"Dunkelblaue wolle socken streatwear. Wollsocken geben Ihnen die gewohnte W\u00e4rme und den Komfort, um durch die kalten Wintertage zu kommen.","robots":{"index":"noindex","follow":"follow","max-snippet":"max-snippet:-1","max-image-preview":"max-image-preview:large","max-video-preview":"max-video-preview:-1"},"og_locale":"de_DE","og_type":"article","og_title":"SOXS Blaue wolle socken blue horizon label streetwear wadensocke","og_description":"Dunkelblaue wolle socken streatwear. Wollsocken geben Ihnen die gewohnte W\u00e4rme und den Komfort, um durch die kalten Wintertage zu kommen.","og_url":"https:\/\/soxs.co\/de\/soxs-damen-outdoor-blaue-wolle-blue-horizon-wadensocke\/","og_site_name":"SOXS.co DE","article_publisher":"https:\/\/www.facebook.com\/soxs.co\/","article_modified_time":"2025-06-02T16:05:30+00:00","og_image":[{"width":1000,"height":1000,"url":"https:\/\/soxs.co\/app\/uploads\/sites\/2\/2022\/08\/SOX3530_1000x1000px.png","type":"image\/png"}],"twitter_card":"summary_large_image","twitter_site":"@soxs_co","twitter_misc":{"Verf\u00fcgbarkeit":"Auf Lager"},"schema":{"@context":"https:\/\/schema.org","@graph":[{"@type":"WebPage","@id":"https:\/\/soxs.co\/de\/soxs-damen-outdoor-blaue-wolle-blue-horizon-wadensocke\/","url":"https:\/\/soxs.co\/de\/soxs-damen-outdoor-blaue-wolle-blue-horizon-wadensocke\/","name":"SOXS Dunkelblaue wollen socken blue horizon | SOXS.co DE","isPartOf":{"@id":"https:\/\/soxs.co\/de\/#website"},"primaryImageOfPage":{"@id":"https:\/\/soxs.co\/de\/soxs-damen-outdoor-blaue-wolle-blue-horizon-wadensocke\/#primaryimage"},"image":{"@id":"https:\/\/soxs.co\/de\/soxs-damen-outdoor-blaue-wolle-blue-horizon-wadensocke\/#primaryimage"},"thumbnailUrl":"https:\/\/dev.soxs.co\/app\/uploads\/sites\/2\/2022\/08\/SOX3530_1000x1000px.png","datePublished":"2022-08-31T12:20:34+00:00","dateModified":"2025-06-02T16:05:30+00:00","description":"Dunkelblaue wolle socken streatwear. Wollsocken geben Ihnen die gewohnte W\u00e4rme und den Komfort, um durch die kalten Wintertage zu kommen.","breadcrumb":{"@id":"https:\/\/soxs.co\/de\/soxs-damen-outdoor-blaue-wolle-blue-horizon-wadensocke\/#breadcrumb"},"inLanguage":"de","potentialAction":[{"@type":"ReadAction","target":["https:\/\/soxs.co\/de\/soxs-damen-outdoor-blaue-wolle-blue-horizon-wadensocke\/"]}]},{"@type":"ImageObject","inLanguage":"de","@id":"https:\/\/soxs.co\/de\/soxs-damen-outdoor-blaue-wolle-blue-horizon-wadensocke\/#primaryimage","url":"https:\/\/dev.soxs.co\/app\/uploads\/sites\/2\/2022\/08\/SOX3530_1000x1000px.png","contentUrl":"https:\/\/dev.soxs.co\/app\/uploads\/sites\/2\/2022\/08\/SOX3530_1000x1000px.png","width":1000,"height":1000,"caption":"SOX3530_1000x1000px"},{"@type":"BreadcrumbList","@id":"https:\/\/soxs.co\/de\/soxs-damen-outdoor-blaue-wolle-blue-horizon-wadensocke\/#breadcrumb","itemListElement":[{"@type":"ListItem","position":1,"name":"Home","item":"https:\/\/soxs.co\/de\/"},{"@type":"ListItem","position":2,"name":"Shop","item":"https:\/\/soxs.co\/de\/shop\/"},{"@type":"ListItem","position":3,"name":"SOXS Blaue wolle socken blue horizon label streetwear wadensocke"}]},{"@type":"WebSite","@id":"https:\/\/soxs.co\/de\/#website","url":"https:\/\/soxs.co\/de\/","name":"SOXS.co DE","description":"Trendige und wunderbar warme Socken f\u00fcr alle","potentialAction":[{"@type":"SearchAction","target":{"@type":"EntryPoint","urlTemplate":"https:\/\/soxs.co\/de\/?s={search_term_string}"},"query-input":{"@type":"PropertyValueSpecification","valueRequired":true,"valueName":"search_term_string"}}],"inLanguage":"de"}]},"og_availability":"instock","product_availability":"instock","product_retailer_item_id":"sam3530","product_condition":"new"},"_links":{"self":[{"href":"https:\/\/dev.soxs.co\/de\/wp-json\/wp\/v2\/product\/121997","targetHints":{"allow":["GET"]}}],"collection":[{"href":"https:\/\/dev.soxs.co\/de\/wp-json\/wp\/v2\/product"}],"about":[{"href":"https:\/\/dev.soxs.co\/de\/wp-json\/wp\/v2\/types\/product"}],"replies":[{"embeddable":true,"href":"https:\/\/dev.soxs.co\/de\/wp-json\/wp\/v2\/comments?post=121997"}],"wp:featuredmedia":[{"embeddable":true,"href":"https:\/\/dev.soxs.co\/de\/wp-json\/wp\/v2\/media\/700128934"}],"wp:attachment":[{"href":"https:\/\/dev.soxs.co\/de\/wp-json\/wp\/v2\/media?parent=121997"}],"wp:term":[{"taxonomy":"product_brand","embeddable":true,"href":"https:\/\/dev.soxs.co\/de\/wp-json\/wp\/v2\/product_brand?post=121997"},{"taxonomy":"product_cat","embeddable":true,"href":"https:\/\/dev.soxs.co\/de\/wp-json\/wp\/v2\/product_cat?post=121997"},{"taxonomy":"product_tag","embeddable":true,"href":"https:\/\/dev.soxs.co\/de\/wp-json\/wp\/v2\/product_tag?post=121997"}],"curies":[{"name":"wp","href":"https:\/\/api.w.org\/{rel}","templated":true}]}}