{"id":121899,"date":"2022-08-26T16:15:14","date_gmt":"2022-08-26T14:15:14","guid":{"rendered":"https:\/\/soxs.co\/de\/?post_type=product&#038;p=121899"},"modified":"2025-04-15T15:40:12","modified_gmt":"2025-04-15T13:40:12","slug":"soxs-wolle-stopfgarn-schwarze","status":"publish","type":"product","link":"https:\/\/dev.soxs.co\/de\/soxs-wolle-stopfgarn-schwarze\/","title":{"rendered":"SOXS Wolle stopfgarn schwarze"},"content":{"rendered":"<p>Fr\u00fcher trug man in Holzschuhen oft Wollsocken, die sich schnell abnutzten. Die L\u00f6sung? Garn zum Stopfen! Damit konnte man schnell L\u00f6cher in die Socken machen. Heutzutage neigen wir oft dazu, Socken mit L\u00f6chern wegzuwerfen. Man hat jahrelang Freude an seinen SOXS und dann wirft man sie weg. Und das ist sehr schade! Denn mit ein bisschen Weben k\u00f6nnen Sie den Mangel schnell beheben. Mit diesem schwarzen Stopfgarn von SOXS k\u00f6nnen Sie ganz einfach ein Loch in Ihren schwarzen Wollsocken reparieren.<br \/>\nWolle stopfgarn schwarz. Wolle stopfgarn schwarz<\/p>\n<p>&nbsp;<\/p>\n","protected":false},"excerpt":{"rendered":"<p>Fr\u00fcher trug man in Holzschuhen oft Wollsocken, die sich schnell abnutzten. Die L\u00f6sung? Garn zum Stopfen! Damit konnte man schnell L\u00f6cher in die Socken machen. Heutzutage neigen wir oft dazu, Socken mit L\u00f6chern wegzuwerfen. Man hat jahrelang Freude an seinen SOXS und dann wirft man sie weg. Und das ist sehr schade! Denn mit ein bisschen Weben k\u00f6nnen Sie den Mangel schnell beheben. Mit diesem schwarzen Stopfgarn von SOXS k\u00f6nnen Sie ganz einfach ein Loch in Ihren schwarzen Wollsocken reparieren.<\/p>\n<p>Wollen Sie wissen, wie einfach es ist, die SOXS zu stoppen? Dann sehen Sie sich unser <a href=\"https:\/\/soxs.co\/de\/nachhaltige-socken\/\">Video<\/a> an!<\/p>\n","protected":false},"featured_media":121901,"comment_status":"closed","ping_status":"closed","template":"","meta":{"_acf_changed":false,"_improvement_type_select":"improve_an_existing","_thumb_yes_seoaic":false,"_frame_yes_seoaic":false,"seoaic_generate_description":"","seoaic_improve_instructions_prompt":"","seoaic_rollback_content_improvement":"","seoaic_idea_thumbnail_generator":"","thumbnail_generated":false,"thumbnail_generate_prompt":"","seoaic_article_description":""},"product_brand":[],"product_cat":[1307,1314],"product_tag":[],"class_list":{"0":"post-121899","1":"product","2":"type-product","3":"status-publish","4":"has-post-thumbnail","6":"product_cat-care-for-your-soxs","7":"product_cat-care","9":"first","10":"instock","11":"taxable","12":"shipping-taxable","13":"purchasable","14":"product-type-simple"},"acf":[],"yoast_head":"<!-- This site is optimized with the Yoast SEO Premium plugin v22.9 (Yoast SEO v25.3.1) - https:\/\/yoast.com\/wordpress\/plugins\/seo\/ -->\n<title>SOXS Wolle stopfgarn schwarze | SOXS.co DE<\/title>\n<meta name=\"description\" content=\"Mit ein bisschen Weben k\u00f6nnen Sie den Mangel schnell beheben. Mit diesem Wolle stopfgarn schwarz k\u00f6nnen Sie einfach ein Loch in Ihren socken reparieren.\" \/>\n<meta name=\"robots\" content=\"noindex, follow, max-snippet:-1, max-image-preview:large, max-video-preview:-1\" \/>\n<meta property=\"og:locale\" content=\"de_DE\" \/>\n<meta property=\"og:type\" content=\"article\" \/>\n<meta property=\"og:title\" content=\"SOXS Wolle stopfgarn schwarze\" \/>\n<meta property=\"og:description\" content=\"Mit ein bisschen Weben k\u00f6nnen Sie den Mangel schnell beheben. Mit diesem Wolle stopfgarn schwarz k\u00f6nnen Sie einfach ein Loch in Ihren socken reparieren.\" \/>\n<meta property=\"og:url\" content=\"https:\/\/soxs.co\/de\/soxs-wolle-stopfgarn-schwarze\/\" \/>\n<meta property=\"og:site_name\" content=\"SOXS.co DE\" \/>\n<meta property=\"article:publisher\" content=\"https:\/\/www.facebook.com\/soxs.co\/\" \/>\n<meta property=\"article:modified_time\" content=\"2025-04-15T13:40:12+00:00\" \/>\n<meta property=\"og:image\" content=\"https:\/\/soxs.co\/app\/uploads\/sites\/2\/2022\/08\/Stopgaren-Black-e1637335544334.png\" \/>\n\t<meta property=\"og:image:width\" content=\"1182\" \/>\n\t<meta property=\"og:image:height\" content=\"1773\" \/>\n\t<meta property=\"og:image:type\" content=\"image\/png\" \/>\n<meta name=\"twitter:card\" content=\"summary_large_image\" \/>\n<meta name=\"twitter:site\" content=\"@soxs_co\" \/>\n<meta name=\"twitter:label1\" content=\"Preis\" \/>\n\t<meta name=\"twitter:data1\" content=\"&nbsp;2.95\" \/>\n\t<meta name=\"twitter:label2\" content=\"Verf\u00fcgbarkeit\" \/>\n\t<meta name=\"twitter:data2\" content=\"Auf Lager\" \/>\n<script type=\"application\/ld+json\" class=\"yoast-schema-graph\">{\"@context\":\"https:\/\/schema.org\",\"@graph\":[{\"@type\":\"WebPage\",\"@id\":\"https:\/\/soxs.co\/de\/soxs-wolle-stopfgarn-schwarze\/\",\"url\":\"https:\/\/soxs.co\/de\/soxs-wolle-stopfgarn-schwarze\/\",\"name\":\"SOXS Wolle stopfgarn schwarze | SOXS.co DE\",\"isPartOf\":{\"@id\":\"https:\/\/soxs.co\/de\/#website\"},\"primaryImageOfPage\":{\"@id\":\"https:\/\/soxs.co\/de\/soxs-wolle-stopfgarn-schwarze\/#primaryimage\"},\"image\":{\"@id\":\"https:\/\/soxs.co\/de\/soxs-wolle-stopfgarn-schwarze\/#primaryimage\"},\"thumbnailUrl\":\"https:\/\/dev.soxs.co\/app\/uploads\/sites\/2\/2022\/08\/Stopgaren-Black-e1637335544334.png\",\"datePublished\":\"2022-08-26T14:15:14+00:00\",\"dateModified\":\"2025-04-15T13:40:12+00:00\",\"description\":\"Mit ein bisschen Weben k\u00f6nnen Sie den Mangel schnell beheben. Mit diesem Wolle stopfgarn schwarz k\u00f6nnen Sie einfach ein Loch in Ihren socken reparieren.\",\"breadcrumb\":{\"@id\":\"https:\/\/soxs.co\/de\/soxs-wolle-stopfgarn-schwarze\/#breadcrumb\"},\"inLanguage\":\"de\",\"potentialAction\":[{\"@type\":\"ReadAction\",\"target\":[\"https:\/\/soxs.co\/de\/soxs-wolle-stopfgarn-schwarze\/\"]}]},{\"@type\":\"ImageObject\",\"inLanguage\":\"de\",\"@id\":\"https:\/\/soxs.co\/de\/soxs-wolle-stopfgarn-schwarze\/#primaryimage\",\"url\":\"https:\/\/dev.soxs.co\/app\/uploads\/sites\/2\/2022\/08\/Stopgaren-Black-e1637335544334.png\",\"contentUrl\":\"https:\/\/dev.soxs.co\/app\/uploads\/sites\/2\/2022\/08\/Stopgaren-Black-e1637335544334.png\",\"width\":1182,\"height\":1773,\"caption\":\"Stopgaren-Black-e1637335544334\"},{\"@type\":\"BreadcrumbList\",\"@id\":\"https:\/\/soxs.co\/de\/soxs-wolle-stopfgarn-schwarze\/#breadcrumb\",\"itemListElement\":[{\"@type\":\"ListItem\",\"position\":1,\"name\":\"Home\",\"item\":\"https:\/\/soxs.co\/de\/\"},{\"@type\":\"ListItem\",\"position\":2,\"name\":\"Shop\",\"item\":\"https:\/\/soxs.co\/de\/shop\/\"},{\"@type\":\"ListItem\",\"position\":3,\"name\":\"SOXS Wolle stopfgarn schwarze\"}]},{\"@type\":\"WebSite\",\"@id\":\"https:\/\/soxs.co\/de\/#website\",\"url\":\"https:\/\/soxs.co\/de\/\",\"name\":\"SOXS.co DE\",\"description\":\"Trendige und wunderbar warme Socken f\u00fcr alle\",\"potentialAction\":[{\"@type\":\"SearchAction\",\"target\":{\"@type\":\"EntryPoint\",\"urlTemplate\":\"https:\/\/soxs.co\/de\/?s={search_term_string}\"},\"query-input\":{\"@type\":\"PropertyValueSpecification\",\"valueRequired\":true,\"valueName\":\"search_term_string\"}}],\"inLanguage\":\"de\"}]}<\/script>\n<meta property=\"product:price:amount\" content=\"2.95\" \/>\n<meta property=\"product:price:currency\" content=\"EUR\" \/>\n<meta property=\"og:availability\" content=\"instock\" \/>\n<meta property=\"product:availability\" content=\"instock\" \/>\n<meta property=\"product:retailer_item_id\" content=\"SOX3495\" \/>\n<meta property=\"product:condition\" content=\"new\" \/>\n<!-- \/ Yoast SEO Premium plugin. -->","yoast_head_json":{"title":"SOXS Wolle stopfgarn schwarze | SOXS.co DE","description":"Mit ein bisschen Weben k\u00f6nnen Sie den Mangel schnell beheben. Mit diesem Wolle stopfgarn schwarz k\u00f6nnen Sie einfach ein Loch in Ihren socken reparieren.","robots":{"index":"noindex","follow":"follow","max-snippet":"max-snippet:-1","max-image-preview":"max-image-preview:large","max-video-preview":"max-video-preview:-1"},"og_locale":"de_DE","og_type":"article","og_title":"SOXS Wolle stopfgarn schwarze","og_description":"Mit ein bisschen Weben k\u00f6nnen Sie den Mangel schnell beheben. Mit diesem Wolle stopfgarn schwarz k\u00f6nnen Sie einfach ein Loch in Ihren socken reparieren.","og_url":"https:\/\/soxs.co\/de\/soxs-wolle-stopfgarn-schwarze\/","og_site_name":"SOXS.co DE","article_publisher":"https:\/\/www.facebook.com\/soxs.co\/","article_modified_time":"2025-04-15T13:40:12+00:00","og_image":[{"width":1182,"height":1773,"url":"https:\/\/soxs.co\/app\/uploads\/sites\/2\/2022\/08\/Stopgaren-Black-e1637335544334.png","type":"image\/png"}],"twitter_card":"summary_large_image","twitter_site":"@soxs_co","twitter_misc":{"Preis":"&nbsp;2.95","Verf\u00fcgbarkeit":"Auf Lager"},"schema":{"@context":"https:\/\/schema.org","@graph":[{"@type":"WebPage","@id":"https:\/\/soxs.co\/de\/soxs-wolle-stopfgarn-schwarze\/","url":"https:\/\/soxs.co\/de\/soxs-wolle-stopfgarn-schwarze\/","name":"SOXS Wolle stopfgarn schwarze | SOXS.co DE","isPartOf":{"@id":"https:\/\/soxs.co\/de\/#website"},"primaryImageOfPage":{"@id":"https:\/\/soxs.co\/de\/soxs-wolle-stopfgarn-schwarze\/#primaryimage"},"image":{"@id":"https:\/\/soxs.co\/de\/soxs-wolle-stopfgarn-schwarze\/#primaryimage"},"thumbnailUrl":"https:\/\/dev.soxs.co\/app\/uploads\/sites\/2\/2022\/08\/Stopgaren-Black-e1637335544334.png","datePublished":"2022-08-26T14:15:14+00:00","dateModified":"2025-04-15T13:40:12+00:00","description":"Mit ein bisschen Weben k\u00f6nnen Sie den Mangel schnell beheben. Mit diesem Wolle stopfgarn schwarz k\u00f6nnen Sie einfach ein Loch in Ihren socken reparieren.","breadcrumb":{"@id":"https:\/\/soxs.co\/de\/soxs-wolle-stopfgarn-schwarze\/#breadcrumb"},"inLanguage":"de","potentialAction":[{"@type":"ReadAction","target":["https:\/\/soxs.co\/de\/soxs-wolle-stopfgarn-schwarze\/"]}]},{"@type":"ImageObject","inLanguage":"de","@id":"https:\/\/soxs.co\/de\/soxs-wolle-stopfgarn-schwarze\/#primaryimage","url":"https:\/\/dev.soxs.co\/app\/uploads\/sites\/2\/2022\/08\/Stopgaren-Black-e1637335544334.png","contentUrl":"https:\/\/dev.soxs.co\/app\/uploads\/sites\/2\/2022\/08\/Stopgaren-Black-e1637335544334.png","width":1182,"height":1773,"caption":"Stopgaren-Black-e1637335544334"},{"@type":"BreadcrumbList","@id":"https:\/\/soxs.co\/de\/soxs-wolle-stopfgarn-schwarze\/#breadcrumb","itemListElement":[{"@type":"ListItem","position":1,"name":"Home","item":"https:\/\/soxs.co\/de\/"},{"@type":"ListItem","position":2,"name":"Shop","item":"https:\/\/soxs.co\/de\/shop\/"},{"@type":"ListItem","position":3,"name":"SOXS Wolle stopfgarn schwarze"}]},{"@type":"WebSite","@id":"https:\/\/soxs.co\/de\/#website","url":"https:\/\/soxs.co\/de\/","name":"SOXS.co DE","description":"Trendige und wunderbar warme Socken f\u00fcr alle","potentialAction":[{"@type":"SearchAction","target":{"@type":"EntryPoint","urlTemplate":"https:\/\/soxs.co\/de\/?s={search_term_string}"},"query-input":{"@type":"PropertyValueSpecification","valueRequired":true,"valueName":"search_term_string"}}],"inLanguage":"de"}]},"product_price_amount":"2.95","product_price_currency":"EUR","og_availability":"instock","product_availability":"instock","product_retailer_item_id":"SOX3495","product_condition":"new"},"_links":{"self":[{"href":"https:\/\/dev.soxs.co\/de\/wp-json\/wp\/v2\/product\/121899","targetHints":{"allow":["GET"]}}],"collection":[{"href":"https:\/\/dev.soxs.co\/de\/wp-json\/wp\/v2\/product"}],"about":[{"href":"https:\/\/dev.soxs.co\/de\/wp-json\/wp\/v2\/types\/product"}],"replies":[{"embeddable":true,"href":"https:\/\/dev.soxs.co\/de\/wp-json\/wp\/v2\/comments?post=121899"}],"wp:featuredmedia":[{"embeddable":true,"href":"https:\/\/dev.soxs.co\/de\/wp-json\/wp\/v2\/media\/121901"}],"wp:attachment":[{"href":"https:\/\/dev.soxs.co\/de\/wp-json\/wp\/v2\/media?parent=121899"}],"wp:term":[{"taxonomy":"product_brand","embeddable":true,"href":"https:\/\/dev.soxs.co\/de\/wp-json\/wp\/v2\/product_brand?post=121899"},{"taxonomy":"product_cat","embeddable":true,"href":"https:\/\/dev.soxs.co\/de\/wp-json\/wp\/v2\/product_cat?post=121899"},{"taxonomy":"product_tag","embeddable":true,"href":"https:\/\/dev.soxs.co\/de\/wp-json\/wp\/v2\/product_tag?post=121899"}],"curies":[{"name":"wp","href":"https:\/\/api.w.org\/{rel}","templated":true}]}}