{"id":121713,"date":"2022-08-18T11:02:31","date_gmt":"2022-08-18T09:02:31","guid":{"rendered":"https:\/\/soxs.co\/de\/?post_type=product&#038;p=121713"},"modified":"2025-06-21T02:51:19","modified_gmt":"2025-06-12T18:21:13","slug":"soxs-grau-xl-badetuch-210-x-95-cm","status":"publish","type":"product","link":"https:\/\/dev.soxs.co\/de\/soxs-grau-xl-badetuch-210-x-95-cm\/","title":{"rendered":"SOXS Grau XL Badetuch 210 x 95 cm"},"content":{"rendered":"","protected":false},"excerpt":{"rendered":"<p>Neu in unserer Kollektion ist dieses tolle XL Badetuch. Leicht und schnell trocknend. Ideal f\u00fcr den Pool und den Strand. Mit einer XL-Gr\u00f6\u00dfe von 210 x 95 cm werden Sie nie wieder auf einem Strandkorb sitzen, sondern auf Ihrem SOXS.co Handtuch. Hergestellt aus 100% Baumwolle und produziert in Europa. Er passt leicht in Ihren Koffer und ist ideal zum Mitnehmen.<\/p>\n","protected":false},"featured_media":121717,"comment_status":"closed","ping_status":"closed","template":"","meta":{"_acf_changed":false,"_improvement_type_select":"improve_an_existing","_thumb_yes_seoaic":false,"_frame_yes_seoaic":false,"seoaic_generate_description":"","seoaic_improve_instructions_prompt":"","seoaic_rollback_content_improvement":"","seoaic_idea_thumbnail_generator":"","thumbnail_generated":false,"thumbnail_generate_prompt":"","seoaic_article_description":""},"product_brand":[],"product_cat":[1375,96],"product_tag":[],"class_list":{"0":"post-121713","1":"product","2":"type-product","3":"status-publish","4":"has-post-thumbnail","6":"product_cat-badetuch","7":"product_cat-specials","9":"first","10":"instock","11":"sale","12":"taxable","13":"shipping-taxable","14":"purchasable","15":"product-type-simple"},"acf":[],"yoast_head":"<!-- This site is optimized with the Yoast SEO Premium plugin v22.9 (Yoast SEO v25.3.1) - https:\/\/yoast.com\/wordpress\/plugins\/seo\/ -->\n<title>Grau XL badetuch 210 x 95 cm - SOXS.co DE<\/title>\n<meta name=\"description\" content=\"Neu in unserer Kollektion ist dieses tolle XL Badetuch. Leicht und schnell trocknend. Ideal f\u00fcr den Pool und den Strand. .\" \/>\n<meta name=\"robots\" content=\"noindex, follow, max-snippet:-1, max-image-preview:large, max-video-preview:-1\" \/>\n<meta property=\"og:locale\" content=\"de_DE\" \/>\n<meta property=\"og:type\" content=\"article\" \/>\n<meta property=\"og:title\" content=\"SOXS Grau XL Badetuch 210 x 95 cm\" \/>\n<meta property=\"og:description\" content=\"Neu in unserer Kollektion ist dieses tolle XL Badetuch. Leicht und schnell trocknend. Ideal f\u00fcr den Pool und den Strand. .\" \/>\n<meta property=\"og:url\" content=\"https:\/\/soxs.co\/de\/soxs-grau-xl-badetuch-210-x-95-cm\/\" \/>\n<meta property=\"og:site_name\" content=\"SOXS.co DE\" \/>\n<meta property=\"article:publisher\" content=\"https:\/\/www.facebook.com\/soxs.co\/\" \/>\n<meta property=\"article:modified_time\" content=\"2025-06-12T18:21:13+00:00\" \/>\n<meta property=\"og:image\" content=\"https:\/\/soxs.co\/app\/uploads\/sites\/2\/2022\/08\/1970-01-20-060150883-scaled.jpg\" \/>\n\t<meta property=\"og:image:width\" content=\"2560\" \/>\n\t<meta property=\"og:image:height\" content=\"2498\" \/>\n\t<meta property=\"og:image:type\" content=\"image\/jpeg\" \/>\n<meta name=\"twitter:card\" content=\"summary_large_image\" \/>\n<meta name=\"twitter:site\" content=\"@soxs_co\" \/>\n<meta name=\"twitter:label1\" content=\"Preis\" \/>\n\t<meta name=\"twitter:data1\" content=\"&nbsp;19.95\" \/>\n\t<meta name=\"twitter:label2\" content=\"Verf\u00fcgbarkeit\" \/>\n\t<meta name=\"twitter:data2\" content=\"Auf Lager\" \/>\n<script type=\"application\/ld+json\" class=\"yoast-schema-graph\">{\"@context\":\"https:\/\/schema.org\",\"@graph\":[{\"@type\":\"WebPage\",\"@id\":\"https:\/\/soxs.co\/de\/soxs-grau-xl-badetuch-210-x-95-cm\/\",\"url\":\"https:\/\/soxs.co\/de\/soxs-grau-xl-badetuch-210-x-95-cm\/\",\"name\":\"Grau XL badetuch 210 x 95 cm - SOXS.co DE\",\"isPartOf\":{\"@id\":\"https:\/\/soxs.co\/de\/#website\"},\"primaryImageOfPage\":{\"@id\":\"https:\/\/soxs.co\/de\/soxs-grau-xl-badetuch-210-x-95-cm\/#primaryimage\"},\"image\":{\"@id\":\"https:\/\/soxs.co\/de\/soxs-grau-xl-badetuch-210-x-95-cm\/#primaryimage\"},\"thumbnailUrl\":\"https:\/\/dev.soxs.co\/app\/uploads\/sites\/2\/2022\/08\/1970-01-20-060150883-scaled.jpg\",\"datePublished\":\"2022-08-18T09:02:31+00:00\",\"dateModified\":\"2025-06-12T18:21:13+00:00\",\"description\":\"Neu in unserer Kollektion ist dieses tolle XL Badetuch. Leicht und schnell trocknend. Ideal f\u00fcr den Pool und den Strand. .\",\"breadcrumb\":{\"@id\":\"https:\/\/soxs.co\/de\/soxs-grau-xl-badetuch-210-x-95-cm\/#breadcrumb\"},\"inLanguage\":\"de\",\"potentialAction\":[{\"@type\":\"ReadAction\",\"target\":[\"https:\/\/soxs.co\/de\/soxs-grau-xl-badetuch-210-x-95-cm\/\"]}]},{\"@type\":\"ImageObject\",\"inLanguage\":\"de\",\"@id\":\"https:\/\/soxs.co\/de\/soxs-grau-xl-badetuch-210-x-95-cm\/#primaryimage\",\"url\":\"https:\/\/dev.soxs.co\/app\/uploads\/sites\/2\/2022\/08\/1970-01-20-060150883-scaled.jpg\",\"contentUrl\":\"https:\/\/dev.soxs.co\/app\/uploads\/sites\/2\/2022\/08\/1970-01-20-060150883-scaled.jpg\",\"width\":2560,\"height\":2498,\"caption\":\"Processed with VSCO with preset\"},{\"@type\":\"BreadcrumbList\",\"@id\":\"https:\/\/soxs.co\/de\/soxs-grau-xl-badetuch-210-x-95-cm\/#breadcrumb\",\"itemListElement\":[{\"@type\":\"ListItem\",\"position\":1,\"name\":\"Home\",\"item\":\"https:\/\/soxs.co\/de\/\"},{\"@type\":\"ListItem\",\"position\":2,\"name\":\"Shop\",\"item\":\"https:\/\/soxs.co\/de\/shop\/\"},{\"@type\":\"ListItem\",\"position\":3,\"name\":\"SOXS Grau XL Badetuch 210 x 95 cm\"}]},{\"@type\":\"WebSite\",\"@id\":\"https:\/\/soxs.co\/de\/#website\",\"url\":\"https:\/\/soxs.co\/de\/\",\"name\":\"SOXS.co DE\",\"description\":\"Trendige und wunderbar warme Socken f\u00fcr alle\",\"potentialAction\":[{\"@type\":\"SearchAction\",\"target\":{\"@type\":\"EntryPoint\",\"urlTemplate\":\"https:\/\/soxs.co\/de\/?s={search_term_string}\"},\"query-input\":{\"@type\":\"PropertyValueSpecification\",\"valueRequired\":true,\"valueName\":\"search_term_string\"}}],\"inLanguage\":\"de\"}]}<\/script>\n<meta property=\"product:price:amount\" content=\"19.95\" \/>\n<meta property=\"product:price:currency\" content=\"EUR\" \/>\n<meta property=\"og:availability\" content=\"instock\" \/>\n<meta property=\"product:availability\" content=\"instock\" \/>\n<meta property=\"product:retailer_item_id\" content=\"SOX3568\" \/>\n<meta property=\"product:condition\" content=\"new\" \/>\n<!-- \/ Yoast SEO Premium plugin. -->","yoast_head_json":{"title":"Grau XL badetuch 210 x 95 cm - SOXS.co DE","description":"Neu in unserer Kollektion ist dieses tolle XL Badetuch. Leicht und schnell trocknend. Ideal f\u00fcr den Pool und den Strand. .","robots":{"index":"noindex","follow":"follow","max-snippet":"max-snippet:-1","max-image-preview":"max-image-preview:large","max-video-preview":"max-video-preview:-1"},"og_locale":"de_DE","og_type":"article","og_title":"SOXS Grau XL Badetuch 210 x 95 cm","og_description":"Neu in unserer Kollektion ist dieses tolle XL Badetuch. Leicht und schnell trocknend. Ideal f\u00fcr den Pool und den Strand. .","og_url":"https:\/\/soxs.co\/de\/soxs-grau-xl-badetuch-210-x-95-cm\/","og_site_name":"SOXS.co DE","article_publisher":"https:\/\/www.facebook.com\/soxs.co\/","article_modified_time":"2025-06-12T18:21:13+00:00","og_image":[{"width":2560,"height":2498,"url":"https:\/\/soxs.co\/app\/uploads\/sites\/2\/2022\/08\/1970-01-20-060150883-scaled.jpg","type":"image\/jpeg"}],"twitter_card":"summary_large_image","twitter_site":"@soxs_co","twitter_misc":{"Preis":"&nbsp;19.95","Verf\u00fcgbarkeit":"Auf Lager"},"schema":{"@context":"https:\/\/schema.org","@graph":[{"@type":"WebPage","@id":"https:\/\/soxs.co\/de\/soxs-grau-xl-badetuch-210-x-95-cm\/","url":"https:\/\/soxs.co\/de\/soxs-grau-xl-badetuch-210-x-95-cm\/","name":"Grau XL badetuch 210 x 95 cm - SOXS.co DE","isPartOf":{"@id":"https:\/\/soxs.co\/de\/#website"},"primaryImageOfPage":{"@id":"https:\/\/soxs.co\/de\/soxs-grau-xl-badetuch-210-x-95-cm\/#primaryimage"},"image":{"@id":"https:\/\/soxs.co\/de\/soxs-grau-xl-badetuch-210-x-95-cm\/#primaryimage"},"thumbnailUrl":"https:\/\/dev.soxs.co\/app\/uploads\/sites\/2\/2022\/08\/1970-01-20-060150883-scaled.jpg","datePublished":"2022-08-18T09:02:31+00:00","dateModified":"2025-06-12T18:21:13+00:00","description":"Neu in unserer Kollektion ist dieses tolle XL Badetuch. Leicht und schnell trocknend. Ideal f\u00fcr den Pool und den Strand. .","breadcrumb":{"@id":"https:\/\/soxs.co\/de\/soxs-grau-xl-badetuch-210-x-95-cm\/#breadcrumb"},"inLanguage":"de","potentialAction":[{"@type":"ReadAction","target":["https:\/\/soxs.co\/de\/soxs-grau-xl-badetuch-210-x-95-cm\/"]}]},{"@type":"ImageObject","inLanguage":"de","@id":"https:\/\/soxs.co\/de\/soxs-grau-xl-badetuch-210-x-95-cm\/#primaryimage","url":"https:\/\/dev.soxs.co\/app\/uploads\/sites\/2\/2022\/08\/1970-01-20-060150883-scaled.jpg","contentUrl":"https:\/\/dev.soxs.co\/app\/uploads\/sites\/2\/2022\/08\/1970-01-20-060150883-scaled.jpg","width":2560,"height":2498,"caption":"Processed with VSCO with preset"},{"@type":"BreadcrumbList","@id":"https:\/\/soxs.co\/de\/soxs-grau-xl-badetuch-210-x-95-cm\/#breadcrumb","itemListElement":[{"@type":"ListItem","position":1,"name":"Home","item":"https:\/\/soxs.co\/de\/"},{"@type":"ListItem","position":2,"name":"Shop","item":"https:\/\/soxs.co\/de\/shop\/"},{"@type":"ListItem","position":3,"name":"SOXS Grau XL Badetuch 210 x 95 cm"}]},{"@type":"WebSite","@id":"https:\/\/soxs.co\/de\/#website","url":"https:\/\/soxs.co\/de\/","name":"SOXS.co DE","description":"Trendige und wunderbar warme Socken f\u00fcr alle","potentialAction":[{"@type":"SearchAction","target":{"@type":"EntryPoint","urlTemplate":"https:\/\/soxs.co\/de\/?s={search_term_string}"},"query-input":{"@type":"PropertyValueSpecification","valueRequired":true,"valueName":"search_term_string"}}],"inLanguage":"de"}]},"product_price_amount":"19.95","product_price_currency":"EUR","og_availability":"instock","product_availability":"instock","product_retailer_item_id":"SOX3568","product_condition":"new"},"_links":{"self":[{"href":"https:\/\/dev.soxs.co\/de\/wp-json\/wp\/v2\/product\/121713","targetHints":{"allow":["GET"]}}],"collection":[{"href":"https:\/\/dev.soxs.co\/de\/wp-json\/wp\/v2\/product"}],"about":[{"href":"https:\/\/dev.soxs.co\/de\/wp-json\/wp\/v2\/types\/product"}],"replies":[{"embeddable":true,"href":"https:\/\/dev.soxs.co\/de\/wp-json\/wp\/v2\/comments?post=121713"}],"wp:featuredmedia":[{"embeddable":true,"href":"https:\/\/dev.soxs.co\/de\/wp-json\/wp\/v2\/media\/121717"}],"wp:attachment":[{"href":"https:\/\/dev.soxs.co\/de\/wp-json\/wp\/v2\/media?parent=121713"}],"wp:term":[{"taxonomy":"product_brand","embeddable":true,"href":"https:\/\/dev.soxs.co\/de\/wp-json\/wp\/v2\/product_brand?post=121713"},{"taxonomy":"product_cat","embeddable":true,"href":"https:\/\/dev.soxs.co\/de\/wp-json\/wp\/v2\/product_cat?post=121713"},{"taxonomy":"product_tag","embeddable":true,"href":"https:\/\/dev.soxs.co\/de\/wp-json\/wp\/v2\/product_tag?post=121713"}],"curies":[{"name":"wp","href":"https:\/\/api.w.org\/{rel}","templated":true}]}}