{"id":121619,"date":"2022-08-26T12:55:44","date_gmt":"2022-08-26T10:55:44","guid":{"rendered":"https:\/\/soxs.co\/de\/?post_type=product&#038;p=121619"},"modified":"2025-05-16T11:24:49","modified_gmt":"2025-05-16T09:24:49","slug":"soxs-unisex-graue-wolle-hirsch-braun-label-wadensocke","status":"publish","type":"product","link":"https:\/\/dev.soxs.co\/de\/soxs-unisex-graue-wolle-hirsch-braun-label-wadensocke\/","title":{"rendered":"SOXS braune wolle socken  hirsch braun label wadensocke"},"content":{"rendered":"<p>Diese menschenscheuen Wildtiere sind in der Natur manchmal schwer zu finden, aber was f\u00fcr sch\u00f6ne Tiere sie sind! Deshalb konnten wir nicht widerstehen, das sch\u00f6ne Geweih dieser Tiere mit unseren braunen Wollsocken mit dem Deer Label zu ehren! Zieh diese weichen und bequemen Socken an und geh raus in die Natur, um diese majest\u00e4tischen Tiere zu entdecken. Das f\u00fcr diese weichen Socken verwendete Wollgarn kann viel Feuchtigkeit absorbieren, damit Du keine feuchten F\u00fc\u00dfe hast und auch keine Blasen bekommst. So kannst Du Deinen Spaziergang stundenlang genie\u00dfen!<br \/>\nBraune Wollsocken Hirsch, Braune Wollsocken Hirsch<\/p>\n","protected":false},"excerpt":{"rendered":"<p>Diese menschenscheuen Wildtiere sind in der Natur manchmal schwer zu finden, aber was f\u00fcr sch\u00f6ne Tiere sie sind! Deshalb konnten wir nicht widerstehen, das sch\u00f6ne Geweih dieser Tiere mit unseren braunen Wollsocken mit dem Deer Label zu ehren! Zieh diese weichen und bequemen Socken an und geh raus in die Natur, um diese majest\u00e4tischen Tiere zu entdecken. Das f\u00fcr diese weichen Socken verwendete Wollgarn kann viel Feuchtigkeit absorbieren, damit Du keine feuchten F\u00fc\u00dfe hast und auch keine Blasen bekommst. So kannst Du Deinen Spaziergang stundenlang genie\u00dfen!<\/p>\n","protected":false},"featured_media":700129290,"comment_status":"closed","ping_status":"closed","template":"","meta":{"_acf_changed":false,"_improvement_type_select":"improve_an_existing","_thumb_yes_seoaic":false,"_frame_yes_seoaic":false,"seoaic_generate_description":"","seoaic_improve_instructions_prompt":"","seoaic_rollback_content_improvement":"","seoaic_idea_thumbnail_generator":"","thumbnail_generated":false,"thumbnail_generate_prompt":"","seoaic_article_description":""},"product_brand":[],"product_cat":[58,60,56,1391],"product_tag":[],"class_list":{"0":"post-121619","1":"product","2":"type-product","3":"status-publish","4":"has-post-thumbnail","6":"product_cat-wollsocken-damen","7":"product_cat-wollsocken-herren","8":"product_cat-socken-von-soxs","9":"product_cat-tiere","11":"first","12":"instock","13":"taxable","14":"shipping-taxable","15":"purchasable","16":"product-type-variable","17":"has-default-attributes"},"acf":[],"yoast_head":"<!-- This site is optimized with the Yoast SEO Premium plugin v22.9 (Yoast SEO v25.3.1) - https:\/\/yoast.com\/wordpress\/plugins\/seo\/ -->\n<title>SOXS Braune Wollsocken Hirsch label wadensocken | SOXS.co DE<\/title>\n<meta name=\"description\" content=\"Leiden Sie unter st\u00e4ndig kalten F\u00fc\u00dfen? Diese braune Wollsocken Hirsch f\u00fcr Damen und Herren k\u00f6nnten Ihre Rettung vor winterlicher K\u00e4lte sein!\" \/>\n<meta name=\"robots\" content=\"noindex, follow, max-snippet:-1, max-image-preview:large, max-video-preview:-1\" \/>\n<meta property=\"og:locale\" content=\"de_DE\" \/>\n<meta property=\"og:type\" content=\"article\" \/>\n<meta property=\"og:title\" content=\"SOXS braune wolle socken hirsch braun label wadensocke\" \/>\n<meta property=\"og:description\" content=\"Leiden Sie unter st\u00e4ndig kalten F\u00fc\u00dfen? Diese braune Wollsocken Hirsch f\u00fcr Damen und Herren k\u00f6nnten Ihre Rettung vor winterlicher K\u00e4lte sein!\" \/>\n<meta property=\"og:url\" content=\"https:\/\/soxs.co\/de\/soxs-unisex-graue-wolle-hirsch-braun-label-wadensocke\/\" \/>\n<meta property=\"og:site_name\" content=\"SOXS.co DE\" \/>\n<meta property=\"article:publisher\" content=\"https:\/\/www.facebook.com\/soxs.co\/\" \/>\n<meta property=\"article:modified_time\" content=\"2025-05-16T09:24:49+00:00\" \/>\n<meta property=\"og:image\" content=\"https:\/\/soxs.co\/app\/uploads\/sites\/2\/2022\/08\/SOX3552_1000x1000px.png\" \/>\n\t<meta property=\"og:image:width\" content=\"1000\" \/>\n\t<meta property=\"og:image:height\" content=\"1000\" \/>\n\t<meta property=\"og:image:type\" content=\"image\/png\" \/>\n<meta name=\"twitter:card\" content=\"summary_large_image\" \/>\n<meta name=\"twitter:site\" content=\"@soxs_co\" \/>\n<meta name=\"twitter:label1\" content=\"Verf\u00fcgbarkeit\" \/>\n\t<meta name=\"twitter:data1\" content=\"Auf Lager\" \/>\n<script type=\"application\/ld+json\" class=\"yoast-schema-graph\">{\"@context\":\"https:\/\/schema.org\",\"@graph\":[{\"@type\":\"WebPage\",\"@id\":\"https:\/\/soxs.co\/de\/soxs-unisex-graue-wolle-hirsch-braun-label-wadensocke\/\",\"url\":\"https:\/\/soxs.co\/de\/soxs-unisex-graue-wolle-hirsch-braun-label-wadensocke\/\",\"name\":\"SOXS Braune Wollsocken Hirsch label wadensocken | SOXS.co DE\",\"isPartOf\":{\"@id\":\"https:\/\/soxs.co\/de\/#website\"},\"primaryImageOfPage\":{\"@id\":\"https:\/\/soxs.co\/de\/soxs-unisex-graue-wolle-hirsch-braun-label-wadensocke\/#primaryimage\"},\"image\":{\"@id\":\"https:\/\/soxs.co\/de\/soxs-unisex-graue-wolle-hirsch-braun-label-wadensocke\/#primaryimage\"},\"thumbnailUrl\":\"https:\/\/dev.soxs.co\/app\/uploads\/sites\/2\/2022\/08\/SOX3552_1000x1000px.png\",\"datePublished\":\"2022-08-26T10:55:44+00:00\",\"dateModified\":\"2025-05-16T09:24:49+00:00\",\"description\":\"Leiden Sie unter st\u00e4ndig kalten F\u00fc\u00dfen? Diese braune Wollsocken Hirsch f\u00fcr Damen und Herren k\u00f6nnten Ihre Rettung vor winterlicher K\u00e4lte sein!\",\"breadcrumb\":{\"@id\":\"https:\/\/soxs.co\/de\/soxs-unisex-graue-wolle-hirsch-braun-label-wadensocke\/#breadcrumb\"},\"inLanguage\":\"de\",\"potentialAction\":[{\"@type\":\"ReadAction\",\"target\":[\"https:\/\/soxs.co\/de\/soxs-unisex-graue-wolle-hirsch-braun-label-wadensocke\/\"]}]},{\"@type\":\"ImageObject\",\"inLanguage\":\"de\",\"@id\":\"https:\/\/soxs.co\/de\/soxs-unisex-graue-wolle-hirsch-braun-label-wadensocke\/#primaryimage\",\"url\":\"https:\/\/dev.soxs.co\/app\/uploads\/sites\/2\/2022\/08\/SOX3552_1000x1000px.png\",\"contentUrl\":\"https:\/\/dev.soxs.co\/app\/uploads\/sites\/2\/2022\/08\/SOX3552_1000x1000px.png\",\"width\":1000,\"height\":1000,\"caption\":\"SOX3552_1000x1000px\"},{\"@type\":\"BreadcrumbList\",\"@id\":\"https:\/\/soxs.co\/de\/soxs-unisex-graue-wolle-hirsch-braun-label-wadensocke\/#breadcrumb\",\"itemListElement\":[{\"@type\":\"ListItem\",\"position\":1,\"name\":\"Home\",\"item\":\"https:\/\/soxs.co\/de\/\"},{\"@type\":\"ListItem\",\"position\":2,\"name\":\"Shop\",\"item\":\"https:\/\/soxs.co\/de\/shop\/\"},{\"@type\":\"ListItem\",\"position\":3,\"name\":\"SOXS braune wolle socken hirsch braun label wadensocke\"}]},{\"@type\":\"WebSite\",\"@id\":\"https:\/\/soxs.co\/de\/#website\",\"url\":\"https:\/\/soxs.co\/de\/\",\"name\":\"SOXS.co DE\",\"description\":\"Trendige und wunderbar warme Socken f\u00fcr alle\",\"potentialAction\":[{\"@type\":\"SearchAction\",\"target\":{\"@type\":\"EntryPoint\",\"urlTemplate\":\"https:\/\/soxs.co\/de\/?s={search_term_string}\"},\"query-input\":{\"@type\":\"PropertyValueSpecification\",\"valueRequired\":true,\"valueName\":\"search_term_string\"}}],\"inLanguage\":\"de\"}]}<\/script>\n<meta property=\"og:availability\" content=\"instock\" \/>\n<meta property=\"product:availability\" content=\"instock\" \/>\n<meta property=\"product:retailer_item_id\" content=\"sam3552\" \/>\n<meta property=\"product:condition\" content=\"new\" \/>\n<!-- \/ Yoast SEO Premium plugin. -->","yoast_head_json":{"title":"SOXS Braune Wollsocken Hirsch label wadensocken | SOXS.co DE","description":"Leiden Sie unter st\u00e4ndig kalten F\u00fc\u00dfen? Diese braune Wollsocken Hirsch f\u00fcr Damen und Herren k\u00f6nnten Ihre Rettung vor winterlicher K\u00e4lte sein!","robots":{"index":"noindex","follow":"follow","max-snippet":"max-snippet:-1","max-image-preview":"max-image-preview:large","max-video-preview":"max-video-preview:-1"},"og_locale":"de_DE","og_type":"article","og_title":"SOXS braune wolle socken hirsch braun label wadensocke","og_description":"Leiden Sie unter st\u00e4ndig kalten F\u00fc\u00dfen? Diese braune Wollsocken Hirsch f\u00fcr Damen und Herren k\u00f6nnten Ihre Rettung vor winterlicher K\u00e4lte sein!","og_url":"https:\/\/soxs.co\/de\/soxs-unisex-graue-wolle-hirsch-braun-label-wadensocke\/","og_site_name":"SOXS.co DE","article_publisher":"https:\/\/www.facebook.com\/soxs.co\/","article_modified_time":"2025-05-16T09:24:49+00:00","og_image":[{"width":1000,"height":1000,"url":"https:\/\/soxs.co\/app\/uploads\/sites\/2\/2022\/08\/SOX3552_1000x1000px.png","type":"image\/png"}],"twitter_card":"summary_large_image","twitter_site":"@soxs_co","twitter_misc":{"Verf\u00fcgbarkeit":"Auf Lager"},"schema":{"@context":"https:\/\/schema.org","@graph":[{"@type":"WebPage","@id":"https:\/\/soxs.co\/de\/soxs-unisex-graue-wolle-hirsch-braun-label-wadensocke\/","url":"https:\/\/soxs.co\/de\/soxs-unisex-graue-wolle-hirsch-braun-label-wadensocke\/","name":"SOXS Braune Wollsocken Hirsch label wadensocken | SOXS.co DE","isPartOf":{"@id":"https:\/\/soxs.co\/de\/#website"},"primaryImageOfPage":{"@id":"https:\/\/soxs.co\/de\/soxs-unisex-graue-wolle-hirsch-braun-label-wadensocke\/#primaryimage"},"image":{"@id":"https:\/\/soxs.co\/de\/soxs-unisex-graue-wolle-hirsch-braun-label-wadensocke\/#primaryimage"},"thumbnailUrl":"https:\/\/dev.soxs.co\/app\/uploads\/sites\/2\/2022\/08\/SOX3552_1000x1000px.png","datePublished":"2022-08-26T10:55:44+00:00","dateModified":"2025-05-16T09:24:49+00:00","description":"Leiden Sie unter st\u00e4ndig kalten F\u00fc\u00dfen? Diese braune Wollsocken Hirsch f\u00fcr Damen und Herren k\u00f6nnten Ihre Rettung vor winterlicher K\u00e4lte sein!","breadcrumb":{"@id":"https:\/\/soxs.co\/de\/soxs-unisex-graue-wolle-hirsch-braun-label-wadensocke\/#breadcrumb"},"inLanguage":"de","potentialAction":[{"@type":"ReadAction","target":["https:\/\/soxs.co\/de\/soxs-unisex-graue-wolle-hirsch-braun-label-wadensocke\/"]}]},{"@type":"ImageObject","inLanguage":"de","@id":"https:\/\/soxs.co\/de\/soxs-unisex-graue-wolle-hirsch-braun-label-wadensocke\/#primaryimage","url":"https:\/\/dev.soxs.co\/app\/uploads\/sites\/2\/2022\/08\/SOX3552_1000x1000px.png","contentUrl":"https:\/\/dev.soxs.co\/app\/uploads\/sites\/2\/2022\/08\/SOX3552_1000x1000px.png","width":1000,"height":1000,"caption":"SOX3552_1000x1000px"},{"@type":"BreadcrumbList","@id":"https:\/\/soxs.co\/de\/soxs-unisex-graue-wolle-hirsch-braun-label-wadensocke\/#breadcrumb","itemListElement":[{"@type":"ListItem","position":1,"name":"Home","item":"https:\/\/soxs.co\/de\/"},{"@type":"ListItem","position":2,"name":"Shop","item":"https:\/\/soxs.co\/de\/shop\/"},{"@type":"ListItem","position":3,"name":"SOXS braune wolle socken hirsch braun label wadensocke"}]},{"@type":"WebSite","@id":"https:\/\/soxs.co\/de\/#website","url":"https:\/\/soxs.co\/de\/","name":"SOXS.co DE","description":"Trendige und wunderbar warme Socken f\u00fcr alle","potentialAction":[{"@type":"SearchAction","target":{"@type":"EntryPoint","urlTemplate":"https:\/\/soxs.co\/de\/?s={search_term_string}"},"query-input":{"@type":"PropertyValueSpecification","valueRequired":true,"valueName":"search_term_string"}}],"inLanguage":"de"}]},"og_availability":"instock","product_availability":"instock","product_retailer_item_id":"sam3552","product_condition":"new"},"_links":{"self":[{"href":"https:\/\/dev.soxs.co\/de\/wp-json\/wp\/v2\/product\/121619","targetHints":{"allow":["GET"]}}],"collection":[{"href":"https:\/\/dev.soxs.co\/de\/wp-json\/wp\/v2\/product"}],"about":[{"href":"https:\/\/dev.soxs.co\/de\/wp-json\/wp\/v2\/types\/product"}],"replies":[{"embeddable":true,"href":"https:\/\/dev.soxs.co\/de\/wp-json\/wp\/v2\/comments?post=121619"}],"wp:featuredmedia":[{"embeddable":true,"href":"https:\/\/dev.soxs.co\/de\/wp-json\/wp\/v2\/media\/700129290"}],"wp:attachment":[{"href":"https:\/\/dev.soxs.co\/de\/wp-json\/wp\/v2\/media?parent=121619"}],"wp:term":[{"taxonomy":"product_brand","embeddable":true,"href":"https:\/\/dev.soxs.co\/de\/wp-json\/wp\/v2\/product_brand?post=121619"},{"taxonomy":"product_cat","embeddable":true,"href":"https:\/\/dev.soxs.co\/de\/wp-json\/wp\/v2\/product_cat?post=121619"},{"taxonomy":"product_tag","embeddable":true,"href":"https:\/\/dev.soxs.co\/de\/wp-json\/wp\/v2\/product_tag?post=121619"}],"curies":[{"name":"wp","href":"https:\/\/api.w.org\/{rel}","templated":true}]}}