{"id":121611,"date":"2022-08-26T12:45:34","date_gmt":"2022-08-26T10:45:34","guid":{"rendered":"https:\/\/soxs.co\/de\/?post_type=product&#038;p=121611"},"modified":"2025-06-09T21:41:21","modified_gmt":"2025-06-09T19:41:21","slug":"soxs-unisex-graue-wolle-teckel-label-wadensocke","status":"publish","type":"product","link":"https:\/\/dev.soxs.co\/de\/soxs-unisex-graue-wolle-teckel-label-wadensocke\/","title":{"rendered":"SOXS Braune wolle socken Dackelhund label wadensocke"},"content":{"rendered":"<p>M\u00f6chtest Du den Tag auf eine fr\u00f6hliche Art und Weise beginnen? Du kannst Dich auf diese sanften<br \/>\nLanghaardackel-Socken verlassen! Die kleinen langhaarigen Hunde sind kluge, eigenwillige Tiere, die immer<br \/>\nfr\u00f6hlich sind. Genau wie diese Dackel sind diese Wollsocken sehr anh\u00e4nglich und schmiegen sich gerne an<br \/>\nDeine F\u00fc\u00dfe. Wunderbar weiche Schafwolle und das kultige Dackel Label sorgen daf\u00fcr, dass Du Deinen<br \/>\nLieblingshund immer bei Dir hast. Diese treuen Dackelsocken lieben es, mit Dir in der Natur auf Abenteuer zu<br \/>\ngehen. Egal, wie das Wetter wird, sie halten Deine F\u00fc\u00dfe warm und behaglich.<br \/>\nBraune wolle Socken, Braune wolle Socken<\/p>\n","protected":false},"excerpt":{"rendered":"<p>M\u00f6chtest Du den Tag auf eine fr\u00f6hliche Art und Weise beginnen? Du kannst Dich auf diese sanften Langhaardackel-Socken verlassen! Die kleinen langhaarigen Hunde sind kluge, eigenwillige Tiere, die immer fr\u00f6hlich sind. Genau wie diese Dackel sind diese Wollsocken sehr anh\u00e4nglich und schmiegen sich gerne an deine F\u00fc\u00dfe. Wunderbar weiche Schafwolle und das kultige Dackel Label sorgen daf\u00fcr, dass Du deinen Lieblingshund immer bei dir hast. Diese treuen Dackelsocken lieben es, mit dir in der Natur auf Abenteuer zu gehen. Egal, wie das Wetter wird, sie halten deine F\u00fc\u00dfe warm und behaglich.<\/p>\n","protected":false},"featured_media":700129289,"comment_status":"closed","ping_status":"closed","template":"","meta":{"_acf_changed":false,"_improvement_type_select":"improve_an_existing","_thumb_yes_seoaic":false,"_frame_yes_seoaic":false,"seoaic_generate_description":"","seoaic_improve_instructions_prompt":"","seoaic_rollback_content_improvement":"","seoaic_idea_thumbnail_generator":"","thumbnail_generated":false,"thumbnail_generate_prompt":"","seoaic_article_description":""},"product_brand":[],"product_cat":[58,60,56,1391],"product_tag":[],"class_list":{"0":"post-121611","1":"product","2":"type-product","3":"status-publish","4":"has-post-thumbnail","6":"product_cat-wollsocken-damen","7":"product_cat-wollsocken-herren","8":"product_cat-socken-von-soxs","9":"product_cat-tiere","11":"first","12":"instock","13":"taxable","14":"shipping-taxable","15":"purchasable","16":"product-type-variable","17":"has-default-attributes"},"acf":[],"yoast_head":"<!-- This site is optimized with the Yoast SEO Premium plugin v22.9 (Yoast SEO v25.3.1) - https:\/\/yoast.com\/wordpress\/plugins\/seo\/ -->\n<title>SOXS Braune wolle Socken Dackelhund label wadensocke | SOXS.co DE<\/title>\n<meta name=\"description\" content=\"Haben Sie st\u00e4ndig kalte F\u00fc\u00dfe? Diese Braune wolle Socken f\u00fcr Damen und Herren mit Dackelhund label k\u00f6nnten die besten warmen Socken f\u00fcr den Winter sein!\" \/>\n<meta name=\"robots\" content=\"noindex, follow, max-snippet:-1, max-image-preview:large, max-video-preview:-1\" \/>\n<meta property=\"og:locale\" content=\"de_DE\" \/>\n<meta property=\"og:type\" content=\"article\" \/>\n<meta property=\"og:title\" content=\"SOXS Braune wolle socken Dackelhund label wadensocke\" \/>\n<meta property=\"og:description\" content=\"Haben Sie st\u00e4ndig kalte F\u00fc\u00dfe? Diese Braune wolle Socken f\u00fcr Damen und Herren mit Dackelhund label k\u00f6nnten die besten warmen Socken f\u00fcr den Winter sein!\" \/>\n<meta property=\"og:url\" content=\"https:\/\/soxs.co\/de\/soxs-unisex-graue-wolle-teckel-label-wadensocke\/\" \/>\n<meta property=\"og:site_name\" content=\"SOXS.co DE\" \/>\n<meta property=\"article:publisher\" content=\"https:\/\/www.facebook.com\/soxs.co\/\" \/>\n<meta property=\"article:modified_time\" content=\"2025-06-09T19:41:21+00:00\" \/>\n<meta property=\"og:image\" content=\"https:\/\/soxs.co\/app\/uploads\/sites\/2\/2022\/08\/SOX3548_1000x1000px.png\" \/>\n\t<meta property=\"og:image:width\" content=\"1000\" \/>\n\t<meta property=\"og:image:height\" content=\"1000\" \/>\n\t<meta property=\"og:image:type\" content=\"image\/png\" \/>\n<meta name=\"twitter:card\" content=\"summary_large_image\" \/>\n<meta name=\"twitter:site\" content=\"@soxs_co\" \/>\n<meta name=\"twitter:label1\" content=\"Verf\u00fcgbarkeit\" \/>\n\t<meta name=\"twitter:data1\" content=\"Auf Lager\" \/>\n<script type=\"application\/ld+json\" class=\"yoast-schema-graph\">{\"@context\":\"https:\/\/schema.org\",\"@graph\":[{\"@type\":\"WebPage\",\"@id\":\"https:\/\/soxs.co\/de\/soxs-unisex-graue-wolle-teckel-label-wadensocke\/\",\"url\":\"https:\/\/soxs.co\/de\/soxs-unisex-graue-wolle-teckel-label-wadensocke\/\",\"name\":\"SOXS Braune wolle Socken Dackelhund label wadensocke | SOXS.co DE\",\"isPartOf\":{\"@id\":\"https:\/\/soxs.co\/de\/#website\"},\"primaryImageOfPage\":{\"@id\":\"https:\/\/soxs.co\/de\/soxs-unisex-graue-wolle-teckel-label-wadensocke\/#primaryimage\"},\"image\":{\"@id\":\"https:\/\/soxs.co\/de\/soxs-unisex-graue-wolle-teckel-label-wadensocke\/#primaryimage\"},\"thumbnailUrl\":\"https:\/\/dev.soxs.co\/app\/uploads\/sites\/2\/2022\/08\/SOX3548_1000x1000px.png\",\"datePublished\":\"2022-08-26T10:45:34+00:00\",\"dateModified\":\"2025-06-09T19:41:21+00:00\",\"description\":\"Haben Sie st\u00e4ndig kalte F\u00fc\u00dfe? Diese Braune wolle Socken f\u00fcr Damen und Herren mit Dackelhund label k\u00f6nnten die besten warmen Socken f\u00fcr den Winter sein!\",\"breadcrumb\":{\"@id\":\"https:\/\/soxs.co\/de\/soxs-unisex-graue-wolle-teckel-label-wadensocke\/#breadcrumb\"},\"inLanguage\":\"de\",\"potentialAction\":[{\"@type\":\"ReadAction\",\"target\":[\"https:\/\/soxs.co\/de\/soxs-unisex-graue-wolle-teckel-label-wadensocke\/\"]}]},{\"@type\":\"ImageObject\",\"inLanguage\":\"de\",\"@id\":\"https:\/\/soxs.co\/de\/soxs-unisex-graue-wolle-teckel-label-wadensocke\/#primaryimage\",\"url\":\"https:\/\/dev.soxs.co\/app\/uploads\/sites\/2\/2022\/08\/SOX3548_1000x1000px.png\",\"contentUrl\":\"https:\/\/dev.soxs.co\/app\/uploads\/sites\/2\/2022\/08\/SOX3548_1000x1000px.png\",\"width\":1000,\"height\":1000,\"caption\":\"SOX3548_1000x1000px\"},{\"@type\":\"BreadcrumbList\",\"@id\":\"https:\/\/soxs.co\/de\/soxs-unisex-graue-wolle-teckel-label-wadensocke\/#breadcrumb\",\"itemListElement\":[{\"@type\":\"ListItem\",\"position\":1,\"name\":\"Home\",\"item\":\"https:\/\/soxs.co\/de\/\"},{\"@type\":\"ListItem\",\"position\":2,\"name\":\"Shop\",\"item\":\"https:\/\/soxs.co\/de\/shop\/\"},{\"@type\":\"ListItem\",\"position\":3,\"name\":\"SOXS Braune wolle socken Dackelhund label wadensocke\"}]},{\"@type\":\"WebSite\",\"@id\":\"https:\/\/soxs.co\/de\/#website\",\"url\":\"https:\/\/soxs.co\/de\/\",\"name\":\"SOXS.co DE\",\"description\":\"Trendige und wunderbar warme Socken f\u00fcr alle\",\"potentialAction\":[{\"@type\":\"SearchAction\",\"target\":{\"@type\":\"EntryPoint\",\"urlTemplate\":\"https:\/\/soxs.co\/de\/?s={search_term_string}\"},\"query-input\":{\"@type\":\"PropertyValueSpecification\",\"valueRequired\":true,\"valueName\":\"search_term_string\"}}],\"inLanguage\":\"de\"}]}<\/script>\n<meta property=\"og:availability\" content=\"instock\" \/>\n<meta property=\"product:availability\" content=\"instock\" \/>\n<meta property=\"product:retailer_item_id\" content=\"sam3548\" \/>\n<meta property=\"product:condition\" content=\"new\" \/>\n<!-- \/ Yoast SEO Premium plugin. -->","yoast_head_json":{"title":"SOXS Braune wolle Socken Dackelhund label wadensocke | SOXS.co DE","description":"Haben Sie st\u00e4ndig kalte F\u00fc\u00dfe? Diese Braune wolle Socken f\u00fcr Damen und Herren mit Dackelhund label k\u00f6nnten die besten warmen Socken f\u00fcr den Winter sein!","robots":{"index":"noindex","follow":"follow","max-snippet":"max-snippet:-1","max-image-preview":"max-image-preview:large","max-video-preview":"max-video-preview:-1"},"og_locale":"de_DE","og_type":"article","og_title":"SOXS Braune wolle socken Dackelhund label wadensocke","og_description":"Haben Sie st\u00e4ndig kalte F\u00fc\u00dfe? Diese Braune wolle Socken f\u00fcr Damen und Herren mit Dackelhund label k\u00f6nnten die besten warmen Socken f\u00fcr den Winter sein!","og_url":"https:\/\/soxs.co\/de\/soxs-unisex-graue-wolle-teckel-label-wadensocke\/","og_site_name":"SOXS.co DE","article_publisher":"https:\/\/www.facebook.com\/soxs.co\/","article_modified_time":"2025-06-09T19:41:21+00:00","og_image":[{"width":1000,"height":1000,"url":"https:\/\/soxs.co\/app\/uploads\/sites\/2\/2022\/08\/SOX3548_1000x1000px.png","type":"image\/png"}],"twitter_card":"summary_large_image","twitter_site":"@soxs_co","twitter_misc":{"Verf\u00fcgbarkeit":"Auf Lager"},"schema":{"@context":"https:\/\/schema.org","@graph":[{"@type":"WebPage","@id":"https:\/\/soxs.co\/de\/soxs-unisex-graue-wolle-teckel-label-wadensocke\/","url":"https:\/\/soxs.co\/de\/soxs-unisex-graue-wolle-teckel-label-wadensocke\/","name":"SOXS Braune wolle Socken Dackelhund label wadensocke | SOXS.co DE","isPartOf":{"@id":"https:\/\/soxs.co\/de\/#website"},"primaryImageOfPage":{"@id":"https:\/\/soxs.co\/de\/soxs-unisex-graue-wolle-teckel-label-wadensocke\/#primaryimage"},"image":{"@id":"https:\/\/soxs.co\/de\/soxs-unisex-graue-wolle-teckel-label-wadensocke\/#primaryimage"},"thumbnailUrl":"https:\/\/dev.soxs.co\/app\/uploads\/sites\/2\/2022\/08\/SOX3548_1000x1000px.png","datePublished":"2022-08-26T10:45:34+00:00","dateModified":"2025-06-09T19:41:21+00:00","description":"Haben Sie st\u00e4ndig kalte F\u00fc\u00dfe? Diese Braune wolle Socken f\u00fcr Damen und Herren mit Dackelhund label k\u00f6nnten die besten warmen Socken f\u00fcr den Winter sein!","breadcrumb":{"@id":"https:\/\/soxs.co\/de\/soxs-unisex-graue-wolle-teckel-label-wadensocke\/#breadcrumb"},"inLanguage":"de","potentialAction":[{"@type":"ReadAction","target":["https:\/\/soxs.co\/de\/soxs-unisex-graue-wolle-teckel-label-wadensocke\/"]}]},{"@type":"ImageObject","inLanguage":"de","@id":"https:\/\/soxs.co\/de\/soxs-unisex-graue-wolle-teckel-label-wadensocke\/#primaryimage","url":"https:\/\/dev.soxs.co\/app\/uploads\/sites\/2\/2022\/08\/SOX3548_1000x1000px.png","contentUrl":"https:\/\/dev.soxs.co\/app\/uploads\/sites\/2\/2022\/08\/SOX3548_1000x1000px.png","width":1000,"height":1000,"caption":"SOX3548_1000x1000px"},{"@type":"BreadcrumbList","@id":"https:\/\/soxs.co\/de\/soxs-unisex-graue-wolle-teckel-label-wadensocke\/#breadcrumb","itemListElement":[{"@type":"ListItem","position":1,"name":"Home","item":"https:\/\/soxs.co\/de\/"},{"@type":"ListItem","position":2,"name":"Shop","item":"https:\/\/soxs.co\/de\/shop\/"},{"@type":"ListItem","position":3,"name":"SOXS Braune wolle socken Dackelhund label wadensocke"}]},{"@type":"WebSite","@id":"https:\/\/soxs.co\/de\/#website","url":"https:\/\/soxs.co\/de\/","name":"SOXS.co DE","description":"Trendige und wunderbar warme Socken f\u00fcr alle","potentialAction":[{"@type":"SearchAction","target":{"@type":"EntryPoint","urlTemplate":"https:\/\/soxs.co\/de\/?s={search_term_string}"},"query-input":{"@type":"PropertyValueSpecification","valueRequired":true,"valueName":"search_term_string"}}],"inLanguage":"de"}]},"og_availability":"instock","product_availability":"instock","product_retailer_item_id":"sam3548","product_condition":"new"},"_links":{"self":[{"href":"https:\/\/dev.soxs.co\/de\/wp-json\/wp\/v2\/product\/121611","targetHints":{"allow":["GET"]}}],"collection":[{"href":"https:\/\/dev.soxs.co\/de\/wp-json\/wp\/v2\/product"}],"about":[{"href":"https:\/\/dev.soxs.co\/de\/wp-json\/wp\/v2\/types\/product"}],"replies":[{"embeddable":true,"href":"https:\/\/dev.soxs.co\/de\/wp-json\/wp\/v2\/comments?post=121611"}],"wp:featuredmedia":[{"embeddable":true,"href":"https:\/\/dev.soxs.co\/de\/wp-json\/wp\/v2\/media\/700129289"}],"wp:attachment":[{"href":"https:\/\/dev.soxs.co\/de\/wp-json\/wp\/v2\/media?parent=121611"}],"wp:term":[{"taxonomy":"product_brand","embeddable":true,"href":"https:\/\/dev.soxs.co\/de\/wp-json\/wp\/v2\/product_brand?post=121611"},{"taxonomy":"product_cat","embeddable":true,"href":"https:\/\/dev.soxs.co\/de\/wp-json\/wp\/v2\/product_cat?post=121611"},{"taxonomy":"product_tag","embeddable":true,"href":"https:\/\/dev.soxs.co\/de\/wp-json\/wp\/v2\/product_tag?post=121611"}],"curies":[{"name":"wp","href":"https:\/\/api.w.org\/{rel}","templated":true}]}}