{"id":121519,"date":"2022-08-27T19:09:01","date_gmt":"2022-08-27T17:09:01","guid":{"rendered":"https:\/\/soxs.co\/de\/?post_type=product&#038;p=121519"},"modified":"2025-05-21T20:51:35","modified_gmt":"2025-05-16T09:24:50","slug":"soxs-kinder-anti-rutsch-graue-wolle-caramel-swirl-label-wadensocke","status":"publish","type":"product","link":"https:\/\/dev.soxs.co\/de\/soxs-kinder-anti-rutsch-graue-wolle-caramel-swirl-label-wadensocke\/","title":{"rendered":"SOXS Beige wolle kindersocken caramel swirl label Antirutsch wadensocke"},"content":{"rendered":"<p>Das sind die Caramel Swirl Kindersocken von Soxs! Diese beigen Wollsocken bieten ultimativen Komfort und W\u00e4rme, perfekt f\u00fcr kleine F\u00fc\u00dfe. Dank der praktischen rutschfesten Sohle sind sie auch sicher und ideal f\u00fcr Indoor-Abenteuer. Der verspielte Look und die weiche Wolle machen sie zu einem absoluten Must-Have f\u00fcr jeden Tag. Perfekt f\u00fcr die Kleinsten!<\/p>\n","protected":false},"excerpt":{"rendered":"<p>Das sind die Caramel Swirl Kindersocken von Soxs! Diese beigen Wollsocken bieten ultimativen Komfort und W\u00e4rme, perfekt f\u00fcr kleine F\u00fc\u00dfe. Dank der praktischen rutschfesten Sohle sind sie auch sicher und ideal f\u00fcr Indoor-Abenteuer. Der verspielte Look und die weiche Wolle machen sie zu einem absoluten Must-Have f\u00fcr jeden Tag. Perfekt f\u00fcr die Kleinsten!<\/p>\n","protected":false},"featured_media":700130977,"comment_status":"closed","ping_status":"closed","template":"","meta":{"_acf_changed":false,"_improvement_type_select":"improve_an_existing","_thumb_yes_seoaic":false,"_frame_yes_seoaic":false,"seoaic_generate_description":"","seoaic_improve_instructions_prompt":"","seoaic_rollback_content_improvement":"","seoaic_idea_thumbnail_generator":"","thumbnail_generated":false,"thumbnail_generate_prompt":"","seoaic_article_description":""},"product_brand":[],"product_cat":[1384,61,56],"product_tag":[],"class_list":{"0":"post-121519","1":"product","2":"type-product","3":"status-publish","4":"has-post-thumbnail","6":"product_cat-stoppersocken-und-anti-rutsch-socken","7":"product_cat-wollsocken-kinder","8":"product_cat-socken-von-soxs","10":"first","11":"instock","12":"taxable","13":"shipping-taxable","14":"purchasable","15":"product-type-simple"},"acf":[],"yoast_head":"<!-- This site is optimized with the Yoast SEO Premium plugin v22.9 (Yoast SEO v25.3.1) - https:\/\/yoast.com\/wordpress\/plugins\/seo\/ -->\n<title>SOXS kinder anti-rutsch graue wolle caramel swirl label<\/title>\n<meta name=\"description\" content=\"Erfahren Sie h\u00e4ufig kalte F\u00fc\u00dfe? Diese grauen Wollsocken f\u00fcr Damen und Herren sind zweifellos die besten warmen Socken, um Ihre F\u00fc\u00dfe im Winter zu sch\u00fctzen.\" \/>\n<meta name=\"robots\" content=\"noindex, follow, max-snippet:-1, max-image-preview:large, max-video-preview:-1\" \/>\n<meta property=\"og:locale\" content=\"de_DE\" \/>\n<meta property=\"og:type\" content=\"article\" \/>\n<meta property=\"og:title\" content=\"SOXS Beige wolle kindersocken caramel swirl label Antirutsch wadensocke\" \/>\n<meta property=\"og:description\" content=\"Erfahren Sie h\u00e4ufig kalte F\u00fc\u00dfe? Diese grauen Wollsocken f\u00fcr Damen und Herren sind zweifellos die besten warmen Socken, um Ihre F\u00fc\u00dfe im Winter zu sch\u00fctzen.\" \/>\n<meta property=\"og:url\" content=\"https:\/\/soxs.co\/de\/soxs-kinder-anti-rutsch-graue-wolle-caramel-swirl-label-wadensocke\/\" \/>\n<meta property=\"og:site_name\" content=\"SOXS.co DE\" \/>\n<meta property=\"article:publisher\" content=\"https:\/\/www.facebook.com\/soxs.co\/\" \/>\n<meta property=\"article:modified_time\" content=\"2025-05-16T09:24:50+00:00\" \/>\n<meta property=\"og:image\" content=\"https:\/\/soxs.co\/app\/uploads\/sites\/2\/2022\/08\/Untitled-1-copy.jpg\" \/>\n\t<meta property=\"og:image:width\" content=\"1000\" \/>\n\t<meta property=\"og:image:height\" content=\"1000\" \/>\n\t<meta property=\"og:image:type\" content=\"image\/jpeg\" \/>\n<meta name=\"twitter:card\" content=\"summary_large_image\" \/>\n<meta name=\"twitter:site\" content=\"@soxs_co\" \/>\n<meta name=\"twitter:label1\" content=\"Preis\" \/>\n\t<meta name=\"twitter:data1\" content=\"&nbsp;27.95\" \/>\n\t<meta name=\"twitter:label2\" content=\"Verf\u00fcgbarkeit\" \/>\n\t<meta name=\"twitter:data2\" content=\"Auf Lager\" \/>\n<script type=\"application\/ld+json\" class=\"yoast-schema-graph\">{\"@context\":\"https:\/\/schema.org\",\"@graph\":[{\"@type\":\"WebPage\",\"@id\":\"https:\/\/soxs.co\/de\/soxs-kinder-anti-rutsch-graue-wolle-caramel-swirl-label-wadensocke\/\",\"url\":\"https:\/\/soxs.co\/de\/soxs-kinder-anti-rutsch-graue-wolle-caramel-swirl-label-wadensocke\/\",\"name\":\"SOXS kinder anti-rutsch graue wolle caramel swirl label\",\"isPartOf\":{\"@id\":\"https:\/\/soxs.co\/de\/#website\"},\"primaryImageOfPage\":{\"@id\":\"https:\/\/soxs.co\/de\/soxs-kinder-anti-rutsch-graue-wolle-caramel-swirl-label-wadensocke\/#primaryimage\"},\"image\":{\"@id\":\"https:\/\/soxs.co\/de\/soxs-kinder-anti-rutsch-graue-wolle-caramel-swirl-label-wadensocke\/#primaryimage\"},\"thumbnailUrl\":\"https:\/\/dev.soxs.co\/app\/uploads\/sites\/2\/2022\/08\/Untitled-1-copy.jpg\",\"datePublished\":\"2022-08-27T17:09:01+00:00\",\"dateModified\":\"2025-05-16T09:24:50+00:00\",\"description\":\"Erfahren Sie h\u00e4ufig kalte F\u00fc\u00dfe? Diese grauen Wollsocken f\u00fcr Damen und Herren sind zweifellos die besten warmen Socken, um Ihre F\u00fc\u00dfe im Winter zu sch\u00fctzen.\",\"breadcrumb\":{\"@id\":\"https:\/\/soxs.co\/de\/soxs-kinder-anti-rutsch-graue-wolle-caramel-swirl-label-wadensocke\/#breadcrumb\"},\"inLanguage\":\"de\",\"potentialAction\":[{\"@type\":\"ReadAction\",\"target\":[\"https:\/\/soxs.co\/de\/soxs-kinder-anti-rutsch-graue-wolle-caramel-swirl-label-wadensocke\/\"]}]},{\"@type\":\"ImageObject\",\"inLanguage\":\"de\",\"@id\":\"https:\/\/soxs.co\/de\/soxs-kinder-anti-rutsch-graue-wolle-caramel-swirl-label-wadensocke\/#primaryimage\",\"url\":\"https:\/\/dev.soxs.co\/app\/uploads\/sites\/2\/2022\/08\/Untitled-1-copy.jpg\",\"contentUrl\":\"https:\/\/dev.soxs.co\/app\/uploads\/sites\/2\/2022\/08\/Untitled-1-copy.jpg\",\"width\":1000,\"height\":1000,\"caption\":\"Sox3560\"},{\"@type\":\"BreadcrumbList\",\"@id\":\"https:\/\/soxs.co\/de\/soxs-kinder-anti-rutsch-graue-wolle-caramel-swirl-label-wadensocke\/#breadcrumb\",\"itemListElement\":[{\"@type\":\"ListItem\",\"position\":1,\"name\":\"Home\",\"item\":\"https:\/\/soxs.co\/de\/\"},{\"@type\":\"ListItem\",\"position\":2,\"name\":\"Shop\",\"item\":\"https:\/\/soxs.co\/de\/shop\/\"},{\"@type\":\"ListItem\",\"position\":3,\"name\":\"SOXS Beige wolle kindersocken caramel swirl label Antirutsch wadensocke\"}]},{\"@type\":\"WebSite\",\"@id\":\"https:\/\/soxs.co\/de\/#website\",\"url\":\"https:\/\/soxs.co\/de\/\",\"name\":\"SOXS.co DE\",\"description\":\"Trendige und wunderbar warme Socken f\u00fcr alle\",\"potentialAction\":[{\"@type\":\"SearchAction\",\"target\":{\"@type\":\"EntryPoint\",\"urlTemplate\":\"https:\/\/soxs.co\/de\/?s={search_term_string}\"},\"query-input\":{\"@type\":\"PropertyValueSpecification\",\"valueRequired\":true,\"valueName\":\"search_term_string\"}}],\"inLanguage\":\"de\"}]}<\/script>\n<meta property=\"product:price:amount\" content=\"27.95\" \/>\n<meta property=\"product:price:currency\" content=\"EUR\" \/>\n<meta property=\"og:availability\" content=\"instock\" \/>\n<meta property=\"product:availability\" content=\"instock\" \/>\n<meta property=\"product:retailer_item_id\" content=\"SOX3560\" \/>\n<meta property=\"product:condition\" content=\"new\" \/>\n<!-- \/ Yoast SEO Premium plugin. -->","yoast_head_json":{"title":"SOXS kinder anti-rutsch graue wolle caramel swirl label","description":"Erfahren Sie h\u00e4ufig kalte F\u00fc\u00dfe? Diese grauen Wollsocken f\u00fcr Damen und Herren sind zweifellos die besten warmen Socken, um Ihre F\u00fc\u00dfe im Winter zu sch\u00fctzen.","robots":{"index":"noindex","follow":"follow","max-snippet":"max-snippet:-1","max-image-preview":"max-image-preview:large","max-video-preview":"max-video-preview:-1"},"og_locale":"de_DE","og_type":"article","og_title":"SOXS Beige wolle kindersocken caramel swirl label Antirutsch wadensocke","og_description":"Erfahren Sie h\u00e4ufig kalte F\u00fc\u00dfe? Diese grauen Wollsocken f\u00fcr Damen und Herren sind zweifellos die besten warmen Socken, um Ihre F\u00fc\u00dfe im Winter zu sch\u00fctzen.","og_url":"https:\/\/soxs.co\/de\/soxs-kinder-anti-rutsch-graue-wolle-caramel-swirl-label-wadensocke\/","og_site_name":"SOXS.co DE","article_publisher":"https:\/\/www.facebook.com\/soxs.co\/","article_modified_time":"2025-05-16T09:24:50+00:00","og_image":[{"width":1000,"height":1000,"url":"https:\/\/soxs.co\/app\/uploads\/sites\/2\/2022\/08\/Untitled-1-copy.jpg","type":"image\/jpeg"}],"twitter_card":"summary_large_image","twitter_site":"@soxs_co","twitter_misc":{"Preis":"&nbsp;27.95","Verf\u00fcgbarkeit":"Auf Lager"},"schema":{"@context":"https:\/\/schema.org","@graph":[{"@type":"WebPage","@id":"https:\/\/soxs.co\/de\/soxs-kinder-anti-rutsch-graue-wolle-caramel-swirl-label-wadensocke\/","url":"https:\/\/soxs.co\/de\/soxs-kinder-anti-rutsch-graue-wolle-caramel-swirl-label-wadensocke\/","name":"SOXS kinder anti-rutsch graue wolle caramel swirl label","isPartOf":{"@id":"https:\/\/soxs.co\/de\/#website"},"primaryImageOfPage":{"@id":"https:\/\/soxs.co\/de\/soxs-kinder-anti-rutsch-graue-wolle-caramel-swirl-label-wadensocke\/#primaryimage"},"image":{"@id":"https:\/\/soxs.co\/de\/soxs-kinder-anti-rutsch-graue-wolle-caramel-swirl-label-wadensocke\/#primaryimage"},"thumbnailUrl":"https:\/\/dev.soxs.co\/app\/uploads\/sites\/2\/2022\/08\/Untitled-1-copy.jpg","datePublished":"2022-08-27T17:09:01+00:00","dateModified":"2025-05-16T09:24:50+00:00","description":"Erfahren Sie h\u00e4ufig kalte F\u00fc\u00dfe? Diese grauen Wollsocken f\u00fcr Damen und Herren sind zweifellos die besten warmen Socken, um Ihre F\u00fc\u00dfe im Winter zu sch\u00fctzen.","breadcrumb":{"@id":"https:\/\/soxs.co\/de\/soxs-kinder-anti-rutsch-graue-wolle-caramel-swirl-label-wadensocke\/#breadcrumb"},"inLanguage":"de","potentialAction":[{"@type":"ReadAction","target":["https:\/\/soxs.co\/de\/soxs-kinder-anti-rutsch-graue-wolle-caramel-swirl-label-wadensocke\/"]}]},{"@type":"ImageObject","inLanguage":"de","@id":"https:\/\/soxs.co\/de\/soxs-kinder-anti-rutsch-graue-wolle-caramel-swirl-label-wadensocke\/#primaryimage","url":"https:\/\/dev.soxs.co\/app\/uploads\/sites\/2\/2022\/08\/Untitled-1-copy.jpg","contentUrl":"https:\/\/dev.soxs.co\/app\/uploads\/sites\/2\/2022\/08\/Untitled-1-copy.jpg","width":1000,"height":1000,"caption":"Sox3560"},{"@type":"BreadcrumbList","@id":"https:\/\/soxs.co\/de\/soxs-kinder-anti-rutsch-graue-wolle-caramel-swirl-label-wadensocke\/#breadcrumb","itemListElement":[{"@type":"ListItem","position":1,"name":"Home","item":"https:\/\/soxs.co\/de\/"},{"@type":"ListItem","position":2,"name":"Shop","item":"https:\/\/soxs.co\/de\/shop\/"},{"@type":"ListItem","position":3,"name":"SOXS Beige wolle kindersocken caramel swirl label Antirutsch wadensocke"}]},{"@type":"WebSite","@id":"https:\/\/soxs.co\/de\/#website","url":"https:\/\/soxs.co\/de\/","name":"SOXS.co DE","description":"Trendige und wunderbar warme Socken f\u00fcr alle","potentialAction":[{"@type":"SearchAction","target":{"@type":"EntryPoint","urlTemplate":"https:\/\/soxs.co\/de\/?s={search_term_string}"},"query-input":{"@type":"PropertyValueSpecification","valueRequired":true,"valueName":"search_term_string"}}],"inLanguage":"de"}]},"product_price_amount":"27.95","product_price_currency":"EUR","og_availability":"instock","product_availability":"instock","product_retailer_item_id":"SOX3560","product_condition":"new"},"_links":{"self":[{"href":"https:\/\/dev.soxs.co\/de\/wp-json\/wp\/v2\/product\/121519","targetHints":{"allow":["GET"]}}],"collection":[{"href":"https:\/\/dev.soxs.co\/de\/wp-json\/wp\/v2\/product"}],"about":[{"href":"https:\/\/dev.soxs.co\/de\/wp-json\/wp\/v2\/types\/product"}],"replies":[{"embeddable":true,"href":"https:\/\/dev.soxs.co\/de\/wp-json\/wp\/v2\/comments?post=121519"}],"wp:featuredmedia":[{"embeddable":true,"href":"https:\/\/dev.soxs.co\/de\/wp-json\/wp\/v2\/media\/700130977"}],"wp:attachment":[{"href":"https:\/\/dev.soxs.co\/de\/wp-json\/wp\/v2\/media?parent=121519"}],"wp:term":[{"taxonomy":"product_brand","embeddable":true,"href":"https:\/\/dev.soxs.co\/de\/wp-json\/wp\/v2\/product_brand?post=121519"},{"taxonomy":"product_cat","embeddable":true,"href":"https:\/\/dev.soxs.co\/de\/wp-json\/wp\/v2\/product_cat?post=121519"},{"taxonomy":"product_tag","embeddable":true,"href":"https:\/\/dev.soxs.co\/de\/wp-json\/wp\/v2\/product_tag?post=121519"}],"curies":[{"name":"wp","href":"https:\/\/api.w.org\/{rel}","templated":true}]}}