{"id":120995,"date":"2021-12-22T11:14:02","date_gmt":"2021-12-22T10:14:02","guid":{"rendered":"https:\/\/soxs.co\/de\/?post_type=product&#038;p=120995"},"modified":"2025-06-06T13:26:22","modified_gmt":"2024-11-28T21:38:26","slug":"soxs-seifenflocken-rosmarin","status":"publish","type":"product","link":"https:\/\/dev.soxs.co\/de\/soxs-seifenflocken-rosmarin\/","title":{"rendered":"SOXS Seifenflocken Rosmarin gro\u00df 25 W\u00e4sche"},"content":{"rendered":"","protected":false},"excerpt":{"rendered":"<p>Einer der gro\u00dfen Vorteile von Wolle ist, dass sie selbstreinigend ist und nicht oft gewaschen werden muss. Aber wenn Ihre Socken ein wenig schmutzig werden und Sie sicherstellen wollen, dass Ihre <strong>SOXS<\/strong> lange in Topform bleiben? Dann wirkt eine gute Handw\u00e4sche von Zeit zu Zeit wahre Wunder!<\/p>\n<p>Mit den <strong>SOXS-Seifenflocken<\/strong> haben Sie ein reines Waschmittel, mit dem Sie Ihre Wollprodukte gut reinigen und verantwortungsbewusst waschen k\u00f6nnen. Die Seifenflocken sind nat\u00fcrlich, 100 % biologisch abbaubar, sch\u00fctzen die Haut und sind einfach zu verwenden. Achten Sie darauf, dass das Wasser nicht zu hei\u00df ist und f\u00fcgen Sie einen Essl\u00f6ffel Seifenflocken hinzu. Waschen Sie die <strong>SOXS<\/strong> dann vorsichtig und lassen Sie sie eine Weile trocknen. Es ist ein Kinderspiel!<\/p>\n","protected":false},"featured_media":700129667,"comment_status":"closed","ping_status":"closed","template":"","meta":{"_acf_changed":false,"_improvement_type_select":"improve_an_existing","_thumb_yes_seoaic":false,"_frame_yes_seoaic":false,"seoaic_generate_description":"","seoaic_improve_instructions_prompt":"","seoaic_rollback_content_improvement":"","seoaic_idea_thumbnail_generator":"","thumbnail_generated":false,"thumbnail_generate_prompt":"","seoaic_article_description":""},"product_brand":[],"product_cat":[1314,1304],"product_tag":[],"class_list":{"0":"post-120995","1":"product","2":"type-product","3":"status-publish","4":"has-post-thumbnail","6":"product_cat-care","7":"product_cat-waschmittel","9":"first","10":"instock","11":"taxable","12":"shipping-taxable","13":"purchasable","14":"product-type-simple"},"acf":[],"yoast_head":"<!-- This site is optimized with the Yoast SEO Premium plugin v22.9 (Yoast SEO v25.3.1) - https:\/\/yoast.com\/wordpress\/plugins\/seo\/ -->\n<title>Seifenflocken: nat\u00fcrliches und gutes Waschmittel f\u00fcr Wolle | SOXS<\/title>\n<meta name=\"description\" content=\"SOXS Seifenflocken sind ein umweltfreundliches, nat\u00fcrliches, mildes und zu 100% biologisch abbaubares Waschmittel, das gr\u00fcndlich reinigt und ideal f\u00fcr empfindliche Wollprodukte ist!\" \/>\n<meta name=\"robots\" content=\"noindex, follow, max-snippet:-1, max-image-preview:large, max-video-preview:-1\" \/>\n<meta property=\"og:locale\" content=\"de_DE\" \/>\n<meta property=\"og:type\" content=\"article\" \/>\n<meta property=\"og:title\" content=\"SOXS Seifenflocken Rosmarin gro\u00df 25 W\u00e4sche\" \/>\n<meta property=\"og:description\" content=\"SOXS Seifenflocken sind ein umweltfreundliches, nat\u00fcrliches, mildes und zu 100% biologisch abbaubares Waschmittel, das gr\u00fcndlich reinigt und ideal f\u00fcr empfindliche Wollprodukte ist!\" \/>\n<meta property=\"og:url\" content=\"https:\/\/soxs.co\/de\/soxs-seifenflocken-rosmarin\/\" \/>\n<meta property=\"og:site_name\" content=\"SOXS.co DE\" \/>\n<meta property=\"article:publisher\" content=\"https:\/\/www.facebook.com\/soxs.co\/\" \/>\n<meta property=\"article:modified_time\" content=\"2024-11-28T21:38:26+00:00\" \/>\n<meta property=\"og:image\" content=\"https:\/\/soxs.co\/app\/uploads\/sites\/2\/2022\/08\/SOXs-Productfotografie-23-of-34.jpg\" \/>\n\t<meta property=\"og:image:width\" content=\"1333\" \/>\n\t<meta property=\"og:image:height\" content=\"2000\" \/>\n\t<meta property=\"og:image:type\" content=\"image\/jpeg\" \/>\n<meta name=\"twitter:card\" content=\"summary_large_image\" \/>\n<meta name=\"twitter:site\" content=\"@soxs_co\" \/>\n<meta name=\"twitter:label1\" content=\"Preis\" \/>\n\t<meta name=\"twitter:data1\" content=\"&nbsp;10.95\" \/>\n\t<meta name=\"twitter:label2\" content=\"Verf\u00fcgbarkeit\" \/>\n\t<meta name=\"twitter:data2\" content=\"Auf Lager\" \/>\n<script type=\"application\/ld+json\" class=\"yoast-schema-graph\">{\"@context\":\"https:\/\/schema.org\",\"@graph\":[{\"@type\":\"WebPage\",\"@id\":\"https:\/\/soxs.co\/de\/soxs-seifenflocken-rosmarin\/\",\"url\":\"https:\/\/soxs.co\/de\/soxs-seifenflocken-rosmarin\/\",\"name\":\"Seifenflocken: nat\u00fcrliches und gutes Waschmittel f\u00fcr Wolle | SOXS\",\"isPartOf\":{\"@id\":\"https:\/\/soxs.co\/de\/#website\"},\"primaryImageOfPage\":{\"@id\":\"https:\/\/soxs.co\/de\/soxs-seifenflocken-rosmarin\/#primaryimage\"},\"image\":{\"@id\":\"https:\/\/soxs.co\/de\/soxs-seifenflocken-rosmarin\/#primaryimage\"},\"thumbnailUrl\":\"https:\/\/dev.soxs.co\/app\/uploads\/sites\/2\/2022\/08\/SOXs-Productfotografie-23-of-34.jpg\",\"datePublished\":\"2021-12-22T10:14:02+00:00\",\"dateModified\":\"2024-11-28T21:38:26+00:00\",\"description\":\"SOXS Seifenflocken sind ein umweltfreundliches, nat\u00fcrliches, mildes und zu 100% biologisch abbaubares Waschmittel, das gr\u00fcndlich reinigt und ideal f\u00fcr empfindliche Wollprodukte ist!\",\"breadcrumb\":{\"@id\":\"https:\/\/soxs.co\/de\/soxs-seifenflocken-rosmarin\/#breadcrumb\"},\"inLanguage\":\"de\",\"potentialAction\":[{\"@type\":\"ReadAction\",\"target\":[\"https:\/\/soxs.co\/de\/soxs-seifenflocken-rosmarin\/\"]}]},{\"@type\":\"ImageObject\",\"inLanguage\":\"de\",\"@id\":\"https:\/\/soxs.co\/de\/soxs-seifenflocken-rosmarin\/#primaryimage\",\"url\":\"https:\/\/dev.soxs.co\/app\/uploads\/sites\/2\/2022\/08\/SOXs-Productfotografie-23-of-34.jpg\",\"contentUrl\":\"https:\/\/dev.soxs.co\/app\/uploads\/sites\/2\/2022\/08\/SOXs-Productfotografie-23-of-34.jpg\",\"width\":1333,\"height\":2000},{\"@type\":\"BreadcrumbList\",\"@id\":\"https:\/\/soxs.co\/de\/soxs-seifenflocken-rosmarin\/#breadcrumb\",\"itemListElement\":[{\"@type\":\"ListItem\",\"position\":1,\"name\":\"Home\",\"item\":\"https:\/\/soxs.co\/de\/\"},{\"@type\":\"ListItem\",\"position\":2,\"name\":\"Shop\",\"item\":\"https:\/\/soxs.co\/de\/shop\/\"},{\"@type\":\"ListItem\",\"position\":3,\"name\":\"SOXS Seifenflocken Rosmarin gro\u00df 25 W\u00e4sche\"}]},{\"@type\":\"WebSite\",\"@id\":\"https:\/\/soxs.co\/de\/#website\",\"url\":\"https:\/\/soxs.co\/de\/\",\"name\":\"SOXS.co DE\",\"description\":\"Trendige und wunderbar warme Socken f\u00fcr alle\",\"potentialAction\":[{\"@type\":\"SearchAction\",\"target\":{\"@type\":\"EntryPoint\",\"urlTemplate\":\"https:\/\/soxs.co\/de\/?s={search_term_string}\"},\"query-input\":{\"@type\":\"PropertyValueSpecification\",\"valueRequired\":true,\"valueName\":\"search_term_string\"}}],\"inLanguage\":\"de\"}]}<\/script>\n<meta property=\"product:price:amount\" content=\"10.95\" \/>\n<meta property=\"product:price:currency\" content=\"EUR\" \/>\n<meta property=\"og:availability\" content=\"instock\" \/>\n<meta property=\"product:availability\" content=\"instock\" \/>\n<meta property=\"product:retailer_item_id\" content=\"SOX3480\" \/>\n<meta property=\"product:condition\" content=\"new\" \/>\n<!-- \/ Yoast SEO Premium plugin. -->","yoast_head_json":{"title":"Seifenflocken: nat\u00fcrliches und gutes Waschmittel f\u00fcr Wolle | SOXS","description":"SOXS Seifenflocken sind ein umweltfreundliches, nat\u00fcrliches, mildes und zu 100% biologisch abbaubares Waschmittel, das gr\u00fcndlich reinigt und ideal f\u00fcr empfindliche Wollprodukte ist!","robots":{"index":"noindex","follow":"follow","max-snippet":"max-snippet:-1","max-image-preview":"max-image-preview:large","max-video-preview":"max-video-preview:-1"},"og_locale":"de_DE","og_type":"article","og_title":"SOXS Seifenflocken Rosmarin gro\u00df 25 W\u00e4sche","og_description":"SOXS Seifenflocken sind ein umweltfreundliches, nat\u00fcrliches, mildes und zu 100% biologisch abbaubares Waschmittel, das gr\u00fcndlich reinigt und ideal f\u00fcr empfindliche Wollprodukte ist!","og_url":"https:\/\/soxs.co\/de\/soxs-seifenflocken-rosmarin\/","og_site_name":"SOXS.co DE","article_publisher":"https:\/\/www.facebook.com\/soxs.co\/","article_modified_time":"2024-11-28T21:38:26+00:00","og_image":[{"width":1333,"height":2000,"url":"https:\/\/soxs.co\/app\/uploads\/sites\/2\/2022\/08\/SOXs-Productfotografie-23-of-34.jpg","type":"image\/jpeg"}],"twitter_card":"summary_large_image","twitter_site":"@soxs_co","twitter_misc":{"Preis":"&nbsp;10.95","Verf\u00fcgbarkeit":"Auf Lager"},"schema":{"@context":"https:\/\/schema.org","@graph":[{"@type":"WebPage","@id":"https:\/\/soxs.co\/de\/soxs-seifenflocken-rosmarin\/","url":"https:\/\/soxs.co\/de\/soxs-seifenflocken-rosmarin\/","name":"Seifenflocken: nat\u00fcrliches und gutes Waschmittel f\u00fcr Wolle | SOXS","isPartOf":{"@id":"https:\/\/soxs.co\/de\/#website"},"primaryImageOfPage":{"@id":"https:\/\/soxs.co\/de\/soxs-seifenflocken-rosmarin\/#primaryimage"},"image":{"@id":"https:\/\/soxs.co\/de\/soxs-seifenflocken-rosmarin\/#primaryimage"},"thumbnailUrl":"https:\/\/dev.soxs.co\/app\/uploads\/sites\/2\/2022\/08\/SOXs-Productfotografie-23-of-34.jpg","datePublished":"2021-12-22T10:14:02+00:00","dateModified":"2024-11-28T21:38:26+00:00","description":"SOXS Seifenflocken sind ein umweltfreundliches, nat\u00fcrliches, mildes und zu 100% biologisch abbaubares Waschmittel, das gr\u00fcndlich reinigt und ideal f\u00fcr empfindliche Wollprodukte ist!","breadcrumb":{"@id":"https:\/\/soxs.co\/de\/soxs-seifenflocken-rosmarin\/#breadcrumb"},"inLanguage":"de","potentialAction":[{"@type":"ReadAction","target":["https:\/\/soxs.co\/de\/soxs-seifenflocken-rosmarin\/"]}]},{"@type":"ImageObject","inLanguage":"de","@id":"https:\/\/soxs.co\/de\/soxs-seifenflocken-rosmarin\/#primaryimage","url":"https:\/\/dev.soxs.co\/app\/uploads\/sites\/2\/2022\/08\/SOXs-Productfotografie-23-of-34.jpg","contentUrl":"https:\/\/dev.soxs.co\/app\/uploads\/sites\/2\/2022\/08\/SOXs-Productfotografie-23-of-34.jpg","width":1333,"height":2000},{"@type":"BreadcrumbList","@id":"https:\/\/soxs.co\/de\/soxs-seifenflocken-rosmarin\/#breadcrumb","itemListElement":[{"@type":"ListItem","position":1,"name":"Home","item":"https:\/\/soxs.co\/de\/"},{"@type":"ListItem","position":2,"name":"Shop","item":"https:\/\/soxs.co\/de\/shop\/"},{"@type":"ListItem","position":3,"name":"SOXS Seifenflocken Rosmarin gro\u00df 25 W\u00e4sche"}]},{"@type":"WebSite","@id":"https:\/\/soxs.co\/de\/#website","url":"https:\/\/soxs.co\/de\/","name":"SOXS.co DE","description":"Trendige und wunderbar warme Socken f\u00fcr alle","potentialAction":[{"@type":"SearchAction","target":{"@type":"EntryPoint","urlTemplate":"https:\/\/soxs.co\/de\/?s={search_term_string}"},"query-input":{"@type":"PropertyValueSpecification","valueRequired":true,"valueName":"search_term_string"}}],"inLanguage":"de"}]},"product_price_amount":"10.95","product_price_currency":"EUR","og_availability":"instock","product_availability":"instock","product_retailer_item_id":"SOX3480","product_condition":"new"},"_links":{"self":[{"href":"https:\/\/dev.soxs.co\/de\/wp-json\/wp\/v2\/product\/120995","targetHints":{"allow":["GET"]}}],"collection":[{"href":"https:\/\/dev.soxs.co\/de\/wp-json\/wp\/v2\/product"}],"about":[{"href":"https:\/\/dev.soxs.co\/de\/wp-json\/wp\/v2\/types\/product"}],"replies":[{"embeddable":true,"href":"https:\/\/dev.soxs.co\/de\/wp-json\/wp\/v2\/comments?post=120995"}],"wp:featuredmedia":[{"embeddable":true,"href":"https:\/\/dev.soxs.co\/de\/wp-json\/wp\/v2\/media\/700129667"}],"wp:attachment":[{"href":"https:\/\/dev.soxs.co\/de\/wp-json\/wp\/v2\/media?parent=120995"}],"wp:term":[{"taxonomy":"product_brand","embeddable":true,"href":"https:\/\/dev.soxs.co\/de\/wp-json\/wp\/v2\/product_brand?post=120995"},{"taxonomy":"product_cat","embeddable":true,"href":"https:\/\/dev.soxs.co\/de\/wp-json\/wp\/v2\/product_cat?post=120995"},{"taxonomy":"product_tag","embeddable":true,"href":"https:\/\/dev.soxs.co\/de\/wp-json\/wp\/v2\/product_tag?post=120995"}],"curies":[{"name":"wp","href":"https:\/\/api.w.org\/{rel}","templated":true}]}}