{"id":120295,"date":"2021-09-01T12:00:50","date_gmt":"2021-09-01T10:00:50","guid":{"rendered":"https:\/\/soxs.co\/de\/?post_type=product&#038;p=120295"},"modified":"2025-06-02T12:55:11","modified_gmt":"2025-06-02T10:48:32","slug":"soxs-graue-wollsocken-fuer-babys-fairy-tale-label-anti-rutsch","status":"publish","type":"product","link":"https:\/\/dev.soxs.co\/de\/soxs-graue-wollsocken-fuer-babys-fairy-tale-label-anti-rutsch\/","title":{"rendered":"SOXS Graue Wolle babysocken Fairy Tale Label Anti-Rutsch kniesocke"},"content":{"rendered":"<p>S\u00fc\u00df, sch\u00fctzend und liebevoll \u2013 was brauchst Du mehr? Das ist alles, was Du f\u00fcr perfekte Babywollsocken f\u00fcr ein M\u00e4dchen suchst. Diese Woll-Babysocken mit dem <em>Fairy Tale<\/em> Label in Hellrosa halten die F\u00fc\u00dfchen das ganze Jahr \u00fcber angenehm temperiert. Warm an den k\u00e4lteren Tagen und k\u00fchlend an den Sommertagen. Das ist eine sch\u00f6ne Eigenschaft der besten Schafwolle. Auch ideal zum Schlafen! Mit den Babys\u00f6ckchen im Bett bleiben die F\u00fc\u00dfe angenehm und behaglich. Das kleine M\u00e4dchen schl\u00e4ft wie Dornr\u00f6schen! Und wenn die kleine Prinzessin die gro\u00dfe Welt erkunden will? Dann kannst Du sie mit einer rutschfesten Sohle auf eine sichere Entdeckungsreise vorbereiten. Mit der rosafarbenen Anti-Rutsch Fl\u00fcssigkeit kannst Du ganz einfach ein sch\u00f6nes Kunstwerk auf diese niedlichen und zarten M\u00e4dchen Woll-Babysocken malen.<br \/>\nGrau wolle Babysocken mit Antirutsch, Grau wolle Babysocken mit Antirutsch<\/p>\n","protected":false},"excerpt":{"rendered":"<p>S\u00fc\u00df, sch\u00fctzend und liebevoll \u2013 was brauchst Du mehr? Das ist alles, was Du f\u00fcr perfekte Babywollsocken f\u00fcr ein M\u00e4dchen suchst. Diese Woll-Babysocken mit dem <em>Fairy Tale<\/em> Label in Hellrosa halten die F\u00fc\u00dfchen das ganze Jahr \u00fcber angenehm temperiert. Warm an den k\u00e4lteren Tagen und k\u00fchlend an den Sommertagen. Das ist eine sch\u00f6ne Eigenschaft der besten Schafwolle. Auch ideal zum Schlafen! Mit den Babys\u00f6ckchen im Bett bleiben die F\u00fc\u00dfe angenehm und behaglich. Das kleine M\u00e4dchen schl\u00e4ft wie Dornr\u00f6schen! Und wenn die kleine Prinzessin die gro\u00dfe Welt erkunden will? Dann kannst Du sie mit einer rutschfesten Sohle auf eine sichere Entdeckungsreise vorbereiten. Mit der rosafarbenen Anti-Rutsch Fl\u00fcssigkeit kannst Du ganz einfach ein sch\u00f6nes Kunstwerk auf diese niedlichen und zarten M\u00e4dchen Woll-Babysocken malen.<\/p>\n","protected":false},"featured_media":700129292,"comment_status":"closed","ping_status":"closed","template":"","meta":{"_acf_changed":false,"_improvement_type_select":"improve_an_existing","_thumb_yes_seoaic":false,"_frame_yes_seoaic":false,"seoaic_generate_description":"","seoaic_improve_instructions_prompt":"","seoaic_rollback_content_improvement":"","seoaic_idea_thumbnail_generator":"","thumbnail_generated":false,"thumbnail_generate_prompt":"","seoaic_article_description":""},"product_brand":[],"product_cat":[1384,57,56],"product_tag":[],"class_list":{"0":"post-120295","1":"product","2":"type-product","3":"status-publish","4":"has-post-thumbnail","6":"product_cat-stoppersocken-und-anti-rutsch-socken","7":"product_cat-wollsocken-baby","8":"product_cat-socken-von-soxs","10":"first","11":"instock","12":"taxable","13":"shipping-taxable","14":"purchasable","15":"product-type-simple"},"acf":[],"yoast_head":"<!-- This site is optimized with the Yoast SEO Premium plugin v22.9 (Yoast SEO v25.3.1) - https:\/\/yoast.com\/wordpress\/plugins\/seo\/ -->\n<title>SOXS Graue Wolle babysocken Fairy Tale Label | SOXS.co DE<\/title>\n<meta name=\"description\" content=\"Grau wolle Babysocken mit Antirutsch. Diese Woll-Babysocken mit dem Fairy Tale Label in Hellrosa halten die F\u00fc\u00dfchen das ganze Jahr \u00fcber angenehm temperiert.\" \/>\n<meta name=\"robots\" content=\"noindex, follow, max-snippet:-1, max-image-preview:large, max-video-preview:-1\" \/>\n<meta property=\"og:locale\" content=\"de_DE\" \/>\n<meta property=\"og:type\" content=\"article\" \/>\n<meta property=\"og:title\" content=\"SOXS Graue Wolle babysocken Fairy Tale Label Anti-Rutsch kniesocke\" \/>\n<meta property=\"og:description\" content=\"Grau wolle Babysocken mit Antirutsch. Diese Woll-Babysocken mit dem Fairy Tale Label in Hellrosa halten die F\u00fc\u00dfchen das ganze Jahr \u00fcber angenehm temperiert.\" \/>\n<meta property=\"og:url\" content=\"https:\/\/soxs.co\/de\/soxs-graue-wollsocken-fuer-babys-fairy-tale-label-anti-rutsch\/\" \/>\n<meta property=\"og:site_name\" content=\"SOXS.co DE\" \/>\n<meta property=\"article:publisher\" content=\"https:\/\/www.facebook.com\/soxs.co\/\" \/>\n<meta property=\"article:modified_time\" content=\"2025-06-02T10:48:32+00:00\" \/>\n<meta property=\"og:image\" content=\"https:\/\/soxs.co\/app\/uploads\/sites\/2\/2021\/09\/SOX3645_1000x1000px.png\" \/>\n\t<meta property=\"og:image:width\" content=\"2362\" \/>\n\t<meta property=\"og:image:height\" content=\"2362\" \/>\n\t<meta property=\"og:image:type\" content=\"image\/png\" \/>\n<meta name=\"twitter:card\" content=\"summary_large_image\" \/>\n<meta name=\"twitter:site\" content=\"@soxs_co\" \/>\n<meta name=\"twitter:label1\" content=\"Preis\" \/>\n\t<meta name=\"twitter:data1\" content=\"&nbsp;22.95\" \/>\n\t<meta name=\"twitter:label2\" content=\"Verf\u00fcgbarkeit\" \/>\n\t<meta name=\"twitter:data2\" content=\"Auf Lager\" \/>\n<script type=\"application\/ld+json\" class=\"yoast-schema-graph\">{\"@context\":\"https:\/\/schema.org\",\"@graph\":[{\"@type\":\"WebPage\",\"@id\":\"https:\/\/soxs.co\/de\/soxs-graue-wollsocken-fuer-babys-fairy-tale-label-anti-rutsch\/\",\"url\":\"https:\/\/soxs.co\/de\/soxs-graue-wollsocken-fuer-babys-fairy-tale-label-anti-rutsch\/\",\"name\":\"SOXS Graue Wolle babysocken Fairy Tale Label | SOXS.co DE\",\"isPartOf\":{\"@id\":\"https:\/\/soxs.co\/de\/#website\"},\"primaryImageOfPage\":{\"@id\":\"https:\/\/soxs.co\/de\/soxs-graue-wollsocken-fuer-babys-fairy-tale-label-anti-rutsch\/#primaryimage\"},\"image\":{\"@id\":\"https:\/\/soxs.co\/de\/soxs-graue-wollsocken-fuer-babys-fairy-tale-label-anti-rutsch\/#primaryimage\"},\"thumbnailUrl\":\"https:\/\/dev.soxs.co\/app\/uploads\/sites\/2\/2021\/09\/SOX3645_1000x1000px.png\",\"datePublished\":\"2021-09-01T10:00:50+00:00\",\"dateModified\":\"2025-06-02T10:48:32+00:00\",\"description\":\"Grau wolle Babysocken mit Antirutsch. Diese Woll-Babysocken mit dem Fairy Tale Label in Hellrosa halten die F\u00fc\u00dfchen das ganze Jahr \u00fcber angenehm temperiert.\",\"breadcrumb\":{\"@id\":\"https:\/\/soxs.co\/de\/soxs-graue-wollsocken-fuer-babys-fairy-tale-label-anti-rutsch\/#breadcrumb\"},\"inLanguage\":\"de\",\"potentialAction\":[{\"@type\":\"ReadAction\",\"target\":[\"https:\/\/soxs.co\/de\/soxs-graue-wollsocken-fuer-babys-fairy-tale-label-anti-rutsch\/\"]}]},{\"@type\":\"ImageObject\",\"inLanguage\":\"de\",\"@id\":\"https:\/\/soxs.co\/de\/soxs-graue-wollsocken-fuer-babys-fairy-tale-label-anti-rutsch\/#primaryimage\",\"url\":\"https:\/\/dev.soxs.co\/app\/uploads\/sites\/2\/2021\/09\/SOX3645_1000x1000px.png\",\"contentUrl\":\"https:\/\/dev.soxs.co\/app\/uploads\/sites\/2\/2021\/09\/SOX3645_1000x1000px.png\",\"width\":2362,\"height\":2362,\"caption\":\"SOX3645_1000x1000px\"},{\"@type\":\"BreadcrumbList\",\"@id\":\"https:\/\/soxs.co\/de\/soxs-graue-wollsocken-fuer-babys-fairy-tale-label-anti-rutsch\/#breadcrumb\",\"itemListElement\":[{\"@type\":\"ListItem\",\"position\":1,\"name\":\"Home\",\"item\":\"https:\/\/soxs.co\/de\/\"},{\"@type\":\"ListItem\",\"position\":2,\"name\":\"Shop\",\"item\":\"https:\/\/soxs.co\/de\/shop\/\"},{\"@type\":\"ListItem\",\"position\":3,\"name\":\"SOXS Graue Wolle babysocken Fairy Tale Label Anti-Rutsch kniesocke\"}]},{\"@type\":\"WebSite\",\"@id\":\"https:\/\/soxs.co\/de\/#website\",\"url\":\"https:\/\/soxs.co\/de\/\",\"name\":\"SOXS.co DE\",\"description\":\"Trendige und wunderbar warme Socken f\u00fcr alle\",\"potentialAction\":[{\"@type\":\"SearchAction\",\"target\":{\"@type\":\"EntryPoint\",\"urlTemplate\":\"https:\/\/soxs.co\/de\/?s={search_term_string}\"},\"query-input\":{\"@type\":\"PropertyValueSpecification\",\"valueRequired\":true,\"valueName\":\"search_term_string\"}}],\"inLanguage\":\"de\"}]}<\/script>\n<meta property=\"product:price:amount\" content=\"22.95\" \/>\n<meta property=\"product:price:currency\" content=\"EUR\" \/>\n<meta property=\"og:availability\" content=\"instock\" \/>\n<meta property=\"product:availability\" content=\"instock\" \/>\n<meta property=\"product:retailer_item_id\" content=\"SOX3645\" \/>\n<meta property=\"product:condition\" content=\"new\" \/>\n<!-- \/ Yoast SEO Premium plugin. -->","yoast_head_json":{"title":"SOXS Graue Wolle babysocken Fairy Tale Label | SOXS.co DE","description":"Grau wolle Babysocken mit Antirutsch. Diese Woll-Babysocken mit dem Fairy Tale Label in Hellrosa halten die F\u00fc\u00dfchen das ganze Jahr \u00fcber angenehm temperiert.","robots":{"index":"noindex","follow":"follow","max-snippet":"max-snippet:-1","max-image-preview":"max-image-preview:large","max-video-preview":"max-video-preview:-1"},"og_locale":"de_DE","og_type":"article","og_title":"SOXS Graue Wolle babysocken Fairy Tale Label Anti-Rutsch kniesocke","og_description":"Grau wolle Babysocken mit Antirutsch. Diese Woll-Babysocken mit dem Fairy Tale Label in Hellrosa halten die F\u00fc\u00dfchen das ganze Jahr \u00fcber angenehm temperiert.","og_url":"https:\/\/soxs.co\/de\/soxs-graue-wollsocken-fuer-babys-fairy-tale-label-anti-rutsch\/","og_site_name":"SOXS.co DE","article_publisher":"https:\/\/www.facebook.com\/soxs.co\/","article_modified_time":"2025-06-02T10:48:32+00:00","og_image":[{"width":2362,"height":2362,"url":"https:\/\/soxs.co\/app\/uploads\/sites\/2\/2021\/09\/SOX3645_1000x1000px.png","type":"image\/png"}],"twitter_card":"summary_large_image","twitter_site":"@soxs_co","twitter_misc":{"Preis":"&nbsp;22.95","Verf\u00fcgbarkeit":"Auf Lager"},"schema":{"@context":"https:\/\/schema.org","@graph":[{"@type":"WebPage","@id":"https:\/\/soxs.co\/de\/soxs-graue-wollsocken-fuer-babys-fairy-tale-label-anti-rutsch\/","url":"https:\/\/soxs.co\/de\/soxs-graue-wollsocken-fuer-babys-fairy-tale-label-anti-rutsch\/","name":"SOXS Graue Wolle babysocken Fairy Tale Label | SOXS.co DE","isPartOf":{"@id":"https:\/\/soxs.co\/de\/#website"},"primaryImageOfPage":{"@id":"https:\/\/soxs.co\/de\/soxs-graue-wollsocken-fuer-babys-fairy-tale-label-anti-rutsch\/#primaryimage"},"image":{"@id":"https:\/\/soxs.co\/de\/soxs-graue-wollsocken-fuer-babys-fairy-tale-label-anti-rutsch\/#primaryimage"},"thumbnailUrl":"https:\/\/dev.soxs.co\/app\/uploads\/sites\/2\/2021\/09\/SOX3645_1000x1000px.png","datePublished":"2021-09-01T10:00:50+00:00","dateModified":"2025-06-02T10:48:32+00:00","description":"Grau wolle Babysocken mit Antirutsch. Diese Woll-Babysocken mit dem Fairy Tale Label in Hellrosa halten die F\u00fc\u00dfchen das ganze Jahr \u00fcber angenehm temperiert.","breadcrumb":{"@id":"https:\/\/soxs.co\/de\/soxs-graue-wollsocken-fuer-babys-fairy-tale-label-anti-rutsch\/#breadcrumb"},"inLanguage":"de","potentialAction":[{"@type":"ReadAction","target":["https:\/\/soxs.co\/de\/soxs-graue-wollsocken-fuer-babys-fairy-tale-label-anti-rutsch\/"]}]},{"@type":"ImageObject","inLanguage":"de","@id":"https:\/\/soxs.co\/de\/soxs-graue-wollsocken-fuer-babys-fairy-tale-label-anti-rutsch\/#primaryimage","url":"https:\/\/dev.soxs.co\/app\/uploads\/sites\/2\/2021\/09\/SOX3645_1000x1000px.png","contentUrl":"https:\/\/dev.soxs.co\/app\/uploads\/sites\/2\/2021\/09\/SOX3645_1000x1000px.png","width":2362,"height":2362,"caption":"SOX3645_1000x1000px"},{"@type":"BreadcrumbList","@id":"https:\/\/soxs.co\/de\/soxs-graue-wollsocken-fuer-babys-fairy-tale-label-anti-rutsch\/#breadcrumb","itemListElement":[{"@type":"ListItem","position":1,"name":"Home","item":"https:\/\/soxs.co\/de\/"},{"@type":"ListItem","position":2,"name":"Shop","item":"https:\/\/soxs.co\/de\/shop\/"},{"@type":"ListItem","position":3,"name":"SOXS Graue Wolle babysocken Fairy Tale Label Anti-Rutsch kniesocke"}]},{"@type":"WebSite","@id":"https:\/\/soxs.co\/de\/#website","url":"https:\/\/soxs.co\/de\/","name":"SOXS.co DE","description":"Trendige und wunderbar warme Socken f\u00fcr alle","potentialAction":[{"@type":"SearchAction","target":{"@type":"EntryPoint","urlTemplate":"https:\/\/soxs.co\/de\/?s={search_term_string}"},"query-input":{"@type":"PropertyValueSpecification","valueRequired":true,"valueName":"search_term_string"}}],"inLanguage":"de"}]},"product_price_amount":"22.95","product_price_currency":"EUR","og_availability":"instock","product_availability":"instock","product_retailer_item_id":"SOX3645","product_condition":"new"},"_links":{"self":[{"href":"https:\/\/dev.soxs.co\/de\/wp-json\/wp\/v2\/product\/120295","targetHints":{"allow":["GET"]}}],"collection":[{"href":"https:\/\/dev.soxs.co\/de\/wp-json\/wp\/v2\/product"}],"about":[{"href":"https:\/\/dev.soxs.co\/de\/wp-json\/wp\/v2\/types\/product"}],"replies":[{"embeddable":true,"href":"https:\/\/dev.soxs.co\/de\/wp-json\/wp\/v2\/comments?post=120295"}],"wp:featuredmedia":[{"embeddable":true,"href":"https:\/\/dev.soxs.co\/de\/wp-json\/wp\/v2\/media\/700129292"}],"wp:attachment":[{"href":"https:\/\/dev.soxs.co\/de\/wp-json\/wp\/v2\/media?parent=120295"}],"wp:term":[{"taxonomy":"product_brand","embeddable":true,"href":"https:\/\/dev.soxs.co\/de\/wp-json\/wp\/v2\/product_brand?post=120295"},{"taxonomy":"product_cat","embeddable":true,"href":"https:\/\/dev.soxs.co\/de\/wp-json\/wp\/v2\/product_cat?post=120295"},{"taxonomy":"product_tag","embeddable":true,"href":"https:\/\/dev.soxs.co\/de\/wp-json\/wp\/v2\/product_tag?post=120295"}],"curies":[{"name":"wp","href":"https:\/\/api.w.org\/{rel}","templated":true}]}}