{"id":119943,"date":"2021-05-20T10:34:10","date_gmt":"2021-05-20T08:34:10","guid":{"rendered":"https:\/\/soxs.co\/de\/?post_type=product&#038;p=119943"},"modified":"2025-06-08T11:42:30","modified_gmt":"2025-06-08T09:31:40","slug":"soxs-beige-woll-babysocken-anti-rutsch-sweet-hazel-label","status":"publish","type":"product","link":"https:\/\/dev.soxs.co\/de\/soxs-beige-woll-babysocken-anti-rutsch-sweet-hazel-label\/","title":{"rendered":"SOXS Beige Wolle Babysocken Sweet Hazel Label Anti-Rutsch kniesocke"},"content":{"rendered":"<p>Das ist alles, was Du von einer perfekten Wollsocke f\u00fcr Babys erwartest: warm und k\u00fchlend, elastisch, rutschfest und kratzfrei! Diese beigefarbenen Woll-Babysocken mit Anti-Rutsch-Effekt w\u00e4rmen an kalten Tagen und k\u00fchlen an Sommertagen. Die Babysocken haben diese thermischen Eigenschaften dank der nat\u00fcrlichen Wirkung der besten Schafwolle. Au\u00dferdem bleiben die Socken an Ort und Stelle und &#8218;wachsen&#8216; sogar mit den F\u00fc\u00dfen mit, dank der einzigartigen Elastizit\u00e4t von <strong>SOXS<\/strong>. Daher sind diese warmen Babysocken f\u00fcr ein Alter von 9 bis 24 Monaten geeignet. Super praktisch! Und wusstest Du schon, dass unsere Babysocken aus Schafwolle nicht kratzen? Darauf geben wir sogar eine 100%ige Antikratz-Garantie! Toll, denn dann kann das kleine M\u00e4dchen oder der kleine Junge wunderbar schlafen, ohne dass die F\u00fc\u00dfe gereizt werden. Im Herbst und Winter sinken die Temperaturen schnell und unsere wollenen Babysocken sch\u00fctzen die kleinsten F\u00fc\u00dfe vor der K\u00e4lte. Und ist die junge Dame oder der junge Herr dabei, seine ersten Schritte zu machen? Mit dem Anti-Rutsch Fl\u00fcssiglatex kannst Du ganz einfach eine Anti-Rutsch-Sohle auf die <strong>SOXS <\/strong>auftragen und so f\u00fcr optimalen Grip sorgen.<br \/>\nwoll babys\u00f6ckchen beige anti-rutsch, woll babys\u00f6ckchen beige anti-rutsch<\/p>\n","protected":false},"excerpt":{"rendered":"<p>Das ist alles, was Du von einer perfekten Wollsocke f\u00fcr Babys erwartest: warm und k\u00fchlend, elastisch, rutschfest und kratzfrei! Diese beigefarbenen Woll-Babysocken mit Anti-Rutsch-Effekt w\u00e4rmen an kalten Tagen und k\u00fchlen an Sommertagen. Die Babysocken haben diese thermischen Eigenschaften dank der nat\u00fcrlichen Wirkung der besten Schafwolle. Au\u00dferdem bleiben die Socken an Ort und Stelle und &#8218;wachsen&#8216; sogar mit den F\u00fc\u00dfen mit, dank der einzigartigen Elastizit\u00e4t von <strong>SOXS<\/strong>. Daher sind diese warmen Babysocken f\u00fcr ein Alter von 9 bis 24 Monaten geeignet. Super praktisch! Und wusstest Du schon, dass unsere Babysocken aus Schafwolle nicht kratzen? Darauf geben wir sogar eine 100%ige Antikratz-Garantie! Toll, denn dann kann das kleine M\u00e4dchen oder der kleine Junge wunderbar schlafen, ohne dass die F\u00fc\u00dfe gereizt werden. Im Herbst und Winter sinken die Temperaturen schnell und unsere wollenen Babysocken sch\u00fctzen die kleinsten F\u00fc\u00dfe vor der K\u00e4lte. Und ist die junge Dame oder der junge Herr dabei, seine ersten Schritte zu machen? Mit dem Anti-Rutsch Fl\u00fcssiglatex kannst Du ganz einfach eine Anti-Rutsch-Sohle auf die <strong>SOXS <\/strong>auftragen und so f\u00fcr optimalen Grip sorgen.<\/p>\n","protected":false},"featured_media":700129295,"comment_status":"closed","ping_status":"closed","template":"","meta":{"_acf_changed":false,"_improvement_type_select":"improve_an_existing","_thumb_yes_seoaic":false,"_frame_yes_seoaic":false,"seoaic_generate_description":"","seoaic_improve_instructions_prompt":"","seoaic_rollback_content_improvement":"","seoaic_idea_thumbnail_generator":"","thumbnail_generated":false,"thumbnail_generate_prompt":"","seoaic_article_description":""},"product_brand":[],"product_cat":[1384,57,56],"product_tag":[],"class_list":{"0":"post-119943","1":"product","2":"type-product","3":"status-publish","4":"has-post-thumbnail","6":"product_cat-stoppersocken-und-anti-rutsch-socken","7":"product_cat-wollsocken-baby","8":"product_cat-socken-von-soxs","10":"first","11":"instock","12":"taxable","13":"shipping-taxable","14":"purchasable","15":"product-type-simple"},"acf":[],"yoast_head":"<!-- This site is optimized with the Yoast SEO Premium plugin v22.9 (Yoast SEO v25.3.1) - https:\/\/yoast.com\/wordpress\/plugins\/seo\/ -->\n<title>SOXS Beige wolle Babysocken mit Sweet Hazel label | SOXS.co DE<\/title>\n<meta name=\"description\" content=\"Suchst Du nach warmen Babysocken f\u00fcr Winter? Mit diesen beigefarbenen, rutschfesten Babysocken aus Schafwolle bleiben die kleinsten Wohlf\u00fchl-F\u00fc\u00dfe warm.\" \/>\n<meta name=\"robots\" content=\"noindex, follow, max-snippet:-1, max-image-preview:large, max-video-preview:-1\" \/>\n<meta property=\"og:locale\" content=\"de_DE\" \/>\n<meta property=\"og:type\" content=\"article\" \/>\n<meta property=\"og:title\" content=\"SOXS Beige Wolle Babysocken Sweet Hazel Label Anti-Rutsch kniesocke\" \/>\n<meta property=\"og:description\" content=\"Suchst Du nach warmen Babysocken f\u00fcr Winter? Mit diesen beigefarbenen, rutschfesten Babysocken aus Schafwolle bleiben die kleinsten Wohlf\u00fchl-F\u00fc\u00dfe warm.\" \/>\n<meta property=\"og:url\" content=\"https:\/\/soxs.co\/de\/soxs-beige-woll-babysocken-anti-rutsch-sweet-hazel-label\/\" \/>\n<meta property=\"og:site_name\" content=\"SOXS.co DE\" \/>\n<meta property=\"article:publisher\" content=\"https:\/\/www.facebook.com\/soxs.co\/\" \/>\n<meta property=\"article:modified_time\" content=\"2025-06-08T09:31:40+00:00\" \/>\n<meta property=\"og:image\" content=\"https:\/\/soxs.co\/app\/uploads\/sites\/2\/2021\/05\/SOX3648_1000x1000px.png\" \/>\n\t<meta property=\"og:image:width\" content=\"2362\" \/>\n\t<meta property=\"og:image:height\" content=\"2362\" \/>\n\t<meta property=\"og:image:type\" content=\"image\/png\" \/>\n<meta name=\"twitter:card\" content=\"summary_large_image\" \/>\n<meta name=\"twitter:site\" content=\"@soxs_co\" \/>\n<meta name=\"twitter:label1\" content=\"Preis\" \/>\n\t<meta name=\"twitter:data1\" content=\"&nbsp;22.95\" \/>\n\t<meta name=\"twitter:label2\" content=\"Verf\u00fcgbarkeit\" \/>\n\t<meta name=\"twitter:data2\" content=\"Auf Lager\" \/>\n<script type=\"application\/ld+json\" class=\"yoast-schema-graph\">{\"@context\":\"https:\/\/schema.org\",\"@graph\":[{\"@type\":\"WebPage\",\"@id\":\"https:\/\/soxs.co\/de\/soxs-beige-woll-babysocken-anti-rutsch-sweet-hazel-label\/\",\"url\":\"https:\/\/soxs.co\/de\/soxs-beige-woll-babysocken-anti-rutsch-sweet-hazel-label\/\",\"name\":\"SOXS Beige wolle Babysocken mit Sweet Hazel label | SOXS.co DE\",\"isPartOf\":{\"@id\":\"https:\/\/soxs.co\/de\/#website\"},\"primaryImageOfPage\":{\"@id\":\"https:\/\/soxs.co\/de\/soxs-beige-woll-babysocken-anti-rutsch-sweet-hazel-label\/#primaryimage\"},\"image\":{\"@id\":\"https:\/\/soxs.co\/de\/soxs-beige-woll-babysocken-anti-rutsch-sweet-hazel-label\/#primaryimage\"},\"thumbnailUrl\":\"https:\/\/dev.soxs.co\/app\/uploads\/sites\/2\/2021\/05\/SOX3648_1000x1000px.png\",\"datePublished\":\"2021-05-20T08:34:10+00:00\",\"dateModified\":\"2025-06-08T09:31:40+00:00\",\"description\":\"Suchst Du nach warmen Babysocken f\u00fcr Winter? Mit diesen beigefarbenen, rutschfesten Babysocken aus Schafwolle bleiben die kleinsten Wohlf\u00fchl-F\u00fc\u00dfe warm.\",\"breadcrumb\":{\"@id\":\"https:\/\/soxs.co\/de\/soxs-beige-woll-babysocken-anti-rutsch-sweet-hazel-label\/#breadcrumb\"},\"inLanguage\":\"de\",\"potentialAction\":[{\"@type\":\"ReadAction\",\"target\":[\"https:\/\/soxs.co\/de\/soxs-beige-woll-babysocken-anti-rutsch-sweet-hazel-label\/\"]}]},{\"@type\":\"ImageObject\",\"inLanguage\":\"de\",\"@id\":\"https:\/\/soxs.co\/de\/soxs-beige-woll-babysocken-anti-rutsch-sweet-hazel-label\/#primaryimage\",\"url\":\"https:\/\/dev.soxs.co\/app\/uploads\/sites\/2\/2021\/05\/SOX3648_1000x1000px.png\",\"contentUrl\":\"https:\/\/dev.soxs.co\/app\/uploads\/sites\/2\/2021\/05\/SOX3648_1000x1000px.png\",\"width\":2362,\"height\":2362,\"caption\":\"SOX3648_1000x1000px\"},{\"@type\":\"BreadcrumbList\",\"@id\":\"https:\/\/soxs.co\/de\/soxs-beige-woll-babysocken-anti-rutsch-sweet-hazel-label\/#breadcrumb\",\"itemListElement\":[{\"@type\":\"ListItem\",\"position\":1,\"name\":\"Home\",\"item\":\"https:\/\/soxs.co\/de\/\"},{\"@type\":\"ListItem\",\"position\":2,\"name\":\"Shop\",\"item\":\"https:\/\/soxs.co\/de\/shop\/\"},{\"@type\":\"ListItem\",\"position\":3,\"name\":\"SOXS Beige Wolle Babysocken Sweet Hazel Label Anti-Rutsch kniesocke\"}]},{\"@type\":\"WebSite\",\"@id\":\"https:\/\/soxs.co\/de\/#website\",\"url\":\"https:\/\/soxs.co\/de\/\",\"name\":\"SOXS.co DE\",\"description\":\"Trendige und wunderbar warme Socken f\u00fcr alle\",\"potentialAction\":[{\"@type\":\"SearchAction\",\"target\":{\"@type\":\"EntryPoint\",\"urlTemplate\":\"https:\/\/soxs.co\/de\/?s={search_term_string}\"},\"query-input\":{\"@type\":\"PropertyValueSpecification\",\"valueRequired\":true,\"valueName\":\"search_term_string\"}}],\"inLanguage\":\"de\"}]}<\/script>\n<meta property=\"product:price:amount\" content=\"22.95\" \/>\n<meta property=\"product:price:currency\" content=\"EUR\" \/>\n<meta property=\"og:availability\" content=\"instock\" \/>\n<meta property=\"product:availability\" content=\"instock\" \/>\n<meta property=\"product:retailer_item_id\" content=\"SOX3648\" \/>\n<meta property=\"product:condition\" content=\"new\" \/>\n<!-- \/ Yoast SEO Premium plugin. -->","yoast_head_json":{"title":"SOXS Beige wolle Babysocken mit Sweet Hazel label | SOXS.co DE","description":"Suchst Du nach warmen Babysocken f\u00fcr Winter? Mit diesen beigefarbenen, rutschfesten Babysocken aus Schafwolle bleiben die kleinsten Wohlf\u00fchl-F\u00fc\u00dfe warm.","robots":{"index":"noindex","follow":"follow","max-snippet":"max-snippet:-1","max-image-preview":"max-image-preview:large","max-video-preview":"max-video-preview:-1"},"og_locale":"de_DE","og_type":"article","og_title":"SOXS Beige Wolle Babysocken Sweet Hazel Label Anti-Rutsch kniesocke","og_description":"Suchst Du nach warmen Babysocken f\u00fcr Winter? Mit diesen beigefarbenen, rutschfesten Babysocken aus Schafwolle bleiben die kleinsten Wohlf\u00fchl-F\u00fc\u00dfe warm.","og_url":"https:\/\/soxs.co\/de\/soxs-beige-woll-babysocken-anti-rutsch-sweet-hazel-label\/","og_site_name":"SOXS.co DE","article_publisher":"https:\/\/www.facebook.com\/soxs.co\/","article_modified_time":"2025-06-08T09:31:40+00:00","og_image":[{"width":2362,"height":2362,"url":"https:\/\/soxs.co\/app\/uploads\/sites\/2\/2021\/05\/SOX3648_1000x1000px.png","type":"image\/png"}],"twitter_card":"summary_large_image","twitter_site":"@soxs_co","twitter_misc":{"Preis":"&nbsp;22.95","Verf\u00fcgbarkeit":"Auf Lager"},"schema":{"@context":"https:\/\/schema.org","@graph":[{"@type":"WebPage","@id":"https:\/\/soxs.co\/de\/soxs-beige-woll-babysocken-anti-rutsch-sweet-hazel-label\/","url":"https:\/\/soxs.co\/de\/soxs-beige-woll-babysocken-anti-rutsch-sweet-hazel-label\/","name":"SOXS Beige wolle Babysocken mit Sweet Hazel label | SOXS.co DE","isPartOf":{"@id":"https:\/\/soxs.co\/de\/#website"},"primaryImageOfPage":{"@id":"https:\/\/soxs.co\/de\/soxs-beige-woll-babysocken-anti-rutsch-sweet-hazel-label\/#primaryimage"},"image":{"@id":"https:\/\/soxs.co\/de\/soxs-beige-woll-babysocken-anti-rutsch-sweet-hazel-label\/#primaryimage"},"thumbnailUrl":"https:\/\/dev.soxs.co\/app\/uploads\/sites\/2\/2021\/05\/SOX3648_1000x1000px.png","datePublished":"2021-05-20T08:34:10+00:00","dateModified":"2025-06-08T09:31:40+00:00","description":"Suchst Du nach warmen Babysocken f\u00fcr Winter? Mit diesen beigefarbenen, rutschfesten Babysocken aus Schafwolle bleiben die kleinsten Wohlf\u00fchl-F\u00fc\u00dfe warm.","breadcrumb":{"@id":"https:\/\/soxs.co\/de\/soxs-beige-woll-babysocken-anti-rutsch-sweet-hazel-label\/#breadcrumb"},"inLanguage":"de","potentialAction":[{"@type":"ReadAction","target":["https:\/\/soxs.co\/de\/soxs-beige-woll-babysocken-anti-rutsch-sweet-hazel-label\/"]}]},{"@type":"ImageObject","inLanguage":"de","@id":"https:\/\/soxs.co\/de\/soxs-beige-woll-babysocken-anti-rutsch-sweet-hazel-label\/#primaryimage","url":"https:\/\/dev.soxs.co\/app\/uploads\/sites\/2\/2021\/05\/SOX3648_1000x1000px.png","contentUrl":"https:\/\/dev.soxs.co\/app\/uploads\/sites\/2\/2021\/05\/SOX3648_1000x1000px.png","width":2362,"height":2362,"caption":"SOX3648_1000x1000px"},{"@type":"BreadcrumbList","@id":"https:\/\/soxs.co\/de\/soxs-beige-woll-babysocken-anti-rutsch-sweet-hazel-label\/#breadcrumb","itemListElement":[{"@type":"ListItem","position":1,"name":"Home","item":"https:\/\/soxs.co\/de\/"},{"@type":"ListItem","position":2,"name":"Shop","item":"https:\/\/soxs.co\/de\/shop\/"},{"@type":"ListItem","position":3,"name":"SOXS Beige Wolle Babysocken Sweet Hazel Label Anti-Rutsch kniesocke"}]},{"@type":"WebSite","@id":"https:\/\/soxs.co\/de\/#website","url":"https:\/\/soxs.co\/de\/","name":"SOXS.co DE","description":"Trendige und wunderbar warme Socken f\u00fcr alle","potentialAction":[{"@type":"SearchAction","target":{"@type":"EntryPoint","urlTemplate":"https:\/\/soxs.co\/de\/?s={search_term_string}"},"query-input":{"@type":"PropertyValueSpecification","valueRequired":true,"valueName":"search_term_string"}}],"inLanguage":"de"}]},"product_price_amount":"22.95","product_price_currency":"EUR","og_availability":"instock","product_availability":"instock","product_retailer_item_id":"SOX3648","product_condition":"new"},"_links":{"self":[{"href":"https:\/\/dev.soxs.co\/de\/wp-json\/wp\/v2\/product\/119943","targetHints":{"allow":["GET"]}}],"collection":[{"href":"https:\/\/dev.soxs.co\/de\/wp-json\/wp\/v2\/product"}],"about":[{"href":"https:\/\/dev.soxs.co\/de\/wp-json\/wp\/v2\/types\/product"}],"replies":[{"embeddable":true,"href":"https:\/\/dev.soxs.co\/de\/wp-json\/wp\/v2\/comments?post=119943"}],"wp:featuredmedia":[{"embeddable":true,"href":"https:\/\/dev.soxs.co\/de\/wp-json\/wp\/v2\/media\/700129295"}],"wp:attachment":[{"href":"https:\/\/dev.soxs.co\/de\/wp-json\/wp\/v2\/media?parent=119943"}],"wp:term":[{"taxonomy":"product_brand","embeddable":true,"href":"https:\/\/dev.soxs.co\/de\/wp-json\/wp\/v2\/product_brand?post=119943"},{"taxonomy":"product_cat","embeddable":true,"href":"https:\/\/dev.soxs.co\/de\/wp-json\/wp\/v2\/product_cat?post=119943"},{"taxonomy":"product_tag","embeddable":true,"href":"https:\/\/dev.soxs.co\/de\/wp-json\/wp\/v2\/product_tag?post=119943"}],"curies":[{"name":"wp","href":"https:\/\/api.w.org\/{rel}","templated":true}]}}