{"id":988,"date":"2020-08-07T12:03:24","date_gmt":"2020-08-07T10:03:24","guid":{"rendered":"https:\/\/soxs.co\/trouw-grijze-wol-trouw-duo-medium-model-mrs-mrs-label-maat-37-41\/"},"modified":"2024-08-21T10:55:40","modified_gmt":"2024-08-21T08:55:40","slug":"soxs-duo-graue-woll-damensocken-mrs-mrs-label-wade","status":"publish","type":"product","link":"https:\/\/dev.soxs.co\/ch\/soxs-duo-graue-woll-damensocken-mrs-mrs-label-wade\/","title":{"rendered":"SOXS Duo Graue wollen Damensocken Mrs. &amp; Mrs. Label wadensocke"},"content":{"rendered":"<p>\u00dcberrasche das Brautpaar mit dieser warmherzigen Geschenkbox, die zwei Paar weiche graue P\u00e4rchensocken aus Wolle mit den Mrs. Signets enth\u00e4lt.<br \/>\nDiese Damensocken aus Schafwolle sind mit einem grauen und hellgrauen Label versehen und sind das perfekte Geschenk f\u00fcr das neue Zuhause oder die Hochzeit eines gleichgeschlechtlichen Paares. SOXS Damensocken sind f\u00fcr jeden Tag geeignet und ein tolles Geschenk, welches noch nach Jahren viele besondere Erinnerungen hervorrufen wird. \u00dcberrasche die Turtelt\u00e4ubchen mit diesen passenden P\u00e4rchensocken aus Wolle von SOXS und sp\u00fcre die Liebe an Deinen F\u00fc\u00dfen<br \/>\ngraue woll-damensocken Mrs. graue woll-damensocken Mrs.<\/p>\n","protected":false},"excerpt":{"rendered":"<p>\u00dcberrasche das Brautpaar mit dieser warmherzigen Geschenkbox, die zwei Paar weiche graue P\u00e4rchensocken aus Wolle mit den Mrs. Signets enth\u00e4lt.<br \/>\nDiese Damensocken aus Schafwolle sind mit einem grauen und hellgrauen Label versehen und sind das perfekte Geschenk f\u00fcr das neue Zuhause oder die Hochzeit eines gleichgeschlechtlichen Paares. SOXS Damensocken sind f\u00fcr jeden Tag geeignet und ein tolles Geschenk, welches noch nach Jahren viele besondere Erinnerungen hervorrufen wird. \u00dcberrasche die Turtelt\u00e4ubchen mit diesen passenden P\u00e4rchensocken aus Wolle von SOXS und sp\u00fcre die Liebe an Deinen F\u00fc\u00dfen<\/p>\n","protected":false},"featured_media":700129283,"comment_status":"closed","ping_status":"closed","template":"","meta":{"_acf_changed":false,"_improvement_type_select":"improve_an_existing","_thumb_yes_seoaic":false,"_frame_yes_seoaic":false,"seoaic_generate_description":"","seoaic_improve_instructions_prompt":"","seoaic_rollback_content_improvement":"","seoaic_idea_thumbnail_generator":"","thumbnail_generated":false,"thumbnail_generate_prompt":"","seoaic_article_description":""},"product_brand":[],"product_cat":[1380,1376,1390,1379],"product_tag":[],"class_list":{"0":"post-988","1":"product","2":"type-product","3":"status-publish","4":"has-post-thumbnail","6":"product_cat-all-duo","7":"product_cat-duo-soxs-geschenksets","8":"product_cat-hochzeit","9":"product_cat-mrs-mrs","11":"first","12":"instock","13":"taxable","14":"shipping-taxable","15":"purchasable","16":"product-type-simple"},"acf":[],"yoast_head":"<!-- This site is optimized with the Yoast SEO Premium plugin v22.9 (Yoast SEO v25.3.1) - https:\/\/yoast.com\/wordpress\/plugins\/seo\/ -->\n<title>SOXS Graue Woll-Damensocken mit Mrs. Label | SOXS.co CH<\/title>\n<meta name=\"description\" content=\"P\u00e4rchensocken - ein perfektes Geschenk f\u00fcr ein lesbisches Paar. Graue Woll-Damensocken mit Mrs. und Mrs. Label von SOXS.co.\" \/>\n<meta name=\"robots\" content=\"noindex, follow, max-snippet:-1, max-image-preview:large, max-video-preview:-1\" \/>\n<meta property=\"og:locale\" content=\"de_DE\" \/>\n<meta property=\"og:type\" content=\"article\" \/>\n<meta property=\"og:title\" content=\"SOXS Duo Graue wollen Damensocken Mrs. &amp; Mrs. Label wadensocke\" \/>\n<meta property=\"og:description\" content=\"P\u00e4rchensocken - ein perfektes Geschenk f\u00fcr ein lesbisches Paar. Graue Woll-Damensocken mit Mrs. und Mrs. Label von SOXS.co.\" \/>\n<meta property=\"og:url\" content=\"https:\/\/soxs.co\/ch\/soxs-duo-graue-woll-damensocken-mrs-mrs-label-wade\/\" \/>\n<meta property=\"og:site_name\" content=\"SOXS.co CH\" \/>\n<meta property=\"article:publisher\" content=\"https:\/\/www.facebook.com\/soxs.co\/\" \/>\n<meta property=\"article:modified_time\" content=\"2024-08-21T08:55:40+00:00\" \/>\n<meta property=\"og:image\" content=\"https:\/\/soxs.co\/app\/uploads\/sites\/6\/2020\/08\/SOX3312_1000x1000px.png\" \/>\n\t<meta property=\"og:image:width\" content=\"1000\" \/>\n\t<meta property=\"og:image:height\" content=\"1000\" \/>\n\t<meta property=\"og:image:type\" content=\"image\/png\" \/>\n<meta name=\"twitter:card\" content=\"summary_large_image\" \/>\n<meta name=\"twitter:site\" content=\"@soxs_co\" \/>\n<meta name=\"twitter:label1\" content=\"Price\" \/>\n\t<meta name=\"twitter:data1\" content=\"&nbsp;54.95\" \/>\n\t<meta name=\"twitter:label2\" content=\"Availability\" \/>\n\t<meta name=\"twitter:data2\" content=\"In stock\" \/>\n<script type=\"application\/ld+json\" class=\"yoast-schema-graph\">{\"@context\":\"https:\/\/schema.org\",\"@graph\":[{\"@type\":\"WebPage\",\"@id\":\"https:\/\/soxs.co\/ch\/soxs-duo-graue-woll-damensocken-mrs-mrs-label-wade\/\",\"url\":\"https:\/\/soxs.co\/ch\/soxs-duo-graue-woll-damensocken-mrs-mrs-label-wade\/\",\"name\":\"SOXS Graue Woll-Damensocken mit Mrs. Label | SOXS.co CH\",\"isPartOf\":{\"@id\":\"https:\/\/soxs.co\/ch\/#website\"},\"primaryImageOfPage\":{\"@id\":\"https:\/\/soxs.co\/ch\/soxs-duo-graue-woll-damensocken-mrs-mrs-label-wade\/#primaryimage\"},\"image\":{\"@id\":\"https:\/\/soxs.co\/ch\/soxs-duo-graue-woll-damensocken-mrs-mrs-label-wade\/#primaryimage\"},\"thumbnailUrl\":\"https:\/\/dev.soxs.co\/app\/uploads\/sites\/6\/2020\/08\/SOX3312_1000x1000px.png\",\"datePublished\":\"2020-08-07T10:03:24+00:00\",\"dateModified\":\"2024-08-21T08:55:40+00:00\",\"description\":\"P\u00e4rchensocken - ein perfektes Geschenk f\u00fcr ein lesbisches Paar. Graue Woll-Damensocken mit Mrs. und Mrs. Label von SOXS.co.\",\"breadcrumb\":{\"@id\":\"https:\/\/soxs.co\/ch\/soxs-duo-graue-woll-damensocken-mrs-mrs-label-wade\/#breadcrumb\"},\"inLanguage\":\"de-CH\",\"potentialAction\":[{\"@type\":\"ReadAction\",\"target\":[\"https:\/\/soxs.co\/ch\/soxs-duo-graue-woll-damensocken-mrs-mrs-label-wade\/\"]}]},{\"@type\":\"ImageObject\",\"inLanguage\":\"de-CH\",\"@id\":\"https:\/\/soxs.co\/ch\/soxs-duo-graue-woll-damensocken-mrs-mrs-label-wade\/#primaryimage\",\"url\":\"https:\/\/dev.soxs.co\/app\/uploads\/sites\/6\/2020\/08\/SOX3312_1000x1000px.png\",\"contentUrl\":\"https:\/\/dev.soxs.co\/app\/uploads\/sites\/6\/2020\/08\/SOX3312_1000x1000px.png\",\"width\":1000,\"height\":1000,\"caption\":\"SOX3312_1000x1000px\"},{\"@type\":\"BreadcrumbList\",\"@id\":\"https:\/\/soxs.co\/ch\/soxs-duo-graue-woll-damensocken-mrs-mrs-label-wade\/#breadcrumb\",\"itemListElement\":[{\"@type\":\"ListItem\",\"position\":1,\"name\":\"Home\",\"item\":\"https:\/\/soxs.co\/ch\/\"},{\"@type\":\"ListItem\",\"position\":2,\"name\":\"Shop\",\"item\":\"https:\/\/soxs.co\/ch\/shop\/\"},{\"@type\":\"ListItem\",\"position\":3,\"name\":\"SOXS Duo Graue wollen Damensocken Mrs. &amp; Mrs. Label wadensocke\"}]},{\"@type\":\"WebSite\",\"@id\":\"https:\/\/soxs.co\/ch\/#website\",\"url\":\"https:\/\/soxs.co\/ch\/\",\"name\":\"SOXS.co CH\",\"description\":\"Trendige und wunderbar warme Socken f\u00fcr alle\",\"potentialAction\":[{\"@type\":\"SearchAction\",\"target\":{\"@type\":\"EntryPoint\",\"urlTemplate\":\"https:\/\/soxs.co\/ch\/?s={search_term_string}\"},\"query-input\":{\"@type\":\"PropertyValueSpecification\",\"valueRequired\":true,\"valueName\":\"search_term_string\"}}],\"inLanguage\":\"de-CH\"}]}<\/script>\n<meta property=\"product:price:amount\" content=\"54.95\" \/>\n<meta property=\"product:price:currency\" content=\"EUR\" \/>\n<meta property=\"og:availability\" content=\"instock\" \/>\n<meta property=\"product:availability\" content=\"instock\" \/>\n<meta property=\"product:retailer_item_id\" content=\"SOX3312\" \/>\n<meta property=\"product:condition\" content=\"new\" \/>\n<!-- \/ Yoast SEO Premium plugin. -->","yoast_head_json":{"title":"SOXS Graue Woll-Damensocken mit Mrs. Label | SOXS.co CH","description":"P\u00e4rchensocken - ein perfektes Geschenk f\u00fcr ein lesbisches Paar. Graue Woll-Damensocken mit Mrs. und Mrs. Label von SOXS.co.","robots":{"index":"noindex","follow":"follow","max-snippet":"max-snippet:-1","max-image-preview":"max-image-preview:large","max-video-preview":"max-video-preview:-1"},"og_locale":"de_DE","og_type":"article","og_title":"SOXS Duo Graue wollen Damensocken Mrs. &amp; Mrs. Label wadensocke","og_description":"P\u00e4rchensocken - ein perfektes Geschenk f\u00fcr ein lesbisches Paar. Graue Woll-Damensocken mit Mrs. und Mrs. Label von SOXS.co.","og_url":"https:\/\/soxs.co\/ch\/soxs-duo-graue-woll-damensocken-mrs-mrs-label-wade\/","og_site_name":"SOXS.co CH","article_publisher":"https:\/\/www.facebook.com\/soxs.co\/","article_modified_time":"2024-08-21T08:55:40+00:00","og_image":[{"width":1000,"height":1000,"url":"https:\/\/soxs.co\/app\/uploads\/sites\/6\/2020\/08\/SOX3312_1000x1000px.png","type":"image\/png"}],"twitter_card":"summary_large_image","twitter_site":"@soxs_co","twitter_misc":{"Price":"&nbsp;54.95","Availability":"In stock"},"schema":{"@context":"https:\/\/schema.org","@graph":[{"@type":"WebPage","@id":"https:\/\/soxs.co\/ch\/soxs-duo-graue-woll-damensocken-mrs-mrs-label-wade\/","url":"https:\/\/soxs.co\/ch\/soxs-duo-graue-woll-damensocken-mrs-mrs-label-wade\/","name":"SOXS Graue Woll-Damensocken mit Mrs. Label | SOXS.co CH","isPartOf":{"@id":"https:\/\/soxs.co\/ch\/#website"},"primaryImageOfPage":{"@id":"https:\/\/soxs.co\/ch\/soxs-duo-graue-woll-damensocken-mrs-mrs-label-wade\/#primaryimage"},"image":{"@id":"https:\/\/soxs.co\/ch\/soxs-duo-graue-woll-damensocken-mrs-mrs-label-wade\/#primaryimage"},"thumbnailUrl":"https:\/\/dev.soxs.co\/app\/uploads\/sites\/6\/2020\/08\/SOX3312_1000x1000px.png","datePublished":"2020-08-07T10:03:24+00:00","dateModified":"2024-08-21T08:55:40+00:00","description":"P\u00e4rchensocken - ein perfektes Geschenk f\u00fcr ein lesbisches Paar. Graue Woll-Damensocken mit Mrs. und Mrs. Label von SOXS.co.","breadcrumb":{"@id":"https:\/\/soxs.co\/ch\/soxs-duo-graue-woll-damensocken-mrs-mrs-label-wade\/#breadcrumb"},"inLanguage":"de-CH","potentialAction":[{"@type":"ReadAction","target":["https:\/\/soxs.co\/ch\/soxs-duo-graue-woll-damensocken-mrs-mrs-label-wade\/"]}]},{"@type":"ImageObject","inLanguage":"de-CH","@id":"https:\/\/soxs.co\/ch\/soxs-duo-graue-woll-damensocken-mrs-mrs-label-wade\/#primaryimage","url":"https:\/\/dev.soxs.co\/app\/uploads\/sites\/6\/2020\/08\/SOX3312_1000x1000px.png","contentUrl":"https:\/\/dev.soxs.co\/app\/uploads\/sites\/6\/2020\/08\/SOX3312_1000x1000px.png","width":1000,"height":1000,"caption":"SOX3312_1000x1000px"},{"@type":"BreadcrumbList","@id":"https:\/\/soxs.co\/ch\/soxs-duo-graue-woll-damensocken-mrs-mrs-label-wade\/#breadcrumb","itemListElement":[{"@type":"ListItem","position":1,"name":"Home","item":"https:\/\/soxs.co\/ch\/"},{"@type":"ListItem","position":2,"name":"Shop","item":"https:\/\/soxs.co\/ch\/shop\/"},{"@type":"ListItem","position":3,"name":"SOXS Duo Graue wollen Damensocken Mrs. &amp; Mrs. Label wadensocke"}]},{"@type":"WebSite","@id":"https:\/\/soxs.co\/ch\/#website","url":"https:\/\/soxs.co\/ch\/","name":"SOXS.co CH","description":"Trendige und wunderbar warme Socken f\u00fcr alle","potentialAction":[{"@type":"SearchAction","target":{"@type":"EntryPoint","urlTemplate":"https:\/\/soxs.co\/ch\/?s={search_term_string}"},"query-input":{"@type":"PropertyValueSpecification","valueRequired":true,"valueName":"search_term_string"}}],"inLanguage":"de-CH"}]},"product_price_amount":"54.95","product_price_currency":"EUR","og_availability":"instock","product_availability":"instock","product_retailer_item_id":"SOX3312","product_condition":"new"},"_links":{"self":[{"href":"https:\/\/dev.soxs.co\/ch\/wp-json\/wp\/v2\/product\/988","targetHints":{"allow":["GET"]}}],"collection":[{"href":"https:\/\/dev.soxs.co\/ch\/wp-json\/wp\/v2\/product"}],"about":[{"href":"https:\/\/dev.soxs.co\/ch\/wp-json\/wp\/v2\/types\/product"}],"replies":[{"embeddable":true,"href":"https:\/\/dev.soxs.co\/ch\/wp-json\/wp\/v2\/comments?post=988"}],"wp:featuredmedia":[{"embeddable":true,"href":"https:\/\/dev.soxs.co\/ch\/wp-json\/wp\/v2\/media\/700129283"}],"wp:attachment":[{"href":"https:\/\/dev.soxs.co\/ch\/wp-json\/wp\/v2\/media?parent=988"}],"wp:term":[{"taxonomy":"product_brand","embeddable":true,"href":"https:\/\/dev.soxs.co\/ch\/wp-json\/wp\/v2\/product_brand?post=988"},{"taxonomy":"product_cat","embeddable":true,"href":"https:\/\/dev.soxs.co\/ch\/wp-json\/wp\/v2\/product_cat?post=988"},{"taxonomy":"product_tag","embeddable":true,"href":"https:\/\/dev.soxs.co\/ch\/wp-json\/wp\/v2\/product_tag?post=988"}],"curies":[{"name":"wp","href":"https:\/\/api.w.org\/{rel}","templated":true}]}}