{"id":964,"date":"2020-08-07T12:03:17","date_gmt":"2020-08-07T10:03:17","guid":{"rendered":"https:\/\/soxs.co\/vrouw-slaap-sokken-creme-wol-medium-model-sleep-well-label-maat-37-41\/"},"modified":"2024-08-19T12:22:17","modified_gmt":"2024-08-19T10:22:17","slug":"soxs-creme-woll-damen-bettsocken-sleepwell-label-wade","status":"publish","type":"product","link":"https:\/\/dev.soxs.co\/ch\/soxs-creme-woll-damen-bettsocken-sleepwell-label-wade\/","title":{"rendered":"SOXS Beige Wolle Damensocken und Herrensocken Sleep Well Taupe Label bettsocken wadensocke"},"content":{"rendered":"<p>Leidest Du immer unter kalten F\u00fc\u00dfen im Bett? Wollige Bettsocken sind die L\u00f6sung bei kalten F\u00fc\u00dfen im Bett. Verbessere Deinen Schlaf und reduziere Schlafprobleme mit unseren speziell entwickelten cremefarbenen Wollbettsocken f\u00fcr Frauen. Die Socken komprimieren nicht so stark wie &#8220;normale&#8221; Socken und sorgen f\u00fcr eine bessere Blutzirkulation. Warme F\u00fc\u00dfe verbessern die Schlafqualit\u00e4t. Dank der w\u00e4rmeregulierenden Wirkung der Wolle bleibt die Temperatur Deiner F\u00fc\u00dfe die ganze Nacht \u00fcber im Gleichgewicht, sodass Du wie Dornr\u00f6schen schlafen wirst. Also gehe zu Bett mit diesen warmen Socken von\u00a0<strong>SOXS <\/strong>und schlafe gut!<br \/>\nCr\u00e8me Woll Damen Bettsocken. Cr\u00e8me Woll Damen Bettsocken<\/p>\n","protected":false},"excerpt":{"rendered":"<p>Leidest Du immer unter kalten F\u00fc\u00dfen im Bett? Wollige Bettsocken sind die L\u00f6sung bei kalten F\u00fc\u00dfen im Bett. Verbessere Deinen Schlaf und reduziere Schlafprobleme mit unseren speziell entwickelten cremefarbenen Wollbettsocken f\u00fcr Frauen. Die Socken komprimieren nicht so stark wie &#8220;normale&#8221; Socken und sorgen f\u00fcr eine bessere Blutzirkulation. Warme F\u00fc\u00dfe verbessern die Schlafqualit\u00e4t. Dank der w\u00e4rmeregulierenden Wirkung der Wolle bleibt die Temperatur Deiner F\u00fc\u00dfe die ganze Nacht \u00fcber im Gleichgewicht, sodass Du wie Dornr\u00f6schen schlafen wirst. Also gehe zu Bett mit diesen warmen Socken von\u00a0<strong>SOXS <\/strong>und schlafe gut!<\/p>\n","protected":false},"featured_media":700129279,"comment_status":"closed","ping_status":"closed","template":"","meta":{"_acf_changed":false,"_improvement_type_select":"improve_an_existing","_thumb_yes_seoaic":false,"_frame_yes_seoaic":false,"seoaic_generate_description":"","seoaic_improve_instructions_prompt":"","seoaic_rollback_content_improvement":"","seoaic_idea_thumbnail_generator":"","thumbnail_generated":false,"thumbnail_generate_prompt":"","seoaic_article_description":""},"product_brand":[],"product_cat":[58,60,1385,96],"product_tag":[],"class_list":{"0":"post-964","1":"product","2":"type-product","3":"status-publish","4":"has-post-thumbnail","6":"product_cat-wollsocken-damen","7":"product_cat-wollsocken-herren","8":"product_cat-schlafsocken","9":"product_cat-specials","11":"first","12":"instock","13":"taxable","14":"shipping-taxable","15":"purchasable","16":"product-type-variable","17":"has-default-attributes"},"acf":[],"yoast_head":"<!-- This site is optimized with the Yoast SEO Premium plugin v22.9 (Yoast SEO v25.3.1) - https:\/\/yoast.com\/wordpress\/plugins\/seo\/ -->\n<title>Cr\u00e8me Woll Damen Bettsocken Sleep Well Label - SOXS.co<\/title>\n<meta name=\"description\" content=\"Verringere Schlafprobleme und verbessere Deinen Schlaf mit diesen speziellen cremefarbenen Woll Damen bettsocken, die beste L\u00f6sung f\u00fcr kalte F\u00fc\u00dfe im Bett!\" \/>\n<meta name=\"robots\" content=\"noindex, follow, max-snippet:-1, max-image-preview:large, max-video-preview:-1\" \/>\n<meta property=\"og:locale\" content=\"de_DE\" \/>\n<meta property=\"og:type\" content=\"article\" \/>\n<meta property=\"og:title\" content=\"SOXS Beige Wolle Damensocken und Herrensocken Sleep Well Taupe Label bettsocken wadensocke\" \/>\n<meta property=\"og:description\" content=\"Verringere Schlafprobleme und verbessere Deinen Schlaf mit diesen speziellen cremefarbenen Woll Damen bettsocken, die beste L\u00f6sung f\u00fcr kalte F\u00fc\u00dfe im Bett!\" \/>\n<meta property=\"og:url\" content=\"https:\/\/soxs.co\/ch\/soxs-creme-woll-damen-bettsocken-sleepwell-label-wade\/\" \/>\n<meta property=\"og:site_name\" content=\"SOXS.co CH\" \/>\n<meta property=\"article:publisher\" content=\"https:\/\/www.facebook.com\/soxs.co\/\" \/>\n<meta property=\"article:modified_time\" content=\"2024-08-19T10:22:17+00:00\" \/>\n<meta property=\"og:image\" content=\"https:\/\/soxs.co\/app\/uploads\/sites\/6\/2020\/08\/SOX3146_1000x1000px.png\" \/>\n\t<meta property=\"og:image:width\" content=\"1000\" \/>\n\t<meta property=\"og:image:height\" content=\"1000\" \/>\n\t<meta property=\"og:image:type\" content=\"image\/png\" \/>\n<meta name=\"twitter:card\" content=\"summary_large_image\" \/>\n<meta name=\"twitter:site\" content=\"@soxs_co\" \/>\n<meta name=\"twitter:label1\" content=\"Availability\" \/>\n\t<meta name=\"twitter:data1\" content=\"In stock\" \/>\n<script type=\"application\/ld+json\" class=\"yoast-schema-graph\">{\"@context\":\"https:\/\/schema.org\",\"@graph\":[{\"@type\":\"WebPage\",\"@id\":\"https:\/\/soxs.co\/ch\/soxs-creme-woll-damen-bettsocken-sleepwell-label-wade\/\",\"url\":\"https:\/\/soxs.co\/ch\/soxs-creme-woll-damen-bettsocken-sleepwell-label-wade\/\",\"name\":\"Cr\u00e8me Woll Damen Bettsocken Sleep Well Label - SOXS.co\",\"isPartOf\":{\"@id\":\"https:\/\/soxs.co\/ch\/#website\"},\"primaryImageOfPage\":{\"@id\":\"https:\/\/soxs.co\/ch\/soxs-creme-woll-damen-bettsocken-sleepwell-label-wade\/#primaryimage\"},\"image\":{\"@id\":\"https:\/\/soxs.co\/ch\/soxs-creme-woll-damen-bettsocken-sleepwell-label-wade\/#primaryimage\"},\"thumbnailUrl\":\"https:\/\/dev.soxs.co\/app\/uploads\/sites\/6\/2020\/08\/SOX3146_1000x1000px.png\",\"datePublished\":\"2020-08-07T10:03:17+00:00\",\"dateModified\":\"2024-08-19T10:22:17+00:00\",\"description\":\"Verringere Schlafprobleme und verbessere Deinen Schlaf mit diesen speziellen cremefarbenen Woll Damen bettsocken, die beste L\u00f6sung f\u00fcr kalte F\u00fc\u00dfe im Bett!\",\"breadcrumb\":{\"@id\":\"https:\/\/soxs.co\/ch\/soxs-creme-woll-damen-bettsocken-sleepwell-label-wade\/#breadcrumb\"},\"inLanguage\":\"de-CH\",\"potentialAction\":[{\"@type\":\"ReadAction\",\"target\":[\"https:\/\/soxs.co\/ch\/soxs-creme-woll-damen-bettsocken-sleepwell-label-wade\/\"]}]},{\"@type\":\"ImageObject\",\"inLanguage\":\"de-CH\",\"@id\":\"https:\/\/soxs.co\/ch\/soxs-creme-woll-damen-bettsocken-sleepwell-label-wade\/#primaryimage\",\"url\":\"https:\/\/dev.soxs.co\/app\/uploads\/sites\/6\/2020\/08\/SOX3146_1000x1000px.png\",\"contentUrl\":\"https:\/\/dev.soxs.co\/app\/uploads\/sites\/6\/2020\/08\/SOX3146_1000x1000px.png\",\"width\":1000,\"height\":1000,\"caption\":\"SOX3146_1000x1000px\"},{\"@type\":\"BreadcrumbList\",\"@id\":\"https:\/\/soxs.co\/ch\/soxs-creme-woll-damen-bettsocken-sleepwell-label-wade\/#breadcrumb\",\"itemListElement\":[{\"@type\":\"ListItem\",\"position\":1,\"name\":\"Home\",\"item\":\"https:\/\/soxs.co\/ch\/\"},{\"@type\":\"ListItem\",\"position\":2,\"name\":\"Shop\",\"item\":\"https:\/\/soxs.co\/ch\/shop\/\"},{\"@type\":\"ListItem\",\"position\":3,\"name\":\"SOXS Beige Wolle Damensocken und Herrensocken Sleep Well Taupe Label bettsocken wadensocke\"}]},{\"@type\":\"WebSite\",\"@id\":\"https:\/\/soxs.co\/ch\/#website\",\"url\":\"https:\/\/soxs.co\/ch\/\",\"name\":\"SOXS.co CH\",\"description\":\"Trendige und wunderbar warme Socken f\u00fcr alle\",\"potentialAction\":[{\"@type\":\"SearchAction\",\"target\":{\"@type\":\"EntryPoint\",\"urlTemplate\":\"https:\/\/soxs.co\/ch\/?s={search_term_string}\"},\"query-input\":{\"@type\":\"PropertyValueSpecification\",\"valueRequired\":true,\"valueName\":\"search_term_string\"}}],\"inLanguage\":\"de-CH\"}]}<\/script>\n<meta property=\"og:availability\" content=\"instock\" \/>\n<meta property=\"product:availability\" content=\"instock\" \/>\n<meta property=\"product:retailer_item_id\" content=\"sam3146\" \/>\n<meta property=\"product:condition\" content=\"new\" \/>\n<!-- \/ Yoast SEO Premium plugin. -->","yoast_head_json":{"title":"Cr\u00e8me Woll Damen Bettsocken Sleep Well Label - SOXS.co","description":"Verringere Schlafprobleme und verbessere Deinen Schlaf mit diesen speziellen cremefarbenen Woll Damen bettsocken, die beste L\u00f6sung f\u00fcr kalte F\u00fc\u00dfe im Bett!","robots":{"index":"noindex","follow":"follow","max-snippet":"max-snippet:-1","max-image-preview":"max-image-preview:large","max-video-preview":"max-video-preview:-1"},"og_locale":"de_DE","og_type":"article","og_title":"SOXS Beige Wolle Damensocken und Herrensocken Sleep Well Taupe Label bettsocken wadensocke","og_description":"Verringere Schlafprobleme und verbessere Deinen Schlaf mit diesen speziellen cremefarbenen Woll Damen bettsocken, die beste L\u00f6sung f\u00fcr kalte F\u00fc\u00dfe im Bett!","og_url":"https:\/\/soxs.co\/ch\/soxs-creme-woll-damen-bettsocken-sleepwell-label-wade\/","og_site_name":"SOXS.co CH","article_publisher":"https:\/\/www.facebook.com\/soxs.co\/","article_modified_time":"2024-08-19T10:22:17+00:00","og_image":[{"width":1000,"height":1000,"url":"https:\/\/soxs.co\/app\/uploads\/sites\/6\/2020\/08\/SOX3146_1000x1000px.png","type":"image\/png"}],"twitter_card":"summary_large_image","twitter_site":"@soxs_co","twitter_misc":{"Availability":"In stock"},"schema":{"@context":"https:\/\/schema.org","@graph":[{"@type":"WebPage","@id":"https:\/\/soxs.co\/ch\/soxs-creme-woll-damen-bettsocken-sleepwell-label-wade\/","url":"https:\/\/soxs.co\/ch\/soxs-creme-woll-damen-bettsocken-sleepwell-label-wade\/","name":"Cr\u00e8me Woll Damen Bettsocken Sleep Well Label - SOXS.co","isPartOf":{"@id":"https:\/\/soxs.co\/ch\/#website"},"primaryImageOfPage":{"@id":"https:\/\/soxs.co\/ch\/soxs-creme-woll-damen-bettsocken-sleepwell-label-wade\/#primaryimage"},"image":{"@id":"https:\/\/soxs.co\/ch\/soxs-creme-woll-damen-bettsocken-sleepwell-label-wade\/#primaryimage"},"thumbnailUrl":"https:\/\/dev.soxs.co\/app\/uploads\/sites\/6\/2020\/08\/SOX3146_1000x1000px.png","datePublished":"2020-08-07T10:03:17+00:00","dateModified":"2024-08-19T10:22:17+00:00","description":"Verringere Schlafprobleme und verbessere Deinen Schlaf mit diesen speziellen cremefarbenen Woll Damen bettsocken, die beste L\u00f6sung f\u00fcr kalte F\u00fc\u00dfe im Bett!","breadcrumb":{"@id":"https:\/\/soxs.co\/ch\/soxs-creme-woll-damen-bettsocken-sleepwell-label-wade\/#breadcrumb"},"inLanguage":"de-CH","potentialAction":[{"@type":"ReadAction","target":["https:\/\/soxs.co\/ch\/soxs-creme-woll-damen-bettsocken-sleepwell-label-wade\/"]}]},{"@type":"ImageObject","inLanguage":"de-CH","@id":"https:\/\/soxs.co\/ch\/soxs-creme-woll-damen-bettsocken-sleepwell-label-wade\/#primaryimage","url":"https:\/\/dev.soxs.co\/app\/uploads\/sites\/6\/2020\/08\/SOX3146_1000x1000px.png","contentUrl":"https:\/\/dev.soxs.co\/app\/uploads\/sites\/6\/2020\/08\/SOX3146_1000x1000px.png","width":1000,"height":1000,"caption":"SOX3146_1000x1000px"},{"@type":"BreadcrumbList","@id":"https:\/\/soxs.co\/ch\/soxs-creme-woll-damen-bettsocken-sleepwell-label-wade\/#breadcrumb","itemListElement":[{"@type":"ListItem","position":1,"name":"Home","item":"https:\/\/soxs.co\/ch\/"},{"@type":"ListItem","position":2,"name":"Shop","item":"https:\/\/soxs.co\/ch\/shop\/"},{"@type":"ListItem","position":3,"name":"SOXS Beige Wolle Damensocken und Herrensocken Sleep Well Taupe Label bettsocken wadensocke"}]},{"@type":"WebSite","@id":"https:\/\/soxs.co\/ch\/#website","url":"https:\/\/soxs.co\/ch\/","name":"SOXS.co CH","description":"Trendige und wunderbar warme Socken f\u00fcr alle","potentialAction":[{"@type":"SearchAction","target":{"@type":"EntryPoint","urlTemplate":"https:\/\/soxs.co\/ch\/?s={search_term_string}"},"query-input":{"@type":"PropertyValueSpecification","valueRequired":true,"valueName":"search_term_string"}}],"inLanguage":"de-CH"}]},"og_availability":"instock","product_availability":"instock","product_retailer_item_id":"sam3146","product_condition":"new"},"_links":{"self":[{"href":"https:\/\/dev.soxs.co\/ch\/wp-json\/wp\/v2\/product\/964","targetHints":{"allow":["GET"]}}],"collection":[{"href":"https:\/\/dev.soxs.co\/ch\/wp-json\/wp\/v2\/product"}],"about":[{"href":"https:\/\/dev.soxs.co\/ch\/wp-json\/wp\/v2\/types\/product"}],"replies":[{"embeddable":true,"href":"https:\/\/dev.soxs.co\/ch\/wp-json\/wp\/v2\/comments?post=964"}],"wp:featuredmedia":[{"embeddable":true,"href":"https:\/\/dev.soxs.co\/ch\/wp-json\/wp\/v2\/media\/700129279"}],"wp:attachment":[{"href":"https:\/\/dev.soxs.co\/ch\/wp-json\/wp\/v2\/media?parent=964"}],"wp:term":[{"taxonomy":"product_brand","embeddable":true,"href":"https:\/\/dev.soxs.co\/ch\/wp-json\/wp\/v2\/product_brand?post=964"},{"taxonomy":"product_cat","embeddable":true,"href":"https:\/\/dev.soxs.co\/ch\/wp-json\/wp\/v2\/product_cat?post=964"},{"taxonomy":"product_tag","embeddable":true,"href":"https:\/\/dev.soxs.co\/ch\/wp-json\/wp\/v2\/product_tag?post=964"}],"curies":[{"name":"wp","href":"https:\/\/api.w.org\/{rel}","templated":true}]}}