{"id":958,"date":"2020-08-07T12:03:17","date_gmt":"2020-08-07T10:03:17","guid":{"rendered":"https:\/\/soxs.co\/vrouw-grijze-wol-knie-hoog-model-antislip-ohm-mystical-purple-label-maat-37-41\/"},"modified":"2024-12-13T10:19:53","modified_gmt":"2024-12-13T09:19:53","slug":"soxs-graue-woll-damensocken-mystical-purple-knie-anti-rutsch","status":"publish","type":"product","link":"https:\/\/dev.soxs.co\/ch\/soxs-graue-woll-damensocken-mystical-purple-knie-anti-rutsch\/","title":{"rendered":"SOXS Graue Wolle Damensocken Mystical Purple  Anti-Rutsch kniesocke"},"content":{"rendered":"<section class=\"pdf_page\" aria-label=\"Page 7\">\n<div class=\"textlayer\">\n<p>Lass Dich von der Sch\u00f6nheit unseres <em>Mystical Purple label<\/em> verf\u00fchren. <strong>SOXS <\/strong>sind warm, weich, elastisch und haben eine sch\u00f6ne Passform. Diese Wollkniestr\u00fcmpfe f\u00fcr Frauen haben eine Anti-Rutsch-Sohle in Form einer sch\u00f6nen Lotusbl\u00fcte. Die griffige Sohle macht diese Anti-Rutsch-Socken optimal f\u00fcr Yoga und sorgt f\u00fcr zus\u00e4tzliche Stabilit\u00e4t und Balance. Lass Dich also mit diesen wunderbar warmen Yogasocken w\u00e4hrend Deiner Yogasession nicht von der Rutschgefahr und kalten F\u00fcssen ablenken! F\u00fchle Dich entspannt und lass die W\u00e4rme, Liebe und den Komfort von <strong>SOXS <\/strong>durch Deinen K\u00f6rper fliessen.<br \/>\ngraue wollene damensocken antislip. graue wollene damensocken antislip<\/p>\n<\/div>\n<\/section>\n","protected":false},"excerpt":{"rendered":"<section class=\"pdf_page\" aria-label=\"Page 7\">\n<div class=\"textlayer\">\n<p>Lass Dich von der Sch\u00f6nheit unseres <em>Mystical Purple label<\/em> verf\u00fchren. <strong>SOXS <\/strong>sind warm, weich, elastisch und haben eine sch\u00f6ne Passform. Diese Wollkniestr\u00fcmpfe f\u00fcr Frauen haben eine Anti-Rutsch-Sohle in Form einer sch\u00f6nen Lotusbl\u00fcte. Die griffige Sohle macht diese Anti-Rutsch-Socken optimal f\u00fcr Yoga und sorgt f\u00fcr zus\u00e4tzliche Stabilit\u00e4t und Balance. Lass Dich also mit diesen wunderbar warmen Yogasocken w\u00e4hrend Deiner Yogasession nicht von der Rutschgefahr und kalten F\u00fcssen ablenken! F\u00fchle Dich entspannt und lass die W\u00e4rme, Liebe und den Komfort von <strong>SOXS <\/strong>durch Deinen K\u00f6rper fliessen.<\/p>\n<\/div>\n<\/section>\n","protected":false},"featured_media":700129208,"comment_status":"closed","ping_status":"closed","template":"","meta":{"_acf_changed":false,"_improvement_type_select":"improve_an_existing","_thumb_yes_seoaic":false,"_frame_yes_seoaic":false,"seoaic_generate_description":"","seoaic_improve_instructions_prompt":"","seoaic_rollback_content_improvement":"","seoaic_idea_thumbnail_generator":"","thumbnail_generated":false,"thumbnail_generate_prompt":"","seoaic_article_description":""},"product_brand":[],"product_cat":[1384,932,58,1382],"product_tag":[],"class_list":{"0":"post-958","1":"product","2":"type-product","3":"status-publish","4":"has-post-thumbnail","6":"product_cat-stoppersocken-und-anti-rutsch-socken","7":"product_cat-antislip-sokken","8":"product_cat-wollsocken-damen","9":"product_cat-yoga","11":"first","12":"instock","13":"taxable","14":"shipping-taxable","15":"purchasable","16":"product-type-simple"},"acf":[],"yoast_head":"<!-- This site is optimized with the Yoast SEO Premium plugin v22.9 (Yoast SEO v25.3.1) - https:\/\/yoast.com\/wordpress\/plugins\/seo\/ -->\n<title>Graue Wolle Damensocken Mystical Purple Anti-Rutsch SOXS.co CH<\/title>\n<meta name=\"description\" content=\"Graue Wollsocken f\u00fcr Damen mit Anti-Rutsch. Geniesse warme F\u00fcsse und Stabilit\u00e4t mit diesen kniehohen Yogasocken mit rutschfester Grip-Sohle &amp; Lotusmotiv!\" \/>\n<meta name=\"robots\" content=\"noindex, follow, max-snippet:-1, max-image-preview:large, max-video-preview:-1\" \/>\n<meta property=\"og:locale\" content=\"de_DE\" \/>\n<meta property=\"og:type\" content=\"article\" \/>\n<meta property=\"og:title\" content=\"SOXS Graue Wolle Damensocken Mystical Purple Anti-Rutsch kniesocke\" \/>\n<meta property=\"og:description\" content=\"Graue Wollsocken f\u00fcr Damen mit Anti-Rutsch. Geniesse warme F\u00fcsse und Stabilit\u00e4t mit diesen kniehohen Yogasocken mit rutschfester Grip-Sohle &amp; Lotusmotiv!\" \/>\n<meta property=\"og:url\" content=\"https:\/\/soxs.co\/ch\/soxs-graue-woll-damensocken-mystical-purple-knie-anti-rutsch\/\" \/>\n<meta property=\"og:site_name\" content=\"SOXS.co CH\" \/>\n<meta property=\"article:publisher\" content=\"https:\/\/www.facebook.com\/soxs.co\/\" \/>\n<meta property=\"article:modified_time\" content=\"2024-12-13T09:19:53+00:00\" \/>\n<meta property=\"og:image\" content=\"https:\/\/soxs.co\/app\/uploads\/sites\/6\/2020\/08\/SOX3114_1000x1000px-810x810.png\" \/>\n\t<meta property=\"og:image:width\" content=\"810\" \/>\n\t<meta property=\"og:image:height\" content=\"810\" \/>\n\t<meta property=\"og:image:type\" content=\"image\/png\" \/>\n<meta name=\"twitter:card\" content=\"summary_large_image\" \/>\n<meta name=\"twitter:site\" content=\"@soxs_co\" \/>\n<meta name=\"twitter:label1\" content=\"Price\" \/>\n\t<meta name=\"twitter:data1\" content=\"&nbsp;38.95\" \/>\n\t<meta name=\"twitter:label2\" content=\"Availability\" \/>\n\t<meta name=\"twitter:data2\" content=\"In stock\" \/>\n<script type=\"application\/ld+json\" class=\"yoast-schema-graph\">{\"@context\":\"https:\/\/schema.org\",\"@graph\":[{\"@type\":\"WebPage\",\"@id\":\"https:\/\/soxs.co\/ch\/soxs-graue-woll-damensocken-mystical-purple-knie-anti-rutsch\/\",\"url\":\"https:\/\/soxs.co\/ch\/soxs-graue-woll-damensocken-mystical-purple-knie-anti-rutsch\/\",\"name\":\"Graue Wolle Damensocken Mystical Purple Anti-Rutsch SOXS.co CH\",\"isPartOf\":{\"@id\":\"https:\/\/soxs.co\/ch\/#website\"},\"primaryImageOfPage\":{\"@id\":\"https:\/\/soxs.co\/ch\/soxs-graue-woll-damensocken-mystical-purple-knie-anti-rutsch\/#primaryimage\"},\"image\":{\"@id\":\"https:\/\/soxs.co\/ch\/soxs-graue-woll-damensocken-mystical-purple-knie-anti-rutsch\/#primaryimage\"},\"thumbnailUrl\":\"https:\/\/dev.soxs.co\/app\/uploads\/sites\/6\/2020\/08\/SOX3114_1000x1000px.png\",\"datePublished\":\"2020-08-07T10:03:17+00:00\",\"dateModified\":\"2024-12-13T09:19:53+00:00\",\"description\":\"Graue Wollsocken f\u00fcr Damen mit Anti-Rutsch. Geniesse warme F\u00fcsse und Stabilit\u00e4t mit diesen kniehohen Yogasocken mit rutschfester Grip-Sohle & Lotusmotiv!\",\"breadcrumb\":{\"@id\":\"https:\/\/soxs.co\/ch\/soxs-graue-woll-damensocken-mystical-purple-knie-anti-rutsch\/#breadcrumb\"},\"inLanguage\":\"de-CH\",\"potentialAction\":[{\"@type\":\"ReadAction\",\"target\":[\"https:\/\/soxs.co\/ch\/soxs-graue-woll-damensocken-mystical-purple-knie-anti-rutsch\/\"]}]},{\"@type\":\"ImageObject\",\"inLanguage\":\"de-CH\",\"@id\":\"https:\/\/soxs.co\/ch\/soxs-graue-woll-damensocken-mystical-purple-knie-anti-rutsch\/#primaryimage\",\"url\":\"https:\/\/dev.soxs.co\/app\/uploads\/sites\/6\/2020\/08\/SOX3114_1000x1000px.png\",\"contentUrl\":\"https:\/\/dev.soxs.co\/app\/uploads\/sites\/6\/2020\/08\/SOX3114_1000x1000px.png\",\"width\":2362,\"height\":2362,\"caption\":\"SOX3114_1000x1000px\"},{\"@type\":\"BreadcrumbList\",\"@id\":\"https:\/\/soxs.co\/ch\/soxs-graue-woll-damensocken-mystical-purple-knie-anti-rutsch\/#breadcrumb\",\"itemListElement\":[{\"@type\":\"ListItem\",\"position\":1,\"name\":\"Home\",\"item\":\"https:\/\/soxs.co\/ch\/\"},{\"@type\":\"ListItem\",\"position\":2,\"name\":\"Shop\",\"item\":\"https:\/\/soxs.co\/ch\/shop\/\"},{\"@type\":\"ListItem\",\"position\":3,\"name\":\"SOXS Graue Wolle Damensocken Mystical Purple Anti-Rutsch kniesocke\"}]},{\"@type\":\"WebSite\",\"@id\":\"https:\/\/soxs.co\/ch\/#website\",\"url\":\"https:\/\/soxs.co\/ch\/\",\"name\":\"SOXS.co CH\",\"description\":\"Trendige und wunderbar warme Socken f\u00fcr alle\",\"potentialAction\":[{\"@type\":\"SearchAction\",\"target\":{\"@type\":\"EntryPoint\",\"urlTemplate\":\"https:\/\/soxs.co\/ch\/?s={search_term_string}\"},\"query-input\":{\"@type\":\"PropertyValueSpecification\",\"valueRequired\":true,\"valueName\":\"search_term_string\"}}],\"inLanguage\":\"de-CH\"}]}<\/script>\n<meta property=\"product:price:amount\" content=\"38.95\" \/>\n<meta property=\"product:price:currency\" content=\"EUR\" \/>\n<meta property=\"og:availability\" content=\"instock\" \/>\n<meta property=\"product:availability\" content=\"instock\" \/>\n<meta property=\"product:retailer_item_id\" content=\"SOX3114\" \/>\n<meta property=\"product:condition\" content=\"new\" \/>\n<!-- \/ Yoast SEO Premium plugin. -->","yoast_head_json":{"title":"Graue Wolle Damensocken Mystical Purple Anti-Rutsch SOXS.co CH","description":"Graue Wollsocken f\u00fcr Damen mit Anti-Rutsch. Geniesse warme F\u00fcsse und Stabilit\u00e4t mit diesen kniehohen Yogasocken mit rutschfester Grip-Sohle & Lotusmotiv!","robots":{"index":"noindex","follow":"follow","max-snippet":"max-snippet:-1","max-image-preview":"max-image-preview:large","max-video-preview":"max-video-preview:-1"},"og_locale":"de_DE","og_type":"article","og_title":"SOXS Graue Wolle Damensocken Mystical Purple Anti-Rutsch kniesocke","og_description":"Graue Wollsocken f\u00fcr Damen mit Anti-Rutsch. Geniesse warme F\u00fcsse und Stabilit\u00e4t mit diesen kniehohen Yogasocken mit rutschfester Grip-Sohle & Lotusmotiv!","og_url":"https:\/\/soxs.co\/ch\/soxs-graue-woll-damensocken-mystical-purple-knie-anti-rutsch\/","og_site_name":"SOXS.co CH","article_publisher":"https:\/\/www.facebook.com\/soxs.co\/","article_modified_time":"2024-12-13T09:19:53+00:00","og_image":[{"width":810,"height":810,"url":"https:\/\/soxs.co\/app\/uploads\/sites\/6\/2020\/08\/SOX3114_1000x1000px-810x810.png","type":"image\/png"}],"twitter_card":"summary_large_image","twitter_site":"@soxs_co","twitter_misc":{"Price":"&nbsp;38.95","Availability":"In stock"},"schema":{"@context":"https:\/\/schema.org","@graph":[{"@type":"WebPage","@id":"https:\/\/soxs.co\/ch\/soxs-graue-woll-damensocken-mystical-purple-knie-anti-rutsch\/","url":"https:\/\/soxs.co\/ch\/soxs-graue-woll-damensocken-mystical-purple-knie-anti-rutsch\/","name":"Graue Wolle Damensocken Mystical Purple Anti-Rutsch SOXS.co CH","isPartOf":{"@id":"https:\/\/soxs.co\/ch\/#website"},"primaryImageOfPage":{"@id":"https:\/\/soxs.co\/ch\/soxs-graue-woll-damensocken-mystical-purple-knie-anti-rutsch\/#primaryimage"},"image":{"@id":"https:\/\/soxs.co\/ch\/soxs-graue-woll-damensocken-mystical-purple-knie-anti-rutsch\/#primaryimage"},"thumbnailUrl":"https:\/\/dev.soxs.co\/app\/uploads\/sites\/6\/2020\/08\/SOX3114_1000x1000px.png","datePublished":"2020-08-07T10:03:17+00:00","dateModified":"2024-12-13T09:19:53+00:00","description":"Graue Wollsocken f\u00fcr Damen mit Anti-Rutsch. Geniesse warme F\u00fcsse und Stabilit\u00e4t mit diesen kniehohen Yogasocken mit rutschfester Grip-Sohle & Lotusmotiv!","breadcrumb":{"@id":"https:\/\/soxs.co\/ch\/soxs-graue-woll-damensocken-mystical-purple-knie-anti-rutsch\/#breadcrumb"},"inLanguage":"de-CH","potentialAction":[{"@type":"ReadAction","target":["https:\/\/soxs.co\/ch\/soxs-graue-woll-damensocken-mystical-purple-knie-anti-rutsch\/"]}]},{"@type":"ImageObject","inLanguage":"de-CH","@id":"https:\/\/soxs.co\/ch\/soxs-graue-woll-damensocken-mystical-purple-knie-anti-rutsch\/#primaryimage","url":"https:\/\/dev.soxs.co\/app\/uploads\/sites\/6\/2020\/08\/SOX3114_1000x1000px.png","contentUrl":"https:\/\/dev.soxs.co\/app\/uploads\/sites\/6\/2020\/08\/SOX3114_1000x1000px.png","width":2362,"height":2362,"caption":"SOX3114_1000x1000px"},{"@type":"BreadcrumbList","@id":"https:\/\/soxs.co\/ch\/soxs-graue-woll-damensocken-mystical-purple-knie-anti-rutsch\/#breadcrumb","itemListElement":[{"@type":"ListItem","position":1,"name":"Home","item":"https:\/\/soxs.co\/ch\/"},{"@type":"ListItem","position":2,"name":"Shop","item":"https:\/\/soxs.co\/ch\/shop\/"},{"@type":"ListItem","position":3,"name":"SOXS Graue Wolle Damensocken Mystical Purple Anti-Rutsch kniesocke"}]},{"@type":"WebSite","@id":"https:\/\/soxs.co\/ch\/#website","url":"https:\/\/soxs.co\/ch\/","name":"SOXS.co CH","description":"Trendige und wunderbar warme Socken f\u00fcr alle","potentialAction":[{"@type":"SearchAction","target":{"@type":"EntryPoint","urlTemplate":"https:\/\/soxs.co\/ch\/?s={search_term_string}"},"query-input":{"@type":"PropertyValueSpecification","valueRequired":true,"valueName":"search_term_string"}}],"inLanguage":"de-CH"}]},"product_price_amount":"38.95","product_price_currency":"EUR","og_availability":"instock","product_availability":"instock","product_retailer_item_id":"SOX3114","product_condition":"new"},"_links":{"self":[{"href":"https:\/\/dev.soxs.co\/ch\/wp-json\/wp\/v2\/product\/958","targetHints":{"allow":["GET"]}}],"collection":[{"href":"https:\/\/dev.soxs.co\/ch\/wp-json\/wp\/v2\/product"}],"about":[{"href":"https:\/\/dev.soxs.co\/ch\/wp-json\/wp\/v2\/types\/product"}],"replies":[{"embeddable":true,"href":"https:\/\/dev.soxs.co\/ch\/wp-json\/wp\/v2\/comments?post=958"}],"wp:featuredmedia":[{"embeddable":true,"href":"https:\/\/dev.soxs.co\/ch\/wp-json\/wp\/v2\/media\/700129208"}],"wp:attachment":[{"href":"https:\/\/dev.soxs.co\/ch\/wp-json\/wp\/v2\/media?parent=958"}],"wp:term":[{"taxonomy":"product_brand","embeddable":true,"href":"https:\/\/dev.soxs.co\/ch\/wp-json\/wp\/v2\/product_brand?post=958"},{"taxonomy":"product_cat","embeddable":true,"href":"https:\/\/dev.soxs.co\/ch\/wp-json\/wp\/v2\/product_cat?post=958"},{"taxonomy":"product_tag","embeddable":true,"href":"https:\/\/dev.soxs.co\/ch\/wp-json\/wp\/v2\/product_tag?post=958"}],"curies":[{"name":"wp","href":"https:\/\/api.w.org\/{rel}","templated":true}]}}