{"id":700129436,"date":"2024-08-19T15:56:06","date_gmt":"2024-08-19T13:56:06","guid":{"rendered":"https:\/\/soxs.co\/ch\/?post_type=product&#038;p=700129436"},"modified":"2024-08-19T16:17:47","modified_gmt":"2024-08-19T14:17:47","slug":"soxs-stopfpilz","status":"publish","type":"product","link":"https:\/\/dev.soxs.co\/ch\/soxs-stopfpilz\/","title":{"rendered":"SOXS Stopfpilz"},"content":{"rendered":"<p>Fr\u00fcher trug man in Holzschuhen oft Wollsocken, die sich schnell abnutzten. Die L\u00f6sung? Socken stopfen! Damit konnten sie schnell L\u00f6cher in die Socken machen. Heutzutage neigen wir oft dazu, Socken mit L\u00f6chern wegzuwerfen. Und das ist eine ziemliche Verschwendung! Denn mit ein bisschen Weben kann man den Mangel schnell beheben. Mit dem Stopfpilz von SOXS k\u00f6nnen Sie Ihre Wollsocken noch einfacher reparieren.<\/p>\n","protected":false},"excerpt":{"rendered":"<p>Fr\u00fcher trug man in Holzschuhen oft Wollsocken, die sich schnell abnutzten. Die L\u00f6sung? Socken stopfen! Damit konnten sie schnell L\u00f6cher in die Socken machen. Heutzutage neigen wir oft dazu, Socken mit L\u00f6chern wegzuwerfen. Und das ist eine ziemliche Verschwendung! Denn mit ein bisschen Weben kann man den Mangel schnell beheben. Mit dem Stopfpilz von SOXS k\u00f6nnen Sie Ihre Wollsocken noch einfacher reparieren.<\/p>\n","protected":false},"featured_media":700129437,"comment_status":"closed","ping_status":"closed","template":"","meta":{"_acf_changed":false,"_improvement_type_select":"improve_an_existing","_thumb_yes_seoaic":false,"_frame_yes_seoaic":false,"seoaic_generate_description":"","seoaic_improve_instructions_prompt":"","seoaic_rollback_content_improvement":"","seoaic_idea_thumbnail_generator":"","thumbnail_generated":false,"thumbnail_generate_prompt":"","seoaic_article_description":""},"product_brand":[],"product_cat":[1307,1314],"product_tag":[],"class_list":{"0":"post-700129436","1":"product","2":"type-product","3":"status-publish","4":"has-post-thumbnail","6":"product_cat-care-for-your-soxs","7":"product_cat-care","9":"first","10":"instock","11":"taxable","12":"shipping-taxable","13":"purchasable","14":"product-type-simple"},"acf":[],"yoast_head":"<!-- This site is optimized with the Yoast SEO Premium plugin v22.9 (Yoast SEO v25.3.1) - https:\/\/yoast.com\/wordpress\/plugins\/seo\/ -->\n<title>SOXS Stopfpilz - SOXS.co CH<\/title>\n<meta name=\"description\" content=\"Fr\u00fcher trug man in Holzschuhen oft Wollsocken, die sich abnutzten. Die L\u00f6sung? Socken stopfen! Denn mit einer Webung kann man den Mangel schnell beheben.\" \/>\n<meta name=\"robots\" content=\"noindex, follow, max-snippet:-1, max-image-preview:large, max-video-preview:-1\" \/>\n<meta property=\"og:locale\" content=\"de_DE\" \/>\n<meta property=\"og:type\" content=\"article\" \/>\n<meta property=\"og:title\" content=\"SOXS Stopfpilz\" \/>\n<meta property=\"og:description\" content=\"Fr\u00fcher trug man in Holzschuhen oft Wollsocken, die sich abnutzten. Die L\u00f6sung? Socken stopfen! Denn mit einer Webung kann man den Mangel schnell beheben.\" \/>\n<meta property=\"og:url\" content=\"https:\/\/soxs.co\/ch\/soxs-stopfpilz\/\" \/>\n<meta property=\"og:site_name\" content=\"SOXS.co CH\" \/>\n<meta property=\"article:publisher\" content=\"https:\/\/www.facebook.com\/soxs.co\/\" \/>\n<meta property=\"article:modified_time\" content=\"2024-08-19T14:17:47+00:00\" \/>\n<meta property=\"og:image\" content=\"https:\/\/soxs.co\/app\/uploads\/sites\/6\/2024\/08\/Soxs-3640.jpg\" \/>\n\t<meta property=\"og:image:width\" content=\"2362\" \/>\n\t<meta property=\"og:image:height\" content=\"2362\" \/>\n\t<meta property=\"og:image:type\" content=\"image\/jpeg\" \/>\n<meta name=\"twitter:card\" content=\"summary_large_image\" \/>\n<meta name=\"twitter:site\" content=\"@soxs_co\" \/>\n<meta name=\"twitter:label1\" content=\"Price\" \/>\n\t<meta name=\"twitter:data1\" content=\"&nbsp;7.95\" \/>\n\t<meta name=\"twitter:label2\" content=\"Availability\" \/>\n\t<meta name=\"twitter:data2\" content=\"In stock\" \/>\n<script type=\"application\/ld+json\" class=\"yoast-schema-graph\">{\"@context\":\"https:\/\/schema.org\",\"@graph\":[{\"@type\":\"WebPage\",\"@id\":\"https:\/\/soxs.co\/ch\/soxs-stopfpilz\/\",\"url\":\"https:\/\/soxs.co\/ch\/soxs-stopfpilz\/\",\"name\":\"SOXS Stopfpilz - SOXS.co CH\",\"isPartOf\":{\"@id\":\"https:\/\/soxs.co\/ch\/#website\"},\"primaryImageOfPage\":{\"@id\":\"https:\/\/soxs.co\/ch\/soxs-stopfpilz\/#primaryimage\"},\"image\":{\"@id\":\"https:\/\/soxs.co\/ch\/soxs-stopfpilz\/#primaryimage\"},\"thumbnailUrl\":\"https:\/\/dev.soxs.co\/app\/uploads\/sites\/6\/2024\/08\/Soxs-3640.jpg\",\"datePublished\":\"2024-08-19T13:56:06+00:00\",\"dateModified\":\"2024-08-19T14:17:47+00:00\",\"description\":\"Fr\u00fcher trug man in Holzschuhen oft Wollsocken, die sich abnutzten. Die L\u00f6sung? Socken stopfen! Denn mit einer Webung kann man den Mangel schnell beheben.\",\"breadcrumb\":{\"@id\":\"https:\/\/soxs.co\/ch\/soxs-stopfpilz\/#breadcrumb\"},\"inLanguage\":\"de-CH\",\"potentialAction\":[{\"@type\":\"ReadAction\",\"target\":[\"https:\/\/soxs.co\/ch\/soxs-stopfpilz\/\"]}]},{\"@type\":\"ImageObject\",\"inLanguage\":\"de-CH\",\"@id\":\"https:\/\/soxs.co\/ch\/soxs-stopfpilz\/#primaryimage\",\"url\":\"https:\/\/dev.soxs.co\/app\/uploads\/sites\/6\/2024\/08\/Soxs-3640.jpg\",\"contentUrl\":\"https:\/\/dev.soxs.co\/app\/uploads\/sites\/6\/2024\/08\/Soxs-3640.jpg\",\"width\":2362,\"height\":2362,\"caption\":\"Soxs-3640\"},{\"@type\":\"BreadcrumbList\",\"@id\":\"https:\/\/soxs.co\/ch\/soxs-stopfpilz\/#breadcrumb\",\"itemListElement\":[{\"@type\":\"ListItem\",\"position\":1,\"name\":\"Home\",\"item\":\"https:\/\/soxs.co\/ch\/\"},{\"@type\":\"ListItem\",\"position\":2,\"name\":\"Shop\",\"item\":\"https:\/\/soxs.co\/ch\/shop\/\"},{\"@type\":\"ListItem\",\"position\":3,\"name\":\"SOXS Stopfpilz\"}]},{\"@type\":\"WebSite\",\"@id\":\"https:\/\/soxs.co\/ch\/#website\",\"url\":\"https:\/\/soxs.co\/ch\/\",\"name\":\"SOXS.co CH\",\"description\":\"Trendige und wunderbar warme Socken f\u00fcr alle\",\"potentialAction\":[{\"@type\":\"SearchAction\",\"target\":{\"@type\":\"EntryPoint\",\"urlTemplate\":\"https:\/\/soxs.co\/ch\/?s={search_term_string}\"},\"query-input\":{\"@type\":\"PropertyValueSpecification\",\"valueRequired\":true,\"valueName\":\"search_term_string\"}}],\"inLanguage\":\"de-CH\"}]}<\/script>\n<meta property=\"product:price:amount\" content=\"7.95\" \/>\n<meta property=\"product:price:currency\" content=\"EUR\" \/>\n<meta property=\"og:availability\" content=\"instock\" \/>\n<meta property=\"product:availability\" content=\"instock\" \/>\n<meta property=\"product:retailer_item_id\" content=\"SOX3640\" \/>\n<meta property=\"product:condition\" content=\"new\" \/>\n<!-- \/ Yoast SEO Premium plugin. -->","yoast_head_json":{"title":"SOXS Stopfpilz - SOXS.co CH","description":"Fr\u00fcher trug man in Holzschuhen oft Wollsocken, die sich abnutzten. Die L\u00f6sung? Socken stopfen! Denn mit einer Webung kann man den Mangel schnell beheben.","robots":{"index":"noindex","follow":"follow","max-snippet":"max-snippet:-1","max-image-preview":"max-image-preview:large","max-video-preview":"max-video-preview:-1"},"og_locale":"de_DE","og_type":"article","og_title":"SOXS Stopfpilz","og_description":"Fr\u00fcher trug man in Holzschuhen oft Wollsocken, die sich abnutzten. Die L\u00f6sung? Socken stopfen! Denn mit einer Webung kann man den Mangel schnell beheben.","og_url":"https:\/\/soxs.co\/ch\/soxs-stopfpilz\/","og_site_name":"SOXS.co CH","article_publisher":"https:\/\/www.facebook.com\/soxs.co\/","article_modified_time":"2024-08-19T14:17:47+00:00","og_image":[{"width":2362,"height":2362,"url":"https:\/\/soxs.co\/app\/uploads\/sites\/6\/2024\/08\/Soxs-3640.jpg","type":"image\/jpeg"}],"twitter_card":"summary_large_image","twitter_site":"@soxs_co","twitter_misc":{"Price":"&nbsp;7.95","Availability":"In stock"},"schema":{"@context":"https:\/\/schema.org","@graph":[{"@type":"WebPage","@id":"https:\/\/soxs.co\/ch\/soxs-stopfpilz\/","url":"https:\/\/soxs.co\/ch\/soxs-stopfpilz\/","name":"SOXS Stopfpilz - SOXS.co CH","isPartOf":{"@id":"https:\/\/soxs.co\/ch\/#website"},"primaryImageOfPage":{"@id":"https:\/\/soxs.co\/ch\/soxs-stopfpilz\/#primaryimage"},"image":{"@id":"https:\/\/soxs.co\/ch\/soxs-stopfpilz\/#primaryimage"},"thumbnailUrl":"https:\/\/dev.soxs.co\/app\/uploads\/sites\/6\/2024\/08\/Soxs-3640.jpg","datePublished":"2024-08-19T13:56:06+00:00","dateModified":"2024-08-19T14:17:47+00:00","description":"Fr\u00fcher trug man in Holzschuhen oft Wollsocken, die sich abnutzten. Die L\u00f6sung? Socken stopfen! Denn mit einer Webung kann man den Mangel schnell beheben.","breadcrumb":{"@id":"https:\/\/soxs.co\/ch\/soxs-stopfpilz\/#breadcrumb"},"inLanguage":"de-CH","potentialAction":[{"@type":"ReadAction","target":["https:\/\/soxs.co\/ch\/soxs-stopfpilz\/"]}]},{"@type":"ImageObject","inLanguage":"de-CH","@id":"https:\/\/soxs.co\/ch\/soxs-stopfpilz\/#primaryimage","url":"https:\/\/dev.soxs.co\/app\/uploads\/sites\/6\/2024\/08\/Soxs-3640.jpg","contentUrl":"https:\/\/dev.soxs.co\/app\/uploads\/sites\/6\/2024\/08\/Soxs-3640.jpg","width":2362,"height":2362,"caption":"Soxs-3640"},{"@type":"BreadcrumbList","@id":"https:\/\/soxs.co\/ch\/soxs-stopfpilz\/#breadcrumb","itemListElement":[{"@type":"ListItem","position":1,"name":"Home","item":"https:\/\/soxs.co\/ch\/"},{"@type":"ListItem","position":2,"name":"Shop","item":"https:\/\/soxs.co\/ch\/shop\/"},{"@type":"ListItem","position":3,"name":"SOXS Stopfpilz"}]},{"@type":"WebSite","@id":"https:\/\/soxs.co\/ch\/#website","url":"https:\/\/soxs.co\/ch\/","name":"SOXS.co CH","description":"Trendige und wunderbar warme Socken f\u00fcr alle","potentialAction":[{"@type":"SearchAction","target":{"@type":"EntryPoint","urlTemplate":"https:\/\/soxs.co\/ch\/?s={search_term_string}"},"query-input":{"@type":"PropertyValueSpecification","valueRequired":true,"valueName":"search_term_string"}}],"inLanguage":"de-CH"}]},"product_price_amount":"7.95","product_price_currency":"EUR","og_availability":"instock","product_availability":"instock","product_retailer_item_id":"SOX3640","product_condition":"new"},"_links":{"self":[{"href":"https:\/\/dev.soxs.co\/ch\/wp-json\/wp\/v2\/product\/700129436","targetHints":{"allow":["GET"]}}],"collection":[{"href":"https:\/\/dev.soxs.co\/ch\/wp-json\/wp\/v2\/product"}],"about":[{"href":"https:\/\/dev.soxs.co\/ch\/wp-json\/wp\/v2\/types\/product"}],"replies":[{"embeddable":true,"href":"https:\/\/dev.soxs.co\/ch\/wp-json\/wp\/v2\/comments?post=700129436"}],"wp:featuredmedia":[{"embeddable":true,"href":"https:\/\/dev.soxs.co\/ch\/wp-json\/wp\/v2\/media\/700129437"}],"wp:attachment":[{"href":"https:\/\/dev.soxs.co\/ch\/wp-json\/wp\/v2\/media?parent=700129436"}],"wp:term":[{"taxonomy":"product_brand","embeddable":true,"href":"https:\/\/dev.soxs.co\/ch\/wp-json\/wp\/v2\/product_brand?post=700129436"},{"taxonomy":"product_cat","embeddable":true,"href":"https:\/\/dev.soxs.co\/ch\/wp-json\/wp\/v2\/product_cat?post=700129436"},{"taxonomy":"product_tag","embeddable":true,"href":"https:\/\/dev.soxs.co\/ch\/wp-json\/wp\/v2\/product_tag?post=700129436"}],"curies":[{"name":"wp","href":"https:\/\/api.w.org\/{rel}","templated":true}]}}