{"id":700129322,"date":"2024-07-22T16:58:37","date_gmt":"2024-07-22T14:58:37","guid":{"rendered":"https:\/\/soxs.co\/ch\/?post_type=product&#038;p=700129322"},"modified":"2024-08-19T13:10:41","modified_gmt":"2024-08-19T11:10:41","slug":"soxs-dunkle-graue-wolle-headband-moon-mist-label-one-size","status":"publish","type":"product","link":"https:\/\/dev.soxs.co\/ch\/soxs-dunkle-graue-wolle-headband-moon-mist-label-one-size\/","title":{"rendered":"SOXS Dunkle graue wolle Headband Moon Mist label (one size)"},"content":{"rendered":"<p>Dunkle graue wolle Headband, Dunkle graue wolle Headband<\/p>\n<p>G\u00f6nnen Sie Ihren Ohren das dunkelgraue Headband von Soxs mit dem magischen Moon Mist-Label! Dieses Headband ist nicht nur eine w\u00e4rmende Erg\u00e4nzung f\u00fcr Ihren Kopf, sondern auch eine funkelnde Art, der Winterk\u00e4lte zu trotzen. Perfekt f\u00fcr kalte Tage, denn mit Soxs bleiben Sie immer warm, auch wenn sich der Nebel senkt. Mit Soxs bist du bereit, jeder winterlichen Herausforderung mit einem L\u00e4cheln zu begegnen! \ud83c\udf19\u2728<\/p>\n","protected":false},"excerpt":{"rendered":"<p>G\u00f6nnen Sie Ihren Ohren das dunkelgraue Headband von Soxs mit dem magischen Moon Mist-Label! Dieses Headband ist nicht nur eine w\u00e4rmende Erg\u00e4nzung f\u00fcr Ihren Kopf, sondern auch eine funkelnde Art, der Winterk\u00e4lte zu trotzen. Perfekt f\u00fcr kalte Tage, denn mit Soxs bleiben Sie immer warm, auch wenn sich der Nebel senkt. Mit Soxs bist du bereit, jeder winterlichen Herausforderung mit einem L\u00e4cheln zu begegnen! \ud83c\udf19\u2728<\/p>\n","protected":false},"featured_media":700129255,"comment_status":"closed","ping_status":"closed","template":"","meta":{"_acf_changed":false,"_improvement_type_select":"improve_an_existing","_thumb_yes_seoaic":false,"_frame_yes_seoaic":false,"seoaic_generate_description":"","seoaic_improve_instructions_prompt":"","seoaic_rollback_content_improvement":"","seoaic_idea_thumbnail_generator":"","thumbnail_generated":false,"thumbnail_generate_prompt":"","seoaic_article_description":""},"product_brand":[],"product_cat":[867,96],"product_tag":[],"class_list":{"0":"post-700129322","1":"product","2":"type-product","3":"status-publish","4":"has-post-thumbnail","6":"product_cat-wollen-muetzen","7":"product_cat-specials","9":"first","10":"instock","11":"taxable","12":"shipping-taxable","13":"purchasable","14":"product-type-simple"},"acf":[],"yoast_head":"<!-- This site is optimized with the Yoast SEO Premium plugin v22.9 (Yoast SEO v25.3.1) - https:\/\/yoast.com\/wordpress\/plugins\/seo\/ -->\n<title>SOXS Dunkle graue wolle Headband Moon Mist | SOXS.co CH<\/title>\n<meta name=\"description\" content=\"Dunkle graue wolle Headband. Dieses Headband ist eine w\u00e4rmende Erg\u00e4nzung f\u00fcr Ihren Kopf, sondern auch eine funkelnde Art, der Winterk\u00e4lte zu trotzen.\" \/>\n<meta name=\"robots\" content=\"noindex, follow, max-snippet:-1, max-image-preview:large, max-video-preview:-1\" \/>\n<meta property=\"og:locale\" content=\"de_DE\" \/>\n<meta property=\"og:type\" content=\"article\" \/>\n<meta property=\"og:title\" content=\"SOXS Dunkle graue wolle Headband Moon Mist label (one size)\" \/>\n<meta property=\"og:description\" content=\"Dunkle graue wolle Headband. Dieses Headband ist eine w\u00e4rmende Erg\u00e4nzung f\u00fcr Ihren Kopf, sondern auch eine funkelnde Art, der Winterk\u00e4lte zu trotzen.\" \/>\n<meta property=\"og:url\" content=\"https:\/\/soxs.co\/ch\/soxs-dunkle-graue-wolle-headband-moon-mist-label-one-size\/\" \/>\n<meta property=\"og:site_name\" content=\"SOXS.co CH\" \/>\n<meta property=\"article:publisher\" content=\"https:\/\/www.facebook.com\/soxs.co\/\" \/>\n<meta property=\"article:modified_time\" content=\"2024-08-19T11:10:41+00:00\" \/>\n<meta property=\"og:image\" content=\"https:\/\/soxs.co\/app\/uploads\/sites\/6\/2024\/06\/Soxs-hoofdband-grijs.jpg\" \/>\n\t<meta property=\"og:image:width\" content=\"1000\" \/>\n\t<meta property=\"og:image:height\" content=\"1000\" \/>\n\t<meta property=\"og:image:type\" content=\"image\/jpeg\" \/>\n<meta name=\"twitter:card\" content=\"summary_large_image\" \/>\n<meta name=\"twitter:site\" content=\"@soxs_co\" \/>\n<meta name=\"twitter:label1\" content=\"Price\" \/>\n\t<meta name=\"twitter:data1\" content=\"&nbsp;34.95\" \/>\n\t<meta name=\"twitter:label2\" content=\"Availability\" \/>\n\t<meta name=\"twitter:data2\" content=\"In stock\" \/>\n<script type=\"application\/ld+json\" class=\"yoast-schema-graph\">{\"@context\":\"https:\/\/schema.org\",\"@graph\":[{\"@type\":\"WebPage\",\"@id\":\"https:\/\/soxs.co\/ch\/soxs-dunkle-graue-wolle-headband-moon-mist-label-one-size\/\",\"url\":\"https:\/\/soxs.co\/ch\/soxs-dunkle-graue-wolle-headband-moon-mist-label-one-size\/\",\"name\":\"SOXS Dunkle graue wolle Headband Moon Mist | SOXS.co CH\",\"isPartOf\":{\"@id\":\"https:\/\/soxs.co\/ch\/#website\"},\"primaryImageOfPage\":{\"@id\":\"https:\/\/soxs.co\/ch\/soxs-dunkle-graue-wolle-headband-moon-mist-label-one-size\/#primaryimage\"},\"image\":{\"@id\":\"https:\/\/soxs.co\/ch\/soxs-dunkle-graue-wolle-headband-moon-mist-label-one-size\/#primaryimage\"},\"thumbnailUrl\":\"https:\/\/dev.soxs.co\/app\/uploads\/sites\/6\/2024\/06\/Soxs-hoofdband-grijs.jpg\",\"datePublished\":\"2024-07-22T14:58:37+00:00\",\"dateModified\":\"2024-08-19T11:10:41+00:00\",\"description\":\"Dunkle graue wolle Headband. Dieses Headband ist eine w\u00e4rmende Erg\u00e4nzung f\u00fcr Ihren Kopf, sondern auch eine funkelnde Art, der Winterk\u00e4lte zu trotzen.\",\"breadcrumb\":{\"@id\":\"https:\/\/soxs.co\/ch\/soxs-dunkle-graue-wolle-headband-moon-mist-label-one-size\/#breadcrumb\"},\"inLanguage\":\"de-CH\",\"potentialAction\":[{\"@type\":\"ReadAction\",\"target\":[\"https:\/\/soxs.co\/ch\/soxs-dunkle-graue-wolle-headband-moon-mist-label-one-size\/\"]}]},{\"@type\":\"ImageObject\",\"inLanguage\":\"de-CH\",\"@id\":\"https:\/\/soxs.co\/ch\/soxs-dunkle-graue-wolle-headband-moon-mist-label-one-size\/#primaryimage\",\"url\":\"https:\/\/dev.soxs.co\/app\/uploads\/sites\/6\/2024\/06\/Soxs-hoofdband-grijs.jpg\",\"contentUrl\":\"https:\/\/dev.soxs.co\/app\/uploads\/sites\/6\/2024\/06\/Soxs-hoofdband-grijs.jpg\",\"width\":1000,\"height\":1000,\"caption\":\"Soxs-hoofdband-grijs\"},{\"@type\":\"BreadcrumbList\",\"@id\":\"https:\/\/soxs.co\/ch\/soxs-dunkle-graue-wolle-headband-moon-mist-label-one-size\/#breadcrumb\",\"itemListElement\":[{\"@type\":\"ListItem\",\"position\":1,\"name\":\"Home\",\"item\":\"https:\/\/soxs.co\/ch\/\"},{\"@type\":\"ListItem\",\"position\":2,\"name\":\"Shop\",\"item\":\"https:\/\/soxs.co\/ch\/shop\/\"},{\"@type\":\"ListItem\",\"position\":3,\"name\":\"SOXS Dunkle graue wolle Headband Moon Mist label (one size)\"}]},{\"@type\":\"WebSite\",\"@id\":\"https:\/\/soxs.co\/ch\/#website\",\"url\":\"https:\/\/soxs.co\/ch\/\",\"name\":\"SOXS.co CH\",\"description\":\"Trendige und wunderbar warme Socken f\u00fcr alle\",\"potentialAction\":[{\"@type\":\"SearchAction\",\"target\":{\"@type\":\"EntryPoint\",\"urlTemplate\":\"https:\/\/soxs.co\/ch\/?s={search_term_string}\"},\"query-input\":{\"@type\":\"PropertyValueSpecification\",\"valueRequired\":true,\"valueName\":\"search_term_string\"}}],\"inLanguage\":\"de-CH\"}]}<\/script>\n<meta property=\"product:price:amount\" content=\"34.95\" \/>\n<meta property=\"product:price:currency\" content=\"EUR\" \/>\n<meta property=\"og:availability\" content=\"instock\" \/>\n<meta property=\"product:availability\" content=\"instock\" \/>\n<meta property=\"product:retailer_item_id\" content=\"SOX3765\" \/>\n<meta property=\"product:condition\" content=\"new\" \/>\n<!-- \/ Yoast SEO Premium plugin. -->","yoast_head_json":{"title":"SOXS Dunkle graue wolle Headband Moon Mist | SOXS.co CH","description":"Dunkle graue wolle Headband. Dieses Headband ist eine w\u00e4rmende Erg\u00e4nzung f\u00fcr Ihren Kopf, sondern auch eine funkelnde Art, der Winterk\u00e4lte zu trotzen.","robots":{"index":"noindex","follow":"follow","max-snippet":"max-snippet:-1","max-image-preview":"max-image-preview:large","max-video-preview":"max-video-preview:-1"},"og_locale":"de_DE","og_type":"article","og_title":"SOXS Dunkle graue wolle Headband Moon Mist label (one size)","og_description":"Dunkle graue wolle Headband. Dieses Headband ist eine w\u00e4rmende Erg\u00e4nzung f\u00fcr Ihren Kopf, sondern auch eine funkelnde Art, der Winterk\u00e4lte zu trotzen.","og_url":"https:\/\/soxs.co\/ch\/soxs-dunkle-graue-wolle-headband-moon-mist-label-one-size\/","og_site_name":"SOXS.co CH","article_publisher":"https:\/\/www.facebook.com\/soxs.co\/","article_modified_time":"2024-08-19T11:10:41+00:00","og_image":[{"width":1000,"height":1000,"url":"https:\/\/soxs.co\/app\/uploads\/sites\/6\/2024\/06\/Soxs-hoofdband-grijs.jpg","type":"image\/jpeg"}],"twitter_card":"summary_large_image","twitter_site":"@soxs_co","twitter_misc":{"Price":"&nbsp;34.95","Availability":"In stock"},"schema":{"@context":"https:\/\/schema.org","@graph":[{"@type":"WebPage","@id":"https:\/\/soxs.co\/ch\/soxs-dunkle-graue-wolle-headband-moon-mist-label-one-size\/","url":"https:\/\/soxs.co\/ch\/soxs-dunkle-graue-wolle-headband-moon-mist-label-one-size\/","name":"SOXS Dunkle graue wolle Headband Moon Mist | SOXS.co CH","isPartOf":{"@id":"https:\/\/soxs.co\/ch\/#website"},"primaryImageOfPage":{"@id":"https:\/\/soxs.co\/ch\/soxs-dunkle-graue-wolle-headband-moon-mist-label-one-size\/#primaryimage"},"image":{"@id":"https:\/\/soxs.co\/ch\/soxs-dunkle-graue-wolle-headband-moon-mist-label-one-size\/#primaryimage"},"thumbnailUrl":"https:\/\/dev.soxs.co\/app\/uploads\/sites\/6\/2024\/06\/Soxs-hoofdband-grijs.jpg","datePublished":"2024-07-22T14:58:37+00:00","dateModified":"2024-08-19T11:10:41+00:00","description":"Dunkle graue wolle Headband. Dieses Headband ist eine w\u00e4rmende Erg\u00e4nzung f\u00fcr Ihren Kopf, sondern auch eine funkelnde Art, der Winterk\u00e4lte zu trotzen.","breadcrumb":{"@id":"https:\/\/soxs.co\/ch\/soxs-dunkle-graue-wolle-headband-moon-mist-label-one-size\/#breadcrumb"},"inLanguage":"de-CH","potentialAction":[{"@type":"ReadAction","target":["https:\/\/soxs.co\/ch\/soxs-dunkle-graue-wolle-headband-moon-mist-label-one-size\/"]}]},{"@type":"ImageObject","inLanguage":"de-CH","@id":"https:\/\/soxs.co\/ch\/soxs-dunkle-graue-wolle-headband-moon-mist-label-one-size\/#primaryimage","url":"https:\/\/dev.soxs.co\/app\/uploads\/sites\/6\/2024\/06\/Soxs-hoofdband-grijs.jpg","contentUrl":"https:\/\/dev.soxs.co\/app\/uploads\/sites\/6\/2024\/06\/Soxs-hoofdband-grijs.jpg","width":1000,"height":1000,"caption":"Soxs-hoofdband-grijs"},{"@type":"BreadcrumbList","@id":"https:\/\/soxs.co\/ch\/soxs-dunkle-graue-wolle-headband-moon-mist-label-one-size\/#breadcrumb","itemListElement":[{"@type":"ListItem","position":1,"name":"Home","item":"https:\/\/soxs.co\/ch\/"},{"@type":"ListItem","position":2,"name":"Shop","item":"https:\/\/soxs.co\/ch\/shop\/"},{"@type":"ListItem","position":3,"name":"SOXS Dunkle graue wolle Headband Moon Mist label (one size)"}]},{"@type":"WebSite","@id":"https:\/\/soxs.co\/ch\/#website","url":"https:\/\/soxs.co\/ch\/","name":"SOXS.co CH","description":"Trendige und wunderbar warme Socken f\u00fcr alle","potentialAction":[{"@type":"SearchAction","target":{"@type":"EntryPoint","urlTemplate":"https:\/\/soxs.co\/ch\/?s={search_term_string}"},"query-input":{"@type":"PropertyValueSpecification","valueRequired":true,"valueName":"search_term_string"}}],"inLanguage":"de-CH"}]},"product_price_amount":"34.95","product_price_currency":"EUR","og_availability":"instock","product_availability":"instock","product_retailer_item_id":"SOX3765","product_condition":"new"},"_links":{"self":[{"href":"https:\/\/dev.soxs.co\/ch\/wp-json\/wp\/v2\/product\/700129322","targetHints":{"allow":["GET"]}}],"collection":[{"href":"https:\/\/dev.soxs.co\/ch\/wp-json\/wp\/v2\/product"}],"about":[{"href":"https:\/\/dev.soxs.co\/ch\/wp-json\/wp\/v2\/types\/product"}],"replies":[{"embeddable":true,"href":"https:\/\/dev.soxs.co\/ch\/wp-json\/wp\/v2\/comments?post=700129322"}],"wp:featuredmedia":[{"embeddable":true,"href":"https:\/\/dev.soxs.co\/ch\/wp-json\/wp\/v2\/media\/700129255"}],"wp:attachment":[{"href":"https:\/\/dev.soxs.co\/ch\/wp-json\/wp\/v2\/media?parent=700129322"}],"wp:term":[{"taxonomy":"product_brand","embeddable":true,"href":"https:\/\/dev.soxs.co\/ch\/wp-json\/wp\/v2\/product_brand?post=700129322"},{"taxonomy":"product_cat","embeddable":true,"href":"https:\/\/dev.soxs.co\/ch\/wp-json\/wp\/v2\/product_cat?post=700129322"},{"taxonomy":"product_tag","embeddable":true,"href":"https:\/\/dev.soxs.co\/ch\/wp-json\/wp\/v2\/product_tag?post=700129322"}],"curies":[{"name":"wp","href":"https:\/\/api.w.org\/{rel}","templated":true}]}}