{"id":128790,"date":"2024-07-22T16:59:42","date_gmt":"2024-07-22T14:59:42","guid":{"rendered":"https:\/\/soxs.co\/ch\/?post_type=product&#038;p=128790"},"modified":"2024-08-19T12:06:40","modified_gmt":"2024-08-19T10:06:40","slug":"soxs-pink-wolle-socken-jazzy-label-medium","status":"publish","type":"product","link":"https:\/\/dev.soxs.co\/ch\/soxs-pink-wolle-socken-jazzy-label-medium\/","title":{"rendered":"SOXS Pink wolle socken Jazzy label medium"},"content":{"rendered":"<p>Sp\u00fcren Sie die rhythmische W\u00e4rme der rosafarbenen Schafwollsocken von Soxs mit dem melodischen Label &#8220;Jazzy&#8221;. Die lebendigen Socken sind eine Ode an den Komfort, kombiniert mit Style, perfekt f\u00fcr alle, die auffallen wollen oder einfach Fans von rosa Schafwollsocken sind. Die hochwertige Schafwolle isoliert nicht nur gegen K\u00e4lte, sondern sorgt auch f\u00fcr ein weiches, kuscheliges Tragegef\u00fchl, das sich den ganzen Tag \u00fcber wie eine liebevolle Umarmung anf\u00fchlt. Mit einer Farbe, die an die Verspieltheit von Jazzmusik erinnert, sind die Socken &#8220;Jazzy&#8221; von Soxs ein Statement f\u00fcr pers\u00f6nlichen Ausdruck und unkomplizierten Luxus.<br \/>\nPink wolle socken, Pink wolle socken<\/p>\n","protected":false},"excerpt":{"rendered":"<p>Sp\u00fcren Sie die rhythmische W\u00e4rme der rosafarbenen Schafwollsocken von Soxs mit dem melodischen Label &#8220;Jazzy&#8221;. Die lebendigen Socken sind eine Ode an den Komfort, kombiniert mit Style, perfekt f\u00fcr alle, die auffallen wollen oder einfach Fans von rosa Schafwollsocken sind. Die hochwertige Schafwolle isoliert nicht nur gegen K\u00e4lte, sondern sorgt auch f\u00fcr ein weiches, kuscheliges Tragegef\u00fchl, das sich den ganzen Tag \u00fcber wie eine liebevolle Umarmung anf\u00fchlt. Mit einer Farbe, die an die Verspieltheit von Jazzmusik erinnert, sind die Socken &#8220;Jazzy&#8221; von Soxs ein Statement f\u00fcr pers\u00f6nlichen Ausdruck und unkomplizierten Luxus.<\/p>\n","protected":false},"featured_media":700129303,"comment_status":"closed","ping_status":"closed","template":"","meta":{"_acf_changed":false,"_improvement_type_select":"improve_an_existing","_thumb_yes_seoaic":false,"_frame_yes_seoaic":false,"seoaic_generate_description":"","seoaic_improve_instructions_prompt":"","seoaic_rollback_content_improvement":"","seoaic_idea_thumbnail_generator":"","thumbnail_generated":false,"thumbnail_generate_prompt":"","seoaic_article_description":""},"product_brand":[],"product_cat":[58,56],"product_tag":[],"class_list":{"0":"post-128790","1":"product","2":"type-product","3":"status-publish","4":"has-post-thumbnail","6":"product_cat-wollsocken-damen","7":"product_cat-socken-von-soxs","9":"first","10":"instock","11":"taxable","12":"shipping-taxable","13":"purchasable","14":"product-type-variable","15":"has-default-attributes"},"acf":[],"yoast_head":"<!-- This site is optimized with the Yoast SEO Premium plugin v22.9 (Yoast SEO v25.3.1) - https:\/\/yoast.com\/wordpress\/plugins\/seo\/ -->\n<title>SOXS Pink wolle socken Jazzy label medium - SOXS.co CH<\/title>\n<meta name=\"description\" content=\"Pink wolle socken. Die Socken sind eine Ode an den Komfort, kombiniert mit Style, perfekt f\u00fcr Fans von rosa Schafwollsocken sind.\" \/>\n<meta name=\"robots\" content=\"noindex, follow, max-snippet:-1, max-image-preview:large, max-video-preview:-1\" \/>\n<meta property=\"og:locale\" content=\"de_DE\" \/>\n<meta property=\"og:type\" content=\"article\" \/>\n<meta property=\"og:title\" content=\"SOXS Pink wolle socken Jazzy label medium\" \/>\n<meta property=\"og:description\" content=\"Pink wolle socken. Die Socken sind eine Ode an den Komfort, kombiniert mit Style, perfekt f\u00fcr Fans von rosa Schafwollsocken sind.\" \/>\n<meta property=\"og:url\" content=\"https:\/\/soxs.co\/ch\/soxs-pink-wolle-socken-jazzy-label-medium\/\" \/>\n<meta property=\"og:site_name\" content=\"SOXS.co CH\" \/>\n<meta property=\"article:publisher\" content=\"https:\/\/www.facebook.com\/soxs.co\/\" \/>\n<meta property=\"article:modified_time\" content=\"2024-08-19T10:06:40+00:00\" \/>\n<meta property=\"og:image\" content=\"https:\/\/soxs.co\/app\/uploads\/sites\/6\/2024\/06\/SOX3714_1000x1000px.jpg\" \/>\n\t<meta property=\"og:image:width\" content=\"1000\" \/>\n\t<meta property=\"og:image:height\" content=\"1000\" \/>\n\t<meta property=\"og:image:type\" content=\"image\/jpeg\" \/>\n<meta name=\"twitter:card\" content=\"summary_large_image\" \/>\n<meta name=\"twitter:site\" content=\"@soxs_co\" \/>\n<meta name=\"twitter:label1\" content=\"Availability\" \/>\n\t<meta name=\"twitter:data1\" content=\"In stock\" \/>\n<script type=\"application\/ld+json\" class=\"yoast-schema-graph\">{\"@context\":\"https:\/\/schema.org\",\"@graph\":[{\"@type\":\"WebPage\",\"@id\":\"https:\/\/soxs.co\/ch\/soxs-pink-wolle-socken-jazzy-label-medium\/\",\"url\":\"https:\/\/soxs.co\/ch\/soxs-pink-wolle-socken-jazzy-label-medium\/\",\"name\":\"SOXS Pink wolle socken Jazzy label medium - SOXS.co CH\",\"isPartOf\":{\"@id\":\"https:\/\/soxs.co\/ch\/#website\"},\"primaryImageOfPage\":{\"@id\":\"https:\/\/soxs.co\/ch\/soxs-pink-wolle-socken-jazzy-label-medium\/#primaryimage\"},\"image\":{\"@id\":\"https:\/\/soxs.co\/ch\/soxs-pink-wolle-socken-jazzy-label-medium\/#primaryimage\"},\"thumbnailUrl\":\"https:\/\/dev.soxs.co\/app\/uploads\/sites\/6\/2024\/06\/SOX3714_1000x1000px.jpg\",\"datePublished\":\"2024-07-22T14:59:42+00:00\",\"dateModified\":\"2024-08-19T10:06:40+00:00\",\"description\":\"Pink wolle socken. Die Socken sind eine Ode an den Komfort, kombiniert mit Style, perfekt f\u00fcr Fans von rosa Schafwollsocken sind.\",\"breadcrumb\":{\"@id\":\"https:\/\/soxs.co\/ch\/soxs-pink-wolle-socken-jazzy-label-medium\/#breadcrumb\"},\"inLanguage\":\"de-CH\",\"potentialAction\":[{\"@type\":\"ReadAction\",\"target\":[\"https:\/\/soxs.co\/ch\/soxs-pink-wolle-socken-jazzy-label-medium\/\"]}]},{\"@type\":\"ImageObject\",\"inLanguage\":\"de-CH\",\"@id\":\"https:\/\/soxs.co\/ch\/soxs-pink-wolle-socken-jazzy-label-medium\/#primaryimage\",\"url\":\"https:\/\/dev.soxs.co\/app\/uploads\/sites\/6\/2024\/06\/SOX3714_1000x1000px.jpg\",\"contentUrl\":\"https:\/\/dev.soxs.co\/app\/uploads\/sites\/6\/2024\/06\/SOX3714_1000x1000px.jpg\",\"width\":1000,\"height\":1000,\"caption\":\"SOX3714_1000x1000px\"},{\"@type\":\"BreadcrumbList\",\"@id\":\"https:\/\/soxs.co\/ch\/soxs-pink-wolle-socken-jazzy-label-medium\/#breadcrumb\",\"itemListElement\":[{\"@type\":\"ListItem\",\"position\":1,\"name\":\"Home\",\"item\":\"https:\/\/soxs.co\/ch\/\"},{\"@type\":\"ListItem\",\"position\":2,\"name\":\"Shop\",\"item\":\"https:\/\/soxs.co\/ch\/shop\/\"},{\"@type\":\"ListItem\",\"position\":3,\"name\":\"SOXS Pink wolle socken Jazzy label medium\"}]},{\"@type\":\"WebSite\",\"@id\":\"https:\/\/soxs.co\/ch\/#website\",\"url\":\"https:\/\/soxs.co\/ch\/\",\"name\":\"SOXS.co CH\",\"description\":\"Trendige und wunderbar warme Socken f\u00fcr alle\",\"potentialAction\":[{\"@type\":\"SearchAction\",\"target\":{\"@type\":\"EntryPoint\",\"urlTemplate\":\"https:\/\/soxs.co\/ch\/?s={search_term_string}\"},\"query-input\":{\"@type\":\"PropertyValueSpecification\",\"valueRequired\":true,\"valueName\":\"search_term_string\"}}],\"inLanguage\":\"de-CH\"}]}<\/script>\n<meta property=\"og:availability\" content=\"instock\" \/>\n<meta property=\"product:availability\" content=\"instock\" \/>\n<meta property=\"product:retailer_item_id\" content=\"SAM3714\" \/>\n<meta property=\"product:condition\" content=\"new\" \/>\n<!-- \/ Yoast SEO Premium plugin. -->","yoast_head_json":{"title":"SOXS Pink wolle socken Jazzy label medium - SOXS.co CH","description":"Pink wolle socken. Die Socken sind eine Ode an den Komfort, kombiniert mit Style, perfekt f\u00fcr Fans von rosa Schafwollsocken sind.","robots":{"index":"noindex","follow":"follow","max-snippet":"max-snippet:-1","max-image-preview":"max-image-preview:large","max-video-preview":"max-video-preview:-1"},"og_locale":"de_DE","og_type":"article","og_title":"SOXS Pink wolle socken Jazzy label medium","og_description":"Pink wolle socken. Die Socken sind eine Ode an den Komfort, kombiniert mit Style, perfekt f\u00fcr Fans von rosa Schafwollsocken sind.","og_url":"https:\/\/soxs.co\/ch\/soxs-pink-wolle-socken-jazzy-label-medium\/","og_site_name":"SOXS.co CH","article_publisher":"https:\/\/www.facebook.com\/soxs.co\/","article_modified_time":"2024-08-19T10:06:40+00:00","og_image":[{"width":1000,"height":1000,"url":"https:\/\/soxs.co\/app\/uploads\/sites\/6\/2024\/06\/SOX3714_1000x1000px.jpg","type":"image\/jpeg"}],"twitter_card":"summary_large_image","twitter_site":"@soxs_co","twitter_misc":{"Availability":"In stock"},"schema":{"@context":"https:\/\/schema.org","@graph":[{"@type":"WebPage","@id":"https:\/\/soxs.co\/ch\/soxs-pink-wolle-socken-jazzy-label-medium\/","url":"https:\/\/soxs.co\/ch\/soxs-pink-wolle-socken-jazzy-label-medium\/","name":"SOXS Pink wolle socken Jazzy label medium - SOXS.co CH","isPartOf":{"@id":"https:\/\/soxs.co\/ch\/#website"},"primaryImageOfPage":{"@id":"https:\/\/soxs.co\/ch\/soxs-pink-wolle-socken-jazzy-label-medium\/#primaryimage"},"image":{"@id":"https:\/\/soxs.co\/ch\/soxs-pink-wolle-socken-jazzy-label-medium\/#primaryimage"},"thumbnailUrl":"https:\/\/dev.soxs.co\/app\/uploads\/sites\/6\/2024\/06\/SOX3714_1000x1000px.jpg","datePublished":"2024-07-22T14:59:42+00:00","dateModified":"2024-08-19T10:06:40+00:00","description":"Pink wolle socken. Die Socken sind eine Ode an den Komfort, kombiniert mit Style, perfekt f\u00fcr Fans von rosa Schafwollsocken sind.","breadcrumb":{"@id":"https:\/\/soxs.co\/ch\/soxs-pink-wolle-socken-jazzy-label-medium\/#breadcrumb"},"inLanguage":"de-CH","potentialAction":[{"@type":"ReadAction","target":["https:\/\/soxs.co\/ch\/soxs-pink-wolle-socken-jazzy-label-medium\/"]}]},{"@type":"ImageObject","inLanguage":"de-CH","@id":"https:\/\/soxs.co\/ch\/soxs-pink-wolle-socken-jazzy-label-medium\/#primaryimage","url":"https:\/\/dev.soxs.co\/app\/uploads\/sites\/6\/2024\/06\/SOX3714_1000x1000px.jpg","contentUrl":"https:\/\/dev.soxs.co\/app\/uploads\/sites\/6\/2024\/06\/SOX3714_1000x1000px.jpg","width":1000,"height":1000,"caption":"SOX3714_1000x1000px"},{"@type":"BreadcrumbList","@id":"https:\/\/soxs.co\/ch\/soxs-pink-wolle-socken-jazzy-label-medium\/#breadcrumb","itemListElement":[{"@type":"ListItem","position":1,"name":"Home","item":"https:\/\/soxs.co\/ch\/"},{"@type":"ListItem","position":2,"name":"Shop","item":"https:\/\/soxs.co\/ch\/shop\/"},{"@type":"ListItem","position":3,"name":"SOXS Pink wolle socken Jazzy label medium"}]},{"@type":"WebSite","@id":"https:\/\/soxs.co\/ch\/#website","url":"https:\/\/soxs.co\/ch\/","name":"SOXS.co CH","description":"Trendige und wunderbar warme Socken f\u00fcr alle","potentialAction":[{"@type":"SearchAction","target":{"@type":"EntryPoint","urlTemplate":"https:\/\/soxs.co\/ch\/?s={search_term_string}"},"query-input":{"@type":"PropertyValueSpecification","valueRequired":true,"valueName":"search_term_string"}}],"inLanguage":"de-CH"}]},"og_availability":"instock","product_availability":"instock","product_retailer_item_id":"SAM3714","product_condition":"new"},"_links":{"self":[{"href":"https:\/\/dev.soxs.co\/ch\/wp-json\/wp\/v2\/product\/128790","targetHints":{"allow":["GET"]}}],"collection":[{"href":"https:\/\/dev.soxs.co\/ch\/wp-json\/wp\/v2\/product"}],"about":[{"href":"https:\/\/dev.soxs.co\/ch\/wp-json\/wp\/v2\/types\/product"}],"replies":[{"embeddable":true,"href":"https:\/\/dev.soxs.co\/ch\/wp-json\/wp\/v2\/comments?post=128790"}],"wp:featuredmedia":[{"embeddable":true,"href":"https:\/\/dev.soxs.co\/ch\/wp-json\/wp\/v2\/media\/700129303"}],"wp:attachment":[{"href":"https:\/\/dev.soxs.co\/ch\/wp-json\/wp\/v2\/media?parent=128790"}],"wp:term":[{"taxonomy":"product_brand","embeddable":true,"href":"https:\/\/dev.soxs.co\/ch\/wp-json\/wp\/v2\/product_brand?post=128790"},{"taxonomy":"product_cat","embeddable":true,"href":"https:\/\/dev.soxs.co\/ch\/wp-json\/wp\/v2\/product_cat?post=128790"},{"taxonomy":"product_tag","embeddable":true,"href":"https:\/\/dev.soxs.co\/ch\/wp-json\/wp\/v2\/product_tag?post=128790"}],"curies":[{"name":"wp","href":"https:\/\/api.w.org\/{rel}","templated":true}]}}