{"id":128785,"date":"2024-07-22T16:59:43","date_gmt":"2024-07-22T14:59:43","guid":{"rendered":"https:\/\/soxs.co\/ch\/?post_type=product&#038;p=128785"},"modified":"2024-08-19T12:10:50","modified_gmt":"2024-08-19T10:10:50","slug":"soxs-dunkelgruene-wolle-damensocken-und-herrensocken-forest-night-label-medium","status":"publish","type":"product","link":"https:\/\/dev.soxs.co\/ch\/soxs-dunkelgruene-wolle-damensocken-und-herrensocken-forest-night-label-medium\/","title":{"rendered":"SOXS Dunkelgr\u00fcne wolle socken Forest Night label medium"},"content":{"rendered":"<p>Eine besondere und neue Farbe der Wolle. Tauchen Sie ein in die Welt des Komforts mit den dunkelgr\u00fcnen Socken aus Schafwolle mit dem charakteristischen Label &#8220;Forest Night&#8221;. Diese langlebigen Modeartikel sind aus der weichsten Schafwolle gefertigt und verw\u00f6hnen Ihre F\u00fc\u00dfe bei jedem Schritt. Die tief dunkelgr\u00fcne Farbe spiegelt die Kraft und Ruhe des Waldes wider und gibt Ihnen das Gef\u00fchl, eins mit der Natur zu sein. Perfekt f\u00fcr Sie als umweltbewusste Wollfans&#8230;. Eine un\u00fcbertroffene Mischung aus Style, Komfort und Qualit\u00e4t. K\u00f6nnen Sie sich vorstellen, im Wald spazieren zu gehen? \ud83c\udf3f<br \/>\nDunkelgr\u00fcne wolle socken, Dunkelgr\u00fcne wolle socken<\/p>\n","protected":false},"excerpt":{"rendered":"<p>Eine besondere und neue Farbe der Wolle. Tauchen Sie ein in die Welt des Komforts mit den dunkelgr\u00fcnen Socken aus Schafwolle mit dem charakteristischen Label &#8220;Forest Night&#8221;. Diese langlebigen Modeartikel sind aus der weichsten Schafwolle gefertigt und verw\u00f6hnen Ihre F\u00fc\u00dfe bei jedem Schritt. Die tief dunkelgr\u00fcne Farbe spiegelt die Kraft und Ruhe des Waldes wider und gibt Ihnen das Gef\u00fchl, eins mit der Natur zu sein. Perfekt f\u00fcr Sie als umweltbewusste Wollfans&#8230;. Eine un\u00fcbertroffene Mischung aus Style, Komfort und Qualit\u00e4t. K\u00f6nnen Sie sich vorstellen, im Wald spazieren zu gehen? \ud83c\udf3f<\/p>\n","protected":false},"featured_media":700129298,"comment_status":"closed","ping_status":"closed","template":"","meta":{"_acf_changed":false,"_improvement_type_select":"improve_an_existing","_thumb_yes_seoaic":false,"_frame_yes_seoaic":false,"seoaic_generate_description":"","seoaic_improve_instructions_prompt":"","seoaic_rollback_content_improvement":"","seoaic_idea_thumbnail_generator":"","thumbnail_generated":false,"thumbnail_generate_prompt":"","seoaic_article_description":""},"product_brand":[],"product_cat":[58,60,56],"product_tag":[],"class_list":{"0":"post-128785","1":"product","2":"type-product","3":"status-publish","4":"has-post-thumbnail","6":"product_cat-wollsocken-damen","7":"product_cat-wollsocken-herren","8":"product_cat-socken-von-soxs","10":"first","11":"instock","12":"taxable","13":"shipping-taxable","14":"purchasable","15":"product-type-variable","16":"has-default-attributes"},"acf":[],"yoast_head":"<!-- This site is optimized with the Yoast SEO Premium plugin v22.9 (Yoast SEO v25.3.1) - https:\/\/yoast.com\/wordpress\/plugins\/seo\/ -->\n<title>SOXS Dunkelgr\u00fcne wolle socken Forest Night | SOXS.co CH<\/title>\n<meta name=\"description\" content=\"Dunkelgr\u00fcne wolle socken. Diese langlebigen Modeartikel sind aus der weichsten Schafwolle gefertigt und verw\u00f6hnen Ihre F\u00fc\u00dfe bei jedem Schritt.\" \/>\n<meta name=\"robots\" content=\"noindex, follow, max-snippet:-1, max-image-preview:large, max-video-preview:-1\" \/>\n<meta property=\"og:locale\" content=\"de_DE\" \/>\n<meta property=\"og:type\" content=\"article\" \/>\n<meta property=\"og:title\" content=\"SOXS Dunkelgr\u00fcne wolle socken Forest Night label medium\" \/>\n<meta property=\"og:description\" content=\"Dunkelgr\u00fcne wolle socken. Diese langlebigen Modeartikel sind aus der weichsten Schafwolle gefertigt und verw\u00f6hnen Ihre F\u00fc\u00dfe bei jedem Schritt.\" \/>\n<meta property=\"og:url\" content=\"https:\/\/soxs.co\/ch\/soxs-dunkelgruene-wolle-damensocken-und-herrensocken-forest-night-label-medium\/\" \/>\n<meta property=\"og:site_name\" content=\"SOXS.co CH\" \/>\n<meta property=\"article:publisher\" content=\"https:\/\/www.facebook.com\/soxs.co\/\" \/>\n<meta property=\"article:modified_time\" content=\"2024-08-19T10:10:50+00:00\" \/>\n<meta property=\"og:image\" content=\"https:\/\/soxs.co\/app\/uploads\/sites\/6\/2024\/05\/SOX3710_1000x1000px.png\" \/>\n\t<meta property=\"og:image:width\" content=\"2362\" \/>\n\t<meta property=\"og:image:height\" content=\"2362\" \/>\n\t<meta property=\"og:image:type\" content=\"image\/png\" \/>\n<meta name=\"twitter:card\" content=\"summary_large_image\" \/>\n<meta name=\"twitter:site\" content=\"@soxs_co\" \/>\n<meta name=\"twitter:label1\" content=\"Availability\" \/>\n\t<meta name=\"twitter:data1\" content=\"In stock\" \/>\n<script type=\"application\/ld+json\" class=\"yoast-schema-graph\">{\"@context\":\"https:\/\/schema.org\",\"@graph\":[{\"@type\":\"WebPage\",\"@id\":\"https:\/\/soxs.co\/ch\/soxs-dunkelgruene-wolle-damensocken-und-herrensocken-forest-night-label-medium\/\",\"url\":\"https:\/\/soxs.co\/ch\/soxs-dunkelgruene-wolle-damensocken-und-herrensocken-forest-night-label-medium\/\",\"name\":\"SOXS Dunkelgr\u00fcne wolle socken Forest Night | SOXS.co CH\",\"isPartOf\":{\"@id\":\"https:\/\/soxs.co\/ch\/#website\"},\"primaryImageOfPage\":{\"@id\":\"https:\/\/soxs.co\/ch\/soxs-dunkelgruene-wolle-damensocken-und-herrensocken-forest-night-label-medium\/#primaryimage\"},\"image\":{\"@id\":\"https:\/\/soxs.co\/ch\/soxs-dunkelgruene-wolle-damensocken-und-herrensocken-forest-night-label-medium\/#primaryimage\"},\"thumbnailUrl\":\"https:\/\/dev.soxs.co\/app\/uploads\/sites\/6\/2024\/05\/SOX3710_1000x1000px.png\",\"datePublished\":\"2024-07-22T14:59:43+00:00\",\"dateModified\":\"2024-08-19T10:10:50+00:00\",\"description\":\"Dunkelgr\u00fcne wolle socken. Diese langlebigen Modeartikel sind aus der weichsten Schafwolle gefertigt und verw\u00f6hnen Ihre F\u00fc\u00dfe bei jedem Schritt.\",\"breadcrumb\":{\"@id\":\"https:\/\/soxs.co\/ch\/soxs-dunkelgruene-wolle-damensocken-und-herrensocken-forest-night-label-medium\/#breadcrumb\"},\"inLanguage\":\"de-CH\",\"potentialAction\":[{\"@type\":\"ReadAction\",\"target\":[\"https:\/\/soxs.co\/ch\/soxs-dunkelgruene-wolle-damensocken-und-herrensocken-forest-night-label-medium\/\"]}]},{\"@type\":\"ImageObject\",\"inLanguage\":\"de-CH\",\"@id\":\"https:\/\/soxs.co\/ch\/soxs-dunkelgruene-wolle-damensocken-und-herrensocken-forest-night-label-medium\/#primaryimage\",\"url\":\"https:\/\/dev.soxs.co\/app\/uploads\/sites\/6\/2024\/05\/SOX3710_1000x1000px.png\",\"contentUrl\":\"https:\/\/dev.soxs.co\/app\/uploads\/sites\/6\/2024\/05\/SOX3710_1000x1000px.png\",\"width\":2362,\"height\":2362,\"caption\":\"SOX3710_1000x1000px\"},{\"@type\":\"BreadcrumbList\",\"@id\":\"https:\/\/soxs.co\/ch\/soxs-dunkelgruene-wolle-damensocken-und-herrensocken-forest-night-label-medium\/#breadcrumb\",\"itemListElement\":[{\"@type\":\"ListItem\",\"position\":1,\"name\":\"Home\",\"item\":\"https:\/\/soxs.co\/ch\/\"},{\"@type\":\"ListItem\",\"position\":2,\"name\":\"Shop\",\"item\":\"https:\/\/soxs.co\/ch\/shop\/\"},{\"@type\":\"ListItem\",\"position\":3,\"name\":\"SOXS Dunkelgr\u00fcne wolle socken Forest Night label medium\"}]},{\"@type\":\"WebSite\",\"@id\":\"https:\/\/soxs.co\/ch\/#website\",\"url\":\"https:\/\/soxs.co\/ch\/\",\"name\":\"SOXS.co CH\",\"description\":\"Trendige und wunderbar warme Socken f\u00fcr alle\",\"potentialAction\":[{\"@type\":\"SearchAction\",\"target\":{\"@type\":\"EntryPoint\",\"urlTemplate\":\"https:\/\/soxs.co\/ch\/?s={search_term_string}\"},\"query-input\":{\"@type\":\"PropertyValueSpecification\",\"valueRequired\":true,\"valueName\":\"search_term_string\"}}],\"inLanguage\":\"de-CH\"}]}<\/script>\n<meta property=\"og:availability\" content=\"instock\" \/>\n<meta property=\"product:availability\" content=\"instock\" \/>\n<meta property=\"product:retailer_item_id\" content=\"SAM3710\" \/>\n<meta property=\"product:condition\" content=\"new\" \/>\n<!-- \/ Yoast SEO Premium plugin. -->","yoast_head_json":{"title":"SOXS Dunkelgr\u00fcne wolle socken Forest Night | SOXS.co CH","description":"Dunkelgr\u00fcne wolle socken. Diese langlebigen Modeartikel sind aus der weichsten Schafwolle gefertigt und verw\u00f6hnen Ihre F\u00fc\u00dfe bei jedem Schritt.","robots":{"index":"noindex","follow":"follow","max-snippet":"max-snippet:-1","max-image-preview":"max-image-preview:large","max-video-preview":"max-video-preview:-1"},"og_locale":"de_DE","og_type":"article","og_title":"SOXS Dunkelgr\u00fcne wolle socken Forest Night label medium","og_description":"Dunkelgr\u00fcne wolle socken. Diese langlebigen Modeartikel sind aus der weichsten Schafwolle gefertigt und verw\u00f6hnen Ihre F\u00fc\u00dfe bei jedem Schritt.","og_url":"https:\/\/soxs.co\/ch\/soxs-dunkelgruene-wolle-damensocken-und-herrensocken-forest-night-label-medium\/","og_site_name":"SOXS.co CH","article_publisher":"https:\/\/www.facebook.com\/soxs.co\/","article_modified_time":"2024-08-19T10:10:50+00:00","og_image":[{"width":2362,"height":2362,"url":"https:\/\/soxs.co\/app\/uploads\/sites\/6\/2024\/05\/SOX3710_1000x1000px.png","type":"image\/png"}],"twitter_card":"summary_large_image","twitter_site":"@soxs_co","twitter_misc":{"Availability":"In stock"},"schema":{"@context":"https:\/\/schema.org","@graph":[{"@type":"WebPage","@id":"https:\/\/soxs.co\/ch\/soxs-dunkelgruene-wolle-damensocken-und-herrensocken-forest-night-label-medium\/","url":"https:\/\/soxs.co\/ch\/soxs-dunkelgruene-wolle-damensocken-und-herrensocken-forest-night-label-medium\/","name":"SOXS Dunkelgr\u00fcne wolle socken Forest Night | SOXS.co CH","isPartOf":{"@id":"https:\/\/soxs.co\/ch\/#website"},"primaryImageOfPage":{"@id":"https:\/\/soxs.co\/ch\/soxs-dunkelgruene-wolle-damensocken-und-herrensocken-forest-night-label-medium\/#primaryimage"},"image":{"@id":"https:\/\/soxs.co\/ch\/soxs-dunkelgruene-wolle-damensocken-und-herrensocken-forest-night-label-medium\/#primaryimage"},"thumbnailUrl":"https:\/\/dev.soxs.co\/app\/uploads\/sites\/6\/2024\/05\/SOX3710_1000x1000px.png","datePublished":"2024-07-22T14:59:43+00:00","dateModified":"2024-08-19T10:10:50+00:00","description":"Dunkelgr\u00fcne wolle socken. Diese langlebigen Modeartikel sind aus der weichsten Schafwolle gefertigt und verw\u00f6hnen Ihre F\u00fc\u00dfe bei jedem Schritt.","breadcrumb":{"@id":"https:\/\/soxs.co\/ch\/soxs-dunkelgruene-wolle-damensocken-und-herrensocken-forest-night-label-medium\/#breadcrumb"},"inLanguage":"de-CH","potentialAction":[{"@type":"ReadAction","target":["https:\/\/soxs.co\/ch\/soxs-dunkelgruene-wolle-damensocken-und-herrensocken-forest-night-label-medium\/"]}]},{"@type":"ImageObject","inLanguage":"de-CH","@id":"https:\/\/soxs.co\/ch\/soxs-dunkelgruene-wolle-damensocken-und-herrensocken-forest-night-label-medium\/#primaryimage","url":"https:\/\/dev.soxs.co\/app\/uploads\/sites\/6\/2024\/05\/SOX3710_1000x1000px.png","contentUrl":"https:\/\/dev.soxs.co\/app\/uploads\/sites\/6\/2024\/05\/SOX3710_1000x1000px.png","width":2362,"height":2362,"caption":"SOX3710_1000x1000px"},{"@type":"BreadcrumbList","@id":"https:\/\/soxs.co\/ch\/soxs-dunkelgruene-wolle-damensocken-und-herrensocken-forest-night-label-medium\/#breadcrumb","itemListElement":[{"@type":"ListItem","position":1,"name":"Home","item":"https:\/\/soxs.co\/ch\/"},{"@type":"ListItem","position":2,"name":"Shop","item":"https:\/\/soxs.co\/ch\/shop\/"},{"@type":"ListItem","position":3,"name":"SOXS Dunkelgr\u00fcne wolle socken Forest Night label medium"}]},{"@type":"WebSite","@id":"https:\/\/soxs.co\/ch\/#website","url":"https:\/\/soxs.co\/ch\/","name":"SOXS.co CH","description":"Trendige und wunderbar warme Socken f\u00fcr alle","potentialAction":[{"@type":"SearchAction","target":{"@type":"EntryPoint","urlTemplate":"https:\/\/soxs.co\/ch\/?s={search_term_string}"},"query-input":{"@type":"PropertyValueSpecification","valueRequired":true,"valueName":"search_term_string"}}],"inLanguage":"de-CH"}]},"og_availability":"instock","product_availability":"instock","product_retailer_item_id":"SAM3710","product_condition":"new"},"_links":{"self":[{"href":"https:\/\/dev.soxs.co\/ch\/wp-json\/wp\/v2\/product\/128785","targetHints":{"allow":["GET"]}}],"collection":[{"href":"https:\/\/dev.soxs.co\/ch\/wp-json\/wp\/v2\/product"}],"about":[{"href":"https:\/\/dev.soxs.co\/ch\/wp-json\/wp\/v2\/types\/product"}],"replies":[{"embeddable":true,"href":"https:\/\/dev.soxs.co\/ch\/wp-json\/wp\/v2\/comments?post=128785"}],"wp:featuredmedia":[{"embeddable":true,"href":"https:\/\/dev.soxs.co\/ch\/wp-json\/wp\/v2\/media\/700129298"}],"wp:attachment":[{"href":"https:\/\/dev.soxs.co\/ch\/wp-json\/wp\/v2\/media?parent=128785"}],"wp:term":[{"taxonomy":"product_brand","embeddable":true,"href":"https:\/\/dev.soxs.co\/ch\/wp-json\/wp\/v2\/product_brand?post=128785"},{"taxonomy":"product_cat","embeddable":true,"href":"https:\/\/dev.soxs.co\/ch\/wp-json\/wp\/v2\/product_cat?post=128785"},{"taxonomy":"product_tag","embeddable":true,"href":"https:\/\/dev.soxs.co\/ch\/wp-json\/wp\/v2\/product_tag?post=128785"}],"curies":[{"name":"wp","href":"https:\/\/api.w.org\/{rel}","templated":true}]}}