{"id":125703,"date":"2023-06-20T15:30:25","date_gmt":"2023-06-20T13:30:25","guid":{"rendered":"https:\/\/soxs.co\/ch\/?post_type=product&#038;p=125703"},"modified":"2024-08-19T12:30:51","modified_gmt":"2024-08-19T10:30:51","slug":"soxs-wollstopfgarn-graue","status":"publish","type":"product","link":"https:\/\/dev.soxs.co\/ch\/soxs-wollstopfgarn-graue\/","title":{"rendered":"SOXS Wollstopfgarn graue"},"content":{"rendered":"<p>Fr\u00fcher trug man in Holzschuhen oft Wollsocken, die sich schnell abnutzten. Die L\u00f6sung? Garn zum Stopfen! Damit konnte man schnell L\u00f6cher in die Socken machen. Heutzutage neigen wir oft dazu, Socken mit L\u00f6chern wegzuwerfen. Und das ist eine ziemliche Verschwendung! Denn mit ein bisschen Weben kann man das Manko schnell beheben. Mit dem Stopfgarn von SOXS k\u00f6nnen Sie Ihre Wollsocken ganz einfach reparieren.<br \/>\nWollstopfgarn graue. Wollstopfgarn graue<\/p>\n","protected":false},"excerpt":{"rendered":"<p>Fr\u00fcher trug man in Holzschuhen oft Wollsocken, die sich schnell abnutzten. Die L\u00f6sung? Garn zum Stopfen! Damit konnte man schnell L\u00f6cher in die Socken machen. Heutzutage neigen wir oft dazu, Socken mit L\u00f6chern wegzuwerfen. Und das ist eine ziemliche Verschwendung! Denn mit ein bisschen Weben kann man das Manko schnell beheben. Mit dem Stopfgarn von SOXS k\u00f6nnen Sie Ihre Wollsocken ganz einfach reparieren.<\/p>\n","protected":false},"featured_media":125704,"comment_status":"closed","ping_status":"closed","template":"","meta":{"_acf_changed":false,"_improvement_type_select":"improve_an_existing","_thumb_yes_seoaic":false,"_frame_yes_seoaic":false,"seoaic_generate_description":"","seoaic_improve_instructions_prompt":"","seoaic_rollback_content_improvement":"","seoaic_idea_thumbnail_generator":"","thumbnail_generated":false,"thumbnail_generate_prompt":"","seoaic_article_description":""},"product_brand":[],"product_cat":[1314],"product_tag":[],"class_list":{"0":"post-125703","1":"product","2":"type-product","3":"status-publish","4":"has-post-thumbnail","6":"product_cat-care","8":"first","9":"instock","10":"taxable","11":"shipping-taxable","12":"purchasable","13":"product-type-simple"},"acf":[],"yoast_head":"<!-- This site is optimized with the Yoast SEO Premium plugin v22.9 (Yoast SEO v25.3.1) - https:\/\/yoast.com\/wordpress\/plugins\/seo\/ -->\n<title>SOXS Wollstopfgarn graue - SOXS.co CH<\/title>\n<meta name=\"description\" content=\"mit ein bisschen Weben kann man das Manko schnell beheben. Mit dem Wollstopfgarn graue von SOXS k\u00f6nnen Sie Ihre Wollsocken ganz einfach reparieren.\" \/>\n<meta name=\"robots\" content=\"noindex, follow, max-snippet:-1, max-image-preview:large, max-video-preview:-1\" \/>\n<meta property=\"og:locale\" content=\"de_DE\" \/>\n<meta property=\"og:type\" content=\"article\" \/>\n<meta property=\"og:title\" content=\"SOXS Wollstopfgarn graue\" \/>\n<meta property=\"og:description\" content=\"mit ein bisschen Weben kann man das Manko schnell beheben. Mit dem Wollstopfgarn graue von SOXS k\u00f6nnen Sie Ihre Wollsocken ganz einfach reparieren.\" \/>\n<meta property=\"og:url\" content=\"https:\/\/soxs.co\/ch\/soxs-wollstopfgarn-graue\/\" \/>\n<meta property=\"og:site_name\" content=\"SOXS.co CH\" \/>\n<meta property=\"article:publisher\" content=\"https:\/\/www.facebook.com\/soxs.co\/\" \/>\n<meta property=\"article:modified_time\" content=\"2024-08-19T10:30:51+00:00\" \/>\n<meta property=\"og:image\" content=\"https:\/\/soxs.co\/app\/uploads\/sites\/6\/2023\/06\/Stopgaren-Grey-e1637335421207.png\" \/>\n\t<meta property=\"og:image:width\" content=\"1182\" \/>\n\t<meta property=\"og:image:height\" content=\"1773\" \/>\n\t<meta property=\"og:image:type\" content=\"image\/png\" \/>\n<meta name=\"twitter:card\" content=\"summary_large_image\" \/>\n<meta name=\"twitter:site\" content=\"@soxs_co\" \/>\n<meta name=\"twitter:label1\" content=\"Price\" \/>\n\t<meta name=\"twitter:data1\" content=\"&nbsp;2.95\" \/>\n\t<meta name=\"twitter:label2\" content=\"Availability\" \/>\n\t<meta name=\"twitter:data2\" content=\"In stock\" \/>\n<script type=\"application\/ld+json\" class=\"yoast-schema-graph\">{\"@context\":\"https:\/\/schema.org\",\"@graph\":[{\"@type\":\"WebPage\",\"@id\":\"https:\/\/soxs.co\/ch\/soxs-wollstopfgarn-graue\/\",\"url\":\"https:\/\/soxs.co\/ch\/soxs-wollstopfgarn-graue\/\",\"name\":\"SOXS Wollstopfgarn graue - SOXS.co CH\",\"isPartOf\":{\"@id\":\"https:\/\/soxs.co\/ch\/#website\"},\"primaryImageOfPage\":{\"@id\":\"https:\/\/soxs.co\/ch\/soxs-wollstopfgarn-graue\/#primaryimage\"},\"image\":{\"@id\":\"https:\/\/soxs.co\/ch\/soxs-wollstopfgarn-graue\/#primaryimage\"},\"thumbnailUrl\":\"https:\/\/dev.soxs.co\/app\/uploads\/sites\/6\/2023\/06\/Stopgaren-Grey-e1637335421207.png\",\"datePublished\":\"2023-06-20T13:30:25+00:00\",\"dateModified\":\"2024-08-19T10:30:51+00:00\",\"description\":\"mit ein bisschen Weben kann man das Manko schnell beheben. Mit dem Wollstopfgarn graue von SOXS k\u00f6nnen Sie Ihre Wollsocken ganz einfach reparieren.\",\"breadcrumb\":{\"@id\":\"https:\/\/soxs.co\/ch\/soxs-wollstopfgarn-graue\/#breadcrumb\"},\"inLanguage\":\"de-CH\",\"potentialAction\":[{\"@type\":\"ReadAction\",\"target\":[\"https:\/\/soxs.co\/ch\/soxs-wollstopfgarn-graue\/\"]}]},{\"@type\":\"ImageObject\",\"inLanguage\":\"de-CH\",\"@id\":\"https:\/\/soxs.co\/ch\/soxs-wollstopfgarn-graue\/#primaryimage\",\"url\":\"https:\/\/dev.soxs.co\/app\/uploads\/sites\/6\/2023\/06\/Stopgaren-Grey-e1637335421207.png\",\"contentUrl\":\"https:\/\/dev.soxs.co\/app\/uploads\/sites\/6\/2023\/06\/Stopgaren-Grey-e1637335421207.png\",\"width\":1182,\"height\":1773,\"caption\":\"Stopgaren-Grey-e1637335421207\"},{\"@type\":\"BreadcrumbList\",\"@id\":\"https:\/\/soxs.co\/ch\/soxs-wollstopfgarn-graue\/#breadcrumb\",\"itemListElement\":[{\"@type\":\"ListItem\",\"position\":1,\"name\":\"Home\",\"item\":\"https:\/\/soxs.co\/ch\/\"},{\"@type\":\"ListItem\",\"position\":2,\"name\":\"Shop\",\"item\":\"https:\/\/soxs.co\/ch\/shop\/\"},{\"@type\":\"ListItem\",\"position\":3,\"name\":\"SOXS Wollstopfgarn graue\"}]},{\"@type\":\"WebSite\",\"@id\":\"https:\/\/soxs.co\/ch\/#website\",\"url\":\"https:\/\/soxs.co\/ch\/\",\"name\":\"SOXS.co CH\",\"description\":\"Trendige und wunderbar warme Socken f\u00fcr alle\",\"potentialAction\":[{\"@type\":\"SearchAction\",\"target\":{\"@type\":\"EntryPoint\",\"urlTemplate\":\"https:\/\/soxs.co\/ch\/?s={search_term_string}\"},\"query-input\":{\"@type\":\"PropertyValueSpecification\",\"valueRequired\":true,\"valueName\":\"search_term_string\"}}],\"inLanguage\":\"de-CH\"}]}<\/script>\n<meta property=\"product:price:amount\" content=\"2.95\" \/>\n<meta property=\"product:price:currency\" content=\"EUR\" \/>\n<meta property=\"og:availability\" content=\"instock\" \/>\n<meta property=\"product:availability\" content=\"instock\" \/>\n<meta property=\"product:retailer_item_id\" content=\"SOX3490\" \/>\n<meta property=\"product:condition\" content=\"new\" \/>\n<!-- \/ Yoast SEO Premium plugin. -->","yoast_head_json":{"title":"SOXS Wollstopfgarn graue - SOXS.co CH","description":"mit ein bisschen Weben kann man das Manko schnell beheben. Mit dem Wollstopfgarn graue von SOXS k\u00f6nnen Sie Ihre Wollsocken ganz einfach reparieren.","robots":{"index":"noindex","follow":"follow","max-snippet":"max-snippet:-1","max-image-preview":"max-image-preview:large","max-video-preview":"max-video-preview:-1"},"og_locale":"de_DE","og_type":"article","og_title":"SOXS Wollstopfgarn graue","og_description":"mit ein bisschen Weben kann man das Manko schnell beheben. Mit dem Wollstopfgarn graue von SOXS k\u00f6nnen Sie Ihre Wollsocken ganz einfach reparieren.","og_url":"https:\/\/soxs.co\/ch\/soxs-wollstopfgarn-graue\/","og_site_name":"SOXS.co CH","article_publisher":"https:\/\/www.facebook.com\/soxs.co\/","article_modified_time":"2024-08-19T10:30:51+00:00","og_image":[{"width":1182,"height":1773,"url":"https:\/\/soxs.co\/app\/uploads\/sites\/6\/2023\/06\/Stopgaren-Grey-e1637335421207.png","type":"image\/png"}],"twitter_card":"summary_large_image","twitter_site":"@soxs_co","twitter_misc":{"Price":"&nbsp;2.95","Availability":"In stock"},"schema":{"@context":"https:\/\/schema.org","@graph":[{"@type":"WebPage","@id":"https:\/\/soxs.co\/ch\/soxs-wollstopfgarn-graue\/","url":"https:\/\/soxs.co\/ch\/soxs-wollstopfgarn-graue\/","name":"SOXS Wollstopfgarn graue - SOXS.co CH","isPartOf":{"@id":"https:\/\/soxs.co\/ch\/#website"},"primaryImageOfPage":{"@id":"https:\/\/soxs.co\/ch\/soxs-wollstopfgarn-graue\/#primaryimage"},"image":{"@id":"https:\/\/soxs.co\/ch\/soxs-wollstopfgarn-graue\/#primaryimage"},"thumbnailUrl":"https:\/\/dev.soxs.co\/app\/uploads\/sites\/6\/2023\/06\/Stopgaren-Grey-e1637335421207.png","datePublished":"2023-06-20T13:30:25+00:00","dateModified":"2024-08-19T10:30:51+00:00","description":"mit ein bisschen Weben kann man das Manko schnell beheben. Mit dem Wollstopfgarn graue von SOXS k\u00f6nnen Sie Ihre Wollsocken ganz einfach reparieren.","breadcrumb":{"@id":"https:\/\/soxs.co\/ch\/soxs-wollstopfgarn-graue\/#breadcrumb"},"inLanguage":"de-CH","potentialAction":[{"@type":"ReadAction","target":["https:\/\/soxs.co\/ch\/soxs-wollstopfgarn-graue\/"]}]},{"@type":"ImageObject","inLanguage":"de-CH","@id":"https:\/\/soxs.co\/ch\/soxs-wollstopfgarn-graue\/#primaryimage","url":"https:\/\/dev.soxs.co\/app\/uploads\/sites\/6\/2023\/06\/Stopgaren-Grey-e1637335421207.png","contentUrl":"https:\/\/dev.soxs.co\/app\/uploads\/sites\/6\/2023\/06\/Stopgaren-Grey-e1637335421207.png","width":1182,"height":1773,"caption":"Stopgaren-Grey-e1637335421207"},{"@type":"BreadcrumbList","@id":"https:\/\/soxs.co\/ch\/soxs-wollstopfgarn-graue\/#breadcrumb","itemListElement":[{"@type":"ListItem","position":1,"name":"Home","item":"https:\/\/soxs.co\/ch\/"},{"@type":"ListItem","position":2,"name":"Shop","item":"https:\/\/soxs.co\/ch\/shop\/"},{"@type":"ListItem","position":3,"name":"SOXS Wollstopfgarn graue"}]},{"@type":"WebSite","@id":"https:\/\/soxs.co\/ch\/#website","url":"https:\/\/soxs.co\/ch\/","name":"SOXS.co CH","description":"Trendige und wunderbar warme Socken f\u00fcr alle","potentialAction":[{"@type":"SearchAction","target":{"@type":"EntryPoint","urlTemplate":"https:\/\/soxs.co\/ch\/?s={search_term_string}"},"query-input":{"@type":"PropertyValueSpecification","valueRequired":true,"valueName":"search_term_string"}}],"inLanguage":"de-CH"}]},"product_price_amount":"2.95","product_price_currency":"EUR","og_availability":"instock","product_availability":"instock","product_retailer_item_id":"SOX3490","product_condition":"new"},"_links":{"self":[{"href":"https:\/\/dev.soxs.co\/ch\/wp-json\/wp\/v2\/product\/125703","targetHints":{"allow":["GET"]}}],"collection":[{"href":"https:\/\/dev.soxs.co\/ch\/wp-json\/wp\/v2\/product"}],"about":[{"href":"https:\/\/dev.soxs.co\/ch\/wp-json\/wp\/v2\/types\/product"}],"replies":[{"embeddable":true,"href":"https:\/\/dev.soxs.co\/ch\/wp-json\/wp\/v2\/comments?post=125703"}],"wp:featuredmedia":[{"embeddable":true,"href":"https:\/\/dev.soxs.co\/ch\/wp-json\/wp\/v2\/media\/125704"}],"wp:attachment":[{"href":"https:\/\/dev.soxs.co\/ch\/wp-json\/wp\/v2\/media?parent=125703"}],"wp:term":[{"taxonomy":"product_brand","embeddable":true,"href":"https:\/\/dev.soxs.co\/ch\/wp-json\/wp\/v2\/product_brand?post=125703"},{"taxonomy":"product_cat","embeddable":true,"href":"https:\/\/dev.soxs.co\/ch\/wp-json\/wp\/v2\/product_cat?post=125703"},{"taxonomy":"product_tag","embeddable":true,"href":"https:\/\/dev.soxs.co\/ch\/wp-json\/wp\/v2\/product_tag?post=125703"}],"curies":[{"name":"wp","href":"https:\/\/api.w.org\/{rel}","templated":true}]}}