{"id":1016,"date":"2020-08-07T12:19:07","date_gmt":"2020-08-07T10:19:07","guid":{"rendered":"https:\/\/soxs.co\/vrouwen-jet-black-label-low\/"},"modified":"2024-08-19T12:14:19","modified_gmt":"2024-08-19T10:14:19","slug":"soxs-graue-woll-damensocken-jet-black-label-kurz","status":"publish","type":"product","link":"https:\/\/dev.soxs.co\/ch\/soxs-graue-woll-damensocken-jet-black-label-kurz\/","title":{"rendered":"SOXS Graue Wolle Herrensocken und Damensocken Jet Black Label Kurzsocke"},"content":{"rendered":"<p>Zeitlos und selbstbewusst: Das sind diese grauen wollenen Kn\u00f6chelsocken f\u00fcr Damen mit dem Jet Black Label. Ein echtes Must-have f\u00fcr jede Socken-Schublade. Der stylishe Look erm\u00f6glicht es, diese Kn\u00f6chelsocken mit verschiedenen Sneakers zu kombinieren. Die grob gestrickten Wollsocken verleihen Deinem Look einen charakteristischen Twist! Au\u00dferdem bietet die angenehme Dicke der Socken Deinen F\u00fc\u00dfen einen wunderbaren Komfort und herrliche W\u00e4rme. SOXS sind nicht nur daf\u00fcr da, um allen drau\u00dfen die Show zu stehlen, sondern sind auch zu Hause ein Genuss. Denn ob drinnen oder im Freien, kalte F\u00fc\u00dfe machen niemanden zufrieden. Diese dicken und warmen wollenen Kn\u00f6chelsocken sind in 3 verschiedenen Damen-Einheitsgr\u00f6\u00dfen erh\u00e4ltlich<br \/>\ngraue wollene damensocken kurz. graue wollene damensocken kurz<\/p>\n","protected":false},"excerpt":{"rendered":"<p>Zeitlos und selbstbewusst: Das sind diese grauen wollenen Kn\u00f6chelsocken f\u00fcr Damen mit dem Jet Black Label. Ein echtes Must-have f\u00fcr jede Socken-Schublade. Der stylishe Look erm\u00f6glicht es, diese Kn\u00f6chelsocken mit verschiedenen Sneakers zu kombinieren. Die grob gestrickten Wollsocken verleihen Deinem Look einen charakteristischen Twist! Au\u00dferdem bietet die angenehme Dicke der Socken Deinen F\u00fc\u00dfen einen wunderbaren Komfort und herrliche W\u00e4rme. SOXS sind nicht nur daf\u00fcr da, um allen drau\u00dfen die Show zu stehlen, sondern sind auch zu Hause ein Genuss. Denn ob drinnen oder im Freien, kalte F\u00fc\u00dfe machen niemanden zufrieden. Diese dicken und warmen wollenen Kn\u00f6chelsocken sind in 3 verschiedenen Damen-Einheitsgr\u00f6\u00dfen erh\u00e4ltlich<\/p>\n","protected":false},"featured_media":700128930,"comment_status":"closed","ping_status":"closed","template":"","meta":{"_acf_changed":false,"_improvement_type_select":"improve_an_existing","_thumb_yes_seoaic":false,"_frame_yes_seoaic":false,"seoaic_generate_description":"","seoaic_improve_instructions_prompt":"","seoaic_rollback_content_improvement":"","seoaic_idea_thumbnail_generator":"","thumbnail_generated":false,"thumbnail_generate_prompt":"","seoaic_article_description":""},"product_brand":[],"product_cat":[58,60,56],"product_tag":[],"class_list":{"0":"post-1016","1":"product","2":"type-product","3":"status-publish","4":"has-post-thumbnail","6":"product_cat-wollsocken-damen","7":"product_cat-wollsocken-herren","8":"product_cat-socken-von-soxs","10":"first","11":"instock","12":"taxable","13":"shipping-taxable","14":"purchasable","15":"product-type-variable","16":"has-default-attributes"},"acf":[],"yoast_head":"<!-- This site is optimized with the Yoast SEO Premium plugin v22.9 (Yoast SEO v25.3.1) - https:\/\/yoast.com\/wordpress\/plugins\/seo\/ -->\n<title>Graue wollene Damensocken Kurzsocken Jet Black Label SOXS.co CH<\/title>\n<meta name=\"description\" content=\"Warme graue kurze Wollsocken f\u00fcr Damen. Grob gestrickte und dicke wollene Damensocken f\u00fcr angenehm warme F\u00fc\u00dfe in den kalten Wintertagen!\" \/>\n<meta name=\"robots\" content=\"noindex, follow, max-snippet:-1, max-image-preview:large, max-video-preview:-1\" \/>\n<meta property=\"og:locale\" content=\"de_DE\" \/>\n<meta property=\"og:type\" content=\"article\" \/>\n<meta property=\"og:title\" content=\"SOXS Graue Wolle Herrensocken und Damensocken Jet Black Label Kurzsocke\" \/>\n<meta property=\"og:description\" content=\"Warme graue kurze Wollsocken f\u00fcr Damen. Grob gestrickte und dicke wollene Damensocken f\u00fcr angenehm warme F\u00fc\u00dfe in den kalten Wintertagen!\" \/>\n<meta property=\"og:url\" content=\"https:\/\/soxs.co\/ch\/soxs-graue-woll-damensocken-jet-black-label-kurz\/\" \/>\n<meta property=\"og:site_name\" content=\"SOXS.co CH\" \/>\n<meta property=\"article:publisher\" content=\"https:\/\/www.facebook.com\/soxs.co\/\" \/>\n<meta property=\"article:modified_time\" content=\"2024-08-19T10:14:19+00:00\" \/>\n<meta property=\"og:image\" content=\"https:\/\/soxs.co\/app\/uploads\/sites\/6\/2020\/08\/SOX3136_1000x1000px.png\" \/>\n\t<meta property=\"og:image:width\" content=\"1000\" \/>\n\t<meta property=\"og:image:height\" content=\"1000\" \/>\n\t<meta property=\"og:image:type\" content=\"image\/png\" \/>\n<meta name=\"twitter:card\" content=\"summary_large_image\" \/>\n<meta name=\"twitter:site\" content=\"@soxs_co\" \/>\n<meta name=\"twitter:label1\" content=\"Availability\" \/>\n\t<meta name=\"twitter:data1\" content=\"In stock\" \/>\n<script type=\"application\/ld+json\" class=\"yoast-schema-graph\">{\"@context\":\"https:\/\/schema.org\",\"@graph\":[{\"@type\":\"WebPage\",\"@id\":\"https:\/\/soxs.co\/ch\/soxs-graue-woll-damensocken-jet-black-label-kurz\/\",\"url\":\"https:\/\/soxs.co\/ch\/soxs-graue-woll-damensocken-jet-black-label-kurz\/\",\"name\":\"Graue wollene Damensocken Kurzsocken Jet Black Label SOXS.co CH\",\"isPartOf\":{\"@id\":\"https:\/\/soxs.co\/ch\/#website\"},\"primaryImageOfPage\":{\"@id\":\"https:\/\/soxs.co\/ch\/soxs-graue-woll-damensocken-jet-black-label-kurz\/#primaryimage\"},\"image\":{\"@id\":\"https:\/\/soxs.co\/ch\/soxs-graue-woll-damensocken-jet-black-label-kurz\/#primaryimage\"},\"thumbnailUrl\":\"https:\/\/dev.soxs.co\/app\/uploads\/sites\/6\/2020\/08\/SOX3136_1000x1000px.png\",\"datePublished\":\"2020-08-07T10:19:07+00:00\",\"dateModified\":\"2024-08-19T10:14:19+00:00\",\"description\":\"Warme graue kurze Wollsocken f\u00fcr Damen. Grob gestrickte und dicke wollene Damensocken f\u00fcr angenehm warme F\u00fc\u00dfe in den kalten Wintertagen!\",\"breadcrumb\":{\"@id\":\"https:\/\/soxs.co\/ch\/soxs-graue-woll-damensocken-jet-black-label-kurz\/#breadcrumb\"},\"inLanguage\":\"de-CH\",\"potentialAction\":[{\"@type\":\"ReadAction\",\"target\":[\"https:\/\/soxs.co\/ch\/soxs-graue-woll-damensocken-jet-black-label-kurz\/\"]}]},{\"@type\":\"ImageObject\",\"inLanguage\":\"de-CH\",\"@id\":\"https:\/\/soxs.co\/ch\/soxs-graue-woll-damensocken-jet-black-label-kurz\/#primaryimage\",\"url\":\"https:\/\/dev.soxs.co\/app\/uploads\/sites\/6\/2020\/08\/SOX3136_1000x1000px.png\",\"contentUrl\":\"https:\/\/dev.soxs.co\/app\/uploads\/sites\/6\/2020\/08\/SOX3136_1000x1000px.png\",\"width\":1000,\"height\":1000,\"caption\":\"SOX3136_1000x1000px\"},{\"@type\":\"BreadcrumbList\",\"@id\":\"https:\/\/soxs.co\/ch\/soxs-graue-woll-damensocken-jet-black-label-kurz\/#breadcrumb\",\"itemListElement\":[{\"@type\":\"ListItem\",\"position\":1,\"name\":\"Home\",\"item\":\"https:\/\/soxs.co\/ch\/\"},{\"@type\":\"ListItem\",\"position\":2,\"name\":\"Shop\",\"item\":\"https:\/\/soxs.co\/ch\/shop\/\"},{\"@type\":\"ListItem\",\"position\":3,\"name\":\"SOXS Graue Wolle Herrensocken und Damensocken Jet Black Label Kurzsocke\"}]},{\"@type\":\"WebSite\",\"@id\":\"https:\/\/soxs.co\/ch\/#website\",\"url\":\"https:\/\/soxs.co\/ch\/\",\"name\":\"SOXS.co CH\",\"description\":\"Trendige und wunderbar warme Socken f\u00fcr alle\",\"potentialAction\":[{\"@type\":\"SearchAction\",\"target\":{\"@type\":\"EntryPoint\",\"urlTemplate\":\"https:\/\/soxs.co\/ch\/?s={search_term_string}\"},\"query-input\":{\"@type\":\"PropertyValueSpecification\",\"valueRequired\":true,\"valueName\":\"search_term_string\"}}],\"inLanguage\":\"de-CH\"}]}<\/script>\n<meta property=\"og:availability\" content=\"instock\" \/>\n<meta property=\"product:availability\" content=\"instock\" \/>\n<meta property=\"product:retailer_item_id\" content=\"sam3136\" \/>\n<meta property=\"product:condition\" content=\"new\" \/>\n<!-- \/ Yoast SEO Premium plugin. -->","yoast_head_json":{"title":"Graue wollene Damensocken Kurzsocken Jet Black Label SOXS.co CH","description":"Warme graue kurze Wollsocken f\u00fcr Damen. Grob gestrickte und dicke wollene Damensocken f\u00fcr angenehm warme F\u00fc\u00dfe in den kalten Wintertagen!","robots":{"index":"noindex","follow":"follow","max-snippet":"max-snippet:-1","max-image-preview":"max-image-preview:large","max-video-preview":"max-video-preview:-1"},"og_locale":"de_DE","og_type":"article","og_title":"SOXS Graue Wolle Herrensocken und Damensocken Jet Black Label Kurzsocke","og_description":"Warme graue kurze Wollsocken f\u00fcr Damen. Grob gestrickte und dicke wollene Damensocken f\u00fcr angenehm warme F\u00fc\u00dfe in den kalten Wintertagen!","og_url":"https:\/\/soxs.co\/ch\/soxs-graue-woll-damensocken-jet-black-label-kurz\/","og_site_name":"SOXS.co CH","article_publisher":"https:\/\/www.facebook.com\/soxs.co\/","article_modified_time":"2024-08-19T10:14:19+00:00","og_image":[{"width":1000,"height":1000,"url":"https:\/\/soxs.co\/app\/uploads\/sites\/6\/2020\/08\/SOX3136_1000x1000px.png","type":"image\/png"}],"twitter_card":"summary_large_image","twitter_site":"@soxs_co","twitter_misc":{"Availability":"In stock"},"schema":{"@context":"https:\/\/schema.org","@graph":[{"@type":"WebPage","@id":"https:\/\/soxs.co\/ch\/soxs-graue-woll-damensocken-jet-black-label-kurz\/","url":"https:\/\/soxs.co\/ch\/soxs-graue-woll-damensocken-jet-black-label-kurz\/","name":"Graue wollene Damensocken Kurzsocken Jet Black Label SOXS.co CH","isPartOf":{"@id":"https:\/\/soxs.co\/ch\/#website"},"primaryImageOfPage":{"@id":"https:\/\/soxs.co\/ch\/soxs-graue-woll-damensocken-jet-black-label-kurz\/#primaryimage"},"image":{"@id":"https:\/\/soxs.co\/ch\/soxs-graue-woll-damensocken-jet-black-label-kurz\/#primaryimage"},"thumbnailUrl":"https:\/\/dev.soxs.co\/app\/uploads\/sites\/6\/2020\/08\/SOX3136_1000x1000px.png","datePublished":"2020-08-07T10:19:07+00:00","dateModified":"2024-08-19T10:14:19+00:00","description":"Warme graue kurze Wollsocken f\u00fcr Damen. Grob gestrickte und dicke wollene Damensocken f\u00fcr angenehm warme F\u00fc\u00dfe in den kalten Wintertagen!","breadcrumb":{"@id":"https:\/\/soxs.co\/ch\/soxs-graue-woll-damensocken-jet-black-label-kurz\/#breadcrumb"},"inLanguage":"de-CH","potentialAction":[{"@type":"ReadAction","target":["https:\/\/soxs.co\/ch\/soxs-graue-woll-damensocken-jet-black-label-kurz\/"]}]},{"@type":"ImageObject","inLanguage":"de-CH","@id":"https:\/\/soxs.co\/ch\/soxs-graue-woll-damensocken-jet-black-label-kurz\/#primaryimage","url":"https:\/\/dev.soxs.co\/app\/uploads\/sites\/6\/2020\/08\/SOX3136_1000x1000px.png","contentUrl":"https:\/\/dev.soxs.co\/app\/uploads\/sites\/6\/2020\/08\/SOX3136_1000x1000px.png","width":1000,"height":1000,"caption":"SOX3136_1000x1000px"},{"@type":"BreadcrumbList","@id":"https:\/\/soxs.co\/ch\/soxs-graue-woll-damensocken-jet-black-label-kurz\/#breadcrumb","itemListElement":[{"@type":"ListItem","position":1,"name":"Home","item":"https:\/\/soxs.co\/ch\/"},{"@type":"ListItem","position":2,"name":"Shop","item":"https:\/\/soxs.co\/ch\/shop\/"},{"@type":"ListItem","position":3,"name":"SOXS Graue Wolle Herrensocken und Damensocken Jet Black Label Kurzsocke"}]},{"@type":"WebSite","@id":"https:\/\/soxs.co\/ch\/#website","url":"https:\/\/soxs.co\/ch\/","name":"SOXS.co CH","description":"Trendige und wunderbar warme Socken f\u00fcr alle","potentialAction":[{"@type":"SearchAction","target":{"@type":"EntryPoint","urlTemplate":"https:\/\/soxs.co\/ch\/?s={search_term_string}"},"query-input":{"@type":"PropertyValueSpecification","valueRequired":true,"valueName":"search_term_string"}}],"inLanguage":"de-CH"}]},"og_availability":"instock","product_availability":"instock","product_retailer_item_id":"sam3136","product_condition":"new"},"_links":{"self":[{"href":"https:\/\/dev.soxs.co\/ch\/wp-json\/wp\/v2\/product\/1016","targetHints":{"allow":["GET"]}}],"collection":[{"href":"https:\/\/dev.soxs.co\/ch\/wp-json\/wp\/v2\/product"}],"about":[{"href":"https:\/\/dev.soxs.co\/ch\/wp-json\/wp\/v2\/types\/product"}],"replies":[{"embeddable":true,"href":"https:\/\/dev.soxs.co\/ch\/wp-json\/wp\/v2\/comments?post=1016"}],"wp:featuredmedia":[{"embeddable":true,"href":"https:\/\/dev.soxs.co\/ch\/wp-json\/wp\/v2\/media\/700128930"}],"wp:attachment":[{"href":"https:\/\/dev.soxs.co\/ch\/wp-json\/wp\/v2\/media?parent=1016"}],"wp:term":[{"taxonomy":"product_brand","embeddable":true,"href":"https:\/\/dev.soxs.co\/ch\/wp-json\/wp\/v2\/product_brand?post=1016"},{"taxonomy":"product_cat","embeddable":true,"href":"https:\/\/dev.soxs.co\/ch\/wp-json\/wp\/v2\/product_cat?post=1016"},{"taxonomy":"product_tag","embeddable":true,"href":"https:\/\/dev.soxs.co\/ch\/wp-json\/wp\/v2\/product_tag?post=1016"}],"curies":[{"name":"wp","href":"https:\/\/api.w.org\/{rel}","templated":true}]}}