{"id":1012,"date":"2020-08-07T12:19:07","date_gmt":"2020-08-07T10:19:07","guid":{"rendered":"https:\/\/soxs.co\/vrouwen-bubblegum-label-medium\/"},"modified":"2024-08-19T11:55:41","modified_gmt":"2024-08-19T09:55:41","slug":"soxs-graue-woll-damensocken-bubblegum-label-wade","status":"publish","type":"product","link":"https:\/\/dev.soxs.co\/ch\/soxs-graue-woll-damensocken-bubblegum-label-wade\/","title":{"rendered":"SOXS Graue Wolle Damensocken Bubblegum Label wadensocke"},"content":{"rendered":"<p>Liebe Lady, beginne Deinen Tag voller positiver Energie mit diesen fr\u00f6hlichen, warmen, grauen Damenwollsocken mit dem <em>Bubblegum Label<\/em>! Gib Deinem Winteroutfit einen flauschigen und s\u00fc\u00dfen Twist und genie\u00dfe wunderbar warme F\u00fc\u00dfe zusammen mit <strong>SOXS<\/strong>. Diese Damensocken sind ideal f\u00fcr den Winter, besonders wenn Du (immer) unter kalten F\u00fc\u00dfen und Zehen in Deinen Schuhen leidest. <strong>SOXS <\/strong>sind vielleicht die besten warmen Socken gegen kalte F\u00fc\u00dfe! Diese Socken reichen bis knapp unter die Wade, wodurch sie f\u00fcr Stiefel einfach perfekt sind. Au\u00dferdem ist dieses halbhohe Sockenmodell in drei verschiedenen Damenschuhgr\u00f6\u00dfen erh\u00e4ltlich. Die Schafwollsocken von <strong>SOXS <\/strong>sind nachhaltig und tierfreundlich produziert, mit Respekt f\u00fcr <a href=\"https:\/\/soxs.co\/ch\/ehrlichesunternehmertum\/\" target=\"_blank\" rel=\"noopener\">Mensch, Tier und Umwelt<\/a>. Sie geben also nicht nur Deinen F\u00fc\u00dfen viel Liebe und W\u00e4rme, sondern auch unserer Umwelt. Gib Deinem Outfit einen weichen und s\u00fc\u00dfen Touch mit dem Bubblegum-Label!<\/p>\n<p>graue wollsocken damen. graue wollsocken damen<\/p>\n","protected":false},"excerpt":{"rendered":"<p>Liebe Lady, beginne Deinen Tag voller positiver Energie mit diesen fr\u00f6hlichen, warmen, grauen Damenwollsocken mit dem <em>Bubblegum Label<\/em>! Gib Deinem Winteroutfit einen flauschigen und s\u00fc\u00dfen Twist und genie\u00dfe wunderbar warme F\u00fc\u00dfe zusammen mit <strong>SOXS<\/strong>. Diese Damensocken sind ideal f\u00fcr den Winter, besonders wenn Du (immer) unter kalten F\u00fc\u00dfen und Zehen in Deinen Schuhen leidest. <strong>SOXS <\/strong>sind vielleicht die besten warmen Socken gegen kalte F\u00fc\u00dfe! Diese Socken reichen bis knapp unter die Wade, wodurch sie f\u00fcr Stiefel einfach perfekt sind. Au\u00dferdem ist dieses halbhohe Sockenmodell in drei verschiedenen Damenschuhgr\u00f6\u00dfen erh\u00e4ltlich. Die Schafwollsocken von <strong>SOXS <\/strong>sind nachhaltig und tierfreundlich produziert, mit Respekt f\u00fcr <a href=\"https:\/\/soxs.co\/ch\/ehrlichesunternehmertum\/\" target=\"_blank\" rel=\"noopener\">Mensch, Tier und Umwelt<\/a>. Sie geben also nicht nur Deinen F\u00fc\u00dfen viel Liebe und W\u00e4rme, sondern auch unserer Umwelt. Gib Deinem Outfit einen weichen und s\u00fc\u00dfen Touch mit dem Bubblegum-Label!<\/p>\n<p>&nbsp;<\/p>\n","protected":false},"featured_media":700128917,"comment_status":"closed","ping_status":"closed","template":"","meta":{"_acf_changed":false,"_improvement_type_select":"improve_an_existing","_thumb_yes_seoaic":false,"_frame_yes_seoaic":false,"seoaic_generate_description":"","seoaic_improve_instructions_prompt":"","seoaic_rollback_content_improvement":"","seoaic_idea_thumbnail_generator":"","thumbnail_generated":false,"thumbnail_generate_prompt":"","seoaic_article_description":""},"product_brand":[],"product_cat":[58,56],"product_tag":[],"class_list":{"0":"post-1012","1":"product","2":"type-product","3":"status-publish","4":"has-post-thumbnail","6":"product_cat-wollsocken-damen","7":"product_cat-socken-von-soxs","9":"first","10":"instock","11":"taxable","12":"shipping-taxable","13":"purchasable","14":"product-type-variable","15":"has-default-attributes"},"acf":[],"yoast_head":"<!-- This site is optimized with the Yoast SEO Premium plugin v22.9 (Yoast SEO v25.3.1) - https:\/\/yoast.com\/wordpress\/plugins\/seo\/ -->\n<title>Graue wollene Socken Damen Bubblegum Label - SOXS.co<\/title>\n<meta name=\"description\" content=\"Leiden Ihre F\u00fc\u00dfe oft unter kalten Temperaturen? Diese grauen Wollsocken f\u00fcr Damen und Herren sind zweifellos die beste Wahl, um Ihre F\u00fc\u00dfe im Winter warm zu halten.\" \/>\n<meta name=\"robots\" content=\"noindex, follow, max-snippet:-1, max-image-preview:large, max-video-preview:-1\" \/>\n<meta property=\"og:locale\" content=\"de_DE\" \/>\n<meta property=\"og:type\" content=\"article\" \/>\n<meta property=\"og:title\" content=\"SOXS Graue Wolle Damensocken Bubblegum Label wadensocke\" \/>\n<meta property=\"og:description\" content=\"Leiden Ihre F\u00fc\u00dfe oft unter kalten Temperaturen? Diese grauen Wollsocken f\u00fcr Damen und Herren sind zweifellos die beste Wahl, um Ihre F\u00fc\u00dfe im Winter warm zu halten.\" \/>\n<meta property=\"og:url\" content=\"https:\/\/soxs.co\/ch\/soxs-graue-woll-damensocken-bubblegum-label-wade\/\" \/>\n<meta property=\"og:site_name\" content=\"SOXS.co CH\" \/>\n<meta property=\"article:publisher\" content=\"https:\/\/www.facebook.com\/soxs.co\/\" \/>\n<meta property=\"article:modified_time\" content=\"2024-08-19T09:55:41+00:00\" \/>\n<meta property=\"og:image\" content=\"https:\/\/soxs.co\/app\/uploads\/sites\/6\/2020\/08\/SOX3133_1000x1000px.png\" \/>\n\t<meta property=\"og:image:width\" content=\"1000\" \/>\n\t<meta property=\"og:image:height\" content=\"1000\" \/>\n\t<meta property=\"og:image:type\" content=\"image\/png\" \/>\n<meta name=\"twitter:card\" content=\"summary_large_image\" \/>\n<meta name=\"twitter:site\" content=\"@soxs_co\" \/>\n<meta name=\"twitter:label1\" content=\"Availability\" \/>\n\t<meta name=\"twitter:data1\" content=\"In stock\" \/>\n<script type=\"application\/ld+json\" class=\"yoast-schema-graph\">{\"@context\":\"https:\/\/schema.org\",\"@graph\":[{\"@type\":\"WebPage\",\"@id\":\"https:\/\/soxs.co\/ch\/soxs-graue-woll-damensocken-bubblegum-label-wade\/\",\"url\":\"https:\/\/soxs.co\/ch\/soxs-graue-woll-damensocken-bubblegum-label-wade\/\",\"name\":\"Graue wollene Socken Damen Bubblegum Label - SOXS.co\",\"isPartOf\":{\"@id\":\"https:\/\/soxs.co\/ch\/#website\"},\"primaryImageOfPage\":{\"@id\":\"https:\/\/soxs.co\/ch\/soxs-graue-woll-damensocken-bubblegum-label-wade\/#primaryimage\"},\"image\":{\"@id\":\"https:\/\/soxs.co\/ch\/soxs-graue-woll-damensocken-bubblegum-label-wade\/#primaryimage\"},\"thumbnailUrl\":\"https:\/\/dev.soxs.co\/app\/uploads\/sites\/6\/2020\/08\/SOX3133_1000x1000px.png\",\"datePublished\":\"2020-08-07T10:19:07+00:00\",\"dateModified\":\"2024-08-19T09:55:41+00:00\",\"description\":\"Leiden Ihre F\u00fc\u00dfe oft unter kalten Temperaturen? Diese grauen Wollsocken f\u00fcr Damen und Herren sind zweifellos die beste Wahl, um Ihre F\u00fc\u00dfe im Winter warm zu halten.\",\"breadcrumb\":{\"@id\":\"https:\/\/soxs.co\/ch\/soxs-graue-woll-damensocken-bubblegum-label-wade\/#breadcrumb\"},\"inLanguage\":\"de-CH\",\"potentialAction\":[{\"@type\":\"ReadAction\",\"target\":[\"https:\/\/soxs.co\/ch\/soxs-graue-woll-damensocken-bubblegum-label-wade\/\"]}]},{\"@type\":\"ImageObject\",\"inLanguage\":\"de-CH\",\"@id\":\"https:\/\/soxs.co\/ch\/soxs-graue-woll-damensocken-bubblegum-label-wade\/#primaryimage\",\"url\":\"https:\/\/dev.soxs.co\/app\/uploads\/sites\/6\/2020\/08\/SOX3133_1000x1000px.png\",\"contentUrl\":\"https:\/\/dev.soxs.co\/app\/uploads\/sites\/6\/2020\/08\/SOX3133_1000x1000px.png\",\"width\":1000,\"height\":1000,\"caption\":\"SOX3133_1000x1000px\"},{\"@type\":\"BreadcrumbList\",\"@id\":\"https:\/\/soxs.co\/ch\/soxs-graue-woll-damensocken-bubblegum-label-wade\/#breadcrumb\",\"itemListElement\":[{\"@type\":\"ListItem\",\"position\":1,\"name\":\"Home\",\"item\":\"https:\/\/soxs.co\/ch\/\"},{\"@type\":\"ListItem\",\"position\":2,\"name\":\"Shop\",\"item\":\"https:\/\/soxs.co\/ch\/shop\/\"},{\"@type\":\"ListItem\",\"position\":3,\"name\":\"SOXS Graue Wolle Damensocken Bubblegum Label wadensocke\"}]},{\"@type\":\"WebSite\",\"@id\":\"https:\/\/soxs.co\/ch\/#website\",\"url\":\"https:\/\/soxs.co\/ch\/\",\"name\":\"SOXS.co CH\",\"description\":\"Trendige und wunderbar warme Socken f\u00fcr alle\",\"potentialAction\":[{\"@type\":\"SearchAction\",\"target\":{\"@type\":\"EntryPoint\",\"urlTemplate\":\"https:\/\/soxs.co\/ch\/?s={search_term_string}\"},\"query-input\":{\"@type\":\"PropertyValueSpecification\",\"valueRequired\":true,\"valueName\":\"search_term_string\"}}],\"inLanguage\":\"de-CH\"}]}<\/script>\n<meta property=\"og:availability\" content=\"instock\" \/>\n<meta property=\"product:availability\" content=\"instock\" \/>\n<meta property=\"product:retailer_item_id\" content=\"sam3133\" \/>\n<meta property=\"product:condition\" content=\"new\" \/>\n<!-- \/ Yoast SEO Premium plugin. -->","yoast_head_json":{"title":"Graue wollene Socken Damen Bubblegum Label - SOXS.co","description":"Leiden Ihre F\u00fc\u00dfe oft unter kalten Temperaturen? Diese grauen Wollsocken f\u00fcr Damen und Herren sind zweifellos die beste Wahl, um Ihre F\u00fc\u00dfe im Winter warm zu halten.","robots":{"index":"noindex","follow":"follow","max-snippet":"max-snippet:-1","max-image-preview":"max-image-preview:large","max-video-preview":"max-video-preview:-1"},"og_locale":"de_DE","og_type":"article","og_title":"SOXS Graue Wolle Damensocken Bubblegum Label wadensocke","og_description":"Leiden Ihre F\u00fc\u00dfe oft unter kalten Temperaturen? Diese grauen Wollsocken f\u00fcr Damen und Herren sind zweifellos die beste Wahl, um Ihre F\u00fc\u00dfe im Winter warm zu halten.","og_url":"https:\/\/soxs.co\/ch\/soxs-graue-woll-damensocken-bubblegum-label-wade\/","og_site_name":"SOXS.co CH","article_publisher":"https:\/\/www.facebook.com\/soxs.co\/","article_modified_time":"2024-08-19T09:55:41+00:00","og_image":[{"width":1000,"height":1000,"url":"https:\/\/soxs.co\/app\/uploads\/sites\/6\/2020\/08\/SOX3133_1000x1000px.png","type":"image\/png"}],"twitter_card":"summary_large_image","twitter_site":"@soxs_co","twitter_misc":{"Availability":"In stock"},"schema":{"@context":"https:\/\/schema.org","@graph":[{"@type":"WebPage","@id":"https:\/\/soxs.co\/ch\/soxs-graue-woll-damensocken-bubblegum-label-wade\/","url":"https:\/\/soxs.co\/ch\/soxs-graue-woll-damensocken-bubblegum-label-wade\/","name":"Graue wollene Socken Damen Bubblegum Label - SOXS.co","isPartOf":{"@id":"https:\/\/soxs.co\/ch\/#website"},"primaryImageOfPage":{"@id":"https:\/\/soxs.co\/ch\/soxs-graue-woll-damensocken-bubblegum-label-wade\/#primaryimage"},"image":{"@id":"https:\/\/soxs.co\/ch\/soxs-graue-woll-damensocken-bubblegum-label-wade\/#primaryimage"},"thumbnailUrl":"https:\/\/dev.soxs.co\/app\/uploads\/sites\/6\/2020\/08\/SOX3133_1000x1000px.png","datePublished":"2020-08-07T10:19:07+00:00","dateModified":"2024-08-19T09:55:41+00:00","description":"Leiden Ihre F\u00fc\u00dfe oft unter kalten Temperaturen? Diese grauen Wollsocken f\u00fcr Damen und Herren sind zweifellos die beste Wahl, um Ihre F\u00fc\u00dfe im Winter warm zu halten.","breadcrumb":{"@id":"https:\/\/soxs.co\/ch\/soxs-graue-woll-damensocken-bubblegum-label-wade\/#breadcrumb"},"inLanguage":"de-CH","potentialAction":[{"@type":"ReadAction","target":["https:\/\/soxs.co\/ch\/soxs-graue-woll-damensocken-bubblegum-label-wade\/"]}]},{"@type":"ImageObject","inLanguage":"de-CH","@id":"https:\/\/soxs.co\/ch\/soxs-graue-woll-damensocken-bubblegum-label-wade\/#primaryimage","url":"https:\/\/dev.soxs.co\/app\/uploads\/sites\/6\/2020\/08\/SOX3133_1000x1000px.png","contentUrl":"https:\/\/dev.soxs.co\/app\/uploads\/sites\/6\/2020\/08\/SOX3133_1000x1000px.png","width":1000,"height":1000,"caption":"SOX3133_1000x1000px"},{"@type":"BreadcrumbList","@id":"https:\/\/soxs.co\/ch\/soxs-graue-woll-damensocken-bubblegum-label-wade\/#breadcrumb","itemListElement":[{"@type":"ListItem","position":1,"name":"Home","item":"https:\/\/soxs.co\/ch\/"},{"@type":"ListItem","position":2,"name":"Shop","item":"https:\/\/soxs.co\/ch\/shop\/"},{"@type":"ListItem","position":3,"name":"SOXS Graue Wolle Damensocken Bubblegum Label wadensocke"}]},{"@type":"WebSite","@id":"https:\/\/soxs.co\/ch\/#website","url":"https:\/\/soxs.co\/ch\/","name":"SOXS.co CH","description":"Trendige und wunderbar warme Socken f\u00fcr alle","potentialAction":[{"@type":"SearchAction","target":{"@type":"EntryPoint","urlTemplate":"https:\/\/soxs.co\/ch\/?s={search_term_string}"},"query-input":{"@type":"PropertyValueSpecification","valueRequired":true,"valueName":"search_term_string"}}],"inLanguage":"de-CH"}]},"og_availability":"instock","product_availability":"instock","product_retailer_item_id":"sam3133","product_condition":"new"},"_links":{"self":[{"href":"https:\/\/dev.soxs.co\/ch\/wp-json\/wp\/v2\/product\/1012","targetHints":{"allow":["GET"]}}],"collection":[{"href":"https:\/\/dev.soxs.co\/ch\/wp-json\/wp\/v2\/product"}],"about":[{"href":"https:\/\/dev.soxs.co\/ch\/wp-json\/wp\/v2\/types\/product"}],"replies":[{"embeddable":true,"href":"https:\/\/dev.soxs.co\/ch\/wp-json\/wp\/v2\/comments?post=1012"}],"wp:featuredmedia":[{"embeddable":true,"href":"https:\/\/dev.soxs.co\/ch\/wp-json\/wp\/v2\/media\/700128917"}],"wp:attachment":[{"href":"https:\/\/dev.soxs.co\/ch\/wp-json\/wp\/v2\/media?parent=1012"}],"wp:term":[{"taxonomy":"product_brand","embeddable":true,"href":"https:\/\/dev.soxs.co\/ch\/wp-json\/wp\/v2\/product_brand?post=1012"},{"taxonomy":"product_cat","embeddable":true,"href":"https:\/\/dev.soxs.co\/ch\/wp-json\/wp\/v2\/product_cat?post=1012"},{"taxonomy":"product_tag","embeddable":true,"href":"https:\/\/dev.soxs.co\/ch\/wp-json\/wp\/v2\/product_tag?post=1012"}],"curies":[{"name":"wp","href":"https:\/\/api.w.org\/{rel}","templated":true}]}}